{"id":1091,"date":"2019-03-26T12:24:39","date_gmt":"2019-03-26T11:24:39","guid":{"rendered":"http:\/\/psonizgierz.pl\/?page_id=1091"},"modified":"2019-04-04T23:19:27","modified_gmt":"2019-04-04T21:19:27","slug":"oferta-nr-1","status":"publish","type":"page","link":"https:\/\/psonizgierz.pl\/?page_id=1091","title":{"rendered":"Oferta nr 1"},"content":{"rendered":"\n<p><a href=\"https:\/\/psonizgierz.pl\/wp-content\/uploads\/2019\/03\/Zapytanie-ofertowe.pdf\">Zapytanie ofertowe<\/a><\/p>\n\n\n\n<p><a href=\"https:\/\/psonizgierz.pl\/wp-content\/uploads\/2019\/03\/Formularz-ofertowy.pdf\">Formularz ofertowy<\/a><\/p>\n\n\n\n<p><a href=\"https:\/\/psonizgierz.pl\/wp-content\/uploads\/2019\/03\/O\u015bwidaczenie_MW.pdf\">O\u015bwiadczenie<\/a><\/p>\n\n\n\n<p><a href=\"https:\/\/psonizgierz.pl\/wp-content\/uploads\/2019\/03\/Klauzula-RODO.pdf\">Klauzula RODO<\/a><\/p>\n\n\n\n<p><a href=\"https:\/\/psonizgierz.pl\/zawiadomienie-o-wyniku-postepowania-mw\/\"> <\/a><a href=\"https:\/\/psonizgierz.pl\/wp-content\/uploads\/2019\/04\/Zawiadomienie-o-wyniku-post\u0119powania-MW.pdf\">Wyniki post\u0119powa\u0144 ofertowych<\/a><a href=\"https:\/\/psonizgierz.pl\/zawiadomienie-o-wyniku-postepowania-mw\/\"> <\/a><\/p>\n","protected":false},"excerpt":{"rendered":"<p>Zapytanie ofertowe Formularz ofertowy O\u015bwiadczenie Klauzula RODO Wyniki post\u0119powa\u0144 ofertowych<\/p>\n","protected":false},"author":2,"featured_media":0,"parent":0,"menu_order":0,"comment_status":"closed","ping_status":"closed","template":"","meta":{"footnotes":""},"class_list":["post-1091","page","type-page","status-publish","hentry"],"_links":{"self":[{"href":"https:\/\/psonizgierz.pl\/index.php?rest_route=\/wp\/v2\/pages\/1091","targetHints":{"allow":["GET"]}}],"collection":[{"href":"https:\/\/psonizgierz.pl\/index.php?rest_route=\/wp\/v2\/pages"}],"about":[{"href":"https:\/\/psonizgierz.pl\/index.php?rest_route=\/wp\/v2\/types\/page"}],"author":[{"embeddable":true,"href":"https:\/\/psonizgierz.pl\/index.php?rest_route=\/wp\/v2\/users\/2"}],"replies":[{"embeddable":true,"href":"https:\/\/psonizgierz.pl\/index.php?rest_route=%2Fwp%2Fv2%2Fcomments&post=1091"}],"version-history":[{"count":9,"href":"https:\/\/psonizgierz.pl\/index.php?rest_route=\/wp\/v2\/pages\/1091\/revisions"}],"predecessor-version":[{"id":1325,"href":"https:\/\/psonizgierz.pl\/index.php?rest_route=\/wp\/v2\/pages\/1091\/revisions\/1325"}],"wp:attachment":[{"href":"https:\/\/psonizgierz.pl\/index.php?rest_route=%2Fwp%2Fv2%2Fmedia&parent=1091"}],"curies":[{"name":"wp","href":"https:\/\/api.w.org\/{rel}","templated":true}]}}