{"id":1100,"date":"2019-03-26T19:23:22","date_gmt":"2019-03-26T18:23:22","guid":{"rendered":"http:\/\/psonizgierz.pl\/?page_id=1100"},"modified":"2019-04-07T21:55:32","modified_gmt":"2019-04-07T19:55:32","slug":"oferta-nr-2","status":"publish","type":"page","link":"https:\/\/psonizgierz.pl\/?page_id=1100","title":{"rendered":"Oferta nr 2"},"content":{"rendered":"\n<p><a href=\"https:\/\/psonizgierz.pl\/wp-content\/uploads\/2019\/03\/Formularz-ofertowy-MTP.pdf\">Zapytanie ofertowe<\/a><\/p>\n\n\n\n<p><a href=\"https:\/\/psonizgierz.pl\/wp-content\/uploads\/2019\/03\/Formularz-ofertowy_T.pdf\">Formularz ofertowy<\/a><\/p>\n\n\n\n<p><a href=\"https:\/\/psonizgierz.pl\/wp-content\/uploads\/2019\/03\/O\u015bwidaczenie_MT.pdf\">O\u015bwiadczenie<\/a><\/p>\n\n\n\n<p><a href=\"https:\/\/psonizgierz.pl\/wp-content\/uploads\/2019\/03\/Klauzula-RODO_T.pdf\">Klauzula RODO<\/a><\/p>\n\n\n\n<p><a href=\"https:\/\/psonizgierz.pl\/wp-content\/uploads\/2019\/04\/Zawiadomienie-o-wyniku-post\u0119powania-MT-2.pdf\">Wyniki post\u0119powa\u0144 ofertowych<\/a><\/p>\n","protected":false},"excerpt":{"rendered":"<p>Zapytanie ofertowe Formularz ofertowy O\u015bwiadczenie Klauzula RODO Wyniki post\u0119powa\u0144 ofertowych<\/p>\n","protected":false},"author":2,"featured_media":0,"parent":0,"menu_order":0,"comment_status":"closed","ping_status":"closed","template":"","meta":{"footnotes":""},"class_list":["post-1100","page","type-page","status-publish","hentry"],"_links":{"self":[{"href":"https:\/\/psonizgierz.pl\/index.php?rest_route=\/wp\/v2\/pages\/1100","targetHints":{"allow":["GET"]}}],"collection":[{"href":"https:\/\/psonizgierz.pl\/index.php?rest_route=\/wp\/v2\/pages"}],"about":[{"href":"https:\/\/psonizgierz.pl\/index.php?rest_route=\/wp\/v2\/types\/page"}],"author":[{"embeddable":true,"href":"https:\/\/psonizgierz.pl\/index.php?rest_route=\/wp\/v2\/users\/2"}],"replies":[{"embeddable":true,"href":"https:\/\/psonizgierz.pl\/index.php?rest_route=%2Fwp%2Fv2%2Fcomments&post=1100"}],"version-history":[{"count":9,"href":"https:\/\/psonizgierz.pl\/index.php?rest_route=\/wp\/v2\/pages\/1100\/revisions"}],"predecessor-version":[{"id":1402,"href":"https:\/\/psonizgierz.pl\/index.php?rest_route=\/wp\/v2\/pages\/1100\/revisions\/1402"}],"wp:attachment":[{"href":"https:\/\/psonizgierz.pl\/index.php?rest_route=%2Fwp%2Fv2%2Fmedia&parent=1100"}],"curies":[{"name":"wp","href":"https:\/\/api.w.org\/{rel}","templated":true}]}}