{"id":1126,"date":"2019-03-26T21:04:15","date_gmt":"2019-03-26T20:04:15","guid":{"rendered":"http:\/\/psonizgierz.pl\/?page_id=1126"},"modified":"2019-04-04T23:27:11","modified_gmt":"2019-04-04T21:27:11","slug":"oferta-nr-4","status":"publish","type":"page","link":"https:\/\/psonizgierz.pl\/?page_id=1126","title":{"rendered":"Oferta nr 4"},"content":{"rendered":"\n<p><a href=\"https:\/\/psonizgierz.pl\/wp-content\/uploads\/2019\/03\/ZAPYTANIE-OFERTOWE-Fiz.pdf\">Zapytanie ofertowe<\/a><\/p>\n\n\n\n<p><a href=\"https:\/\/psonizgierz.pl\/wp-content\/uploads\/2019\/03\/Formularz-ofertowy-fizj.pdf\">Formularz ofertowy<\/a><\/p>\n\n\n\n<p><a href=\"https:\/\/psonizgierz.pl\/wp-content\/uploads\/2019\/03\/O\u015bwidaczenie-Fiz.pdf\">O\u015bwiadczenie<\/a><\/p>\n\n\n\n<p><a href=\"https:\/\/psonizgierz.pl\/wp-content\/uploads\/2019\/03\/Klauzula-RODO_F.pdf\">Klauzula RODO<\/a><\/p>\n\n\n\n<p><a href=\"https:\/\/psonizgierz.pl\/wp-content\/uploads\/2019\/04\/Zawiadomienie-o-wyniku-post\u0119powania-fizjot..pdf\">Wyniki post\u0119powa\u0144 ofertowych<\/a><\/p>\n","protected":false},"excerpt":{"rendered":"<p>Zapytanie ofertowe Formularz ofertowy O\u015bwiadczenie Klauzula RODO Wyniki post\u0119powa\u0144 ofertowych<\/p>\n","protected":false},"author":2,"featured_media":0,"parent":0,"menu_order":0,"comment_status":"closed","ping_status":"closed","template":"","meta":{"footnotes":""},"class_list":["post-1126","page","type-page","status-publish","hentry"],"_links":{"self":[{"href":"https:\/\/psonizgierz.pl\/index.php?rest_route=\/wp\/v2\/pages\/1126","targetHints":{"allow":["GET"]}}],"collection":[{"href":"https:\/\/psonizgierz.pl\/index.php?rest_route=\/wp\/v2\/pages"}],"about":[{"href":"https:\/\/psonizgierz.pl\/index.php?rest_route=\/wp\/v2\/types\/page"}],"author":[{"embeddable":true,"href":"https:\/\/psonizgierz.pl\/index.php?rest_route=\/wp\/v2\/users\/2"}],"replies":[{"embeddable":true,"href":"https:\/\/psonizgierz.pl\/index.php?rest_route=%2Fwp%2Fv2%2Fcomments&post=1126"}],"version-history":[{"count":5,"href":"https:\/\/psonizgierz.pl\/index.php?rest_route=\/wp\/v2\/pages\/1126\/revisions"}],"predecessor-version":[{"id":1332,"href":"https:\/\/psonizgierz.pl\/index.php?rest_route=\/wp\/v2\/pages\/1126\/revisions\/1332"}],"wp:attachment":[{"href":"https:\/\/psonizgierz.pl\/index.php?rest_route=%2Fwp%2Fv2%2Fmedia&parent=1126"}],"curies":[{"name":"wp","href":"https:\/\/api.w.org\/{rel}","templated":true}]}}