{"id":121,"date":"2018-12-03T13:35:34","date_gmt":"2018-12-03T12:35:34","guid":{"rendered":"http:\/\/psonizgierz.pl\/?page_id=121"},"modified":"2023-06-28T21:59:51","modified_gmt":"2023-06-28T19:59:51","slug":"historia","status":"publish","type":"page","link":"https:\/\/psonizgierz.pl\/?page_id=121","title":{"rendered":"Historia"},"content":{"rendered":"\n<figure class=\"wp-block-embed is-type-video is-provider-youtube wp-block-embed-youtube wp-embed-aspect-16-9 wp-has-aspect-ratio\"><div class=\"wp-block-embed__wrapper\">\n<iframe loading=\"lazy\" title=\"38 lat PSONI Ko\u0142o w Zgierzu\" width=\"500\" height=\"281\" src=\"https:\/\/www.youtube.com\/embed\/Z48TGCC6qQk?feature=oembed\" frameborder=\"0\" allow=\"accelerometer; autoplay; clipboard-write; encrypted-media; gyroscope; picture-in-picture; web-share\" referrerpolicy=\"strict-origin-when-cross-origin\" allowfullscreen><\/iframe>\n<\/div><\/figure>\n\n\n<p style=\"text-align: left; padding-left: 30px;\">\u00a0<\/p>\n<h3 style=\"text-align: left;\"><img loading=\"lazy\" decoding=\"async\" class=\"alignleft wp-image-301\" src=\"https:\/\/psonizgierz.pl\/wp-content\/uploads\/2018\/12\/Bo\u017cenna-Piotrowicz-224x300.jpg\" alt=\"\" width=\"129\" height=\"172\" srcset=\"https:\/\/psonizgierz.pl\/wp-content\/uploads\/2018\/12\/Bo\u017cenna-Piotrowicz-224x300.jpg 224w, https:\/\/psonizgierz.pl\/wp-content\/uploads\/2018\/12\/Bo\u017cenna-Piotrowicz-768x1030.jpg 768w, https:\/\/psonizgierz.pl\/wp-content\/uploads\/2018\/12\/Bo\u017cenna-Piotrowicz-763x1024.jpg 763w, https:\/\/psonizgierz.pl\/wp-content\/uploads\/2018\/12\/Bo\u017cenna-Piotrowicz.jpg 2001w\" sizes=\"auto, (max-width: 129px) 100vw, 129px\" \/><\/h3>\n<h3 style=\"text-align: left;\"><strong>Bo\u017cen<\/strong><strong>na Piotrowicz (1949-2018)<\/strong><\/h3>\n<p>Za\u0142o\u017cycielka i Przewodnicz\u0105ca do 2018 roku Ko\u0142a Polskiego Stowarzyszenia na rzecz Os\u00f3b z Niepe\u0142nosprawno\u015bci\u0105 Intelektualn\u0105.\u00a0\u00a0\u00a0\u00a0\u00a0\u00a0\u00a0\u00a0\u00a0\u00a0\u00a0\u00a0\u00a0\u00a0\u00a0 <strong>Od pocz\u0105tku is<\/strong><strong>tnienia nieprzerwalnie przez 35 lat, pe\u0142ni\u0142a funkcj\u0119 Przewodnicz\u0105cej Zarz\u0105du Ko\u0142a<\/strong>.<\/p>\n<p><em><span class=\"ff1 fs20\">Celem jej dzia\u0142alno\u015bci, a tak\u017ce marzeniem by\u0142o stworzenie warunk\u00f3w do wspierania osoby z niepe\u0142nosprawno\u015bci\u0105 intelektualn\u0105 przez ca\u0142e \u017cycie, od wczesnego dzieci\u0144stwa, przez okres szkolny, po doros\u0142e \u017cycie, z dost\u0119pem do rehabilitacji i terapii, pracy i samodzielnego, pe\u0142nego \u017cycia w przyjaznym miejscu i godnych warunkac<\/span><\/em><em><span class=\"ff1 fs20\">h.Troszczy\u0142a si\u0119 z niezwyk\u0142ym zaanga\u017cowaniem \u00a0o ka\u017cdego cz\u0142owieka, \u00a0szczeg\u00f3lnie \u00a0niepe\u0142nosprawnego, \u017cy\u0142a dla innych. W realizacji dzia\u0142a\u0144 by\u0142a \u00a0uparta i konsekwentna, dlatego nie poddawa\u0142a si\u0119 nigdy, nie zak\u0142ada\u0142a niepowodze\u0144 i wytrwale d\u0105\u017cy\u0142a do celu. <\/span>Dzi\u0119ki uporowi, determinacji i niestrudzonej walce stworzy\u0142a warunki do godnego i pe\u0142nego \u017cycia os\u00f3b z niepe\u0142nosprawno\u015bci\u0105 intelektualn\u0105.\u00a0By\u0142a inicjatork\u0105 i organizatork\u0105 kompleksowego systemu wsparcia dla os\u00f3b z niepe\u0142nosprawno\u015bci\u0105 i ich rodzin na terenie powiatu zgierskiego. <span class=\"ff1 fs20\">Jej kompetencja, wiedza i m\u0105dro\u015b\u0107 by\u0142a doceniona, pe\u0142ni\u0142a wiele znacz\u0105cych funkcji w zespo\u0142ach doradczych i konsultacyjnych na terenie miasta, powiatu, wojew\u00f3dztwa, a tak\u017ce strukturach og\u00f3lnopolskim: by\u0142a m.in. przewodnicz\u0105c\u0105 Powiatowej Spo\u0142ecznej Rady do spraw Os\u00f3b Niepe\u0142nosprawnych Powiatu Zgierskiego, Wojew\u00f3dzkiej Spo\u0142ecznej Rady do spraw Os\u00f3b Niepe\u0142nosprawnych w \u0141odzi oraz do 2016 r. cz\u0142onkini\u0105 Rady Pomocy Spo\u0142ecznej przy Ministrze Rodziny, Pracy i Polityki Spo\u0142ecznej.<\/span><\/em><\/p>\n<p><em><span class=\"ff1 fs20\">Za swoj\u0105 wytrwa\u0142\u0105 prac\u0119 i aktywn\u0105 dzia\u0142alno\u015b\u0107 spo\u0142eczn\u0105 Pani Bo\u017cenna Piotrowicz \u00a0zosta\u0142a odznaczona srebrnym i z\u0142otym krzy\u017cem zas\u0142ugi RP, uhonorowana tytu\u0142em Zas\u0142u\u017cony dla miasta Zgierza , otrzyma\u0142a najwy\u017csze wyr\u00f3\u017cnienie Fundacji im. Brata Alberta &#8211;<wbr \/> Medal \u015bw. Brata Alberta, kt\u00f3ry zosta\u0142 jej wr\u0119czony przez Ks. Kardyna\u0142a \u00a0Franciszka \u00a0Macharskiego, a tak\u017ce najwy\u017csze odznaczenie PSONI-<wbr \/> medal \u201eFidelite et Constanter\u201d \u2013 \u201eWiernie i Wytrwale\u201d<\/span><\/em><\/p>\n<h2 class=\"decor-title fs-26\"><span style=\"color: #ff9900;\">Poznaj najwa\u017cniejsze fakty z naszej historii<\/span><\/h2>\n<p style=\"text-align: left;\"><span class=\"fs20\"><span class=\"ff0 cf3\"><b>09.02.1983\u00a0<\/b><\/span><\/span><span class=\"ff0 fs20\">\u00a0\u00a0Z inicjatywy Zarz\u0105du Towarzystwa Przyjaci\u00f3\u0142 Dzieci i rodzic\u00f3w powsta\u0142o Ko\u0142o Pomocy Dzieciom Specjalnej Troski.<br \/><span class=\"cf3\"><b>01.09.1983<\/b>\u00a0\u00a0<\/span><\/span><span class=\"ff0 fs20\"> Z inicjatywy TPD i rodzic\u00f3w utworzono pierwsze w mie\u015bcie dwie grupy specjalne dla dzieci z niepe\u0142nosprawno\u015bci\u0105 intelektualn\u0105 przy \u017b\u0142obku Miejskim Nr 1.<br \/><span class=\"cf3\"><b>\u00a01984<\/b><\/span><\/span><span class=\"ff0 fs20\">\u00a0\u00a0 Zorganizowano pierwsze turnusy rehabilitacyjne &#8222;Wczesnej Interwencji&#8221;.<br \/><span class=\"cf3\"><b>\u00a01987<\/b><\/span><\/span><span class=\"ff0 fs20\">\u00a0\u00a0 Zorganizowano system opieki i rehabilitacji w domach os\u00f3b <\/span><span class=\"ff0 fs20\">niepe\u0142nosprawnych.<br \/><span class=\"cf3\"><b>01.09.1991<\/b><\/span><\/span><span class=\"ff0 fs20\">\u00a0\u00a0 Zostaje\u00a0 powo\u0142ana pierwsza plac\u00f3wka Stowarzyszenia O<strong>\u015brodek Wczesnej Interwencji<\/strong> dla dzieci z zaburzeniami w rozwoju w wieku 0-<wbr \/>7 r.\u017c. z terenu wojew\u00f3dztwa \u0142\u00f3dzkiego.<br \/><span class=\"cf3\"><b>23.10.1991<\/b><\/span><\/span><span class=\"ff0 fs20\">\u00a0\u00a0 Otwarcie O<strong>\u015brodka Terapeutyczno-<wbr \/>Rehabilitacyjnego<\/strong> dla os\u00f3b doros\u0142ych niepe\u0142nosprawnych intelektualnie.<br \/><span class=\"cf3\"><b>06.12.1991\u00a0<\/b><\/span><\/span><span class=\"ff0 fs20\">\u00a0 Ruch rodzic\u00f3w zosta\u0142 zarejestrowany w S\u0105dzie Wojew\u00f3dzkim pod nazw\u0105 <strong>Polskie Stowarzyszenie na Rzecz Os\u00f3b z Upo\u015bledzeniem Umys\u0142owym Ko\u0142o w Zgierzu<\/strong><br \/><span class=\"cf3\"><b>25.05.1994<\/b><\/span><\/span><span class=\"ff0 fs20\">\u00a0\u00a0 Ze \u015brodk\u00f3w PFRON Ko\u0142o otrzyma\u0142o pierwszy samoch\u00f3d do przewozu os\u00f3b niepe\u0142nosprawnych i tym samym zapewnia transport do plac\u00f3wek.<\/span><\/p>\n<p style=\"text-align: left;\"><span class=\"ff0 fs20 cf3\"><b>01.11.1995<\/b><\/span><span class=\"ff0 fs20\">\u00a0\u00a0 Zosta\u0142 utworzony pierwszy w mie\u015bcie <strong>Warsztat Terapii Zaj\u0119ciowej.<\/strong><\/span><span class=\"ff0 fs20\"><br \/><span class=\"cf3\"><b>\u00a01997<\/b><\/span><\/span><span class=\"ff0 fs20\">\u00a0\u00a0 Utworzono<\/span><span class=\"ff1 fs20\">\u00a0Zesp\u00f3\u0142 Terapii Teatralno-<wbr \/>Muzycznej &#8222;AKCENT&#8221;<\/span><span class=\"ff0 fs20\">.<br \/><\/span><span class=\"ff1 fs20\"><span class=\"cf4\"><b>2<\/b><\/span><\/span><b><span class=\"ff0 fs20 cf4\">8<\/span><span class=\"ff1 fs20 cf4\">.0<\/span><span class=\"ff0 fs20 cf4\">1<\/span><span class=\"ff1 fs20 cf4\">.1998<\/span><\/b><span class=\"cf0 ff1 fs20\">\u00a0\u00a0 Powsta\u0142a inicjatywa budowy Centrum Szkoleniowo-<wbr \/>Rehabilitacyjnego z Domem Mieszkalnym i Hostelem dla Os\u00f3b<\/span><span class=\"ff0 fs20\">\u00a0<\/span><span class=\"ff1 fs20\">Niepe\u0142nosprawnych w Zgierzu<\/span><span class=\"ff0 fs20\">.<br \/><span class=\"cf3\"><b>01.09.1998<\/b><\/span><\/span><span class=\"ff0 fs20\">\u00a0\u00a0 Z inicjatywy Ko\u0142a i Rady Pedagogicznej Miejskiego Przedszkola Nr 3 w Zgierzu powsta\u0142y pierwsze trzy oddzia\u0142y integracyjne dla dzieci ze sprz\u0119\u017con\u0105 niepe\u0142nosprawno\u015bci\u0105.<br \/><span class=\"cf4\"><b>28.05.1999<\/b><\/span><\/span><span class=\"ff0 fs20\">\u00a0\u00a0 Przekazanie przez Zarz\u0105d Miasta Zgierza dzia\u0142ki pod budow\u0119 Centrum przy ul. Che\u0142mskiej 42 i 42a w Zgierzu<br \/><span class=\"cf4\"><b>13.01.2000<\/b><\/span><\/span><span class=\"ff0 fs20\">\u00a0\u00a0 Utworzono<strong> Zesp\u00f3\u0142 Terapeutyczno-<wbr \/>Rehabilitacyjny Aktywno\u015bci Spo\u0142ecznej<\/strong><br \/><span class=\"cf3\"><b>26.09.2001<\/b><\/span><\/span><span class=\"ff0 fs20\">\u00a0\u00a0 Rozpocz\u0119cie budowy <strong>Centrum Szkoleniowo-<wbr \/>Rehabilitacyjnego z Domem Mieszkalnym i Hostelem dla Os\u00f3b Niepe\u0142nosprawnych<\/strong> w Zgierzu ul. Che\u0142mska 42 i 42a<\/span><span class=\"ff0 fs20\"><br \/><\/span><span class=\"ff0 fs20\"><span class=\"cf3\"><b>23.06.2006\u00a0<\/b><\/span><\/span><span class=\"ff0 fs20\">\u00a0 Uroczyste otwarcie Centrum Doradztwa Zawodowego i Wspierania Os\u00f3b Niepe\u0142nosprawnych Intelektualnie &#8211;<wbr \/>\u00a0Centrum &#8222;DZWONI&#8221;<\/span><span class=\"ff0 fs20\"><br \/><span class=\"cf4\"><b>16.09.2008\u00a0<\/b><\/span><\/span><b><span class=\"cf5 ff0 fs20\">\u00a0 <\/span><\/b><span class=\"ff0 fs20\">Otwarcie pierwszej cz\u0119\u015bci obiektu\u00a0<\/span><span class=\"ff1 fs20\">Centrum przy ul. Che\u0142mskiej\u00a0<\/span><span class=\"ff1 fs20\">42 i 42a w Zgierzu<\/span><span class=\"ff0 fs20\"><span class=\"ff1 fs20\">.<br \/><strong>\u00a02012 <\/strong>\u00a0 P<strong>rogram \u201eSamodzielne \u017bycie\u201d<\/strong>, pierwszy na terenie wojew\u00f3dztwa \u0142\u00f3dzkiego program wspieraj\u0105cy zaradno\u015b\u0107 \u017cyciow\u0105 i usamodzielnianie os\u00f3b z niepe\u0142nosprawno\u015bci\u0105 intelektualn\u0105 \u2013 trening mieszkaniowy.<br \/><strong>01.10. 2014\u00a0 <\/strong>Otwarcie \u015arodowiskowego Domu Samopomocy<br \/><strong>2018\u00a0<\/strong> Realizacja projektu Prowadzenie lokalu gastronomicznego<strong> Cafe Bistro \u201eU Tkaczy\u201d<\/strong> w Parku Kulturowym \u201eMiasto Tkaczy\u201d jako forma aktywizacji spo\u0142ecznej os\u00f3b zagro\u017conych wykluczeniem kulturalnym.<\/span><\/span><\/p>\n<p style=\"text-align: left;\"><strong>6.04.2019<\/strong>\u00a0 \u00a0Zgodnie z\u00a0Uchwa\u0142\u0105 Walnego Zebrania cz\u0142onk\u00f3w Stowarzyszenia z dnia 6.kwietnia 2019\u00a0r.\u00a0 uroczyste nadanie Centrum Szkoleniowo-Rehabilitacyjnemu z Domem Mieszkalnym przy ul. Che\u0142mskiej 42\/42a w Zgierzu imieniem Pani Bo\u017cenny Piotrowicz<\/p>\n<p style=\"text-align: left;\"><strong>18.02.2023\u00a0<\/strong> Oddanie do u\u017cytkowania II etapu budowy Centrum -Warsztat Terapii Zaj\u0119ciowej<\/p>\n<p>\u00a0<\/p>\n\n\n<h3 class=\"wp-block-heading\"><a href=\"https:\/\/psonizgierz.pl\/wp-content\/uploads\/2021\/02\/Broszura_-PSONI-Bozenna-Piotrowicz.pdf\">TAKIE BY\u0141Y POCZ\u0104TKI,TAKA NASZA HISTORIA&#8230;<\/a> <\/h3>\n\n\n\n<figure class=\"wp-block-gallery has-nested-images columns-default is-cropped wp-block-gallery-1 is-layout-flex wp-block-gallery-is-layout-flex\">\n<figure class=\"wp-block-image size-large\"><img loading=\"lazy\" decoding=\"async\" width=\"1024\" height=\"683\" data-id=\"579\" src=\"https:\/\/psonizgierz.pl\/wp-content\/uploads\/2018\/12\/31960789_1715335275222043_6917031275291213824_o-1-1024x683.jpg\" alt=\"\" class=\"wp-image-579\" srcset=\"https:\/\/psonizgierz.pl\/wp-content\/uploads\/2018\/12\/31960789_1715335275222043_6917031275291213824_o-1-1024x683.jpg 1024w, https:\/\/psonizgierz.pl\/wp-content\/uploads\/2018\/12\/31960789_1715335275222043_6917031275291213824_o-1-300x200.jpg 300w, https:\/\/psonizgierz.pl\/wp-content\/uploads\/2018\/12\/31960789_1715335275222043_6917031275291213824_o-1-768x512.jpg 768w, https:\/\/psonizgierz.pl\/wp-content\/uploads\/2018\/12\/31960789_1715335275222043_6917031275291213824_o-1.jpg 2048w\" sizes=\"auto, (max-width: 1024px) 100vw, 1024px\" \/><\/figure>\n\n\n\n<figure class=\"wp-block-image size-large\"><img loading=\"lazy\" decoding=\"async\" width=\"1024\" height=\"577\" data-id=\"575\" src=\"https:\/\/psonizgierz.pl\/wp-content\/uploads\/2018\/12\/41729980_2390851000941893_1052243567063334912_o-1024x577.jpg\" alt=\"\" class=\"wp-image-575\" srcset=\"https:\/\/psonizgierz.pl\/wp-content\/uploads\/2018\/12\/41729980_2390851000941893_1052243567063334912_o-1024x577.jpg 1024w, https:\/\/psonizgierz.pl\/wp-content\/uploads\/2018\/12\/41729980_2390851000941893_1052243567063334912_o-300x169.jpg 300w, https:\/\/psonizgierz.pl\/wp-content\/uploads\/2018\/12\/41729980_2390851000941893_1052243567063334912_o-768x432.jpg 768w, https:\/\/psonizgierz.pl\/wp-content\/uploads\/2018\/12\/41729980_2390851000941893_1052243567063334912_o.jpg 1918w\" sizes=\"auto, (max-width: 1024px) 100vw, 1024px\" \/><\/figure>\n\n\n\n<figure class=\"wp-block-image size-large\"><img loading=\"lazy\" decoding=\"async\" width=\"960\" height=\"640\" data-id=\"517\" src=\"https:\/\/psonizgierz.pl\/wp-content\/uploads\/2018\/12\/41516669_2224056614277356_6428655414555967488_n.jpg\" alt=\"\" class=\"wp-image-517\" srcset=\"https:\/\/psonizgierz.pl\/wp-content\/uploads\/2018\/12\/41516669_2224056614277356_6428655414555967488_n.jpg 960w, https:\/\/psonizgierz.pl\/wp-content\/uploads\/2018\/12\/41516669_2224056614277356_6428655414555967488_n-300x200.jpg 300w, https:\/\/psonizgierz.pl\/wp-content\/uploads\/2018\/12\/41516669_2224056614277356_6428655414555967488_n-768x512.jpg 768w\" sizes=\"auto, (max-width: 960px) 100vw, 960px\" \/><\/figure>\n\n\n\n<figure class=\"wp-block-image size-large\"><img loading=\"lazy\" decoding=\"async\" width=\"413\" height=\"214\" data-id=\"2600\" src=\"https:\/\/psonizgierz.pl\/wp-content\/uploads\/2020\/04\/cytat.jpg\" alt=\"\" class=\"wp-image-2600\" srcset=\"https:\/\/psonizgierz.pl\/wp-content\/uploads\/2020\/04\/cytat.jpg 413w, https:\/\/psonizgierz.pl\/wp-content\/uploads\/2020\/04\/cytat-300x155.jpg 300w\" sizes=\"auto, (max-width: 413px) 100vw, 413px\" \/><\/figure>\n\n\n\n<figure class=\"wp-block-image size-large\"><img loading=\"lazy\" decoding=\"async\" width=\"1024\" height=\"681\" data-id=\"2601\" src=\"https:\/\/psonizgierz.pl\/wp-content\/uploads\/2020\/04\/90-1024x681.jpg\" alt=\"\" class=\"wp-image-2601\" srcset=\"https:\/\/psonizgierz.pl\/wp-content\/uploads\/2020\/04\/90-1024x681.jpg 1024w, https:\/\/psonizgierz.pl\/wp-content\/uploads\/2020\/04\/90-300x199.jpg 300w, https:\/\/psonizgierz.pl\/wp-content\/uploads\/2020\/04\/90-768x511.jpg 768w, https:\/\/psonizgierz.pl\/wp-content\/uploads\/2020\/04\/90-1536x1021.jpg 1536w, https:\/\/psonizgierz.pl\/wp-content\/uploads\/2020\/04\/90.jpg 1692w\" sizes=\"auto, (max-width: 1024px) 100vw, 1024px\" \/><\/figure>\n\n\n\n<figure class=\"wp-block-image size-large\"><img loading=\"lazy\" decoding=\"async\" width=\"1024\" height=\"678\" data-id=\"2602\" src=\"https:\/\/psonizgierz.pl\/wp-content\/uploads\/2020\/04\/pamit-1024x678.jpg\" alt=\"\" class=\"wp-image-2602\" srcset=\"https:\/\/psonizgierz.pl\/wp-content\/uploads\/2020\/04\/pamit-1024x678.jpg 1024w, https:\/\/psonizgierz.pl\/wp-content\/uploads\/2020\/04\/pamit-300x199.jpg 300w, https:\/\/psonizgierz.pl\/wp-content\/uploads\/2020\/04\/pamit-768x509.jpg 768w, https:\/\/psonizgierz.pl\/wp-content\/uploads\/2020\/04\/pamit-1536x1017.jpg 1536w, https:\/\/psonizgierz.pl\/wp-content\/uploads\/2020\/04\/pamit.jpg 1848w\" sizes=\"auto, (max-width: 1024px) 100vw, 1024px\" \/><\/figure>\n\n\n\n<figure class=\"wp-block-image size-large\"><img loading=\"lazy\" decoding=\"async\" width=\"200\" height=\"200\" data-id=\"2603\" src=\"https:\/\/psonizgierz.pl\/wp-content\/uploads\/2020\/04\/85024033_2792132917542268_8328902736200335360_o.jpg\" alt=\"\" class=\"wp-image-2603\" srcset=\"https:\/\/psonizgierz.pl\/wp-content\/uploads\/2020\/04\/85024033_2792132917542268_8328902736200335360_o.jpg 200w, https:\/\/psonizgierz.pl\/wp-content\/uploads\/2020\/04\/85024033_2792132917542268_8328902736200335360_o-180x180.jpg 180w\" sizes=\"auto, (max-width: 200px) 100vw, 200px\" \/><\/figure>\n\n\n\n<figure class=\"wp-block-image size-large\"><img loading=\"lazy\" decoding=\"async\" width=\"720\" height=\"960\" data-id=\"2604\" src=\"https:\/\/psonizgierz.pl\/wp-content\/uploads\/2020\/04\/84742640_2792133700875523_4338733506667479040_o.jpg\" alt=\"\" class=\"wp-image-2604\" srcset=\"https:\/\/psonizgierz.pl\/wp-content\/uploads\/2020\/04\/84742640_2792133700875523_4338733506667479040_o.jpg 720w, https:\/\/psonizgierz.pl\/wp-content\/uploads\/2020\/04\/84742640_2792133700875523_4338733506667479040_o-225x300.jpg 225w\" sizes=\"auto, (max-width: 720px) 100vw, 720px\" \/><\/figure>\n\n\n\n<figure class=\"wp-block-image size-large\"><img loading=\"lazy\" decoding=\"async\" width=\"200\" height=\"200\" data-id=\"2605\" src=\"https:\/\/psonizgierz.pl\/wp-content\/uploads\/2020\/04\/84932417_2792133930875500_840001178241597440_o.jpg\" alt=\"\" class=\"wp-image-2605\" srcset=\"https:\/\/psonizgierz.pl\/wp-content\/uploads\/2020\/04\/84932417_2792133930875500_840001178241597440_o.jpg 200w, https:\/\/psonizgierz.pl\/wp-content\/uploads\/2020\/04\/84932417_2792133930875500_840001178241597440_o-180x180.jpg 180w\" sizes=\"auto, (max-width: 200px) 100vw, 200px\" \/><\/figure>\n\n\n\n<figure class=\"wp-block-image size-large\"><img loading=\"lazy\" decoding=\"async\" width=\"720\" height=\"960\" data-id=\"2607\" src=\"https:\/\/psonizgierz.pl\/wp-content\/uploads\/2020\/04\/84992743_2792134037542156_4009444939678089216_o.jpg\" alt=\"\" class=\"wp-image-2607\" srcset=\"https:\/\/psonizgierz.pl\/wp-content\/uploads\/2020\/04\/84992743_2792134037542156_4009444939678089216_o.jpg 720w, https:\/\/psonizgierz.pl\/wp-content\/uploads\/2020\/04\/84992743_2792134037542156_4009444939678089216_o-225x300.jpg 225w\" sizes=\"auto, (max-width: 720px) 100vw, 720px\" \/><\/figure>\n\n\n\n<figure class=\"wp-block-image size-large\"><img loading=\"lazy\" decoding=\"async\" width=\"1024\" height=\"768\" data-id=\"2606\" src=\"https:\/\/psonizgierz.pl\/wp-content\/uploads\/2020\/04\/84489492_2792133947542165_3544834309812649984_o-1024x768.jpg\" alt=\"\" class=\"wp-image-2606\" srcset=\"https:\/\/psonizgierz.pl\/wp-content\/uploads\/2020\/04\/84489492_2792133947542165_3544834309812649984_o-1024x768.jpg 1024w, https:\/\/psonizgierz.pl\/wp-content\/uploads\/2020\/04\/84489492_2792133947542165_3544834309812649984_o-300x225.jpg 300w, https:\/\/psonizgierz.pl\/wp-content\/uploads\/2020\/04\/84489492_2792133947542165_3544834309812649984_o-768x576.jpg 768w, https:\/\/psonizgierz.pl\/wp-content\/uploads\/2020\/04\/84489492_2792133947542165_3544834309812649984_o-1536x1152.jpg 1536w, https:\/\/psonizgierz.pl\/wp-content\/uploads\/2020\/04\/84489492_2792133947542165_3544834309812649984_o.jpg 2048w\" sizes=\"auto, (max-width: 1024px) 100vw, 1024px\" \/><\/figure>\n\n\n\n<figure class=\"wp-block-image size-large\"><img loading=\"lazy\" decoding=\"async\" width=\"1024\" height=\"768\" data-id=\"2610\" src=\"https:\/\/psonizgierz.pl\/wp-content\/uploads\/2020\/04\/84707911_2792132554208971_528465287339573248_o-1024x768.jpg\" alt=\"\" class=\"wp-image-2610\" srcset=\"https:\/\/psonizgierz.pl\/wp-content\/uploads\/2020\/04\/84707911_2792132554208971_528465287339573248_o-1024x768.jpg 1024w, https:\/\/psonizgierz.pl\/wp-content\/uploads\/2020\/04\/84707911_2792132554208971_528465287339573248_o-300x225.jpg 300w, https:\/\/psonizgierz.pl\/wp-content\/uploads\/2020\/04\/84707911_2792132554208971_528465287339573248_o-768x576.jpg 768w, https:\/\/psonizgierz.pl\/wp-content\/uploads\/2020\/04\/84707911_2792132554208971_528465287339573248_o-1536x1152.jpg 1536w, https:\/\/psonizgierz.pl\/wp-content\/uploads\/2020\/04\/84707911_2792132554208971_528465287339573248_o.jpg 2048w\" sizes=\"auto, (max-width: 1024px) 100vw, 1024px\" \/><\/figure>\n\n\n\n<figure class=\"wp-block-image size-large\"><img loading=\"lazy\" decoding=\"async\" width=\"720\" height=\"960\" data-id=\"2613\" src=\"https:\/\/psonizgierz.pl\/wp-content\/uploads\/2020\/04\/84926096_2792132674208959_6477156564674281472_o.jpg\" alt=\"\" class=\"wp-image-2613\" srcset=\"https:\/\/psonizgierz.pl\/wp-content\/uploads\/2020\/04\/84926096_2792132674208959_6477156564674281472_o.jpg 720w, https:\/\/psonizgierz.pl\/wp-content\/uploads\/2020\/04\/84926096_2792132674208959_6477156564674281472_o-225x300.jpg 225w\" sizes=\"auto, (max-width: 720px) 100vw, 720px\" \/><\/figure>\n\n\n\n<figure class=\"wp-block-image size-large\"><img loading=\"lazy\" decoding=\"async\" width=\"1024\" height=\"768\" data-id=\"2611\" src=\"https:\/\/psonizgierz.pl\/wp-content\/uploads\/2020\/04\/85104929_2792132470875646_7240345607196377088_o-1024x768.jpg\" alt=\"\" class=\"wp-image-2611\" srcset=\"https:\/\/psonizgierz.pl\/wp-content\/uploads\/2020\/04\/85104929_2792132470875646_7240345607196377088_o-1024x768.jpg 1024w, https:\/\/psonizgierz.pl\/wp-content\/uploads\/2020\/04\/85104929_2792132470875646_7240345607196377088_o-300x225.jpg 300w, https:\/\/psonizgierz.pl\/wp-content\/uploads\/2020\/04\/85104929_2792132470875646_7240345607196377088_o-768x576.jpg 768w, https:\/\/psonizgierz.pl\/wp-content\/uploads\/2020\/04\/85104929_2792132470875646_7240345607196377088_o-1536x1152.jpg 1536w, https:\/\/psonizgierz.pl\/wp-content\/uploads\/2020\/04\/85104929_2792132470875646_7240345607196377088_o.jpg 2048w\" sizes=\"auto, (max-width: 1024px) 100vw, 1024px\" \/><\/figure>\n\n\n\n<figure class=\"wp-block-image size-large\"><img loading=\"lazy\" decoding=\"async\" width=\"720\" height=\"960\" data-id=\"2615\" src=\"https:\/\/psonizgierz.pl\/wp-content\/uploads\/2020\/04\/85057882_2792132777542282_4432945422486470656_o.jpg\" alt=\"\" class=\"wp-image-2615\" srcset=\"https:\/\/psonizgierz.pl\/wp-content\/uploads\/2020\/04\/85057882_2792132777542282_4432945422486470656_o.jpg 720w, https:\/\/psonizgierz.pl\/wp-content\/uploads\/2020\/04\/85057882_2792132777542282_4432945422486470656_o-225x300.jpg 225w\" sizes=\"auto, (max-width: 720px) 100vw, 720px\" \/><\/figure>\n\n\n\n<figure class=\"wp-block-image size-large\"><img loading=\"lazy\" decoding=\"async\" width=\"1024\" height=\"768\" data-id=\"2612\" src=\"https:\/\/psonizgierz.pl\/wp-content\/uploads\/2020\/04\/86179582_2792132467542313_8242972225997635584_o-1024x768.jpg\" alt=\"\" class=\"wp-image-2612\" srcset=\"https:\/\/psonizgierz.pl\/wp-content\/uploads\/2020\/04\/86179582_2792132467542313_8242972225997635584_o-1024x768.jpg 1024w, https:\/\/psonizgierz.pl\/wp-content\/uploads\/2020\/04\/86179582_2792132467542313_8242972225997635584_o-300x225.jpg 300w, https:\/\/psonizgierz.pl\/wp-content\/uploads\/2020\/04\/86179582_2792132467542313_8242972225997635584_o-768x576.jpg 768w, https:\/\/psonizgierz.pl\/wp-content\/uploads\/2020\/04\/86179582_2792132467542313_8242972225997635584_o-1536x1152.jpg 1536w, https:\/\/psonizgierz.pl\/wp-content\/uploads\/2020\/04\/86179582_2792132467542313_8242972225997635584_o.jpg 2048w\" sizes=\"auto, (max-width: 1024px) 100vw, 1024px\" \/><\/figure>\n\n\n\n<figure class=\"wp-block-image size-large\"><img loading=\"lazy\" decoding=\"async\" width=\"1024\" height=\"768\" data-id=\"2614\" src=\"https:\/\/psonizgierz.pl\/wp-content\/uploads\/2020\/04\/84784426_2792132687542291_4227418936586534912_o-1024x768.jpg\" alt=\"\" class=\"wp-image-2614\" srcset=\"https:\/\/psonizgierz.pl\/wp-content\/uploads\/2020\/04\/84784426_2792132687542291_4227418936586534912_o-1024x768.jpg 1024w, https:\/\/psonizgierz.pl\/wp-content\/uploads\/2020\/04\/84784426_2792132687542291_4227418936586534912_o-300x225.jpg 300w, https:\/\/psonizgierz.pl\/wp-content\/uploads\/2020\/04\/84784426_2792132687542291_4227418936586534912_o-768x576.jpg 768w, https:\/\/psonizgierz.pl\/wp-content\/uploads\/2020\/04\/84784426_2792132687542291_4227418936586534912_o-1536x1152.jpg 1536w, https:\/\/psonizgierz.pl\/wp-content\/uploads\/2020\/04\/84784426_2792132687542291_4227418936586534912_o.jpg 2048w\" sizes=\"auto, (max-width: 1024px) 100vw, 1024px\" \/><\/figure>\n<\/figure>\n","protected":false},"excerpt":{"rendered":"<p>\u00a0 Bo\u017cenna Piotrowicz (1949-2018) Za\u0142o\u017cycielka i Przewodnicz\u0105ca do 2018 roku Ko\u0142a Polskiego Stowarzyszenia na rzecz Os\u00f3b z Niepe\u0142nosprawno\u015bci\u0105 Intelektualn\u0105.\u00a0\u00a0\u00a0\u00a0\u00a0\u00a0\u00a0\u00a0\u00a0\u00a0\u00a0\u00a0\u00a0\u00a0\u00a0 Od pocz\u0105tku istnienia nieprzerwalnie przez 35 lat, pe\u0142ni\u0142a funkcj\u0119 Przewodnicz\u0105cej Zarz\u0105du Ko\u0142a. Celem jej dzia\u0142alno\u015bci, a tak\u017ce marzeniem by\u0142o stworzenie warunk\u00f3w do wspierania osoby z niepe\u0142nosprawno\u015bci\u0105 intelektualn\u0105 przez ca\u0142e \u017cycie, od wczesnego dzieci\u0144stwa, przez okres szkolny, [&hellip;]<\/p>\n","protected":false},"author":1,"featured_media":0,"parent":0,"menu_order":0,"comment_status":"closed","ping_status":"closed","template":"full-width.php","meta":{"footnotes":""},"class_list":["post-121","page","type-page","status-publish","hentry"],"_links":{"self":[{"href":"https:\/\/psonizgierz.pl\/index.php?rest_route=\/wp\/v2\/pages\/121","targetHints":{"allow":["GET"]}}],"collection":[{"href":"https:\/\/psonizgierz.pl\/index.php?rest_route=\/wp\/v2\/pages"}],"about":[{"href":"https:\/\/psonizgierz.pl\/index.php?rest_route=\/wp\/v2\/types\/page"}],"author":[{"embeddable":true,"href":"https:\/\/psonizgierz.pl\/index.php?rest_route=\/wp\/v2\/users\/1"}],"replies":[{"embeddable":true,"href":"https:\/\/psonizgierz.pl\/index.php?rest_route=%2Fwp%2Fv2%2Fcomments&post=121"}],"version-history":[{"count":27,"href":"https:\/\/psonizgierz.pl\/index.php?rest_route=\/wp\/v2\/pages\/121\/revisions"}],"predecessor-version":[{"id":4561,"href":"https:\/\/psonizgierz.pl\/index.php?rest_route=\/wp\/v2\/pages\/121\/revisions\/4561"}],"wp:attachment":[{"href":"https:\/\/psonizgierz.pl\/index.php?rest_route=%2Fwp%2Fv2%2Fmedia&parent=121"}],"curies":[{"name":"wp","href":"https:\/\/api.w.org\/{rel}","templated":true}]}}