{"id":126,"date":"2018-12-03T13:40:02","date_gmt":"2018-12-03T12:40:02","guid":{"rendered":"http:\/\/psonizgierz.pl\/?page_id=126"},"modified":"2023-07-28T17:45:54","modified_gmt":"2023-07-28T15:45:54","slug":"dzialalnosc","status":"publish","type":"page","link":"https:\/\/psonizgierz.pl\/?page_id=126","title":{"rendered":"Dzia\u0142alno\u015b\u0107"},"content":{"rendered":"\n<h2 class=\"wp-block-heading\">Tworzymy  SYSTEM NIEZALE\u017bNE \u017bYCIE na drodze dzieci\u0144stwo -doros\u0142o\u015b\u0107- staro\u015b\u0107<br><\/h2>\n\n\n\n<figure class=\"wp-block-image size-large\"><img loading=\"lazy\" decoding=\"async\" width=\"992\" height=\"699\" src=\"https:\/\/psonizgierz.pl\/wp-content\/uploads\/2021\/02\/Screenshot_2021-02-07-Fundacja-folder-cdr-Fundacja-folder_2-pdf.png\" alt=\"\" class=\"wp-image-3502\" srcset=\"https:\/\/psonizgierz.pl\/wp-content\/uploads\/2021\/02\/Screenshot_2021-02-07-Fundacja-folder-cdr-Fundacja-folder_2-pdf.png 992w, https:\/\/psonizgierz.pl\/wp-content\/uploads\/2021\/02\/Screenshot_2021-02-07-Fundacja-folder-cdr-Fundacja-folder_2-pdf-300x211.png 300w, https:\/\/psonizgierz.pl\/wp-content\/uploads\/2021\/02\/Screenshot_2021-02-07-Fundacja-folder-cdr-Fundacja-folder_2-pdf-768x541.png 768w\" sizes=\"auto, (max-width: 992px) 100vw, 992px\" \/><\/figure>\n\n\n\n<figure class=\"wp-block-image size-large\"><img loading=\"lazy\" decoding=\"async\" width=\"1024\" height=\"576\" src=\"https:\/\/psonizgierz.pl\/wp-content\/uploads\/2019\/05\/godnosc-1024x576-4-1024x576.jpg\" alt=\"\" class=\"wp-image-1598\" srcset=\"https:\/\/psonizgierz.pl\/wp-content\/uploads\/2019\/05\/godnosc-1024x576-4.jpg 1024w, https:\/\/psonizgierz.pl\/wp-content\/uploads\/2019\/05\/godnosc-1024x576-4-300x169.jpg 300w, https:\/\/psonizgierz.pl\/wp-content\/uploads\/2019\/05\/godnosc-1024x576-4-768x432.jpg 768w\" sizes=\"auto, (max-width: 1024px) 100vw, 1024px\" \/><\/figure>\n\n\n\n<blockquote class=\"wp-block-quote is-layout-flow wp-block-quote-is-layout-flow\"><p><strong>NIEZALE\u017bNE \u017bYCIE  Nie oznacza, \u017ce OSOBY z niepe\u0142nosprawno\u015bci\u0105 nie potrzebuj\u0105 wsparcia z naszej strony. Chc\u0105 po prostu sprawowa\u0107 tak\u0105 sam\u0105 kontrol\u0119 nad swoim \u017cyciem i dokonywa\u0107 takich samych wybor\u00f3w ka\u017cdego dnia jak ka\u017cdy z nas. Powinno to by\u0107 traktowane jako rzecz naturalna i oczywista <\/strong><em>(Wapiennik E., Piotrowicz R. Niepe\u0142nosprawny- pe\u0142noprawny obywatel Europy, 2002, s.68)<\/em><\/p><\/blockquote>\n\n\n\n<p><em>Dzia\u0142amy od 40 lat na rzecz wyr\u00f3wnywania szans os\u00f3b z niepe\u0142nosprawno\u015bci\u0105  intelektualn\u0105, tworzenia warunk\u00f3w przestrzegania wobec nich praw  cz\u0142owieka, prowadzenia ich ku aktywnemu uczestnictwu w \u017cyciu spo\u0142ecznym,  dzia\u0142anie na rzecz ochrony ich zdrowia, oraz wspieranie ich rodzin.<\/em><\/p>\n\n\n\n<p>Na co dzie\u0144 wspieramy&nbsp; dzieci,&nbsp; m\u0142odzie\u017c, doros\u0142ych&nbsp; z niepe\u0142nosprawno\u015bci\u0105 oraz ich rodziny w <strong>7<\/strong> plac\u00f3wkach oraz w 1 projektowanej :<\/p>\n\n\n\n<ul class=\"wp-block-list\"><li><strong><a href=\"https:\/\/psonizgierz.pl\/osrodek-wczesnej-interwencji\/\"> O\u015brodek wczesnej interwencji dla dzieci, <\/a><\/strong><\/li><li><strong><mark style=\"background-color:rgba(0, 0, 0, 0)\" class=\"has-inline-color has-very-dark-gray-color\"><a href=\"https:\/\/psonizgierz.pl\/dzial-rehabilitacji-nfz\/\">Dzia\u0142 fizjoterapii- program rehabilitacji os\u00f3b niepe\u0142nosprawnych NFZ<\/a><\/mark><\/strong><\/li><\/ul>\n\n\n\n<ul class=\"wp-block-list\"><li><strong><a href=\"https:\/\/psonizgierz.pl\/placowki\/__trashed\/\" target=\"_blank\" rel=\"noreferrer noopener\">Warsztaty terapii zaj\u0119ciowej<\/a>,<\/strong><\/li><\/ul>\n\n\n\n<ul class=\"wp-block-list\"><li> <strong><a href=\"https:\/\/psonizgierz.pl\/srodowiskowy-dom-samopomocy-sds\/\">\u015arodowiskowy dom samopomocy<\/a>,<\/strong><\/li><\/ul>\n\n\n\n<ul class=\"wp-block-list\"><li> <strong><a href=\"https:\/\/psonizgierz.pl\/zespol-aktywnosci-spolecznej\/\">Zesp\u00f3\u0142 rehabilitacyjno-terapeutyczny \u201eAktywno\u015bci spo\u0142ecznej\u201d, <\/a><\/strong><\/li><\/ul>\n\n\n\n<ul class=\"wp-block-list\"><li><strong><a href=\"https:\/\/psonizgierz.pl\/centrum-uslug-srodowiskowych\/\">Dom- mieszkania wspierane i treningowe<\/a> <\/strong><\/li><\/ul>\n\n\n\n<ul class=\"wp-block-list\"><li><strong><a href=\"https:\/\/psonizgierz.pl\/centrum-dzwoni\/\">Centrum DZWONI <\/a><\/strong><\/li><\/ul>\n\n\n\n<ul class=\"wp-block-list\"><li><a href=\"https:\/\/psonizgierz.pl\/cafe-bistro-i-tkaczy\/\"><strong>Cafe Bistro u Tkaczy <\/strong><\/a><\/li><\/ul>\n\n\n\n<figure class=\"wp-block-image size-full is-resized\"><img loading=\"lazy\" decoding=\"async\" src=\"https:\/\/psonizgierz.pl\/wp-content\/uploads\/2023\/07\/obraz.png\" alt=\"\" class=\"wp-image-4603\" width=\"1055\" height=\"574\" srcset=\"https:\/\/psonizgierz.pl\/wp-content\/uploads\/2023\/07\/obraz.png 933w, https:\/\/psonizgierz.pl\/wp-content\/uploads\/2023\/07\/obraz-300x163.png 300w, https:\/\/psonizgierz.pl\/wp-content\/uploads\/2023\/07\/obraz-768x418.png 768w\" sizes=\"auto, (max-width: 1055px) 100vw, 1055px\" \/><\/figure>\n\n\n\n<p>oraz <strong>10<\/strong> projektach wspieraj\u0105cych, w tym: mieszkalnictwa chronionego, mieszkalnictwa treningowego, opieki wytchnieniowej oraz formach integracji spo\u0142ecznej.<\/p>\n\n\n\n<h4 class=\"wp-block-heading\"><a href=\"https:\/\/psonizgierz.pl\/wp-content\/uploads\/2021\/02\/Fundacja-folder_2.pdf\">POBIERZ UDOST\u0118PNIJ INNYM FOLDER O NAS<\/a><\/h4>\n\n\n\n<h2 class=\"wp-block-heading\"><a href=\"https:\/\/www.facebook.com\/843674852388094\/videos\/2711283175548559\/\">Otw\u00f3rzmy przed nimi \u017cycie<\/a><\/h2>\n\n\n\n<h3 class=\"wp-block-heading\"><strong><a href=\"https:\/\/www.facebook.com\/843674852388094\/videos\/647379122775503\/\">RAZEM DZIE\u0143 GODNO\u015aCI OS\u00d3B Z NIEPE\u0141NOSPRAWNO\u015aCI\u0104 INTELEKTUALN\u0104 <\/a><\/strong><\/h3>\n","protected":false},"excerpt":{"rendered":"<p>Tworzymy SYSTEM NIEZALE\u017bNE \u017bYCIE na drodze dzieci\u0144stwo -doros\u0142o\u015b\u0107- staro\u015b\u0107 NIEZALE\u017bNE \u017bYCIE Nie oznacza, \u017ce OSOBY z niepe\u0142nosprawno\u015bci\u0105 nie potrzebuj\u0105 wsparcia z naszej strony. Chc\u0105 po prostu sprawowa\u0107 tak\u0105 sam\u0105 kontrol\u0119 nad swoim \u017cyciem i dokonywa\u0107 takich samych wybor\u00f3w ka\u017cdego dnia jak ka\u017cdy z nas. Powinno to by\u0107 traktowane jako rzecz naturalna i oczywista (Wapiennik E., [&hellip;]<\/p>\n","protected":false},"author":1,"featured_media":0,"parent":0,"menu_order":0,"comment_status":"closed","ping_status":"closed","template":"","meta":{"footnotes":""},"class_list":["post-126","page","type-page","status-publish","hentry"],"_links":{"self":[{"href":"https:\/\/psonizgierz.pl\/index.php?rest_route=\/wp\/v2\/pages\/126","targetHints":{"allow":["GET"]}}],"collection":[{"href":"https:\/\/psonizgierz.pl\/index.php?rest_route=\/wp\/v2\/pages"}],"about":[{"href":"https:\/\/psonizgierz.pl\/index.php?rest_route=\/wp\/v2\/types\/page"}],"author":[{"embeddable":true,"href":"https:\/\/psonizgierz.pl\/index.php?rest_route=\/wp\/v2\/users\/1"}],"replies":[{"embeddable":true,"href":"https:\/\/psonizgierz.pl\/index.php?rest_route=%2Fwp%2Fv2%2Fcomments&post=126"}],"version-history":[{"count":21,"href":"https:\/\/psonizgierz.pl\/index.php?rest_route=\/wp\/v2\/pages\/126\/revisions"}],"predecessor-version":[{"id":4605,"href":"https:\/\/psonizgierz.pl\/index.php?rest_route=\/wp\/v2\/pages\/126\/revisions\/4605"}],"wp:attachment":[{"href":"https:\/\/psonizgierz.pl\/index.php?rest_route=%2Fwp%2Fv2%2Fmedia&parent=126"}],"curies":[{"name":"wp","href":"https:\/\/api.w.org\/{rel}","templated":true}]}}