{"id":133,"date":"2018-12-03T13:41:09","date_gmt":"2018-12-03T12:41:09","guid":{"rendered":"http:\/\/psonizgierz.pl\/?page_id=133"},"modified":"2022-02-06T14:04:24","modified_gmt":"2022-02-06T13:04:24","slug":"darczyncy","status":"publish","type":"page","link":"https:\/\/psonizgierz.pl\/?page_id=133","title":{"rendered":"Darczy\u0144cy"},"content":{"rendered":"<blockquote>\n<h2><span style=\"color: #ff9900;\"><em><strong>DZI\u0118KUJEMY, \u017bE JESTE\u015aCIE Z NAMI<\/strong><\/em><\/span><\/h2>\n<\/blockquote>\n<h3>To ju\u017c kolejny rok oraz kolejna okazja, aby podzi\u0119kowa\u0107 Pa\u0144stwu za wsparcie naszych dzia\u0142a\u0144 na rzecz os\u00f3b z niepe\u0142nosprawno\u015bci\u0105 intelektualn\u0105 oraz ich rodzin.<\/h3>\n<h3>Dzi\u0119kujemy, za przekazany <a href=\"https:\/\/psonizgierz.pl\/1-2\/\">1%<\/a> podatku na\u00a0 konto: 42 1240 3057 1111 0000 3442 3080 na cele naszego Stowarzyszenia.<\/h3>\n<h3>Jeszcze raz bardzo serdecznie dzi\u0119kujemy i polecamy si\u0119 pami\u0119ci podczas kolejnych rozlicze\u0144 podatkowych.<\/h3>\n<h3>Na co dzie\u0144 wspieramy\u00a0 800 os\u00f3b &#8211; dzieci,\u00a0 m\u0142odzie\u017c, doros\u0142ych\u00a0 z niepe\u0142nosprawno\u015bci\u0105 w\u00a0 5 plac\u00f3wkach: o\u015brodku wczesnej interwencji dla dzieci, warsztatach terapii zaj\u0119ciowej, \u015brodowiskowym domu samopomocy, zespole rehabilitacyjnym \u201eAktywno\u015bci spo\u0142ecznej\u201d oraz 10 projektach wspieraj\u0105cych, w tym: mieszkalnictwa chronionego, mieszkalnictwa treningowego, opieki wytchnienia, asystencji osoby z niepe\u0142nosprawno\u015bci\u0105 oraz formach integracji spo\u0142ecznej.<\/h3>\n<h3>\u00a0\u00a0\u00a0\u00a0\u00a0\u00a0\u00a0\u00a0\u00a0 Aktualnie uruchomili\u015bmy d\u0142ugo oczekiwany dom mieszkalny dla 6 os\u00f3b doros\u0142ych, kt\u00f3rych rodzice nie s\u0105 wstanie zapewni\u0107 opieki oraz 2 miejsca mieszka\u0144 treningowych.<\/h3>\n<h3>Realizujemy obecnie dzia\u0142ania rehabilitacyjne dla\u00a0 400 ma\u0142ych dzieci w o\u015brodku wczesnej interwencji, rehabilitacyjne spo\u0142eczno-zawodowe\u00a0 dla 80 os\u00f3b w warsztatach terapii zaj\u0119ciowej i \u015brodowiskowym domu samopomocy oraz\u00a0 opiek\u0119 wytchnienia.<\/h3>\n<h3>\u00a0\u00a0\u00a0\u00a0\u00a0\u00a0\u00a0 Wyzwaniami na kolejny rok 2022 s\u0105:<\/h3>\n<h3>&#8211; realizacja inwestycji\u00a0 ze \u015brodk\u00f3w unijnych &#8211; <a href=\"https:\/\/psonizgierz.pl\/budowa\/\">budowa II etapu\u00a0 Centrum im. Bo\u017cenny Piotrowicz<\/a>, to mo\u017cliwo\u015b\u0107 poszerzenia o kolejne 12 miejsc mieszkalnych, zapewnienie bazy rehabilitacyjnej do 100 os\u00f3b korzystaj\u0105cych z codziennych zaj\u0119\u0107 terapeutycznych,\u00a0 nowej siedziby Warsztatu Terapii zaj\u0119ciowej,<\/h3>\n<h3>&#8211; pozyskanie wk\u0142adu w\u0142asnego\u00a0 warunku finansowania budowy &#8211; 900 000 z\u0142. ( w tym koszty VAT nie kwalifikowane w rozliczeniu)\u00a0<\/h3>\n<h3>&#8211; pozyskanie wk\u0142adu w\u0142asnego finansowego w wysoko\u015bci. 80 000,- z\u0142., kt\u00f3ry zapewni kontynuacj\u0119 dotacji na kontynuacj\u0119 program\u00f3w terapii ma\u0142ych dzieci i os\u00f3b ze z\u0142o\u017con\u0105 niepe\u0142nosprawno\u015bci\u0105, zakup pojazdu do przewozu os\u00f3b z niepe\u0142nosprawno\u015bci\u0105 .<\/h3>\n<h3>&#8211; zapewnienie kontynuacji programu MIESZKALNICTWA, poza zako\u0144czeniu projektu finansowanego ze \u015brodk\u00f3w unijnych<\/h3>\n<h3>-pozyskanie \u015brodk\u00f3w 600.000,- na rzecz adaptacji nowego obiektu dla O\u015aRODKA WCZESNEJ INTERWENCJI \u00a0 kt\u00f3ry zapewni kontynuacj\u0119 rehabilitacje ma\u0142ym dzieciom i wsparcie ich rodzinom<\/h3>\n<h3>Dzi\u0119kujemy, \u017ce jeste\u015bcie z NAMI<\/h3>\n<p>\u00a0<\/p>\n\n\n<p><\/p>\n\n\n\n<p><\/p>\n","protected":false},"excerpt":{"rendered":"<p>DZI\u0118KUJEMY, \u017bE JESTE\u015aCIE Z NAMI To ju\u017c kolejny rok oraz kolejna okazja, aby podzi\u0119kowa\u0107 Pa\u0144stwu za wsparcie naszych dzia\u0142a\u0144 na rzecz os\u00f3b z niepe\u0142nosprawno\u015bci\u0105 intelektualn\u0105 oraz ich rodzin. Dzi\u0119kujemy, za przekazany 1% podatku na\u00a0 konto: 42 1240 3057 1111 0000 3442 3080 na cele naszego Stowarzyszenia. Jeszcze raz bardzo serdecznie dzi\u0119kujemy i polecamy si\u0119 pami\u0119ci [&hellip;]<\/p>\n","protected":false},"author":1,"featured_media":0,"parent":0,"menu_order":0,"comment_status":"closed","ping_status":"closed","template":"front-page.php","meta":{"footnotes":""},"class_list":["post-133","page","type-page","status-publish","hentry"],"_links":{"self":[{"href":"https:\/\/psonizgierz.pl\/index.php?rest_route=\/wp\/v2\/pages\/133","targetHints":{"allow":["GET"]}}],"collection":[{"href":"https:\/\/psonizgierz.pl\/index.php?rest_route=\/wp\/v2\/pages"}],"about":[{"href":"https:\/\/psonizgierz.pl\/index.php?rest_route=\/wp\/v2\/types\/page"}],"author":[{"embeddable":true,"href":"https:\/\/psonizgierz.pl\/index.php?rest_route=\/wp\/v2\/users\/1"}],"replies":[{"embeddable":true,"href":"https:\/\/psonizgierz.pl\/index.php?rest_route=%2Fwp%2Fv2%2Fcomments&post=133"}],"version-history":[{"count":19,"href":"https:\/\/psonizgierz.pl\/index.php?rest_route=\/wp\/v2\/pages\/133\/revisions"}],"predecessor-version":[{"id":4059,"href":"https:\/\/psonizgierz.pl\/index.php?rest_route=\/wp\/v2\/pages\/133\/revisions\/4059"}],"wp:attachment":[{"href":"https:\/\/psonizgierz.pl\/index.php?rest_route=%2Fwp%2Fv2%2Fmedia&parent=133"}],"curies":[{"name":"wp","href":"https:\/\/api.w.org\/{rel}","templated":true}]}}