{"id":135,"date":"2018-12-03T13:41:18","date_gmt":"2018-12-03T12:41:18","guid":{"rendered":"http:\/\/psonizgierz.pl\/?page_id=135"},"modified":"2022-02-06T13:47:56","modified_gmt":"2022-02-06T12:47:56","slug":"ogloszenia","status":"publish","type":"page","link":"https:\/\/psonizgierz.pl\/?page_id=135","title":{"rendered":"Og\u0142oszenia"},"content":{"rendered":"\n<h3 class=\"wp-block-heading\" id=\"poszukujesz-pracy-dolacz-do-naszego-zespolu\">Poszukujesz pracy- do\u0142\u0105cz do naszego zespo\u0142u<\/h3>\n\n\n\n<h2 class=\"wp-block-heading\" id=\"psoni-kolo-w-zgierzu-oferuje-zatrudnienie\"><strong>PSONI Ko\u0142o w Zgierzu<\/strong> OFERUJE ZATRUDNIENIE <\/h2>\n\n\n\n<h2 class=\"wp-block-heading\" id=\"na-stanowisku-psychoterapeuty-lub-osoby-w-trakcie-szkolenia-po-2-roku-w-osrodku-wczesnej-interwencji-poradnia-zdrowia-psychicznego-dla-dzieci-kontakt-42-717-47-11-owizgierz-o2-pl\">&#8211; na stanowisku <span class=\"has-inline-color has-vivid-purple-color\">psychoterapeuty lub osoby w trakcie szkolenia  po 2 roku <\/span> W <a href=\"https:\/\/psonizgierz.pl\/osrodek-wczesnej-interwencji\/\">O\u015aRODKU WCZESNEJ INTERWENCJI- PORADNIA ZDROWIA PSYCHICZNEGO DLA DZIECI<\/a><a href=\"https:\/\/psonizgierz.pl\/mieszkalnictwo\/\"> <\/a>,<strong><br>Kontakt: 42 717 47 11, owizgierz@o2.pl<\/strong><\/h2>\n\n\n\n<h2 class=\"wp-block-heading\" id=\"kontakt-42-717-10-84-psonizgierz.pl\"><mark style=\"background-color:rgba(0, 0, 0, 0)\" class=\"has-inline-color has-vivid-cyan-blue-color\"><span style=\"\"><b style=\"color: rgb(255, 102, 0);\"><strong><br>Kontakt: 42 717 10 84, <\/strong><\/b><\/span><\/mark><strong><mark style=\"background-color:rgba(0, 0, 0, 0)\" class=\"has-inline-color has-vivid-cyan-blue-color\"> psonizgierz.pl<\/mark><\/strong><\/h2>\n\n\n\n<p><\/p>\n\n\n\n<p><\/p>\n\n\n\n<p><\/p>\n\n\n\n<div class=\"wp-block-image\"><figure class=\"alignright is-resized\"><img loading=\"lazy\" decoding=\"async\" src=\"https:\/\/psonizgierz.pl\/wp-content\/uploads\/2018\/12\/43134862_1925983610823874_341963135738970112_n.jpg\" alt=\"\" class=\"wp-image-494\" width=\"230\" height=\"103\" srcset=\"https:\/\/psonizgierz.pl\/wp-content\/uploads\/2018\/12\/43134862_1925983610823874_341963135738970112_n.jpg 825w, https:\/\/psonizgierz.pl\/wp-content\/uploads\/2018\/12\/43134862_1925983610823874_341963135738970112_n-300x135.jpg 300w, https:\/\/psonizgierz.pl\/wp-content\/uploads\/2018\/12\/43134862_1925983610823874_341963135738970112_n-768x344.jpg 768w\" sizes=\"auto, (max-width: 230px) 100vw, 230px\" \/><\/figure><\/div>\n","protected":false},"excerpt":{"rendered":"<p>Poszukujesz pracy- do\u0142\u0105cz do naszego zespo\u0142u PSONI Ko\u0142o w Zgierzu OFERUJE ZATRUDNIENIE &#8211; na stanowisku psychoterapeuty lub osoby w trakcie szkolenia po 2 roku W O\u015aRODKU WCZESNEJ INTERWENCJI- PORADNIA ZDROWIA PSYCHICZNEGO DLA DZIECI ,Kontakt: 42 717 47 11, owizgierz@o2.pl Kontakt: 42 717 10 84, psonizgierz.pl<\/p>\n","protected":false},"author":1,"featured_media":0,"parent":0,"menu_order":0,"comment_status":"closed","ping_status":"closed","template":"front-page.php","meta":{"footnotes":""},"class_list":["post-135","page","type-page","status-publish","hentry"],"_links":{"self":[{"href":"https:\/\/psonizgierz.pl\/index.php?rest_route=\/wp\/v2\/pages\/135","targetHints":{"allow":["GET"]}}],"collection":[{"href":"https:\/\/psonizgierz.pl\/index.php?rest_route=\/wp\/v2\/pages"}],"about":[{"href":"https:\/\/psonizgierz.pl\/index.php?rest_route=\/wp\/v2\/types\/page"}],"author":[{"embeddable":true,"href":"https:\/\/psonizgierz.pl\/index.php?rest_route=\/wp\/v2\/users\/1"}],"replies":[{"embeddable":true,"href":"https:\/\/psonizgierz.pl\/index.php?rest_route=%2Fwp%2Fv2%2Fcomments&post=135"}],"version-history":[{"count":24,"href":"https:\/\/psonizgierz.pl\/index.php?rest_route=\/wp\/v2\/pages\/135\/revisions"}],"predecessor-version":[{"id":4053,"href":"https:\/\/psonizgierz.pl\/index.php?rest_route=\/wp\/v2\/pages\/135\/revisions\/4053"}],"wp:attachment":[{"href":"https:\/\/psonizgierz.pl\/index.php?rest_route=%2Fwp%2Fv2%2Fmedia&parent=135"}],"curies":[{"name":"wp","href":"https:\/\/api.w.org\/{rel}","templated":true}]}}