{"id":141,"date":"2018-12-03T13:42:17","date_gmt":"2018-12-03T12:42:17","guid":{"rendered":"http:\/\/psonizgierz.pl\/?page_id=141"},"modified":"2021-02-27T22:18:40","modified_gmt":"2021-02-27T21:18:40","slug":"partnerzy","status":"publish","type":"page","link":"https:\/\/psonizgierz.pl\/?page_id=141","title":{"rendered":"Partnerzy"},"content":{"rendered":"<p>[sponsors title=&#8217;yes&#8217; description=&#8217;yes&#8217; category=&#8217;partnerzy&#8217; style=&#8217;grid&#8217;]<\/p>\n\n\n<figure class=\"wp-block-image size-large is-resized\"><img loading=\"lazy\" decoding=\"async\" src=\"https:\/\/psonizgierz.pl\/wp-content\/uploads\/2021\/02\/logo_MRiPS_png-1024x512.png\" alt=\"\" class=\"wp-image-3635\" width=\"460\" height=\"231\" srcset=\"https:\/\/psonizgierz.pl\/wp-content\/uploads\/2021\/02\/logo_MRiPS_png-1024x512.png 1024w, https:\/\/psonizgierz.pl\/wp-content\/uploads\/2021\/02\/logo_MRiPS_png-300x150.png 300w, https:\/\/psonizgierz.pl\/wp-content\/uploads\/2021\/02\/logo_MRiPS_png-768x384.png 768w, https:\/\/psonizgierz.pl\/wp-content\/uploads\/2021\/02\/logo_MRiPS_png.png 1182w\" sizes=\"auto, (max-width: 460px) 100vw, 460px\" \/><figcaption><a href=\"https:\/\/www.gov.pl\/web\/rodzina\">https:\/\/www.gov.pl\/web\/rodzina<\/a><\/figcaption><\/figure>\n\n\n\n<figure class=\"wp-block-image size-large is-resized\"><a href=\"www.pfron.org.pl\"><img loading=\"lazy\" decoding=\"async\" src=\"https:\/\/psonizgierz.pl\/wp-content\/uploads\/2019\/12\/pfron.jpg\" alt=\"\" class=\"wp-image-2094\" width=\"333\" height=\"176\" srcset=\"https:\/\/psonizgierz.pl\/wp-content\/uploads\/2019\/12\/pfron.jpg 960w, https:\/\/psonizgierz.pl\/wp-content\/uploads\/2019\/12\/pfron-300x158.jpg 300w, https:\/\/psonizgierz.pl\/wp-content\/uploads\/2019\/12\/pfron-768x406.jpg 768w\" sizes=\"auto, (max-width: 333px) 100vw, 333px\" \/><\/a><\/figure>\n\n\n\n<figure class=\"wp-block-image size-large is-resized\"><a href=\"https:\/\/www.nfz-lodz.pl\/\"><img loading=\"lazy\" decoding=\"async\" src=\"https:\/\/psonizgierz.pl\/wp-content\/uploads\/2018\/12\/nfz_logo_02oX6D62aapFTLo7bXW5mZ-2.jpg\" alt=\"\" class=\"wp-image-688\" width=\"352\" height=\"188\" srcset=\"https:\/\/psonizgierz.pl\/wp-content\/uploads\/2018\/12\/nfz_logo_02oX6D62aapFTLo7bXW5mZ-2.jpg 960w, https:\/\/psonizgierz.pl\/wp-content\/uploads\/2018\/12\/nfz_logo_02oX6D62aapFTLo7bXW5mZ-2-300x160.jpg 300w, https:\/\/psonizgierz.pl\/wp-content\/uploads\/2018\/12\/nfz_logo_02oX6D62aapFTLo7bXW5mZ-2-768x410.jpg 768w\" sizes=\"auto, (max-width: 352px) 100vw, 352px\" \/><\/a><\/figure>\n\n\n\n<figure class=\"wp-block-image size-large\"><a href=\"https:\/\/www.lodzkie.pl\/\"><img loading=\"lazy\" decoding=\"async\" width=\"351\" height=\"140\" src=\"https:\/\/psonizgierz.pl\/wp-content\/uploads\/2021\/02\/woj_lodzkie_logo-u-marszalkowski.png\" alt=\"\" class=\"wp-image-3611\" srcset=\"https:\/\/psonizgierz.pl\/wp-content\/uploads\/2021\/02\/woj_lodzkie_logo-u-marszalkowski.png 351w, https:\/\/psonizgierz.pl\/wp-content\/uploads\/2021\/02\/woj_lodzkie_logo-u-marszalkowski-300x120.png 300w\" sizes=\"auto, (max-width: 351px) 100vw, 351px\" \/><\/a><figcaption>Wojew\u00f3dztwo \u0141\u00f3dzkie- Urz\u0105d Marsza\u0142kowski<\/figcaption><\/figure>\n\n\n\n<figure class=\"wp-block-image size-large is-resized\"><a href=\"http:\/\/www.powiat.zgierz.pl\/\"><img loading=\"lazy\" decoding=\"async\" src=\"https:\/\/psonizgierz.pl\/wp-content\/uploads\/2018\/12\/v3s7xiczod2-838x1024.png\" alt=\"\" class=\"wp-image-164\" width=\"113\" height=\"137\" srcset=\"https:\/\/psonizgierz.pl\/wp-content\/uploads\/2018\/12\/v3s7xiczod2-838x1024.png 838w, https:\/\/psonizgierz.pl\/wp-content\/uploads\/2018\/12\/v3s7xiczod2-246x300.png 246w, https:\/\/psonizgierz.pl\/wp-content\/uploads\/2018\/12\/v3s7xiczod2-768x938.png 768w, https:\/\/psonizgierz.pl\/wp-content\/uploads\/2018\/12\/v3s7xiczod2.png 1801w\" sizes=\"auto, (max-width: 113px) 100vw, 113px\" \/><\/a><figcaption>Powiat Zgierz<\/figcaption><\/figure>\n\n\n\n<figure class=\"wp-block-image size-large is-resized\"><a href=\"https:\/\/miasto.zgierz.pl\/\"><img loading=\"lazy\" decoding=\"async\" src=\"https:\/\/psonizgierz.pl\/wp-content\/uploads\/2018\/12\/zgierz-1.png\" alt=\"\" class=\"wp-image-633\" width=\"131\" height=\"144\"\/><\/a><figcaption>Gmina Miasto Zgierz<\/figcaption><\/figure>\n\n\n\n<figure class=\"wp-block-image size-large is-resized\"><a href=\"https:\/\/gminazgierz.pl\/\"><img loading=\"lazy\" decoding=\"async\" src=\"https:\/\/psonizgierz.pl\/wp-content\/uploads\/2018\/12\/indeks.jpg\" alt=\"\" class=\"wp-image-751\" width=\"128\" height=\"126\"\/><\/a><figcaption>Gmina  Zgierz<\/figcaption><\/figure>\n\n\n\n<figure class=\"wp-block-image size-large is-resized\"><a href=\"https:\/\/www.strykow.pl\/\"><img loading=\"lazy\" decoding=\"async\" src=\"https:\/\/psonizgierz.pl\/wp-content\/uploads\/2018\/12\/getimg.php_.jpg\" alt=\"\" class=\"wp-image-753\" width=\"112\" height=\"132\" srcset=\"https:\/\/psonizgierz.pl\/wp-content\/uploads\/2018\/12\/getimg.php_.jpg 360w, https:\/\/psonizgierz.pl\/wp-content\/uploads\/2018\/12\/getimg.php_-254x300.jpg 254w\" sizes=\"auto, (max-width: 112px) 100vw, 112px\" \/><\/a><figcaption>Gmina Stryk\u00f3w<\/figcaption><\/figure>\n\n\n\n<figure class=\"wp-block-image size-large is-resized\"><a href=\"https:\/\/rcpslodz.pl\/\"><img loading=\"lazy\" decoding=\"async\" src=\"https:\/\/psonizgierz.pl\/wp-content\/uploads\/2018\/12\/LOGORCPS-1024x470.png\" alt=\"\" class=\"wp-image-251\" width=\"300\" height=\"138\" srcset=\"https:\/\/psonizgierz.pl\/wp-content\/uploads\/2018\/12\/LOGORCPS-1024x470.png 1024w, https:\/\/psonizgierz.pl\/wp-content\/uploads\/2018\/12\/LOGORCPS-300x138.png 300w, https:\/\/psonizgierz.pl\/wp-content\/uploads\/2018\/12\/LOGORCPS-768x352.png 768w\" sizes=\"auto, (max-width: 300px) 100vw, 300px\" \/><\/a><\/figure>\n\n\n\n<figure class=\"wp-block-image size-large is-resized\"><a href=\"https:\/\/www.lodzkie.pl\/fundusze-europejskie\"><img loading=\"lazy\" decoding=\"async\" src=\"https:\/\/psonizgierz.pl\/wp-content\/uploads\/2021\/01\/ciag-feprreg-rrp-lodz-ueefrr-1024x120.jpg\" alt=\"\" class=\"wp-image-3473\" width=\"996\" height=\"115\" srcset=\"https:\/\/psonizgierz.pl\/wp-content\/uploads\/2021\/01\/ciag-feprreg-rrp-lodz-ueefrr-300x35.jpg 300w, https:\/\/psonizgierz.pl\/wp-content\/uploads\/2021\/01\/ciag-feprreg-rrp-lodz-ueefrr-768x90.jpg 768w, https:\/\/psonizgierz.pl\/wp-content\/uploads\/2021\/01\/ciag-feprreg-rrp-lodz-ueefrr-2048x239.jpg 2048w\" sizes=\"auto, (max-width: 996px) 100vw, 996px\" \/><\/a><\/figure>\n\n\n\n<p><\/p>\n","protected":false},"excerpt":{"rendered":"<p>[sponsors title=&#8217;yes&#8217; description=&#8217;yes&#8217; category=&#8217;partnerzy&#8217; style=&#8217;grid&#8217;]<\/p>\n","protected":false},"author":1,"featured_media":0,"parent":0,"menu_order":0,"comment_status":"closed","ping_status":"closed","template":"full-width.php","meta":{"footnotes":""},"class_list":["post-141","page","type-page","status-publish","hentry"],"_links":{"self":[{"href":"https:\/\/psonizgierz.pl\/index.php?rest_route=\/wp\/v2\/pages\/141","targetHints":{"allow":["GET"]}}],"collection":[{"href":"https:\/\/psonizgierz.pl\/index.php?rest_route=\/wp\/v2\/pages"}],"about":[{"href":"https:\/\/psonizgierz.pl\/index.php?rest_route=\/wp\/v2\/types\/page"}],"author":[{"embeddable":true,"href":"https:\/\/psonizgierz.pl\/index.php?rest_route=\/wp\/v2\/users\/1"}],"replies":[{"embeddable":true,"href":"https:\/\/psonizgierz.pl\/index.php?rest_route=%2Fwp%2Fv2%2Fcomments&post=141"}],"version-history":[{"count":31,"href":"https:\/\/psonizgierz.pl\/index.php?rest_route=\/wp\/v2\/pages\/141\/revisions"}],"predecessor-version":[{"id":3657,"href":"https:\/\/psonizgierz.pl\/index.php?rest_route=\/wp\/v2\/pages\/141\/revisions\/3657"}],"wp:attachment":[{"href":"https:\/\/psonizgierz.pl\/index.php?rest_route=%2Fwp%2Fv2%2Fmedia&parent=141"}],"curies":[{"name":"wp","href":"https:\/\/api.w.org\/{rel}","templated":true}]}}