{"id":1533,"date":"2019-04-23T23:39:45","date_gmt":"2019-04-23T21:39:45","guid":{"rendered":"http:\/\/psonizgierz.pl\/?page_id=1533"},"modified":"2019-04-23T23:42:25","modified_gmt":"2019-04-23T21:42:25","slug":"rodo","status":"publish","type":"page","link":"https:\/\/psonizgierz.pl\/?page_id=1533","title":{"rendered":"RODO"},"content":{"rendered":"\n<p><strong>Informacja\ndotycz\u0105ca przetwarzania danych osobowych PSONI Ko\u0142o z Zgierzu.<\/strong><\/p>\n\n\n\n<p>Zgodnie\nz art. 13 ust. 1 i ust. 2 og\u00f3lnego rozporz\u0105dzenie o ochronie danych osobowych z\ndnia 27 kwietnia 2016 roku&nbsp; uprzejmie\ninformujemy, i\u017c od dnia 25 maja 2018 r. b\u0119d\u0105 Pani\/Panu przys\u0142ugiwa\u0142y okre\u015blone\nponi\u017cej prawa zwi\u0105zane <br>\nz przetwarzaniem Pani\/Pana danych osobowych przez Polskie Stowarzyszenie na\nRzecz Os\u00f3b z Niepe\u0142nosprawno\u015bci\u0105 Intelektualn\u0105 Ko\u0142o w Zgierzu. 95-100 Zgierz\nul. Che\u0142mska 42\/42a, tel\/fax. \/0-42\/ 717-47-11, <br>\ne-mail: psonizgierz.pl.<\/p>\n\n\n\n<p><strong>Kto jest\nadministratorem Pani\/Pana Danych Osobowych.<\/strong><\/p>\n\n\n\n<p>Polskie Stowarzyszenie na Rzecz Os\u00f3b z\nNiepe\u0142nosprawno\u015bci\u0105 Intelektualn\u0105 Ko\u0142o w Zgierzu (dalej: Administrator). 95-100\nZgierz ul. Che\u0142mska 42\/42a, tel\/fax. \/0-42\/ 717-47-11, e-mail:\npsonizgierz.pl.<\/p>\n\n\n\n<p><strong>Na\npodstawie jakich przepis\u00f3w i w jakim celu przetwarzamy Pani\/Pana dane osobowe.<\/strong><\/p>\n\n\n\n<p>Pani\/Pana dane osobowe s\u0105\nprzetwarzane jedynie w celach, kt\u00f3re wynikaj\u0105 z dzia\u0142alno\u015bci Statutowej\nStowarzyszenia. Podstaw\u0105 przetwarzania Pani\/Pana danych osobowych jest art. 6\nust. 1 lit. a RODO. <\/p>\n\n\n\n<ol class=\"wp-block-list\"><li><em>osoba, kt\u00f3rej\ndane dotycz\u0105 wyrazi\u0142a zgod\u0119 na przetwarzanie swoich danych osobowych w jednym\nlub wi\u0119kszej liczbie okre\u015blonych cel\u00f3w;<\/em><\/li><\/ol>\n\n\n\n<p>Podstaw\u0105 przetwarzania\ndanych osobowych jest r\u00f3wnie\u017c konieczno\u015b\u0107 wykonania umowy, <br>\nkt\u00f3rej Administrator jest stron\u0105 lub konieczno\u015b\u0107 podj\u0119cia na jego \u017c\u0105danie\ndzia\u0142a\u0144 przed jej zawarciem <br>\n(art. 6 ust. 1 lit. b RODO).<\/p>\n\n\n\n<p><em>b)\nprzetwarzanie jest niezb\u0119dne do wykonania umowy, kt\u00f3rej stron\u0105 jest osoba,\nkt\u00f3rej dane dotycz\u0105, <br>\nlub do podj\u0119cia dzia\u0142a\u0144 na \u017c\u0105danie osoby, kt\u00f3rej dane dotycz\u0105, przed zawarciem\numowy.<\/em><\/p>\n\n\n\n<p>Wskaza\u0107 nale\u017cy r\u00f3wnie\u017c, \u017ce podczas\nprzetwarzania danych osobowych kandydat\u00f3w do pracy <br>\nu Administratora, podstaw\u0105 przetwarzania b\u0119dzie art. 6 ust. 1 lit. b) RODO.<\/p>\n\n\n\n<p><strong>W\npozosta\u0142ych (innych) celach Dane Osobowe mog\u0105 by\u0107 przetwarzane na podstawie:<\/strong><\/p>\n\n\n\n<p>&#8211; obowi\u0105zuj\u0105cych przepis\u00f3w\nprawa \u2013 gdy przetwarzanie jest niezb\u0119dne do wype\u0142nienia obowi\u0105zku prawnego\nci\u0105\u017c\u0105cego na Administratorze (art. 6 ust. 1 lit. c) RODO).<\/p>\n\n\n\n<p><em>c) przetwarzanie jest niezb\u0119dne do wype\u0142nienia obowi\u0105zku\nprawnego ci\u0105\u017c\u0105cego na administratorze;<\/em><\/p>\n\n\n\n<p>&#8211; niezb\u0119dno\u015bci do innych ni\u017c wymienione powy\u017cej\ncel\u00f3w wynikaj\u0105cych z prawnie uzasadnionych interes\u00f3w realizowanych przez\nAdministratora lub przez stron\u0119 trzeci\u0105, w szczeg\u00f3lno\u015bci do ustalenia,\ndochodzenia lub obrony roszcze\u0144, prowadzenia korespondencji z zainteresowanymi\n(art. 6 ust. 1 lit. f) RODO).<\/p>\n\n\n\n<p><em>f) przetwarzanie jest\nniezb\u0119dne do cel\u00f3w wynikaj\u0105cych z prawnie uzasadnionych interes\u00f3w realizowanych\nprzez administratora lub przez stron\u0119 trzeci\u0105, <\/em><strong><em><\/em><\/strong><\/p>\n\n\n\n<p><strong>Przekazywanie\nPani\/Pana dane osobowe innym odbiorcom.<\/strong><\/p>\n\n\n\n<p>Pa\u0144stwa dane osobowe mog\u0105 by\u0107 przekazywane organom,\npodmiotom, jednostkom organizacyjnym, organizacjom, kt\u00f3re zosta\u0142y wskazane w\nprzepisach prawa, umowach, kontraktach. <\/p>\n\n\n\n<p>Pa\u0144stwa dane osobowe mog\u0105 by\u0107 przetwarzane na podstawie um\u00f3w\nprzez podmioty i osoby fizyczne, <br>\nkt\u00f3re zajmuj\u0105 si\u0119 ochron\u0105 i&nbsp;\nadministrowaniem tych danych.<\/p>\n\n\n\n<p>Pa\u0144stwa dane osobowe b\u0119d\u0105 przechowywane przez\nokres zgodny z\nobowi\u0105zuj\u0105cymi przepisami archiwalnymi <br>\noraz na czas niezb\u0119dny do realizacji um\u00f3w, kontrakt\u00f3w. W przypadku dokument\u00f3w,\nkt\u00f3re nie wymagaj\u0105 archiwizacji przechowujemy je do czasu niezb\u0119dnego do\nrealizacji zadania, po tym czasie s\u0105 one trwale usuwane.<\/p>\n\n\n\n<p><strong>Przekazywanie Pani\/Pana dane osobowe do pa\u0144stw trzecich.<\/strong><\/p>\n\n\n\n<p>Pa\u0144stwa dane osobowe nie\ns\u0105 przekazywane do pa\u0144stw trzecich.<\/p>\n\n\n\n<p><strong>Profilowanie.<\/strong><\/p>\n\n\n\n<p>Pani\/Pana\ndane osobowe nie b\u0119d\u0105 wykorzystywane w celu zautomatyzowanego podejmowaniu\ndecyzji, w tym do profilowania, o kt\u00f3rym mowa w art. 22 RODO.<\/p>\n\n\n\n<p><strong>Pani\/Pana\nprawa.<\/strong><\/p>\n\n\n\n<p>Posiada Pani\/Panprawo dost\u0119pu do tre\u015bci swoich danych oraz prawo ich sprostowania,\nusuni\u0119cia (\u201eprawo do bycia zapomnianym\u201d), ograniczenia przetwarzania, prawo do\nprzenoszenia danych, prawo wniesienia sprzeciwu, prawo do cofni\u0119cia zgody w\ndowolnym momencie bez wp\u0142ywu na zgodno\u015b\u0107 z prawem przetwarzania \u2013 na zasadach\nokre\u015blonych w art. 16-21 RODO. <\/p>\n\n\n\n<p>Z tych praw mo\u017ce Pani\/Pan skorzysta\u0107, sk\u0142adaj\u0105c\nwniosek w formie pisemnej do Administratora Danych Osobowych na adres: Polskie\nStowarzyszenie na Rzecz Os\u00f3b z Niepe\u0142nosprawno\u015bci\u0105 Intelektualn\u0105 Ko\u0142o w\nZgierzu, <br>\nul. Che\u0142mska 42\/42a, 95-100 Zgierz, lub e-mail: psonizgierz.pl<\/p>\n\n\n\n<p>Ma Pani\/Pan r\u00f3wnie\u017c prawo wniesienia skargi do\norganu nadzorczego, kt\u00f3rym jest Prezes Urz\u0119du Ochrony Danych Osobowych, gdy uzna\nPani\/Pan, i\u017c przetwarzanie danych osobowych narusza przepisy RODO.<\/p>\n","protected":false},"excerpt":{"rendered":"<p>Informacja dotycz\u0105ca przetwarzania danych osobowych PSONI Ko\u0142o z Zgierzu. Zgodnie z art. 13 ust. 1 i ust. 2 og\u00f3lnego rozporz\u0105dzenie o ochronie danych osobowych z dnia 27 kwietnia 2016 roku&nbsp; uprzejmie informujemy, i\u017c od dnia 25 maja 2018 r. b\u0119d\u0105 Pani\/Panu przys\u0142ugiwa\u0142y okre\u015blone poni\u017cej prawa zwi\u0105zane z przetwarzaniem Pani\/Pana danych osobowych przez Polskie Stowarzyszenie na [&hellip;]<\/p>\n","protected":false},"author":2,"featured_media":0,"parent":0,"menu_order":0,"comment_status":"closed","ping_status":"closed","template":"","meta":{"footnotes":""},"class_list":["post-1533","page","type-page","status-publish","hentry"],"_links":{"self":[{"href":"https:\/\/psonizgierz.pl\/index.php?rest_route=\/wp\/v2\/pages\/1533","targetHints":{"allow":["GET"]}}],"collection":[{"href":"https:\/\/psonizgierz.pl\/index.php?rest_route=\/wp\/v2\/pages"}],"about":[{"href":"https:\/\/psonizgierz.pl\/index.php?rest_route=\/wp\/v2\/types\/page"}],"author":[{"embeddable":true,"href":"https:\/\/psonizgierz.pl\/index.php?rest_route=\/wp\/v2\/users\/2"}],"replies":[{"embeddable":true,"href":"https:\/\/psonizgierz.pl\/index.php?rest_route=%2Fwp%2Fv2%2Fcomments&post=1533"}],"version-history":[{"count":3,"href":"https:\/\/psonizgierz.pl\/index.php?rest_route=\/wp\/v2\/pages\/1533\/revisions"}],"predecessor-version":[{"id":1538,"href":"https:\/\/psonizgierz.pl\/index.php?rest_route=\/wp\/v2\/pages\/1533\/revisions\/1538"}],"wp:attachment":[{"href":"https:\/\/psonizgierz.pl\/index.php?rest_route=%2Fwp%2Fv2%2Fmedia&parent=1533"}],"curies":[{"name":"wp","href":"https:\/\/api.w.org\/{rel}","templated":true}]}}