{"id":18,"date":"2018-12-03T10:36:34","date_gmt":"2018-12-03T09:36:34","guid":{"rendered":"http:\/\/psonizgierz.pl\/?page_id=18"},"modified":"2024-12-18T11:50:02","modified_gmt":"2024-12-18T10:50:02","slug":"aktualnosci","status":"publish","type":"page","link":"https:\/\/psonizgierz.pl\/?page_id=18","title":{"rendered":"Aktualno\u015bci"},"content":{"rendered":"\n<figure class=\"wp-block-image size-large\"><img loading=\"lazy\" decoding=\"async\" width=\"1024\" height=\"259\" src=\"https:\/\/psonizgierz.pl\/wp-content\/uploads\/2024\/12\/Dotacje_2024_PFRON_Herb_WL_Dot_wspolfinans_color-1024x259.jpg\" alt=\"\" class=\"wp-image-5010\" srcset=\"https:\/\/psonizgierz.pl\/wp-content\/uploads\/2024\/12\/Dotacje_2024_PFRON_Herb_WL_Dot_wspolfinans_color-1024x259.jpg 1024w, https:\/\/psonizgierz.pl\/wp-content\/uploads\/2024\/12\/Dotacje_2024_PFRON_Herb_WL_Dot_wspolfinans_color-300x76.jpg 300w, https:\/\/psonizgierz.pl\/wp-content\/uploads\/2024\/12\/Dotacje_2024_PFRON_Herb_WL_Dot_wspolfinans_color-768x195.jpg 768w, https:\/\/psonizgierz.pl\/wp-content\/uploads\/2024\/12\/Dotacje_2024_PFRON_Herb_WL_Dot_wspolfinans_color-1536x389.jpg 1536w, https:\/\/psonizgierz.pl\/wp-content\/uploads\/2024\/12\/Dotacje_2024_PFRON_Herb_WL_Dot_wspolfinans_color-2048x519.jpg 2048w\" sizes=\"auto, (max-width: 1024px) 100vw, 1024px\" \/><\/figure>\n\n\n\n<p>\u015awi\u0119ty Miko\u0142aj zawita\u0142  do siedziby PSONI Ko\u0142o w Zgierzu, a wraz z nim przedstawiciele lokalnych w\u0142adz, instytucji i zaprzyja\u017anionych plac\u00f3wek, dzia\u0142aj\u0105cych na rzecz os\u00f3b z niepe\u0142nosprawno\u015bciami oraz rodzice zrzeszeni w Stowarzyszeniu i przyjaciele naszego Ko\u0142a.<\/p>\n\n\n\n<p>Jak co roku najwi\u0119kszym prezentem dla zgromadzonych Go\u015bci by\u0142 jase\u0142kowy wyst\u0119p Zespo\u0142u AKCENT, kt\u00f3ry wspaniale wprowadzi\u0142 wszystkich w atmosfer\u0119 zbli\u017caj\u0105cych si\u0119 \u015awi\u0105t Bo\u017cego Narodzenia, Nie zabrak\u0142o r\u00f3wnie\u017c szczerych \u017cycze\u0144, podczas dzielenia si\u0119 op\u0142atkiem, chwil wzruszenia i zadumy, wsp\u00f3lnego kol\u0119dowania oraz pyszno\u015bci przy wigilijnym stole.<\/p>\n\n\n\n<p>Wszystkim Go\u015bciom, zgromadzonym w naszym stowarzyszeniowym DOMU, serdecznie dzi\u0119kujemy za wsp\u00f3lny czas, dobre s\u0142owo oraz przychylno\u015b\u0107 wobec naszych dzia\u0142a\u0144 na rzecz os\u00f3b z niepe\u0142nosprawno\u015bciami.<\/p>\n\n\n\n<p>Wczorajsze \u201eIntegracyjne spotkanie wigilijne 2024\u201d by\u0142o mo\u017cliwe dzi\u0119ki wsparciu, kt\u00f3re otrzymali\u015bmy w ramach dotacji z otwartego konkursu ofert na wsparcie realizacji zadania publicznego Wojew\u00f3dztwa \u0141\u00f3dzkiego ze \u015brodk\u00f3w Pa\u0144stwowego Funduszu Rehabilitacji Os\u00f3b Niepe\u0142nosprawnych b\u0119d\u0105cych w dyspozycji Wojew\u00f3dztwa \u0141\u00f3dzkiego z zakresu dzia\u0142alno\u015bci na rzecz os\u00f3b niepe\u0142nosprawnych o charakterze regionalnym w 2024 r.&nbsp;<\/p>\n\n\n\n<p>Bardzo dzi\u0119kujemy za wsparcie finansowe naszym Dobrym Anio\u0142om, dzi\u0119ki kt\u00f3rym nasze plany i marzenia mog\u0105 si\u0119 urzeczywistnia\u0107.<\/p>\n\n\n\n<p>\u017byczmy sobie pokoju i spokoju, rado\u015bci ze wsp\u00f3lnej obecno\u015bci oraz szczerej mi\u0142o\u015bci i wszelkiej pomy\u015blno\u015bci!<\/p>\n\n\n\n<figure class=\"wp-block-gallery has-nested-images columns-default is-cropped wp-block-gallery-1 is-layout-flex wp-block-gallery-is-layout-flex\">\n<figure class=\"wp-block-image size-large\"><img loading=\"lazy\" decoding=\"async\" width=\"768\" height=\"1024\" data-id=\"5012\" src=\"https:\/\/psonizgierz.pl\/wp-content\/uploads\/2024\/12\/20241210_131302-768x1024.jpg\" alt=\"\" class=\"wp-image-5012\" srcset=\"https:\/\/psonizgierz.pl\/wp-content\/uploads\/2024\/12\/20241210_131302-768x1024.jpg 768w, https:\/\/psonizgierz.pl\/wp-content\/uploads\/2024\/12\/20241210_131302-225x300.jpg 225w, https:\/\/psonizgierz.pl\/wp-content\/uploads\/2024\/12\/20241210_131302-1152x1536.jpg 1152w, https:\/\/psonizgierz.pl\/wp-content\/uploads\/2024\/12\/20241210_131302-1536x2048.jpg 1536w, https:\/\/psonizgierz.pl\/wp-content\/uploads\/2024\/12\/20241210_131302-scaled.jpg 1920w\" sizes=\"auto, (max-width: 768px) 100vw, 768px\" \/><\/figure>\n\n\n\n<figure class=\"wp-block-image size-large\"><img loading=\"lazy\" decoding=\"async\" width=\"768\" height=\"1024\" data-id=\"5011\" src=\"https:\/\/psonizgierz.pl\/wp-content\/uploads\/2024\/12\/20241210_130647-768x1024.jpg\" alt=\"\" class=\"wp-image-5011\" srcset=\"https:\/\/psonizgierz.pl\/wp-content\/uploads\/2024\/12\/20241210_130647-768x1024.jpg 768w, https:\/\/psonizgierz.pl\/wp-content\/uploads\/2024\/12\/20241210_130647-225x300.jpg 225w, https:\/\/psonizgierz.pl\/wp-content\/uploads\/2024\/12\/20241210_130647-1152x1536.jpg 1152w, https:\/\/psonizgierz.pl\/wp-content\/uploads\/2024\/12\/20241210_130647-1536x2048.jpg 1536w, https:\/\/psonizgierz.pl\/wp-content\/uploads\/2024\/12\/20241210_130647-scaled.jpg 1920w\" sizes=\"auto, (max-width: 768px) 100vw, 768px\" \/><\/figure>\n<\/figure>\n\n\n\n<figure class=\"wp-block-gallery has-nested-images columns-default is-cropped wp-block-gallery-2 is-layout-flex wp-block-gallery-is-layout-flex\">\n<figure class=\"wp-block-image size-large\"><img loading=\"lazy\" decoding=\"async\" width=\"1024\" height=\"681\" data-id=\"5025\" src=\"https:\/\/psonizgierz.pl\/wp-content\/uploads\/2024\/12\/469775616_895350712779866_5520871161011855710_n-1-1024x681.jpg\" alt=\"\" class=\"wp-image-5025\" srcset=\"https:\/\/psonizgierz.pl\/wp-content\/uploads\/2024\/12\/469775616_895350712779866_5520871161011855710_n-1-1024x681.jpg 1024w, https:\/\/psonizgierz.pl\/wp-content\/uploads\/2024\/12\/469775616_895350712779866_5520871161011855710_n-1-300x200.jpg 300w, https:\/\/psonizgierz.pl\/wp-content\/uploads\/2024\/12\/469775616_895350712779866_5520871161011855710_n-1-768x511.jpg 768w, https:\/\/psonizgierz.pl\/wp-content\/uploads\/2024\/12\/469775616_895350712779866_5520871161011855710_n-1-1536x1022.jpg 1536w, https:\/\/psonizgierz.pl\/wp-content\/uploads\/2024\/12\/469775616_895350712779866_5520871161011855710_n-1.jpg 2048w\" sizes=\"auto, (max-width: 1024px) 100vw, 1024px\" \/><\/figure>\n\n\n\n<figure class=\"wp-block-image size-large\"><img loading=\"lazy\" decoding=\"async\" width=\"1024\" height=\"681\" data-id=\"5020\" src=\"https:\/\/psonizgierz.pl\/wp-content\/uploads\/2024\/12\/469712571_895350832779854_230455135300102600_n-1-1024x681.jpg\" alt=\"\" class=\"wp-image-5020\" srcset=\"https:\/\/psonizgierz.pl\/wp-content\/uploads\/2024\/12\/469712571_895350832779854_230455135300102600_n-1-1024x681.jpg 1024w, https:\/\/psonizgierz.pl\/wp-content\/uploads\/2024\/12\/469712571_895350832779854_230455135300102600_n-1-300x200.jpg 300w, https:\/\/psonizgierz.pl\/wp-content\/uploads\/2024\/12\/469712571_895350832779854_230455135300102600_n-1-768x511.jpg 768w, https:\/\/psonizgierz.pl\/wp-content\/uploads\/2024\/12\/469712571_895350832779854_230455135300102600_n-1-1536x1022.jpg 1536w, https:\/\/psonizgierz.pl\/wp-content\/uploads\/2024\/12\/469712571_895350832779854_230455135300102600_n-1.jpg 2048w\" sizes=\"auto, (max-width: 1024px) 100vw, 1024px\" \/><\/figure>\n\n\n\n<figure class=\"wp-block-image size-large\"><img loading=\"lazy\" decoding=\"async\" width=\"1024\" height=\"681\" data-id=\"5023\" src=\"https:\/\/psonizgierz.pl\/wp-content\/uploads\/2024\/12\/469707753_895351639446440_6683920076414915431_n-1-1024x681.jpg\" alt=\"\" class=\"wp-image-5023\" srcset=\"https:\/\/psonizgierz.pl\/wp-content\/uploads\/2024\/12\/469707753_895351639446440_6683920076414915431_n-1-1024x681.jpg 1024w, https:\/\/psonizgierz.pl\/wp-content\/uploads\/2024\/12\/469707753_895351639446440_6683920076414915431_n-1-300x200.jpg 300w, https:\/\/psonizgierz.pl\/wp-content\/uploads\/2024\/12\/469707753_895351639446440_6683920076414915431_n-1-768x511.jpg 768w, https:\/\/psonizgierz.pl\/wp-content\/uploads\/2024\/12\/469707753_895351639446440_6683920076414915431_n-1-1536x1022.jpg 1536w, https:\/\/psonizgierz.pl\/wp-content\/uploads\/2024\/12\/469707753_895351639446440_6683920076414915431_n-1.jpg 2048w\" sizes=\"auto, (max-width: 1024px) 100vw, 1024px\" \/><\/figure>\n\n\n\n<figure class=\"wp-block-image size-large\"><img loading=\"lazy\" decoding=\"async\" width=\"1024\" height=\"681\" data-id=\"5022\" src=\"https:\/\/psonizgierz.pl\/wp-content\/uploads\/2024\/12\/470139692_895350119446592_164972322310277836_n-1-1024x681.jpg\" alt=\"\" class=\"wp-image-5022\" srcset=\"https:\/\/psonizgierz.pl\/wp-content\/uploads\/2024\/12\/470139692_895350119446592_164972322310277836_n-1-1024x681.jpg 1024w, https:\/\/psonizgierz.pl\/wp-content\/uploads\/2024\/12\/470139692_895350119446592_164972322310277836_n-1-300x200.jpg 300w, https:\/\/psonizgierz.pl\/wp-content\/uploads\/2024\/12\/470139692_895350119446592_164972322310277836_n-1-768x511.jpg 768w, https:\/\/psonizgierz.pl\/wp-content\/uploads\/2024\/12\/470139692_895350119446592_164972322310277836_n-1-1536x1022.jpg 1536w, https:\/\/psonizgierz.pl\/wp-content\/uploads\/2024\/12\/470139692_895350119446592_164972322310277836_n-1.jpg 2048w\" sizes=\"auto, (max-width: 1024px) 100vw, 1024px\" \/><\/figure>\n\n\n\n<figure class=\"wp-block-image size-large\"><img loading=\"lazy\" decoding=\"async\" width=\"1024\" height=\"681\" data-id=\"5024\" src=\"https:\/\/psonizgierz.pl\/wp-content\/uploads\/2024\/12\/469951852_895350592779878_69768829829561525_n-1-1024x681.jpg\" alt=\"\" class=\"wp-image-5024\" srcset=\"https:\/\/psonizgierz.pl\/wp-content\/uploads\/2024\/12\/469951852_895350592779878_69768829829561525_n-1-1024x681.jpg 1024w, https:\/\/psonizgierz.pl\/wp-content\/uploads\/2024\/12\/469951852_895350592779878_69768829829561525_n-1-300x200.jpg 300w, https:\/\/psonizgierz.pl\/wp-content\/uploads\/2024\/12\/469951852_895350592779878_69768829829561525_n-1-768x511.jpg 768w, https:\/\/psonizgierz.pl\/wp-content\/uploads\/2024\/12\/469951852_895350592779878_69768829829561525_n-1-1536x1022.jpg 1536w, https:\/\/psonizgierz.pl\/wp-content\/uploads\/2024\/12\/469951852_895350592779878_69768829829561525_n-1.jpg 2048w\" sizes=\"auto, (max-width: 1024px) 100vw, 1024px\" \/><\/figure>\n\n\n\n<figure class=\"wp-block-image size-large\"><img loading=\"lazy\" decoding=\"async\" width=\"681\" height=\"1024\" data-id=\"5021\" src=\"https:\/\/psonizgierz.pl\/wp-content\/uploads\/2024\/12\/469906283_895351032779834_7264457976801140136_n-1-681x1024.jpg\" alt=\"\" class=\"wp-image-5021\" srcset=\"https:\/\/psonizgierz.pl\/wp-content\/uploads\/2024\/12\/469906283_895351032779834_7264457976801140136_n-1-681x1024.jpg 681w, https:\/\/psonizgierz.pl\/wp-content\/uploads\/2024\/12\/469906283_895351032779834_7264457976801140136_n-1-200x300.jpg 200w, https:\/\/psonizgierz.pl\/wp-content\/uploads\/2024\/12\/469906283_895351032779834_7264457976801140136_n-1-768x1155.jpg 768w, https:\/\/psonizgierz.pl\/wp-content\/uploads\/2024\/12\/469906283_895351032779834_7264457976801140136_n-1-1022x1536.jpg 1022w, https:\/\/psonizgierz.pl\/wp-content\/uploads\/2024\/12\/469906283_895351032779834_7264457976801140136_n-1.jpg 1362w\" sizes=\"auto, (max-width: 681px) 100vw, 681px\" \/><\/figure>\n<\/figure>\n\n\n\n<hr class=\"wp-block-separator has-alpha-channel-opacity\"\/>\n\n\n\n<p><\/p>\n","protected":false},"excerpt":{"rendered":"<p>\u015awi\u0119ty Miko\u0142aj zawita\u0142 do siedziby PSONI Ko\u0142o w Zgierzu, a wraz z nim przedstawiciele lokalnych w\u0142adz, instytucji i zaprzyja\u017anionych plac\u00f3wek, dzia\u0142aj\u0105cych na rzecz os\u00f3b z niepe\u0142nosprawno\u015bciami oraz rodzice zrzeszeni w Stowarzyszeniu i przyjaciele naszego Ko\u0142a. Jak co roku najwi\u0119kszym prezentem dla zgromadzonych Go\u015bci by\u0142 jase\u0142kowy wyst\u0119p Zespo\u0142u AKCENT, kt\u00f3ry wspaniale wprowadzi\u0142 wszystkich w atmosfer\u0119 zbli\u017caj\u0105cych [&hellip;]<\/p>\n","protected":false},"author":1,"featured_media":6,"parent":0,"menu_order":0,"comment_status":"closed","ping_status":"closed","template":"","meta":{"footnotes":""},"class_list":["post-18","page","type-page","status-publish","has-post-thumbnail","hentry"],"_links":{"self":[{"href":"https:\/\/psonizgierz.pl\/index.php?rest_route=\/wp\/v2\/pages\/18","targetHints":{"allow":["GET"]}}],"collection":[{"href":"https:\/\/psonizgierz.pl\/index.php?rest_route=\/wp\/v2\/pages"}],"about":[{"href":"https:\/\/psonizgierz.pl\/index.php?rest_route=\/wp\/v2\/types\/page"}],"author":[{"embeddable":true,"href":"https:\/\/psonizgierz.pl\/index.php?rest_route=\/wp\/v2\/users\/1"}],"replies":[{"embeddable":true,"href":"https:\/\/psonizgierz.pl\/index.php?rest_route=%2Fwp%2Fv2%2Fcomments&post=18"}],"version-history":[{"count":14,"href":"https:\/\/psonizgierz.pl\/index.php?rest_route=\/wp\/v2\/pages\/18\/revisions"}],"predecessor-version":[{"id":5029,"href":"https:\/\/psonizgierz.pl\/index.php?rest_route=\/wp\/v2\/pages\/18\/revisions\/5029"}],"wp:featuredmedia":[{"embeddable":true,"href":"https:\/\/psonizgierz.pl\/index.php?rest_route=\/wp\/v2\/media\/6"}],"wp:attachment":[{"href":"https:\/\/psonizgierz.pl\/index.php?rest_route=%2Fwp%2Fv2%2Fmedia&parent=18"}],"curies":[{"name":"wp","href":"https:\/\/api.w.org\/{rel}","templated":true}]}}