{"id":184,"date":"2018-12-06T13:18:30","date_gmt":"2018-12-06T12:18:30","guid":{"rendered":"http:\/\/psonizgierz.pl\/?page_id=184"},"modified":"2023-01-07T22:15:55","modified_gmt":"2023-01-07T21:15:55","slug":"wesprzyj-nas","status":"publish","type":"page","link":"https:\/\/psonizgierz.pl\/?page_id=184","title":{"rendered":"Wesprzyj nas"},"content":{"rendered":"\n<figure class=\"wp-block-image\"><a href=\"https:\/\/www.pitax.pl\/rozliczenie-pit-online-0000046184\/?fbclid=IwAR3rybdluNiuhpatEYw9yA-JgThTo257O-x6iKSlmAk7wmnKnqfH2MOUCK4\"><img loading=\"lazy\" decoding=\"async\" width=\"1024\" height=\"678\" src=\"https:\/\/psonizgierz.pl\/wp-content\/uploads\/2018\/12\/30623665_1688002451288659_7059092051660374016_o-1024x678.jpg\" alt=\"\" class=\"wp-image-298\" srcset=\"https:\/\/psonizgierz.pl\/wp-content\/uploads\/2018\/12\/30623665_1688002451288659_7059092051660374016_o-1024x678.jpg 1024w, https:\/\/psonizgierz.pl\/wp-content\/uploads\/2018\/12\/30623665_1688002451288659_7059092051660374016_o-300x199.jpg 300w, https:\/\/psonizgierz.pl\/wp-content\/uploads\/2018\/12\/30623665_1688002451288659_7059092051660374016_o-768x508.jpg 768w, https:\/\/psonizgierz.pl\/wp-content\/uploads\/2018\/12\/30623665_1688002451288659_7059092051660374016_o.jpg 1860w\" sizes=\"auto, (max-width: 1024px) 100vw, 1024px\" \/><\/a><\/figure>\n\n\n<h4><em>To ju\u017c kolejny rok oraz kolejna okazja, aby podzi\u0119kowa\u0107 Pa\u0144stwu za wsparcie naszych dzia\u0142a\u0144 na rzecz os\u00f3b z niepe\u0142nosprawno\u015bci\u0105 intelektualn\u0105 oraz ich rodzin. Dzi\u0119kujemy.<\/em><\/h4>\n<h4>Ka\u017cda z\u0142ot\u00f3wka to pomoc dla najbardziej potrzebuj\u0105cych i&nbsp;cegie\u0142ka w&nbsp;budowaniu kompleksowego systemu wsparcia dla os\u00f3b z&nbsp;niepe\u0142nosprawno\u015bci\u0105 intelektualn\u0105. Pami\u0119tajmy, \u017ce razem tworzymy spo\u0142ecze\u0144stwo\u2026 spo\u0142ecze\u0144stwo dla wszystkich.<\/h4>\n<p>Stowarzyszenie PSONI Ko\u0142o w Zgierzu obejmuje swoim wsparciem dzieci, m\u0142odzie\u017c i doros\u0142e osoby z niepe\u0142nosprawno\u015bci\u0105 oferuj\u0105c im pomoc nieodp\u0142atnie. Ka\u017cdego roku Stowarzyszenie zapewnia edukacj\u0119, rehabilitacj\u0119 i wsparcie spo\u0142eczne.<\/p>\n<p><em>Aktualnie kontynuujemy rozbudow\u0119 Centrum, za\u015b z nowym rokiem dzi\u0119ki mi\u0119dzy innymi Pa\u0144stwa wsparcia uruchomiamy&nbsp; d\u0142ugo oczekiwany dom mieszkalny dla 8 os\u00f3b doros\u0142ych, kt\u00f3rych rodzice nie s\u0105 wstanie zapewni\u0107 opieki. Rozbudowa&nbsp; Centrum to mo\u017cliwo\u015b\u0107 poszerzenia o kolejne miejsca mieszkalne,&nbsp; zapewnienie bazy rehabilitacyjnej do 100 os\u00f3b korzystaj\u0105cych z codziennych zaj\u0119\u0107 terapeutycznych.&nbsp;<\/em><\/p>\n<p><em>Na co dzie\u0144 wspieramy&nbsp; ponad 800 os\u00f3b &#8211; dzieci,&nbsp; m\u0142odzie\u017c, doros\u0142ych&nbsp; z niepe\u0142nosprawno\u015bci\u0105 w <b>5<\/b> plac\u00f3wkach: o\u015brodku wczesnej interwencji dla dzieci, warsztatach terapii zaj\u0119ciowej, \u015brodowiskowym domu samopomocy, zespole rehabilitacyjnym \u201eAktywno\u015bci spo\u0142ecznej\u201d, Domu mieszkalnictwa wspieranego i treningowego oraz <b>10<\/b> projektach wspieraj\u0105cych, w tym: mieszkalnictwa chronionego, mieszkalnictwa treningowego, opieki wytchnieniowej oraz formach integracji spo\u0142ecznej.<\/em><\/p>\n<p>Wp\u0142aty mo\u017cna dokonywa\u0107 na konta PSONI Ko\u0142o w Zgierzu:<\/p>\n\n\n<h3 class=\"wp-block-heading\"><strong>Nr konta: 19 8783 0004 0020 5942 2000 0002 <\/strong>(cele statutowe)<\/h3>\n\n\n\n<h3 class=\"wp-block-heading\"><strong>Nr konta: 42 1240 3057 1111 0000 3442 3080 <\/strong>(wsparcie budowy Centrum)<\/h3>\n\n\n\n<figure class=\"wp-block-image size-large is-resized\"><img loading=\"lazy\" decoding=\"async\" src=\"https:\/\/psonizgierz.pl\/wp-content\/uploads\/2020\/04\/79390089_2678121588943402_3988383906117189632_o-1-1024x681.jpg\" alt=\"\" width=\"542\" height=\"359\"\/><\/figure>\n\n\n\n<figure class=\"wp-block-image size-large is-resized\"><img loading=\"lazy\" decoding=\"async\" src=\"https:\/\/psonizgierz.pl\/wp-content\/uploads\/2020\/04\/79753884_2678114912277403_6547112532430028800_o-1-1024x681.jpg\" alt=\"\" width=\"545\" height=\"361\"\/><\/figure>\n\n\n<div class=\"wp-block-image\">\n<figure class=\"alignleft size-full\"><img loading=\"lazy\" decoding=\"async\" width=\"286\" height=\"176\" src=\"https:\/\/psonizgierz.pl\/wp-content\/uploads\/2023\/01\/images-2.png\" alt=\"\" class=\"wp-image-4405\"\/><\/figure>\n<\/div>\n\n\n<figure class=\"wp-block-image size-large\"><a href=\"https:\/\/www.pitax.pl\/rozliczenie-pit-online-0000046184\/\"><img loading=\"lazy\" decoding=\"async\" width=\"227\" height=\"81\" src=\"https:\/\/psonizgierz.pl\/wp-content\/uploads\/2021\/03\/banner3.png\" alt=\"\" class=\"wp-image-3698\"\/><\/a><\/figure>\n\n\n<div class=\"wp-block-image\">\n<figure class=\"alignright size-full\"><img loading=\"lazy\" decoding=\"async\" width=\"945\" height=\"409\" src=\"https:\/\/psonizgierz.pl\/wp-content\/uploads\/2023\/01\/15-PSONI.png\" alt=\"\" class=\"wp-image-4406\" srcset=\"https:\/\/psonizgierz.pl\/wp-content\/uploads\/2023\/01\/15-PSONI.png 945w, https:\/\/psonizgierz.pl\/wp-content\/uploads\/2023\/01\/15-PSONI-300x130.png 300w, https:\/\/psonizgierz.pl\/wp-content\/uploads\/2023\/01\/15-PSONI-768x332.png 768w\" sizes=\"auto, (max-width: 945px) 100vw, 945px\" \/><\/figure>\n<\/div>\n\n\n<p><a href=\"https:\/\/www.iwop.pl\/serwis-podatkowy\/\">Rozliczenie PIT we wsp\u00f3\u0142pracy z&nbsp;Instytutem Wsparcia Organizacji&nbsp;Pozarz\u0105dowych<\/a> w&nbsp;ramach projektu <a href=\"https:\/\/www.pitax.pl\/rozliczenie-pit\/\">PITax.pl dla OPP<\/a>.<\/p>\n\n\n\n<p>Zostaniesz przeniesiona\/y na stron\u0119 www.pitax.pl, gdzie rozliczysz si\u0119 online lub pobierzesz program do rozliczenia swojego podatku dochodowego za poprzedni rok.<\/p>\n\n\n\n<p>W Twoj\u0105 deklaracj\u0119 PIT zostanie automatycznie wpisany nr KRS: 0000046184 oraz nazwa naszej organizacji, na rzecz kt\u00f3rej przeka\u017cesz jeden procent w\u0142asnego podatku za poprzedni rok.<\/p>\n","protected":false},"excerpt":{"rendered":"<p>To ju\u017c kolejny rok oraz kolejna okazja, aby podzi\u0119kowa\u0107 Pa\u0144stwu za wsparcie naszych dzia\u0142a\u0144 na rzecz os\u00f3b z niepe\u0142nosprawno\u015bci\u0105 intelektualn\u0105 oraz ich rodzin. Dzi\u0119kujemy. Ka\u017cda z\u0142ot\u00f3wka to pomoc dla najbardziej potrzebuj\u0105cych i&nbsp;cegie\u0142ka w&nbsp;budowaniu kompleksowego systemu wsparcia dla os\u00f3b z&nbsp;niepe\u0142nosprawno\u015bci\u0105 intelektualn\u0105. Pami\u0119tajmy, \u017ce razem tworzymy spo\u0142ecze\u0144stwo\u2026 spo\u0142ecze\u0144stwo dla wszystkich. Stowarzyszenie PSONI Ko\u0142o w Zgierzu obejmuje swoim [&hellip;]<\/p>\n","protected":false},"author":1,"featured_media":0,"parent":0,"menu_order":0,"comment_status":"closed","ping_status":"closed","template":"full-width.php","meta":{"footnotes":""},"class_list":["post-184","page","type-page","status-publish","hentry"],"_links":{"self":[{"href":"https:\/\/psonizgierz.pl\/index.php?rest_route=\/wp\/v2\/pages\/184","targetHints":{"allow":["GET"]}}],"collection":[{"href":"https:\/\/psonizgierz.pl\/index.php?rest_route=\/wp\/v2\/pages"}],"about":[{"href":"https:\/\/psonizgierz.pl\/index.php?rest_route=\/wp\/v2\/types\/page"}],"author":[{"embeddable":true,"href":"https:\/\/psonizgierz.pl\/index.php?rest_route=\/wp\/v2\/users\/1"}],"replies":[{"embeddable":true,"href":"https:\/\/psonizgierz.pl\/index.php?rest_route=%2Fwp%2Fv2%2Fcomments&post=184"}],"version-history":[{"count":22,"href":"https:\/\/psonizgierz.pl\/index.php?rest_route=\/wp\/v2\/pages\/184\/revisions"}],"predecessor-version":[{"id":4407,"href":"https:\/\/psonizgierz.pl\/index.php?rest_route=\/wp\/v2\/pages\/184\/revisions\/4407"}],"wp:attachment":[{"href":"https:\/\/psonizgierz.pl\/index.php?rest_route=%2Fwp%2Fv2%2Fmedia&parent=184"}],"curies":[{"name":"wp","href":"https:\/\/api.w.org\/{rel}","templated":true}]}}