{"id":194,"date":"2018-12-06T13:21:34","date_gmt":"2018-12-06T12:21:34","guid":{"rendered":"http:\/\/psonizgierz.pl\/?page_id=194"},"modified":"2018-12-28T18:29:01","modified_gmt":"2018-12-28T17:29:01","slug":"wyroznienia","status":"publish","type":"page","link":"https:\/\/psonizgierz.pl\/?page_id=194","title":{"rendered":"Wyr\u00f3\u017cnienia"},"content":{"rendered":"<blockquote><p><strong>Wyr\u00f3\u017cnienia dla Stowarzyszenia<\/strong><\/p>\n<p><span class=\"ff0 fs20\"><span class=\"cf3\"><b><img loading=\"lazy\" decoding=\"async\" class=\"alignright wp-image-304 size-full\" src=\"https:\/\/psonizgierz.pl\/wp-content\/uploads\/2018\/12\/zasluzony_m.jpg\" alt=\"\" width=\"150\" height=\"150\" \/><\/b><\/span><\/span><\/p>\n<p><span class=\"ff0 fs20\"><span class=\"cf3\"><b>05.06.2004\u00a0\u00a0 <\/b><\/span><\/span><span class=\"ff0 fs20\">Przyznanie Stowarzyszeniu tytu\u0142u : <strong>&#8222;Zas\u0142u\u017cony dla Miasta Zgierza<\/strong>&#8222;<\/span><\/p>\n<p><span class=\"ff0 fs20\"><span class=\"cf3\"><b>31.05.2007<\/b><\/span><\/span><span class=\"ff0 fs20\">\u00a0\u00a0 Wr\u0119czenie Pani Bo\u017cennie Piotrowicz &#8211; inicjatorce i Przewodnicz\u0105cej Ko\u0142a tytu\u0142u &#8222;<em><strong>Zas\u0142u\u017cony dla Miasta Zgierza<\/strong><\/em>&#8221;<br \/>\n<b><\/b><\/span><\/p>\n<p><span class=\"ff0 fs20\"><span class=\"cf4\"><b>10.03.2008<\/b><\/span><\/span><span class=\"ff0 fs20\">\u00a0\u00a0 Wr\u0119czenie Pani Bo\u017cennie Piotrowicz Przewodnicz\u0105cej Ko\u0142a &#8222;<strong>Medalu \u015bw. Brata Alberta&#8221;<\/strong> w Teatrze im. Juliusza S\u0142owackiego w Krakowie<\/span><\/p>\n<p><span class=\"fs20\"><span class=\"ff1\"><b><img loading=\"lazy\" decoding=\"async\" class=\"alignleft wp-image-303 \" src=\"https:\/\/psonizgierz.pl\/wp-content\/uploads\/2018\/12\/7D6Ad-211x300.jpg\" alt=\"\" width=\"127\" height=\"180\" srcset=\"https:\/\/psonizgierz.pl\/wp-content\/uploads\/2018\/12\/7D6Ad-211x300.jpg 211w, https:\/\/psonizgierz.pl\/wp-content\/uploads\/2018\/12\/7D6Ad.jpg 338w\" sizes=\"auto, (max-width: 127px) 100vw, 127px\" \/><\/b><\/span><\/span><\/p>\n<p><span class=\"fs20\"><span class=\"ff1\"><b>18.05.2018\u00a0\u00a0 <\/b>Otrzymanie statusu w Konkursie\u00a0 Marsza\u0142ka Wojew\u00f3dztwa \u0141\u00f3dzkiego<b> &#8222;Organizacja przyjazna rodzinie w wojew\u00f3dztwie \u0142\u00f3dzkim&#8221;<\/b><\/span><\/span><\/p>\n<p><span class=\"ff0 fs20\"><strong>30.08.2018<\/strong>\u00a0\u00a0 Nadanie nazwy ulicy przez Rad\u0119 Miasta Zgierza w uznaniu zas\u0142ug dla inicjatorki oraz wieloletniej Przewodnicz\u0105cej Stowarzyszenia\u00a0 <em><strong>Ulica Bo\u017cenny Piotrowiczowej w Zgierzu<\/strong><\/em><br \/>\n<\/span><\/p>\n<div>e<\/div>\n<p><span class=\"ff0 fs20\">\u00a0<\/span><\/p><\/blockquote>\n","protected":false},"excerpt":{"rendered":"<p>Wyr\u00f3\u017cnienia dla Stowarzyszenia 05.06.2004\u00a0\u00a0 Przyznanie Stowarzyszeniu tytu\u0142u : &#8222;Zas\u0142u\u017cony dla Miasta Zgierza&#8222; 31.05.2007\u00a0\u00a0 Wr\u0119czenie Pani Bo\u017cennie Piotrowicz &#8211; inicjatorce i Przewodnicz\u0105cej Ko\u0142a tytu\u0142u &#8222;Zas\u0142u\u017cony dla Miasta Zgierza&#8221; 10.03.2008\u00a0\u00a0 Wr\u0119czenie Pani Bo\u017cennie Piotrowicz Przewodnicz\u0105cej Ko\u0142a &#8222;Medalu \u015bw. Brata Alberta&#8221; w Teatrze im. Juliusza S\u0142owackiego w Krakowie 18.05.2018\u00a0\u00a0 Otrzymanie statusu w Konkursie\u00a0 Marsza\u0142ka Wojew\u00f3dztwa \u0141\u00f3dzkiego &#8222;Organizacja przyjazna [&hellip;]<\/p>\n","protected":false},"author":1,"featured_media":0,"parent":0,"menu_order":0,"comment_status":"closed","ping_status":"closed","template":"full-width.php","meta":{"footnotes":""},"class_list":["post-194","page","type-page","status-publish","hentry"],"_links":{"self":[{"href":"https:\/\/psonizgierz.pl\/index.php?rest_route=\/wp\/v2\/pages\/194","targetHints":{"allow":["GET"]}}],"collection":[{"href":"https:\/\/psonizgierz.pl\/index.php?rest_route=\/wp\/v2\/pages"}],"about":[{"href":"https:\/\/psonizgierz.pl\/index.php?rest_route=\/wp\/v2\/types\/page"}],"author":[{"embeddable":true,"href":"https:\/\/psonizgierz.pl\/index.php?rest_route=\/wp\/v2\/users\/1"}],"replies":[{"embeddable":true,"href":"https:\/\/psonizgierz.pl\/index.php?rest_route=%2Fwp%2Fv2%2Fcomments&post=194"}],"version-history":[{"count":8,"href":"https:\/\/psonizgierz.pl\/index.php?rest_route=\/wp\/v2\/pages\/194\/revisions"}],"predecessor-version":[{"id":748,"href":"https:\/\/psonizgierz.pl\/index.php?rest_route=\/wp\/v2\/pages\/194\/revisions\/748"}],"wp:attachment":[{"href":"https:\/\/psonizgierz.pl\/index.php?rest_route=%2Fwp%2Fv2%2Fmedia&parent=194"}],"curies":[{"name":"wp","href":"https:\/\/api.w.org\/{rel}","templated":true}]}}