{"id":2,"date":"2020-10-27T13:13:00","date_gmt":"2020-10-27T12:13:00","guid":{"rendered":"http:\/\/psonizgierz.pl\/?page_id=2"},"modified":"2025-03-24T11:47:35","modified_gmt":"2025-03-24T10:47:35","slug":"przykladowa-strona","status":"publish","type":"page","link":"https:\/\/psonizgierz.pl\/","title":{"rendered":"PSONI"},"content":{"rendered":"\n<p class=\"has-text-align-center has-medium-font-size\" style=\"font-style:italic;font-weight:800\"><a href=\"https:\/\/psonizgierz.pl\/?page_id=4746\"><strong>&#8222;Samodzielno\u015b\u0107-Aktywno\u015b\u0107-Mobilno\u015b\u0107 &#8221; Wspomaganie Spo\u0142eczno\u015bci Mieszkaniowe<\/strong><\/a><\/p>\n\n\n<div class=\"wp-block-image\">\n<figure class=\"aligncenter size-large is-resized\"><img loading=\"lazy\" decoding=\"async\" src=\"https:\/\/psonizgierz.pl\/wp-content\/uploads\/2024\/02\/logo-1024x374.jpg\" alt=\"\" class=\"wp-image-4744\" width=\"363\" height=\"131\" srcset=\"https:\/\/psonizgierz.pl\/wp-content\/uploads\/2024\/02\/logo-300x109.jpg 300w, https:\/\/psonizgierz.pl\/wp-content\/uploads\/2024\/02\/logo-768x280.jpg 768w, https:\/\/psonizgierz.pl\/wp-content\/uploads\/2024\/02\/logo-1536x560.jpg 1536w, https:\/\/psonizgierz.pl\/wp-content\/uploads\/2024\/02\/logo-2048x747.jpg 2048w\" sizes=\"auto, (max-width: 363px) 100vw, 363px\" \/><\/figure>\n<\/div>\n\n<div class=\"wp-block-image\">\n<figure class=\"alignleft size-large is-resized\"><img loading=\"lazy\" decoding=\"async\" src=\"https:\/\/psonizgierz.pl\/wp-content\/uploads\/2023\/07\/LOGO_PROFILOWE_FB-1024x1024.png\" alt=\"Logo profilowe 60\" class=\"wp-image-4590\" width=\"420\" height=\"420\" srcset=\"https:\/\/psonizgierz.pl\/wp-content\/uploads\/2023\/07\/LOGO_PROFILOWE_FB-1024x1024.png 1024w, https:\/\/psonizgierz.pl\/wp-content\/uploads\/2023\/07\/LOGO_PROFILOWE_FB-300x300.png 300w, https:\/\/psonizgierz.pl\/wp-content\/uploads\/2023\/07\/LOGO_PROFILOWE_FB-180x180.png 180w, https:\/\/psonizgierz.pl\/wp-content\/uploads\/2023\/07\/LOGO_PROFILOWE_FB-768x768.png 768w, https:\/\/psonizgierz.pl\/wp-content\/uploads\/2023\/07\/LOGO_PROFILOWE_FB-1536x1536.png 1536w, https:\/\/psonizgierz.pl\/wp-content\/uploads\/2023\/07\/LOGO_PROFILOWE_FB.png 2048w\" sizes=\"auto, (max-width: 420px) 100vw, 420px\" \/><\/figure>\n<\/div>\n\n\n<div class=\"wp-block-columns is-layout-flex wp-container-core-columns-is-layout-9d6595d7 wp-block-columns-is-layout-flex\">\n<div class=\"wp-block-column is-layout-flow wp-block-column-is-layout-flow\" style=\"flex-basis:100%\">\n<h2 class=\"is-style-large has-medium-font-size wp-block-heading\"><strong>Patrz na moj\u0105 si\u0142\u0119 a nie s\u0142abo\u015b\u0107, dzisiaj zrobi\u0142em to, co wczoraj by\u0142o niemo\u017cliwe &#8230;.<\/strong><\/h2>\n\n\n\n<h2 class=\"wp-block-heading\">2025 Rok jubileusz\u00f3w w PSONI Zgierz<\/h2>\n<\/div>\n<\/div>\n\n\n\n<blockquote class=\"wp-block-quote has-medium-font-size is-layout-flow wp-block-quote-is-layout-flow\"><p>30 lat- Warsztat Terapii Zaj\u0119ciowej <\/p><p>20 lat -Zesp\u00f3l Terapeutyczno-Rehabilitacyjny Aktywno\u015bci Spo\u0142ecznej<\/p><p>10 lat -\u015arodowiskowy Dom Samopomocy  <\/p><p><strong>Moje Miejsce na Ziemi<\/strong><\/p><p><\/p><cite>W pewnym mie\u015bcie, o nazwie Zgierz<br>Jest pewne miejsce\u2026<br>Miejsce niezwyk\u0142e, magiczne.<br>Miejsce w kt\u00f3rym nie ma podzia\u0142\u00f3w<br>Na chorych i zdrowych,<br>M\u0105drych i g\u0142upich.<br>Miejsce gdzie wszyscy jeste\u015bmy r\u00f3wni<br>Mierzeni jedn\u0105 miar\u0105.<br>Miar\u0105 ludzkiej empatii i zrozumienia<br>Dla potrzeb drugiego cz\u0142owieka.<br>To miejsce tak zwyk\u0142e,<br>A zarazem tak wyj\u0105tkowe<br>To PSONI \u2013 moja rodzina, m\u00f3j dom,<br>Moje miejsce na ziemi.<\/cite><\/blockquote>\n\n\n\n<p>Wiersz dedykowany : Polskiemu Stowarzyszeniu na rzecz Os\u00f3b z Niepe\u0142nosprawno\u015bci\u0105 Intelektualn\u0105 \u2013 Ko\u0142o w Zgierzu  \u2013 Autor : Karol Antosik<\/p>\n\n\n\n<p> <strong><em><a href=\"https:\/\/www.pitax.pl\/rozliczenie-pit-online-0000046184\/?fbclid=IwAR3rybdluNiuhpatEYw9yA-JgThTo257O-x6iKSlmAk7wmnKnqfH2MOUCK4\">Otwierajmy przed nimi \u017cycie. Razem mo\u017cemy wiele<\/a><\/em><\/strong><\/p>\n\n\n<div class=\"wp-block-image\">\n<figure class=\"aligncenter size-full is-resized\"><a href=\"https:\/\/www.pitax.pl\/rozliczenie-pit-online-0000046184\/?fbclid=IwAR3rybdluNiuhpatEYw9yA-JgThTo257O-x6iKSlmAk7wmnKnqfH2MOUCK4\"><img loading=\"lazy\" decoding=\"async\" src=\"https:\/\/psonizgierz.pl\/wp-content\/uploads\/2023\/01\/15-PSONI-1.png\" alt=\"\" class=\"wp-image-4408\" width=\"447\" height=\"193\" srcset=\"https:\/\/psonizgierz.pl\/wp-content\/uploads\/2023\/01\/15-PSONI-1.png 945w, https:\/\/psonizgierz.pl\/wp-content\/uploads\/2023\/01\/15-PSONI-1-300x130.png 300w, https:\/\/psonizgierz.pl\/wp-content\/uploads\/2023\/01\/15-PSONI-1-768x332.png 768w\" sizes=\"auto, (max-width: 447px) 100vw, 447px\" \/><\/a><\/figure>\n<\/div>\n\n\n<figure class=\"wp-block-video\"><video height=\"1080\" style=\"aspect-ratio: 1920 \/ 1080;\" width=\"1920\" controls src=\"https:\/\/psonizgierz.pl\/wp-content\/uploads\/2024\/02\/PSONI-Zgierz_15_2024-1.mp4\"><\/video><\/figure>\n\n\n\n<p><\/p>\n\n\n\n<div class=\"wp-block-group\"><div class=\"wp-block-group__inner-container is-layout-flow wp-block-group-is-layout-flow\">\n<figure class=\"wp-block-gallery has-nested-images columns-default is-cropped wp-block-gallery-1 is-layout-flex wp-block-gallery-is-layout-flex\">\n<figure class=\"wp-block-image size-large\"><img loading=\"lazy\" decoding=\"async\" width=\"765\" height=\"765\" data-id=\"4466\" src=\"https:\/\/psonizgierz.pl\/wp-content\/uploads\/2023\/04\/339897040_602415825102470_4607502246268990716_n.jpg\" alt=\"\" class=\"wp-image-4466\" srcset=\"https:\/\/psonizgierz.pl\/wp-content\/uploads\/2023\/04\/339897040_602415825102470_4607502246268990716_n.jpg 765w, https:\/\/psonizgierz.pl\/wp-content\/uploads\/2023\/04\/339897040_602415825102470_4607502246268990716_n-300x300.jpg 300w, https:\/\/psonizgierz.pl\/wp-content\/uploads\/2023\/04\/339897040_602415825102470_4607502246268990716_n-180x180.jpg 180w\" sizes=\"auto, (max-width: 765px) 100vw, 765px\" \/><\/figure>\n<\/figure>\n<\/div><\/div>\n\n\n\n<p><\/p>\n\n\n\n<h2 class=\"wp-block-heading\">Otwarcie II etapu Centrum Warsztat Terapii zaj\u0119ciowej <\/h2>\n\n\n\n<p><\/p>\n\n\n\n<figure class=\"wp-block-image size-large\"><img loading=\"lazy\" decoding=\"async\" width=\"1024\" height=\"683\" src=\"https:\/\/psonizgierz.pl\/wp-content\/uploads\/2022\/12\/313272315_435964925385116_5078886503082086673_n-1024x683.jpg\" alt=\"\" class=\"wp-image-4386\" srcset=\"https:\/\/psonizgierz.pl\/wp-content\/uploads\/2022\/12\/313272315_435964925385116_5078886503082086673_n-1024x683.jpg 1024w, https:\/\/psonizgierz.pl\/wp-content\/uploads\/2022\/12\/313272315_435964925385116_5078886503082086673_n-300x200.jpg 300w, https:\/\/psonizgierz.pl\/wp-content\/uploads\/2022\/12\/313272315_435964925385116_5078886503082086673_n-768x512.jpg 768w, https:\/\/psonizgierz.pl\/wp-content\/uploads\/2022\/12\/313272315_435964925385116_5078886503082086673_n-1536x1024.jpg 1536w, https:\/\/psonizgierz.pl\/wp-content\/uploads\/2022\/12\/313272315_435964925385116_5078886503082086673_n.jpg 2048w\" sizes=\"auto, (max-width: 1024px) 100vw, 1024px\" \/><\/figure>\n\n\n\n<h4 class=\"has-text-align-left wp-block-heading\" id=\"projekt-realizowany-w-ramach-regionalnego-programu-operacyjnego-wojewodztwa-lodzkiego-na-lata-2014-2020-osi-priorytetowej-vii-infrastruktura-dla-uslug-spolecznych-dzialania-vii-3-infrastruktura-opieki-spolecznej\"><strong>Projekt realizowany w ramach Regionalnego Programu Operacyjnego Wojew\u00f3dztwa \u0141\u00f3dzkiego na lata 2014-2020 Osi priorytetowej VII Infrastruktura dla us\u0142ug spo\u0142ecznych, Dzia\u0142ania VII.3 Infrastruktura opieki spo\u0142ecznej<\/strong><\/h4>\n\n\n\n<h4 class=\"has-text-align-left wp-block-heading\" id=\"szanse-i-perspektywy-dla-osob-z-niepelnosprawnoscia-intelektualna\"><em><a href=\"https:\/\/psonizgierz.pl\/szanse-i-perspektywy-dla-osob-z-niepelnosprawnoscia-intelektualna\/\">Szanse i perspektywy dla os\u00f3b z niepe\u0142nosprawno\u015bci\u0105 intelektualn\u0105<\/a><\/em><\/h4>\n\n\n\n<h4 class=\"wp-block-heading\">Wk\u0142ad w\u0142asny do projektu finansowany&nbsp;jest&nbsp;z programu \u201ePartnerstwo dla os\u00f3b z niepe\u0142nosprawno\u015bciami\u201dze \u015brodk\u00f3w PFRON.<\/h4>\n\n\n\n<figure class=\"wp-block-image size-large is-resized\"><a href=\"https:\/\/psonizgierz.pl\/projekty-regionalnego-programu-operacyjnego-2014-2020\/\"><img loading=\"lazy\" decoding=\"async\" src=\"https:\/\/psonizgierz.pl\/wp-content\/uploads\/2021\/01\/ciag-feprreg-rrp-lodz-ueefrr-1024x120.jpg\" alt=\"Logotyp Fundusz Europejskie\" class=\"wp-image-3473\" width=\"879\" height=\"102\" srcset=\"https:\/\/psonizgierz.pl\/wp-content\/uploads\/2021\/01\/ciag-feprreg-rrp-lodz-ueefrr-1024x120.jpg 1024w, https:\/\/psonizgierz.pl\/wp-content\/uploads\/2021\/01\/ciag-feprreg-rrp-lodz-ueefrr-300x35.jpg 300w, https:\/\/psonizgierz.pl\/wp-content\/uploads\/2021\/01\/ciag-feprreg-rrp-lodz-ueefrr-768x90.jpg 768w, https:\/\/psonizgierz.pl\/wp-content\/uploads\/2021\/01\/ciag-feprreg-rrp-lodz-ueefrr-1536x180.jpg 1536w, https:\/\/psonizgierz.pl\/wp-content\/uploads\/2021\/01\/ciag-feprreg-rrp-lodz-ueefrr-2048x239.jpg 2048w\" sizes=\"auto, (max-width: 879px) 100vw, 879px\" \/><\/a><\/figure>\n\n\n\n<hr class=\"wp-block-separator has-css-opacity\"\/>\n\n\n\n<blockquote class=\"wp-block-quote is-layout-flow wp-block-quote-is-layout-flow\"><p><strong>Tylko przez Wsp\u00f3lne zaanga\u017cowanie- wsp\u00f3lne dzia\u0142anie \u2013 <a rel=\"noreferrer noopener\" href=\"https:\/\/psonizgierz.pl\/wesprzyj-nas\/\" target=\"_blank\">razem mo\u017cemy&nbsp; wi\u0119cej<\/a>.<\/strong><\/p><\/blockquote>\n\n\n\n<p class=\"has-text-align-left\"><\/p>\n\n\n\n<div class=\"wp-block-group\"><div class=\"wp-block-group__inner-container is-layout-flow wp-block-group-is-layout-flow\"><\/div><\/div>\n\n\n\n<h3 class=\"has-text-align-left wp-block-heading\" id=\"kregi-wsparcia-przyszlosc-zaczyna-sie-dzis\"><strong><a href=\"https:\/\/psonizgierz.pl\/kregi-wsparcia\/\" target=\"_blank\" rel=\"noreferrer noopener\">Kr\u0119gi Wsparcia &#8211; Przysz\u0142o\u015b\u0107 Zaczyna si\u0119 Dzi\u015b<\/a><\/strong><\/h3>\n\n\n\n<h3 class=\"wp-block-heading\"><strong>Wiele nas \u0142\u0105czy. Chcemy \u017cy\u0107 niezale\u017cnie. Mieszka\u0107 we w\u0142asnym domu. Pracowa\u0107 i czu\u0107 si\u0119 potrzebnym. Mie\u0107 grono przyjaci\u00f3\u0142 i sp\u0119dza\u0107 z nimi czas. Mie\u0107 si\u0119 do kogo zwr\u00f3ci\u0107, kiedy sobie z czym\u015b nie radz\u0119. Mie\u0107 z kim i\u015b\u0107 na rower i do kina.<\/strong><\/h3>\n\n\n\n<h3 class=\"wp-block-heading\">#jestemwkregach do\u0142\u0105cz do nas!<\/h3>\n\n\n\n<p><\/p>\n\n\n\n<h5 class=\"wp-block-heading\" id=\"konczacy-sie-2020-to-rok-wielu-niespodzianek-wyzwan-emocji-obaw-rowniez-pozegnan-ale-i-zrealizowanych-zadan-to-rok-ktory-pokazal-ze-mozemy-na-siebie-liczyc-i-wzajemnie-sie-wspierac\"><strong><em><mark style=\"background-color:rgba(0, 0, 0, 0);color:#313643\" class=\"has-inline-color\">Ko\u0144cz\u0105cy si\u0119 2022 TO ROK wielu wyzwa\u0144, emocji, obaw r\u00f3wnie\u017c po\u017cegna\u0144 ale i zrealizowanych zada\u0144. TO kolejny ROK, kt\u00f3ry pokaza\u0142, \u017ce mo\u017cemy na siebie liczy\u0107 i wzajemnie si\u0119 wspiera\u0107.<\/mark><\/em><\/strong><img loading=\"lazy\" decoding=\"async\" src=\"https:\/\/static.xx.fbcdn.net\/images\/emoji.php\/v9\/t6c\/1\/16\/2764.png\" alt=\"\u2764\ufe0f\" width=\"16\" height=\"16\"><img loading=\"lazy\" decoding=\"async\" src=\"https:\/\/static.xx.fbcdn.net\/images\/emoji.php\/v9\/t6c\/1\/16\/2764.png\" alt=\"\u2764\ufe0f\" width=\"16\" height=\"16\"><img loading=\"lazy\" decoding=\"async\" src=\"https:\/\/static.xx.fbcdn.net\/images\/emoji.php\/v9\/t6c\/1\/16\/2764.png\" alt=\"\u2764\ufe0f\" width=\"16\" height=\"16\"><\/h5>\n\n\n\n<figure class=\"wp-block-embed is-type-video is-provider-youtube wp-block-embed-youtube wp-embed-aspect-16-9 wp-has-aspect-ratio\"><div class=\"wp-block-embed__wrapper\">\n<iframe loading=\"lazy\" title=\"38 lat PSONI Ko\u0142o w Zgierzu\" width=\"500\" height=\"281\" src=\"https:\/\/www.youtube.com\/embed\/Z48TGCC6qQk?feature=oembed\" frameborder=\"0\" allow=\"accelerometer; autoplay; clipboard-write; encrypted-media; gyroscope; picture-in-picture; web-share\" referrerpolicy=\"strict-origin-when-cross-origin\" allowfullscreen><\/iframe>\n<\/div><\/figure>\n\n\n\n<figure class=\"wp-block-embed is-type-video is-provider-youtube wp-block-embed-youtube wp-embed-aspect-16-9 wp-has-aspect-ratio\"><div class=\"wp-block-embed__wrapper\">\n<iframe loading=\"lazy\" title=\"PSONI 1% wsparcie w liczbach 2020\" width=\"500\" height=\"281\" src=\"https:\/\/www.youtube.com\/embed\/G4yfUzbeyMs?feature=oembed\" frameborder=\"0\" allow=\"accelerometer; autoplay; clipboard-write; encrypted-media; gyroscope; picture-in-picture; web-share\" referrerpolicy=\"strict-origin-when-cross-origin\" allowfullscreen><\/iframe>\n<\/div><\/figure>\n\n\n\n<figure class=\"wp-block-embed is-type-video is-provider-youtube wp-block-embed-youtube wp-embed-aspect-16-9 wp-has-aspect-ratio\"><div class=\"wp-block-embed__wrapper\">\n<iframe loading=\"lazy\" title=\"PSONI Zgierz 2020\" width=\"500\" height=\"281\" src=\"https:\/\/www.youtube.com\/embed\/UlyQzTP14DI?feature=oembed\" frameborder=\"0\" allow=\"accelerometer; autoplay; clipboard-write; encrypted-media; gyroscope; picture-in-picture; web-share\" referrerpolicy=\"strict-origin-when-cross-origin\" allowfullscreen><\/iframe>\n<\/div><\/figure>\n\n\n\n<h3 class=\"wp-block-heading\" id=\"darowizna-1-budowa-centrum\"><em>&nbsp;Darowizna, <a href=\"https:\/\/www.pitax.pl\/rozliczenie-pit-online-0000046184\/?fbclid=IwAR3rybdluNiuhpatEYw9yA-JgThTo257O-x6iKSlmAk7wmnKnqfH2MOUCK4\">1,5 %<\/a> <a href=\"https:\/\/psonizgierz.pl\/budowa\/\">Budowa centrum<\/a>  <\/em><\/h3>\n\n\n\n<h3 class=\"has-text-align-center wp-block-heading\" id=\"42-1240-3057-1111-0000-3442-3080\"><em>42 1240 3057 1111 0000 3442 3080<\/em> <\/h3>\n\n\n\n<h3 class=\"wp-block-heading\" id=\"dziekujemy-ze-wspieraliscie-i-wspieracie-nas-w-podejmowanych-inicjatywach\"><strong>Dzi\u0119kujemy, \u017ce  wspierali\u015bcie i wspieracie nas w podejmowanych inicjatywach <\/strong><\/h3>\n\n\n\n<h4 class=\"has-text-align-left wp-block-heading\" id=\"organizacja-pozytku-publicznego-krs-0000046184\"><strong>ORGANIZACJA PO\u017bYTKU PUBLICZNEGO  <\/strong><a href=\"https:\/\/www.pitax.pl\/rozliczenie-pit-online-0000046184\/?fbclid=IwAR3rybdluNiuhpatEYw9yA-JgThTo257O-x6iKSlmAk7wmnKnqfH2MOUCK4\"><strong>KRS 0000046184<\/strong> <\/a><\/h4>\n\n\n\n<h3 class=\"has-text-align-left wp-block-heading\" id=\"wplaty-na-cele-statutowe-nr-konta-19-8783-0004-0020-5942-2000-0002\">WP\u0141ATY NA CELE STATUTOWE: <strong>Nr konta: <strong><mark style=\"background-color:rgba(0, 0, 0, 0)\" class=\"has-inline-color has-vivid-cyan-blue-color\">19 8783 0004 0020 5942 2000 0002<\/mark><\/strong><\/strong><\/h3>\n\n\n\n<div class=\"wp-block-group\"><div class=\"wp-block-group__inner-container is-layout-flow wp-block-group-is-layout-flow\"><\/div><\/div>\n\n\n\n<h3 class=\"wp-block-heading\" id=\"psoni-jest-organizacja-niedochodowa-nie-prowadzi-dzialalnosci-gospodarczej-pozyskane-srodki-to-dotacje-projekty-zbiorki-publiczne-darowizny\"><strong><em>PSONI jest <u>organizacj\u0105 niedochodow\u0105, nie prowadzi dzia\u0142alno\u015bci gospodarczej<\/u>, pozyskane \u015brodki to&nbsp; dotacje, projekty, zbi\u00f3rki publiczne, darowizny.<\/em><\/strong><\/h3>\n\n\n\n<h4 class=\"wp-block-heading\" id=\"zarzad-kola-to-zespol-osob-dzialajacych-spolecznie-na-rzecz-malych-i-doroslych-oraz-panstwa-nie-pobiera-wynagrodzenia\"><strong>Zarz\u0105d Ko\u0142a to zesp\u00f3\u0142 os\u00f3b dzia\u0142aj\u0105cych spo\u0142ecznie na rzecz ma\u0142ych&nbsp; i doros\u0142ych oraz Pa\u0144stwa, nie pobiera wynagrodzenia.<\/strong><\/h4>\n\n\n\n<h4 class=\"wp-block-heading\" id=\"psoni-w-zgierzu-jest-kolem-terenowym-organizacji-o-zasiegu-ogolnopolskim-z-zarzadem-glownym-w-warszawie-kolo-jest-zarejestrowane-w-sadzie-okregowym-w-lodzi-pod-nr-265-w-rejestrze-stowarzyszen-dzial-a-krs-0000046184-i-posiada-osobowosc-prawna-obejmuje-opieka-dzieci-mlodziez-i-osoby-dorosle-z-niepelnosprawnoscia-intelektualna-oraz-ich-rodziny-ze-zgierza-i-okolicznych-gmin-wojewodztwa-lodzkiego\"><strong>PSONI w Zgierzu jest ko\u0142em terenowym organizacji o zasi\u0119gu og\u00f3lnopolskim z Zarz\u0105dem G\u0142\u00f3wnym w Warszawie. Ko\u0142o jest zarejestrowane w S\u0105dzie Okr\u0119gowym w \u0141odzi pod nr 265 w rejestrze stowarzysze\u0144 dzia\u0142 &#8222;A&#8221;, <mark style=\"background-color:rgba(0, 0, 0, 0)\" class=\"has-inline-color has-vivid-cyan-blue-color\">KRS 0000046184<\/mark> i posiada osobowo\u015b\u0107 prawn\u0105. Obejmuje opiek\u0105 dzieci, m\u0142odzie\u017c i osoby doros\u0142e z niepe\u0142nosprawno\u015bci\u0105 intelektualn\u0105 oraz ich rodziny ze Zgierza i okolicznych gmin wojew\u00f3dztwa \u0142\u00f3dzkiego.<\/strong><\/h4>\n\n\n\n<p> <\/p>\n\n\n\n<p><\/p>\n","protected":false},"excerpt":{"rendered":"<p>&#8222;Samodzielno\u015b\u0107-Aktywno\u015b\u0107-Mobilno\u015b\u0107 &#8221; Wspomaganie Spo\u0142eczno\u015bci Mieszkaniowe Patrz na moj\u0105 si\u0142\u0119 a nie s\u0142abo\u015b\u0107, dzisiaj zrobi\u0142em to, co wczoraj by\u0142o niemo\u017cliwe &#8230;. 2025 Rok jubileusz\u00f3w w PSONI Zgierz 30 lat- Warsztat Terapii Zaj\u0119ciowej 20 lat -Zesp\u00f3l Terapeutyczno-Rehabilitacyjny Aktywno\u015bci Spo\u0142ecznej 10 lat -\u015arodowiskowy Dom Samopomocy Moje Miejsce na Ziemi W pewnym mie\u015bcie, o nazwie ZgierzJest pewne miejsce\u2026Miejsce niezwyk\u0142e, [&hellip;]<\/p>\n","protected":false},"author":2,"featured_media":0,"parent":0,"menu_order":0,"comment_status":"closed","ping_status":"closed","template":"","meta":{"footnotes":""},"class_list":["post-2","page","type-page","status-publish","hentry"],"_links":{"self":[{"href":"https:\/\/psonizgierz.pl\/index.php?rest_route=\/wp\/v2\/pages\/2","targetHints":{"allow":["GET"]}}],"collection":[{"href":"https:\/\/psonizgierz.pl\/index.php?rest_route=\/wp\/v2\/pages"}],"about":[{"href":"https:\/\/psonizgierz.pl\/index.php?rest_route=\/wp\/v2\/types\/page"}],"author":[{"embeddable":true,"href":"https:\/\/psonizgierz.pl\/index.php?rest_route=\/wp\/v2\/users\/2"}],"replies":[{"embeddable":true,"href":"https:\/\/psonizgierz.pl\/index.php?rest_route=%2Fwp%2Fv2%2Fcomments&post=2"}],"version-history":[{"count":304,"href":"https:\/\/psonizgierz.pl\/index.php?rest_route=\/wp\/v2\/pages\/2\/revisions"}],"predecessor-version":[{"id":5060,"href":"https:\/\/psonizgierz.pl\/index.php?rest_route=\/wp\/v2\/pages\/2\/revisions\/5060"}],"wp:attachment":[{"href":"https:\/\/psonizgierz.pl\/index.php?rest_route=%2Fwp%2Fv2%2Fmedia&parent=2"}],"curies":[{"name":"wp","href":"https:\/\/api.w.org\/{rel}","templated":true}]}}