{"id":201,"date":"2018-12-06T13:28:16","date_gmt":"2018-12-06T12:28:16","guid":{"rendered":"http:\/\/psonizgierz.pl\/?page_id=201"},"modified":"2024-05-21T17:34:02","modified_gmt":"2024-05-21T15:34:02","slug":"cafe-bistro-i-tkaczy","status":"publish","type":"page","link":"https:\/\/psonizgierz.pl\/?page_id=201","title":{"rendered":"Cafe &#038; Bistro &#8222;U Tkaczy&#8221;"},"content":{"rendered":"\n<h2 class=\"wp-block-heading\"> ZAPRASZAMY<\/h2>\n\n\n\n<figure class=\"wp-block-embed is-type-video is-provider-youtube wp-block-embed-youtube wp-embed-aspect-4-3 wp-has-aspect-ratio\"><div class=\"wp-block-embed__wrapper\">\n<iframe loading=\"lazy\" title=\"Cafe Bistro &quot;U Tkaczy&quot;\" width=\"500\" height=\"375\" src=\"https:\/\/www.youtube.com\/embed\/9wPhaLVx6lE?feature=oembed\" frameborder=\"0\" allow=\"accelerometer; autoplay; clipboard-write; encrypted-media; gyroscope; picture-in-picture; web-share\" referrerpolicy=\"strict-origin-when-cross-origin\" allowfullscreen><\/iframe>\n<\/div><\/figure>\n\n\n\n<figure class=\"wp-block-image size-large is-resized\"><img loading=\"lazy\" decoding=\"async\" src=\"https:\/\/psonizgierz.pl\/wp-content\/uploads\/2018\/12\/35281648_1755735787848658_6207940317979607040_o-1024x614.jpg\" alt=\"\" class=\"wp-image-572\" width=\"550\" height=\"328\"\/><\/figure>\n\n\n\n<div class=\"wp-block-group\"><div class=\"wp-block-group__inner-container is-layout-flow wp-block-group-is-layout-flow\">\n<p><span class=\"ff1 fs20\"><img loading=\"lazy\" decoding=\"async\" class=\"alignleft wp-image-325 size-full\" src=\"https:\/\/psonizgierz.pl\/wp-content\/uploads\/2018\/12\/bar-u-tkaczy_m.png\" alt=\"\" width=\"160\" height=\"160\" srcset=\"https:\/\/psonizgierz.pl\/wp-content\/uploads\/2018\/12\/bar-u-tkaczy_m.png 160w, https:\/\/psonizgierz.pl\/wp-content\/uploads\/2018\/12\/bar-u-tkaczy_m-150x150.png 150w\" sizes=\"auto, (max-width: 160px) 100vw, 160px\" \/><\/span><\/p>\n<p><span class=\"ff1 fs20\"><strong>Cafe &amp; Bistro\u00a0 z Dusz\u0105, utkane z marze\u0144 ,,U Tkaczy&#8221;<\/strong>. <\/span><\/p>\n<p><span class=\"ff1 fs20\"><em>To szczeg\u00f3lne miejsce na mapie Zgierza, w <a href=\"http:\/\/www.miastotkaczy.pl\/\">Parku Kulturowym Miasto\u00a0Tkaczy<\/a>\u00a0 \u00a0Cafe Bistro PSONI ZGIERZ Zgierza utkane zosta\u0142o z marze\u0144 i codziennego zaanga\u017cowania p. Bo\u017cenny Piotrowicz, wieloletniej przewodnicz\u0105cej <a href=\"https:\/\/psonizgierz.pl\/\">PSONI Ko\u0142o w Zgierzu<\/a>. <\/em><br \/><em>Tworz\u0105c, zale\u017ca\u0142o nam by by\u0142o to miejsce przyjazne dla mieszka\u0144c\u00f3w Zgierza i przyjezdnych go\u015bci, a szczeg\u00f3lnie dla os\u00f3b z niepe\u0142nosprawno\u015bci\u0105.<\/em><br \/><em>Pragniemy, aby to miejsce oddzia\u0142ywa\u0142o na wszystkie zmys\u0142y,\u00a0 staramy si\u0119 oczarowa\u0107 nie tylko smakiem i sposobem podania serwowanych s\u0142odko\u015bci, ale r\u00f3wnie\u017c eleganckim wystrojem wn\u0119trza, sonetami wybrzmiewaj\u0105cymi z pianina, mi\u0142ym towarzystwem oraz rodzinn\u0105 atmosfer\u0105.<\/em><\/span><\/p>\n<p><span style=\"color: #ff9900;\"><strong>Co takiego wyr\u00f3\u017cnia nas od innych miejsc na mapie Zgierza?<\/strong><\/span><br \/><strong>To pierwszy tego tylu lokal w Zgierzu<\/strong>, <strong>w ca\u0142ej Polsce jest ich kilka<\/strong>.<br \/>Zesp\u00f3\u0142\u00a0 stanowi\u0105 osoby z niepe\u0142nosprawno\u015bci\u0105 &#8211;<span style=\"color: #ff9900;\"><a style=\"color: #ff9900;\" href=\"https:\/\/psonizgierz.pl\/my-dla-was\/\"> <strong>DOMINIKA, KASIA <\/strong><\/a><\/span>, dla kt\u00f3rych praca to najlepszy spos\u00f3b na integracj\u0119 spo\u0142eczn\u0105 i niezale\u017cno\u015b\u0107.\u00a0 Wsparcie zapewnia im panie Renata-asystentka os\u00f3b z niepe\u0142nosprawno\u015bci\u0105 i Iza- trener pracy, wspiera ich pan \u0141ukasz i pani Patrycja w organizacji i zarz\u0105dzaniu.<\/p>\n<p><strong><span class=\"ff1 fs20\"><em><a href=\"https:\/\/www.facebook.com\/pages\/category\/Coffee-Shop\/CafeBistro-U-Tkaczy-prowadzone-przez-PSONI-Ko%C5%82o-w-Zgierzu-227649181186788\/\">Cafe &amp; Bistro ,,U Tkaczy&#8221;<\/a><\/em><\/span> <span style=\"color: #ff9900;\">to nie tylko kawiarnia, to co\u015b wi\u0119cej<\/span><\/strong><br \/>Stanowi fragment systemu wsparcia, kt\u00f3rego ide\u0105 jest <span style=\"color: #333333;\"><em><strong>Niezale\u017cne \u017bycie<\/strong><\/em> <\/span>tworzonego od dzieci\u0144stwa do p\u00f3\u017anej doros\u0142o\u015bci\u00a0 przez PSONI Ko\u0142o w Zgierzu, przy wsparciu samorz\u0105du, ofiarodawcom . Dzi\u0119ki Projektowi wsp\u00f3\u0142finansowanemu przez <a href=\"https:\/\/www.miasto.zgierz.pl\/\">Miasto Zgierz<\/a>\u00a0 powsta\u0142o miejsce integracji spo\u0142ecznej i aktywizacji zawodowej, w kt\u00f3rej b\u0119d\u0105 kolejne miejsca pracy dla os\u00f3b zagro\u017conych ub\u00f3stwem lub wykluczeniem spo\u0142ecznym. To przestrze\u0144, w kt\u00f3rej w naturalny spos\u00f3b integrujemy si\u0119 z mieszka\u0144cami i turystami i co najwa\u017cniejsze spe\u0142niamy swoje marzenia o samodzielno\u015bci i niezale\u017cno\u015bci finansowej, normalno\u015bci.<\/p>\n<h5><span class=\"ff1 fs20\">Zapraszamy\u00a0 <wbr \/> <\/span><\/h5>\n<h5><span class=\"ff1 fs20\">WTOREK-PI\u0104TEK (w godz. 09.00-<wbr \/>17.00)<\/span><\/h5>\n<h5><span class=\"ff1 fs20\"> PONIEDZIA\u0141EK -NIECZYNNE<\/span><\/h5>\n<p><strong><span style=\"color: #0000ff;\">Od 1 czerwca nowe godziny otwarcia. <\/span><\/strong><\/p>\n<p><strong><span class=\"ff1 fs20\">Cafe &amp; Bistro <\/span><\/strong><strong><span class=\"ff1 fs20\">z Dusz\u0105, utkane z marze\u0144 <\/span><\/strong><strong><span class=\"ff1 fs20\">,, U Tkaczy&#8221; <\/span><\/strong><strong style=\"font-size: inherit;\"><span class=\"ff1 fs20\">w Zgierzu <\/span><\/strong><span class=\"ff1 fs20\" style=\"font-size: inherit;\"><strong>przy ul. Rembowskiego 1<\/strong>. (<a href=\"http:\/\/www.miastotkaczy.pl\/\">Miasto Tkaczy Park Kulturowy<\/a>)<\/span><\/p>\n<p><strong>Organizujemy\u00a0 kameralne, rodzinne spotkania okoliczno\u015bciowe, przyj\u0119cia.<\/strong><\/p>\n<p><img loading=\"lazy\" decoding=\"async\" class=\"alignleft\" src=\"https:\/\/s.w.org\/images\/core\/emoji\/12.0.0-1\/svg\/260e.svg\" alt=\"\u260e\" width=\"52\" height=\"52\" \/><span style=\"color: #0000ff;\"><strong>667 118 168 <\/strong><\/span><\/p>\n<p>Zapraszamy\u00a0 na stron\u0119 facebook: <a href=\"https:\/\/www.facebook.com\/CafeBistro-U-Tkaczy-prowadzone-przez-PSONI-Ko%C5%82o-w-Zgierzu-227649181186788\/?__tn__=kC-R&amp;eid=ARDIQq9yc8ZYkcgfpgtDu-pcKZMQsBwy6W6x-RkWywRqrpcuPXBaj26LlssqLb_wIsRzJYT_-DcKR8CN&amp;hc_ref=ARQA03Ze64XY3MnO5z_U7g6ygnQKpO-O3kBLD6C1felSay8BUdTOgpPapqqDF5RvsAk&amp;fref=nf&amp;__xts__[0]=68.ARDm8WNTSDONYTADFScuMaKGL1UjHPvmAR0D39IrGu5DSgqsSfQnOAUTxf3PbhQC4PQ6OIgcTNatzJESd7lmMLLwL-EogR6daOVK9KSADZTe6DEsf_oKTqfwthrFcoyvkl2doNNTmCWzCRPdXfu6sVvFNXJV8Ey-tqdU0JqTLUWZLDP7YQsp0_mqx1y_jQQK2jSF0ndJzbIhkb2t8xgx95wS0N_JWsaBdeSV6Z7_khbd3RPL7TYMqBfHQffbOr9FWF97hnA8dU3hS_6nn6MbFHCPaDrq27vAZOnbcgSKXihmVHDQt5ZwTDpF6yxAfwjFy3QgoKa8qC12g1iSuAZo8tk\">CafeBistro-U-Tkaczy-prowadzone-przez-PSONI-Ko\u0142o w-Zgierzu\u00a0<\/a><\/p>\n<p><em><strong>Projekt wsp\u00f3\u0142finansowany ze \u015brodk\u00f3w Miasta Zgierza <img loading=\"lazy\" decoding=\"async\" class=\"irc_mi alignright\" src=\"https:\/\/upload.wikimedia.org\/wikipedia\/commons\/thumb\/f\/f8\/POL_Zgierz_COA.svg\/2000px-POL_Zgierz_COA.svg.png\" alt=\"Znalezione obrazy dla zapytania zgierz herb\" width=\"126\" height=\"139\" data-iml=\"1553642368186\" \/><img loading=\"lazy\" decoding=\"async\" class=\"irc_mi alignright\" src=\"https:\/\/mojzgierz.pl\/images\/article\/images\/default-images\/zgierz-urzad-miasta3.jpg\" alt=\"Znalezione obrazy dla zapytania zgierz herb\" width=\"120\" height=\"98\" data-iml=\"1553642398561\" \/><\/strong><br \/><\/em><\/p>\n\n\n\n<p><\/p>\n<\/div><\/div>\n\n\n\n<figure class=\"wp-block-image size-large\"><a href=\"https:\/\/www.gov.pl\/web\/rodzina\/badzmy-solidarni-wspierajmy-prace-osob-z-niepelnosprawnosciami\"><img loading=\"lazy\" decoding=\"async\" width=\"1024\" height=\"432\" src=\"https:\/\/psonizgierz.pl\/wp-content\/uploads\/2021\/02\/1460x616-1024x432.png\" alt=\"\" class=\"wp-image-3620\" srcset=\"https:\/\/psonizgierz.pl\/wp-content\/uploads\/2021\/02\/1460x616-1024x432.png 1024w, https:\/\/psonizgierz.pl\/wp-content\/uploads\/2021\/02\/1460x616-300x127.png 300w, https:\/\/psonizgierz.pl\/wp-content\/uploads\/2021\/02\/1460x616-768x324.png 768w, https:\/\/psonizgierz.pl\/wp-content\/uploads\/2021\/02\/1460x616.png 1460w\" sizes=\"auto, (max-width: 1024px) 100vw, 1024px\" \/><\/a><\/figure>\n\n\n\n<div class=\"wp-block-group\"><div class=\"wp-block-group__inner-container is-layout-flow wp-block-group-is-layout-flow\">\n<div class=\"wp-block-group\"><div class=\"wp-block-group__inner-container is-layout-flow wp-block-group-is-layout-flow\">\n<h3 class=\"wp-block-heading\"><a href=\"https:\/\/psonizgierz.pl\/my-dla-was\/\" target=\"_blank\" rel=\"noreferrer noopener\">MY DLA WAS<\/a>  <\/h3>\n<\/div><\/div>\n\n\n\n<div class=\"wp-block-group\"><div class=\"wp-block-group__inner-container is-layout-flow wp-block-group-is-layout-flow\">\n<h3 class=\"wp-block-heading\"><a rel=\"noreferrer noopener\" href=\"https:\/\/psonizgierz.pl\/menu\/\" target=\"_blank\">MENU<\/a>  <\/h3>\n<\/div><\/div>\n\n\n\n<div class=\"wp-block-group\"><div class=\"wp-block-group__inner-container is-layout-flow wp-block-group-is-layout-flow\">\n<h3 class=\"wp-block-heading\"><a rel=\"noreferrer noopener\" href=\"https:\/\/psonizgierz.pl\/wydarzenia\/\" target=\"_blank\">WYDARZENIA<\/a><\/h3>\n<\/div><\/div>\n<\/div><\/div>\n\n\n\n<figure class=\"wp-block-gallery has-nested-images columns-default is-cropped wp-block-gallery-1 is-layout-flex wp-block-gallery-is-layout-flex\">\n<figure class=\"wp-block-image size-large\"><img loading=\"lazy\" decoding=\"async\" width=\"683\" height=\"1024\" data-id=\"4810\" src=\"https:\/\/psonizgierz.pl\/wp-content\/uploads\/2024\/05\/221441931_848378999113800_3466563565003311144_n-683x1024.jpg\" alt=\"\" class=\"wp-image-4810\" srcset=\"https:\/\/psonizgierz.pl\/wp-content\/uploads\/2024\/05\/221441931_848378999113800_3466563565003311144_n-683x1024.jpg 683w, https:\/\/psonizgierz.pl\/wp-content\/uploads\/2024\/05\/221441931_848378999113800_3466563565003311144_n-200x300.jpg 200w, https:\/\/psonizgierz.pl\/wp-content\/uploads\/2024\/05\/221441931_848378999113800_3466563565003311144_n.jpg 750w\" sizes=\"auto, (max-width: 683px) 100vw, 683px\" \/><\/figure>\n\n\n\n<figure class=\"wp-block-image size-full\"><img loading=\"lazy\" decoding=\"async\" width=\"512\" height=\"640\" data-id=\"4797\" src=\"https:\/\/psonizgierz.pl\/wp-content\/uploads\/2024\/05\/436166829_1366992510815133_9000511681520748176_n.jpg\" alt=\"\" class=\"wp-image-4797\" srcset=\"https:\/\/psonizgierz.pl\/wp-content\/uploads\/2024\/05\/436166829_1366992510815133_9000511681520748176_n.jpg 512w, https:\/\/psonizgierz.pl\/wp-content\/uploads\/2024\/05\/436166829_1366992510815133_9000511681520748176_n-240x300.jpg 240w\" sizes=\"auto, (max-width: 512px) 100vw, 512px\" \/><\/figure>\n\n\n\n<figure class=\"wp-block-image size-large\"><img loading=\"lazy\" decoding=\"async\" width=\"683\" height=\"1024\" data-id=\"4809\" src=\"https:\/\/psonizgierz.pl\/wp-content\/uploads\/2024\/05\/220424885_848379245780442_4134609045125137959_n-683x1024.jpg\" alt=\"\" class=\"wp-image-4809\" srcset=\"https:\/\/psonizgierz.pl\/wp-content\/uploads\/2024\/05\/220424885_848379245780442_4134609045125137959_n-683x1024.jpg 683w, https:\/\/psonizgierz.pl\/wp-content\/uploads\/2024\/05\/220424885_848379245780442_4134609045125137959_n-200x300.jpg 200w, https:\/\/psonizgierz.pl\/wp-content\/uploads\/2024\/05\/220424885_848379245780442_4134609045125137959_n.jpg 750w\" sizes=\"auto, (max-width: 683px) 100vw, 683px\" \/><\/figure>\n\n\n\n<figure class=\"wp-block-image size-large\"><img loading=\"lazy\" decoding=\"async\" width=\"1024\" height=\"681\" data-id=\"2460\" src=\"https:\/\/psonizgierz.pl\/wp-content\/uploads\/2020\/04\/35143711_1755605817861655_8457699992134483968_o-1024x681.jpg\" alt=\"\" class=\"wp-image-2460\" srcset=\"https:\/\/psonizgierz.pl\/wp-content\/uploads\/2020\/04\/35143711_1755605817861655_8457699992134483968_o-1024x681.jpg 1024w, https:\/\/psonizgierz.pl\/wp-content\/uploads\/2020\/04\/35143711_1755605817861655_8457699992134483968_o-300x199.jpg 300w, https:\/\/psonizgierz.pl\/wp-content\/uploads\/2020\/04\/35143711_1755605817861655_8457699992134483968_o-768x511.jpg 768w, https:\/\/psonizgierz.pl\/wp-content\/uploads\/2020\/04\/35143711_1755605817861655_8457699992134483968_o-1536x1021.jpg 1536w, https:\/\/psonizgierz.pl\/wp-content\/uploads\/2020\/04\/35143711_1755605817861655_8457699992134483968_o.jpg 1692w\" sizes=\"auto, (max-width: 1024px) 100vw, 1024px\" \/><\/figure>\n\n\n\n<figure class=\"wp-block-image size-large\"><img loading=\"lazy\" decoding=\"async\" width=\"461\" height=\"1024\" data-id=\"4785\" src=\"https:\/\/psonizgierz.pl\/wp-content\/uploads\/2024\/05\/IMG_9250-461x1024.jpg\" alt=\"\" class=\"wp-image-4785\" srcset=\"https:\/\/psonizgierz.pl\/wp-content\/uploads\/2024\/05\/IMG_9250-461x1024.jpg 461w, https:\/\/psonizgierz.pl\/wp-content\/uploads\/2024\/05\/IMG_9250-135x300.jpg 135w, https:\/\/psonizgierz.pl\/wp-content\/uploads\/2024\/05\/IMG_9250.jpg 640w\" sizes=\"auto, (max-width: 461px) 100vw, 461px\" \/><\/figure>\n\n\n\n<figure class=\"wp-block-image size-full\"><img loading=\"lazy\" decoding=\"async\" width=\"432\" height=\"960\" data-id=\"4787\" src=\"https:\/\/psonizgierz.pl\/wp-content\/uploads\/2024\/05\/IMG_9252.jpg\" alt=\"\" class=\"wp-image-4787\" srcset=\"https:\/\/psonizgierz.pl\/wp-content\/uploads\/2024\/05\/IMG_9252.jpg 432w, https:\/\/psonizgierz.pl\/wp-content\/uploads\/2024\/05\/IMG_9252-135x300.jpg 135w\" sizes=\"auto, (max-width: 432px) 100vw, 432px\" \/><\/figure>\n\n\n\n<figure class=\"wp-block-image size-large\"><img loading=\"lazy\" decoding=\"async\" width=\"2048\" height=\"1536\" data-id=\"4802\" src=\"https:\/\/psonizgierz.pl\/wp-content\/uploads\/2024\/05\/305473317_1099956917289339_379538141687870339_n-1.jpg\" alt=\"\" class=\"wp-image-4802\" srcset=\"https:\/\/psonizgierz.pl\/wp-content\/uploads\/2024\/05\/305473317_1099956917289339_379538141687870339_n-1.jpg 2048w, https:\/\/psonizgierz.pl\/wp-content\/uploads\/2024\/05\/305473317_1099956917289339_379538141687870339_n-1-300x225.jpg 300w, https:\/\/psonizgierz.pl\/wp-content\/uploads\/2024\/05\/305473317_1099956917289339_379538141687870339_n-1-1024x768.jpg 1024w, https:\/\/psonizgierz.pl\/wp-content\/uploads\/2024\/05\/305473317_1099956917289339_379538141687870339_n-1-768x576.jpg 768w, https:\/\/psonizgierz.pl\/wp-content\/uploads\/2024\/05\/305473317_1099956917289339_379538141687870339_n-1-1536x1152.jpg 1536w\" sizes=\"auto, (max-width: 2048px) 100vw, 2048px\" \/><\/figure>\n\n\n\n<figure class=\"wp-block-image size-large\"><img loading=\"lazy\" decoding=\"async\" width=\"1560\" height=\"1170\" data-id=\"4804\" src=\"https:\/\/psonizgierz.pl\/wp-content\/uploads\/2024\/05\/246441286_904682073483492_8122186301833172030_n.jpg\" alt=\"\" class=\"wp-image-4804\" srcset=\"https:\/\/psonizgierz.pl\/wp-content\/uploads\/2024\/05\/246441286_904682073483492_8122186301833172030_n.jpg 1560w, https:\/\/psonizgierz.pl\/wp-content\/uploads\/2024\/05\/246441286_904682073483492_8122186301833172030_n-300x225.jpg 300w, https:\/\/psonizgierz.pl\/wp-content\/uploads\/2024\/05\/246441286_904682073483492_8122186301833172030_n-1024x768.jpg 1024w, https:\/\/psonizgierz.pl\/wp-content\/uploads\/2024\/05\/246441286_904682073483492_8122186301833172030_n-768x576.jpg 768w, https:\/\/psonizgierz.pl\/wp-content\/uploads\/2024\/05\/246441286_904682073483492_8122186301833172030_n-1536x1152.jpg 1536w\" sizes=\"auto, (max-width: 1560px) 100vw, 1560px\" \/><\/figure>\n\n\n\n<figure class=\"wp-block-image size-full\"><img loading=\"lazy\" decoding=\"async\" width=\"720\" height=\"960\" data-id=\"4796\" src=\"https:\/\/psonizgierz.pl\/wp-content\/uploads\/2024\/05\/424687022_978761297513158_3104266267656024147_n.jpg\" alt=\"\" class=\"wp-image-4796\" srcset=\"https:\/\/psonizgierz.pl\/wp-content\/uploads\/2024\/05\/424687022_978761297513158_3104266267656024147_n.jpg 720w, https:\/\/psonizgierz.pl\/wp-content\/uploads\/2024\/05\/424687022_978761297513158_3104266267656024147_n-225x300.jpg 225w\" sizes=\"auto, (max-width: 720px) 100vw, 720px\" \/><\/figure>\n\n\n\n<figure class=\"wp-block-image size-large is-style-default\"><img loading=\"lazy\" decoding=\"async\" width=\"461\" height=\"1024\" data-id=\"4786\" src=\"https:\/\/psonizgierz.pl\/wp-content\/uploads\/2024\/05\/IMG_9249-461x1024.jpg\" alt=\"\" class=\"wp-image-4786\" srcset=\"https:\/\/psonizgierz.pl\/wp-content\/uploads\/2024\/05\/IMG_9249-461x1024.jpg 461w, https:\/\/psonizgierz.pl\/wp-content\/uploads\/2024\/05\/IMG_9249-135x300.jpg 135w, https:\/\/psonizgierz.pl\/wp-content\/uploads\/2024\/05\/IMG_9249.jpg 640w\" sizes=\"auto, (max-width: 461px) 100vw, 461px\" \/><\/figure>\n\n\n\n<figure class=\"wp-block-image size-large is-style-default\"><img loading=\"lazy\" decoding=\"async\" width=\"1024\" height=\"461\" data-id=\"4813\" src=\"https:\/\/psonizgierz.pl\/wp-content\/uploads\/2024\/05\/441192107_981474427241845_3021843841443909631_n-1024x461.jpg\" alt=\"\" class=\"wp-image-4813\" srcset=\"https:\/\/psonizgierz.pl\/wp-content\/uploads\/2024\/05\/441192107_981474427241845_3021843841443909631_n-1024x461.jpg 1024w, https:\/\/psonizgierz.pl\/wp-content\/uploads\/2024\/05\/441192107_981474427241845_3021843841443909631_n-300x135.jpg 300w, https:\/\/psonizgierz.pl\/wp-content\/uploads\/2024\/05\/441192107_981474427241845_3021843841443909631_n-768x346.jpg 768w, https:\/\/psonizgierz.pl\/wp-content\/uploads\/2024\/05\/441192107_981474427241845_3021843841443909631_n.jpg 1422w\" sizes=\"auto, (max-width: 1024px) 100vw, 1024px\" \/><\/figure>\n\n\n\n<figure class=\"wp-block-image size-large\"><img loading=\"lazy\" decoding=\"async\" width=\"960\" height=\"960\" data-id=\"4799\" src=\"https:\/\/psonizgierz.pl\/wp-content\/uploads\/2024\/05\/277574572_1002404213711277_7598779571269575311_n-1.jpg\" alt=\"\" class=\"wp-image-4799\" srcset=\"https:\/\/psonizgierz.pl\/wp-content\/uploads\/2024\/05\/277574572_1002404213711277_7598779571269575311_n-1.jpg 960w, https:\/\/psonizgierz.pl\/wp-content\/uploads\/2024\/05\/277574572_1002404213711277_7598779571269575311_n-1-300x300.jpg 300w, https:\/\/psonizgierz.pl\/wp-content\/uploads\/2024\/05\/277574572_1002404213711277_7598779571269575311_n-1-180x180.jpg 180w, https:\/\/psonizgierz.pl\/wp-content\/uploads\/2024\/05\/277574572_1002404213711277_7598779571269575311_n-1-768x768.jpg 768w\" sizes=\"auto, (max-width: 960px) 100vw, 960px\" \/><\/figure>\n\n\n\n<figure class=\"wp-block-image size-large is-style-default\"><img loading=\"lazy\" decoding=\"async\" width=\"1024\" height=\"461\" data-id=\"4793\" src=\"https:\/\/psonizgierz.pl\/wp-content\/uploads\/2024\/05\/438146632_971665984889356_5610363177462653284_n-1024x461.jpg\" alt=\"\" class=\"wp-image-4793\" srcset=\"https:\/\/psonizgierz.pl\/wp-content\/uploads\/2024\/05\/438146632_971665984889356_5610363177462653284_n-1024x461.jpg 1024w, https:\/\/psonizgierz.pl\/wp-content\/uploads\/2024\/05\/438146632_971665984889356_5610363177462653284_n-300x135.jpg 300w, https:\/\/psonizgierz.pl\/wp-content\/uploads\/2024\/05\/438146632_971665984889356_5610363177462653284_n-768x346.jpg 768w, https:\/\/psonizgierz.pl\/wp-content\/uploads\/2024\/05\/438146632_971665984889356_5610363177462653284_n.jpg 1422w\" sizes=\"auto, (max-width: 1024px) 100vw, 1024px\" \/><\/figure>\n\n\n\n<figure class=\"wp-block-image size-large\"><img loading=\"lazy\" decoding=\"async\" width=\"1560\" height=\"1170\" data-id=\"4805\" src=\"https:\/\/psonizgierz.pl\/wp-content\/uploads\/2024\/05\/247218663_904681800150186_6272275586831067362_n.jpg\" alt=\"\" class=\"wp-image-4805\" srcset=\"https:\/\/psonizgierz.pl\/wp-content\/uploads\/2024\/05\/247218663_904681800150186_6272275586831067362_n.jpg 1560w, https:\/\/psonizgierz.pl\/wp-content\/uploads\/2024\/05\/247218663_904681800150186_6272275586831067362_n-300x225.jpg 300w, https:\/\/psonizgierz.pl\/wp-content\/uploads\/2024\/05\/247218663_904681800150186_6272275586831067362_n-1024x768.jpg 1024w, https:\/\/psonizgierz.pl\/wp-content\/uploads\/2024\/05\/247218663_904681800150186_6272275586831067362_n-768x576.jpg 768w, https:\/\/psonizgierz.pl\/wp-content\/uploads\/2024\/05\/247218663_904681800150186_6272275586831067362_n-1536x1152.jpg 1536w\" sizes=\"auto, (max-width: 1560px) 100vw, 1560px\" \/><\/figure>\n\n\n\n<figure class=\"wp-block-image size-large\"><img loading=\"lazy\" decoding=\"async\" width=\"1560\" height=\"1170\" data-id=\"4803\" src=\"https:\/\/psonizgierz.pl\/wp-content\/uploads\/2024\/05\/263152203_932152690736430_6773768420731118913_n-2.jpg\" alt=\"\" class=\"wp-image-4803\" srcset=\"https:\/\/psonizgierz.pl\/wp-content\/uploads\/2024\/05\/263152203_932152690736430_6773768420731118913_n-2.jpg 1560w, https:\/\/psonizgierz.pl\/wp-content\/uploads\/2024\/05\/263152203_932152690736430_6773768420731118913_n-2-300x225.jpg 300w, https:\/\/psonizgierz.pl\/wp-content\/uploads\/2024\/05\/263152203_932152690736430_6773768420731118913_n-2-1024x768.jpg 1024w, https:\/\/psonizgierz.pl\/wp-content\/uploads\/2024\/05\/263152203_932152690736430_6773768420731118913_n-2-768x576.jpg 768w, https:\/\/psonizgierz.pl\/wp-content\/uploads\/2024\/05\/263152203_932152690736430_6773768420731118913_n-2-1536x1152.jpg 1536w\" sizes=\"auto, (max-width: 1560px) 100vw, 1560px\" \/><\/figure>\n<\/figure>\n\n\n\n<p><\/p>\n\n\n\n<p><\/p>\n","protected":false},"excerpt":{"rendered":"<p>ZAPRASZAMY Cafe &amp; Bistro\u00a0 z Dusz\u0105, utkane z marze\u0144 ,,U Tkaczy&#8221;. To szczeg\u00f3lne miejsce na mapie Zgierza, w Parku Kulturowym Miasto\u00a0Tkaczy\u00a0 \u00a0Cafe Bistro PSONI ZGIERZ Zgierza utkane zosta\u0142o z marze\u0144 i codziennego zaanga\u017cowania p. Bo\u017cenny Piotrowicz, wieloletniej przewodnicz\u0105cej PSONI Ko\u0142o w Zgierzu. Tworz\u0105c, zale\u017ca\u0142o nam by by\u0142o to miejsce przyjazne dla mieszka\u0144c\u00f3w Zgierza i przyjezdnych [&hellip;]<\/p>\n","protected":false},"author":1,"featured_media":0,"parent":0,"menu_order":0,"comment_status":"closed","ping_status":"closed","template":"full-width.php","meta":{"footnotes":""},"class_list":["post-201","page","type-page","status-publish","hentry"],"_links":{"self":[{"href":"https:\/\/psonizgierz.pl\/index.php?rest_route=\/wp\/v2\/pages\/201","targetHints":{"allow":["GET"]}}],"collection":[{"href":"https:\/\/psonizgierz.pl\/index.php?rest_route=\/wp\/v2\/pages"}],"about":[{"href":"https:\/\/psonizgierz.pl\/index.php?rest_route=\/wp\/v2\/types\/page"}],"author":[{"embeddable":true,"href":"https:\/\/psonizgierz.pl\/index.php?rest_route=\/wp\/v2\/users\/1"}],"replies":[{"embeddable":true,"href":"https:\/\/psonizgierz.pl\/index.php?rest_route=%2Fwp%2Fv2%2Fcomments&post=201"}],"version-history":[{"count":53,"href":"https:\/\/psonizgierz.pl\/index.php?rest_route=\/wp\/v2\/pages\/201\/revisions"}],"predecessor-version":[{"id":4816,"href":"https:\/\/psonizgierz.pl\/index.php?rest_route=\/wp\/v2\/pages\/201\/revisions\/4816"}],"wp:attachment":[{"href":"https:\/\/psonizgierz.pl\/index.php?rest_route=%2Fwp%2Fv2%2Fmedia&parent=201"}],"curies":[{"name":"wp","href":"https:\/\/api.w.org\/{rel}","templated":true}]}}