{"id":203,"date":"2018-12-06T13:29:30","date_gmt":"2018-12-06T12:29:30","guid":{"rendered":"http:\/\/psonizgierz.pl\/?page_id=203"},"modified":"2022-07-04T11:47:45","modified_gmt":"2022-07-04T09:47:45","slug":"projekty","status":"publish","type":"page","link":"https:\/\/psonizgierz.pl\/?page_id=203","title":{"rendered":"Realizowane projekty"},"content":{"rendered":"\n<h3 class=\"wp-block-heading\">Przy udziale \u015brodk\u00f3w zewn\u0119trznych mamy szanse realizowa\u0107 ciekawe i&nbsp;innowacyjne projekty daj\u0105ce szanse na rozw\u00f3j i&nbsp;zwi\u0119kszenie samodzielno\u015bci dzieciom, m\u0142odzie\u017cy i doros\u0142ym osobom z niepe\u0142nosprawno\u015bci\u0105- szans\u0119 na na Niezale\u017cne \u017bycie<\/h3>\n\n\n<div class=\"wp-block-image\">\n<figure class=\"alignleft is-resized\"><img loading=\"lazy\" decoding=\"async\" src=\"https:\/\/psonizgierz.pl\/wp-content\/uploads\/2018\/12\/logo_PFRON.png\" alt=\"\" class=\"wp-image-584\" width=\"224\" height=\"123\"\/><\/figure>\n<\/div>\n\n\n<h3 class=\"wp-block-heading\"><strong><a href=\"https:\/\/psonizgierz.pl\/program-pfron\/\">Wieloprofilowa rehabilitacja dzieci z zaburzeniami rozwojowymi w wieku 0-7 lat z terenu wojew\u00f3dztwa \u0142\u00f3dzkiego (OWI)<\/a> <\/strong><\/h3>\n\n\n\n<p><em>Realizacja od 01.04.2022 r. do 31.03.2025r. realizujemy projekt pn. \u201eWieloprofilowa rehabilitacja dzieci z zaburzeniami rozwojowymi w wieku 0-7 lat z terenu wojew\u00f3dztwa \u0142\u00f3dzkiego (O\u015brodek Wczesnej Interwencji)\u201d finansowany ze \u015brodk\u00f3w PFRON w ramach Konkursu nr 2\/2021 \u201eKurs na samodzielno\u015b\u0107 \u2013 zwi\u0119kszenie aktywno\u015bci os\u00f3b niepe\u0142nosprawnych w \u017cyciu spo\u0142ecznym\u201d.<\/em><br><\/p>\n\n\n\n<h3 class=\"wp-block-heading\"><em><a href=\"https:\/\/psonizgierz.pl\/zespol-aktywnosci-spolecznej\/\">Zesp\u00f3\u0142 Terapeutyczno-Rehabilitacyjny \u201eAktywno\u015bci Spo\u0142ecznej\u201d<\/a>, <\/em><\/h3>\n\n\n<div class=\"wp-block-image\">\n<figure class=\"alignleft is-resized\"><img loading=\"lazy\" decoding=\"async\" src=\"https:\/\/psonizgierz.pl\/wp-content\/uploads\/2019\/12\/pfron.jpg\" alt=\"\" class=\"wp-image-2094\" width=\"253\" height=\"134\" srcset=\"https:\/\/psonizgierz.pl\/wp-content\/uploads\/2019\/12\/pfron.jpg 960w, https:\/\/psonizgierz.pl\/wp-content\/uploads\/2019\/12\/pfron-300x158.jpg 300w, https:\/\/psonizgierz.pl\/wp-content\/uploads\/2019\/12\/pfron-768x406.jpg 768w\" sizes=\"auto, (max-width: 253px) 100vw, 253px\" \/><\/figure>\n<\/div>\n\n\n<p><em>Realizacja od 01.04.2022r. do 31.03.2025 r. przez\u00a0 Zesp\u00f3\u0142 Terapeutyczno-Rehabilitacyjny \u201eAktywno\u015bci Spo\u0142ecznej\u201d, wsp\u00f3\u0142finansowany ze \u015brodk\u00f3w PFRON, w ramach konkursu nr 2\/2021 \u201eKurs na samodzielno\u015b\u0107 \u2013 zwi\u0119kszenie aktywno\u015bci os\u00f3b niepe\u0142nosprawnych w \u017cyciu spo\u0142ecznym\u201d <\/em><\/p>\n\n\n\n<p><\/p>\n\n\n\n<h3 class=\"wp-block-heading\"><strong><a href=\"https:\/\/psonizgierz.pl\/cafe-bistro-i-tkaczy\/\">Cafe Bistro U Tkaczy<\/a><\/strong><\/h3>\n\n\n<div class=\"wp-block-image\">\n<figure class=\"alignleft is-resized\"><img loading=\"lazy\" decoding=\"async\" src=\"https:\/\/psonizgierz.pl\/wp-content\/uploads\/2018\/12\/umzgierz-931x1024.png\" alt=\"\" class=\"wp-image-165\" width=\"94\" height=\"103\" srcset=\"https:\/\/psonizgierz.pl\/wp-content\/uploads\/2018\/12\/umzgierz-931x1024.png 931w, https:\/\/psonizgierz.pl\/wp-content\/uploads\/2018\/12\/umzgierz-273x300.png 273w, https:\/\/psonizgierz.pl\/wp-content\/uploads\/2018\/12\/umzgierz-768x844.png 768w, https:\/\/psonizgierz.pl\/wp-content\/uploads\/2018\/12\/umzgierz.png 2000w\" sizes=\"auto, (max-width: 94px) 100vw, 94px\" \/><\/figure>\n<\/div>\n\n\n<p>Zadanie realizowane przez PSONI Ko\u0142o w Zgierzu z Gmin\u0105 Miastem Zgierz w ramach projektu: <em><strong>Miasto Tkaczy jako forma aktywizacji spo\u0142ecznej os\u00f3b zagro\u017conych wykluczeniem kulturalnym<\/strong><\/em><\/p>\n\n\n\n<p>Okres realizacji: 02.01.2021-31.12.20223<\/p>\n\n\n\n<p><\/p>\n\n\n\n<h2 class=\"wp-block-heading\"><em><a href=\"https:\/\/psonizgierz.pl\/rcps-lodz\/\">Szanse i perspektywy dla os\u00f3b z niepe\u0142nosprawno\u015bci\u0105 intelektualn\u0105<\/a><\/em><\/h2>\n\n\n\n<figure class=\"wp-block-image size-large is-resized\"><img loading=\"lazy\" decoding=\"async\" src=\"https:\/\/psonizgierz.pl\/wp-content\/uploads\/2021\/01\/ciag-feprreg-rrp-lodz-ueefrr-1024x120.jpg\" alt=\"\" class=\"wp-image-3473\" width=\"580\" height=\"67\" srcset=\"https:\/\/psonizgierz.pl\/wp-content\/uploads\/2021\/01\/ciag-feprreg-rrp-lodz-ueefrr-1024x120.jpg 1024w, https:\/\/psonizgierz.pl\/wp-content\/uploads\/2021\/01\/ciag-feprreg-rrp-lodz-ueefrr-300x35.jpg 300w, https:\/\/psonizgierz.pl\/wp-content\/uploads\/2021\/01\/ciag-feprreg-rrp-lodz-ueefrr-768x90.jpg 768w, https:\/\/psonizgierz.pl\/wp-content\/uploads\/2021\/01\/ciag-feprreg-rrp-lodz-ueefrr-1536x180.jpg 1536w, https:\/\/psonizgierz.pl\/wp-content\/uploads\/2021\/01\/ciag-feprreg-rrp-lodz-ueefrr-2048x239.jpg 2048w\" sizes=\"auto, (max-width: 580px) 100vw, 580px\" \/><\/figure>\n\n\n\n<p>PSONI KO\u0141O W ZGIERZU realizuje projekt pt. <em>Szanse i perspektywy dla os\u00f3b z niepe\u0142nosprawno\u015bci\u0105 intelektualn\u0105<\/em> w ramach w ramach Regionalnego Programu Operacyjnego Wojew\u00f3dztwa \u0141\u00f3dzkiego na lata 2014-2020 &nbsp; Osi priorytetowej VII Infrastruktura dla us\u0142ug spo\u0142ecznych, Dzia\u0142ania VII.3 Infrastruktura opieki spo\u0142ecznej.<\/p>\n\n\n\n<p>Realizacj\u0105 <strong>etapu II B 2<\/strong> budowy <em>CENTRUM Szkoleniowo\u2013Rehabilitacyjne z Domem Mieszkalnym im. Bo\u017cenny Piotrowicz, Warsztat Terapii Zaj\u0119ciowej w Zgierzu ul. Che\u0142mska 42\/42a&nbsp; <\/em>w ramach &nbsp;Umowy nr UDA-RPLD. 07.03.00.-10-0010\/20-00&nbsp;<\/p>\n\n\n\n<h2 class=\"wp-block-heading\"><a href=\"https:\/\/psonizgierz.pl\/centrum-uslug-srodowiskowych\/\">CENTRUM US\u0141UG \u015aRODOWISKOWYCH (CU\u015a)<\/a><\/h2>\n\n\n\n<figure class=\"wp-block-image size-large\"><img loading=\"lazy\" decoding=\"async\" width=\"1024\" height=\"120\" src=\"https:\/\/psonizgierz.pl\/wp-content\/uploads\/2021\/01\/ciag-feprreg-rrp-lodz-ueefrr-1024x120.jpg\" alt=\"\" class=\"wp-image-3473\" srcset=\"https:\/\/psonizgierz.pl\/wp-content\/uploads\/2021\/01\/ciag-feprreg-rrp-lodz-ueefrr-1024x120.jpg 1024w, https:\/\/psonizgierz.pl\/wp-content\/uploads\/2021\/01\/ciag-feprreg-rrp-lodz-ueefrr-300x35.jpg 300w, https:\/\/psonizgierz.pl\/wp-content\/uploads\/2021\/01\/ciag-feprreg-rrp-lodz-ueefrr-768x90.jpg 768w, https:\/\/psonizgierz.pl\/wp-content\/uploads\/2021\/01\/ciag-feprreg-rrp-lodz-ueefrr-1536x180.jpg 1536w, https:\/\/psonizgierz.pl\/wp-content\/uploads\/2021\/01\/ciag-feprreg-rrp-lodz-ueefrr-2048x239.jpg 2048w\" sizes=\"auto, (max-width: 1024px) 100vw, 1024px\" \/><\/figure>\n\n\n\n<p>Polskie Stowarzyszenie na rzecz Os\u00f3b z Niepe\u0142nosprawno\u015bci\u0105 Intelektualn\u0105 Ko\u0142o w Zgierzu jako partner realizuje projekt pn. <strong>Centrum Us\u0142ug \u015arodowiskowych w Powiecie Zgierskim \u2013 <\/strong>lider projektu Starostwo Powiatowe Zgierz.-RPLD.09.02.01-IP.01-10-002\/18,<\/p>\n\n\n\n<p>zadanie:<em><strong> Utworzenie i dzia\u0142alno\u015b\u0107 mieszkania wspieranego i treningowego (MW)<\/strong><\/em><\/p>\n\n\n\n<p>zadanie: <strong>Wsparcie rodziny w zakresie opieki wytchnieniowej<\/strong><\/p>\n\n\n\n<p>w ramach Regionalnego Programu Operacyjnego Wojew\u00f3dztwa \u0141\u00f3dzkiego na lata 2014-2020 wsp\u00f3\u0142finansowanego ze \u015brodk\u00f3w Europejskiego Funduszu Spo\u0142ecznego, o\u015b priorytetowa IX W\u0142\u0105czenie spo\u0142eczne, dzia\u0142ania dla osi X.2 Us\u0142ugi na rzecz os\u00f3b zagro\u017conych ub\u00f3stwem lub wykluczeniem spo\u0142ecznym, poddzia\u0142anie IX.2.1 Us\u0142ugi spo\u0142eczne i zdrowotne<\/p>\n\n\n\n<p>Czas realizacji projektu: <strong>maj 2019 r. \u2013 stycze\u0144 2022 r.<\/strong><\/p>\n\n\n\n<h3 class=\"wp-block-heading\"><a href=\"https:\/\/psonizgierz.pl\/fundusz-solidarnosciowy\/\"><strong>Asystent osobisty osoby niepe\u0142nosprawnej<\/strong> 2022<\/a><\/h3>\n\n\n\n<figure class=\"wp-block-image size-large is-resized\"><a href=\"https:\/\/www.gov.pl\/web\/rodzina\"><img loading=\"lazy\" decoding=\"async\" src=\"https:\/\/psonizgierz.pl\/wp-content\/uploads\/2021\/02\/logo_MRiPS_png-1024x512.png\" alt=\"\" class=\"wp-image-3635\" width=\"448\" height=\"225\" srcset=\"https:\/\/psonizgierz.pl\/wp-content\/uploads\/2021\/02\/logo_MRiPS_png-1024x512.png 1024w, https:\/\/psonizgierz.pl\/wp-content\/uploads\/2021\/02\/logo_MRiPS_png-300x150.png 300w, https:\/\/psonizgierz.pl\/wp-content\/uploads\/2021\/02\/logo_MRiPS_png-768x384.png 768w, https:\/\/psonizgierz.pl\/wp-content\/uploads\/2021\/02\/logo_MRiPS_png.png 1182w\" sizes=\"auto, (max-width: 448px) 100vw, 448px\" \/><\/a><\/figure>\n\n\n\n<p>Program finansowany <a href=\"https:\/\/www.gov.pl\/web\/rodzina\/fundusz-solidarnosciowy\">Funduszu Solidarno\u015bciowego<\/a> przez <a href=\"https:\/\/www.gov.pl\/web\/rodzina\">Ministerstwo Rodziny i Polityki Spo\u0142ecznej<\/a><\/p>\n\n\n\n<p>Celem Programu jest wprowadzenie us\u0142ugi asystenta jako formy og\u00f3lnodost\u0119pnego wsparcia dla os\u00f3b z niepe\u0142nosprawno\u015bci\u0105 posiadaj\u0105cych orzeczenie o znacznym lub umiarkowanym stopniu niepe\u0142nosprawno\u015bci.<\/p>\n\n\n\n<p>Projekt realizowany przez PSONI Ko\u0142o w Zgierzu skierowany jest do 20 os\u00f3b doros\u0142ych z niepe\u0142nosprawno\u015bci\u0105 intelektualn\u0105 oraz 5 dzieci do 16 r.\u017c.<\/p>\n\n\n\n<h5 class=\"wp-block-heading\">Okres realizacji: 02.01.2022-31.12.2022<\/h5>\n\n\n\n<h2 class=\"wp-block-heading\"><strong><a href=\"https:\/\/psonizgierz.pl\/kregi-wsparcia\/\" data-type=\"URL\" data-id=\"https:\/\/psonizgierz.pl\/kregi-wsparcia\/\">Kr\u0119gi Wsparcia &#8211; Przysz\u0142o\u015b\u0107 Zaczyna si\u0119 Dzi\u015b<\/a><\/strong><\/h2>\n\n\n<div class=\"wp-block-image\">\n<figure class=\"alignright size-large is-resized\"><img loading=\"lazy\" decoding=\"async\" src=\"https:\/\/psonizgierz.pl\/wp-content\/uploads\/2021\/04\/Logo-Kregi-wsparcia-1024x925.png\" alt=\"\" class=\"wp-image-3778\" width=\"115\" height=\"103\" srcset=\"https:\/\/psonizgierz.pl\/wp-content\/uploads\/2021\/04\/Logo-Kregi-wsparcia-1024x925.png 1024w, https:\/\/psonizgierz.pl\/wp-content\/uploads\/2021\/04\/Logo-Kregi-wsparcia-300x271.png 300w, https:\/\/psonizgierz.pl\/wp-content\/uploads\/2021\/04\/Logo-Kregi-wsparcia-768x694.png 768w, https:\/\/psonizgierz.pl\/wp-content\/uploads\/2021\/04\/Logo-Kregi-wsparcia.png 1196w\" sizes=\"auto, (max-width: 115px) 100vw, 115px\" \/><\/figure>\n<\/div>\n\n\n<p>Celem projektu jest wypracowanie \u015brodowiskowego systemu wsparcia doros\u0142ych os\u00f3b z niepe\u0142nosprawno\u015bci\u0105 intelektualn\u0105 (osoby z NI) na czas, kiedy pozostan\u0105 lub ju\u017c \u017cyj\u0105 bez rodzic\u00f3w\/opiekun\u00f3w poprzez stworzenie wok\u00f3\u0142 nich spo\u0142ecznej sieci przyjaznych ludzi \u2013 Kr\u0119g\u00f3w Wsparcia.<\/p>\n\n\n\n<p><strong>Liderem w projekcie jest Stowarzyszenie BORIS, natomiast partnerami s\u0105 Zarz\u0105d G\u0142\u00f3wny Polskiego Stowarzyszenia na rzecz Os\u00f3b z Niepe\u0142nosprawno\u015bci\u0105 Intelektualn\u0105 w Warszawie oraz trzy Ko\u0142a PSONI Tarn\u00f3w, Bytom i Zgierz.<\/strong><\/p>\n\n\n\n<p><\/p>\n\n\n\n<p>\u00ad\u00ad\u00ad\u00ad\u00ad\u00ad<\/p>\n\n\n\n<figure class=\"wp-block-image size-large is-resized\"><img loading=\"lazy\" decoding=\"async\" src=\"https:\/\/psonizgierz.pl\/wp-content\/uploads\/2021\/04\/Logotypy_Projekt-1024x255.jpg\" alt=\"\" class=\"wp-image-3777\" width=\"544\" height=\"135\" srcset=\"https:\/\/psonizgierz.pl\/wp-content\/uploads\/2021\/04\/Logotypy_Projekt-1024x255.jpg 1024w, https:\/\/psonizgierz.pl\/wp-content\/uploads\/2021\/04\/Logotypy_Projekt-300x75.jpg 300w, https:\/\/psonizgierz.pl\/wp-content\/uploads\/2021\/04\/Logotypy_Projekt-768x191.jpg 768w, https:\/\/psonizgierz.pl\/wp-content\/uploads\/2021\/04\/Logotypy_Projekt.jpg 1193w\" sizes=\"auto, (max-width: 544px) 100vw, 544px\" \/><\/figure>\n\n\n\n<h2 class=\"wp-block-heading\">Przedszkole PSOtNIk &#8211; nowa inicjatywa w fazie projektu<\/h2>\n\n\n\n<p><\/p>\n\n\n\n<p>To nowa inicjatywa PSONI Ko\u0142o w Zgierzu oraz Parafii pw. \u015bw. Jana Paw\u0142a II w Zgierzu, kt\u00f3rej celem jest  kompleksowa opieka nad dzieckiem w ramach projektowanego oddzia\u0142u przedszkolnego integracyjnego.  Wykwalifikowana kadra specjalist\u00f3w OWI  zapewni maluchom: zaj\u0119cia  zgodne z podstaw\u0105 programow\u0105, stymulowanie rozwoju we wszystkich obszarach poprzez  uczenie wielozmys\u0142owe, kreatywne. Wykwalifikowana kadra specjalist\u00f3w zapewni maluchom zaj\u0119cia przedszkolne zgodne z podstaw\u0105 programow\u0105, stymulowanie rozwoju we wszystkich obszarach. <\/p>\n\n\n\n<p>PSOtNIk realizowa\u0142 b\u0119dzie uczenie wielozmys\u0142owe, kreatywne z wykorzystaniem wielu metod:<\/p>\n\n\n\n<h3 class=\"wp-block-heading\"> <\/h3>\n\n\n\n<p><\/p>\n\n\n\n<p><\/p>\n\n\n\n<h3 class=\"wp-block-heading\"><br><\/h3>\n\n\n\n<p> <br>. <br><\/p>\n","protected":false},"excerpt":{"rendered":"<p>Przy udziale \u015brodk\u00f3w zewn\u0119trznych mamy szanse realizowa\u0107 ciekawe i&nbsp;innowacyjne projekty daj\u0105ce szanse na rozw\u00f3j i&nbsp;zwi\u0119kszenie samodzielno\u015bci dzieciom, m\u0142odzie\u017cy i doros\u0142ym osobom z niepe\u0142nosprawno\u015bci\u0105- szans\u0119 na na Niezale\u017cne \u017bycie Wieloprofilowa rehabilitacja dzieci z zaburzeniami rozwojowymi w wieku 0-7 lat z terenu wojew\u00f3dztwa \u0142\u00f3dzkiego (OWI) Realizacja od 01.04.2022 r. do 31.03.2025r. realizujemy projekt pn. \u201eWieloprofilowa rehabilitacja dzieci [&hellip;]<\/p>\n","protected":false},"author":1,"featured_media":0,"parent":0,"menu_order":0,"comment_status":"closed","ping_status":"closed","template":"full-width.php","meta":{"footnotes":""},"class_list":["post-203","page","type-page","status-publish","hentry"],"_links":{"self":[{"href":"https:\/\/psonizgierz.pl\/index.php?rest_route=\/wp\/v2\/pages\/203","targetHints":{"allow":["GET"]}}],"collection":[{"href":"https:\/\/psonizgierz.pl\/index.php?rest_route=\/wp\/v2\/pages"}],"about":[{"href":"https:\/\/psonizgierz.pl\/index.php?rest_route=\/wp\/v2\/types\/page"}],"author":[{"embeddable":true,"href":"https:\/\/psonizgierz.pl\/index.php?rest_route=\/wp\/v2\/users\/1"}],"replies":[{"embeddable":true,"href":"https:\/\/psonizgierz.pl\/index.php?rest_route=%2Fwp%2Fv2%2Fcomments&post=203"}],"version-history":[{"count":34,"href":"https:\/\/psonizgierz.pl\/index.php?rest_route=\/wp\/v2\/pages\/203\/revisions"}],"predecessor-version":[{"id":4281,"href":"https:\/\/psonizgierz.pl\/index.php?rest_route=\/wp\/v2\/pages\/203\/revisions\/4281"}],"wp:attachment":[{"href":"https:\/\/psonizgierz.pl\/index.php?rest_route=%2Fwp%2Fv2%2Fmedia&parent=203"}],"curies":[{"name":"wp","href":"https:\/\/api.w.org\/{rel}","templated":true}]}}