{"id":205,"date":"2018-12-06T13:29:47","date_gmt":"2018-12-06T12:29:47","guid":{"rendered":"http:\/\/psonizgierz.pl\/?page_id=205"},"modified":"2021-06-16T14:18:24","modified_gmt":"2021-06-16T12:18:24","slug":"wsparcie-rodziny","status":"publish","type":"page","link":"https:\/\/psonizgierz.pl\/?page_id=205","title":{"rendered":"Wsparcie rodziny"},"content":{"rendered":"\n<h3 class=\"has-text-align-left wp-block-heading\"><strong><span class=\"has-inline-color has-vivid-cyan-blue-color\"> <\/span><span class=\"has-inline-color has-vivid-purple-color\">BYCIE RAZEM &#8211; WSPARCIE RODZINY<\/span><span class=\"has-inline-color has-vivid-cyan-blue-color\"> <\/span><\/strong> to <em><strong>partnerstwo<\/strong><\/em>, to wzajemny wk\u0142ad rodzic\u00f3w i profesjonalist\u00f3w w budowanie relacji.<\/h3>\n\n\n\n<h3 class=\"has-text-align-left wp-block-heading\"> <strong>Wspieranie rodzin, aby by\u0142y w stanie sprosta\u0107 sytuacjom, kt\u00f3re poci\u0105ga za sob\u0105 fakt niepe\u0142nosprawno\u015bci intelektualnej ich DZIECKA, DOROS\u0141EJ OSOBY i by umia\u0142y przekszta\u0142ca\u0107 w\u0142asne do\u015bwiadczenia w gotowo\u015b\u0107 niesienia pomocy<\/strong> <\/h3>\n\n\n\n<h4 class=\"wp-block-heading\">To podejmowanie wsp\u00f3lnego wysi\u0142ku obu stron, wzajemnego zaufania, otwartego komunikowania si\u0119 i wsp\u00f3\u0142dzia\u0142ania. <\/h4>\n\n\n\n<h3 class=\"wp-block-heading\"><strong><a href=\"https:\/\/psonizgierz.pl\/czlonkowstwo\/\">DO\u0141\u0104CZ DO NAS &#8211; RAZEM MO\u017bEM<\/a>Y WI\u0118CEJ<\/strong><\/h3>\n\n\n\n<p><a href=\"https:\/\/psonizgierz.pl\/czlonkowstwo\/\">Deklaracja cz\u0142onkowska<\/a><\/p>\n\n\n\n<h2 class=\"wp-block-heading\">Co z nami zyskasz?<\/h2>\n\n\n\n<ul class=\"wp-block-list\"><li><strong>Zrozumienie,  Empati\u0119<\/strong><\/li><li><strong>Sie\u0107 wsparcia przez ca\u0142e \u017cycie<\/strong><\/li><li><strong>Mo\u017cliwo\u015b\u0107 wszechstronnej, kompleksowej rehabilitacji<\/strong><\/li><li><strong>Poradnictwo i edukacj\u0119 <\/strong><\/li><li><strong>Szansa na aktywizacj\u0119 zawodow\u0105<\/strong><\/li><li><a href=\"https:\/\/psonizgierz.pl\/fundusz-solidarnosciowy\/\"><strong>Opieka wytchnienia \/ Asystencja osobista<\/strong><\/a><\/li><\/ul>\n\n\n\n<figure class=\"wp-block-gallery columns-3 is-cropped wp-block-gallery-1 is-layout-flex wp-block-gallery-is-layout-flex\"><ul class=\"blocks-gallery-grid\"><li class=\"blocks-gallery-item\"><figure><img loading=\"lazy\" decoding=\"async\" width=\"960\" height=\"638\" src=\"https:\/\/psonizgierz.pl\/wp-content\/uploads\/2018\/12\/48410984_2021741611248073_906193144033312768_n.jpg\" alt=\"\" data-id=\"670\" data-full-url=\"https:\/\/psonizgierz.pl\/wp-content\/uploads\/2018\/12\/48410984_2021741611248073_906193144033312768_n.jpg\" data-link=\"https:\/\/psonizgierz.pl\/wigilijny-czas\/48410984_2021741611248073_906193144033312768_n\/\" class=\"wp-image-670\" srcset=\"https:\/\/psonizgierz.pl\/wp-content\/uploads\/2018\/12\/48410984_2021741611248073_906193144033312768_n.jpg 960w, https:\/\/psonizgierz.pl\/wp-content\/uploads\/2018\/12\/48410984_2021741611248073_906193144033312768_n-300x199.jpg 300w, https:\/\/psonizgierz.pl\/wp-content\/uploads\/2018\/12\/48410984_2021741611248073_906193144033312768_n-768x510.jpg 768w\" sizes=\"auto, (max-width: 960px) 100vw, 960px\" \/><\/figure><\/li><li class=\"blocks-gallery-item\"><figure><img loading=\"lazy\" decoding=\"async\" width=\"960\" height=\"638\" src=\"https:\/\/psonizgierz.pl\/wp-content\/uploads\/2018\/12\/48260333_2021739967914904_6772889703231258624_n.jpg\" alt=\"\" data-id=\"666\" data-full-url=\"https:\/\/psonizgierz.pl\/wp-content\/uploads\/2018\/12\/48260333_2021739967914904_6772889703231258624_n.jpg\" data-link=\"https:\/\/psonizgierz.pl\/wigilijny-czas\/48260333_2021739967914904_6772889703231258624_n\/\" class=\"wp-image-666\" srcset=\"https:\/\/psonizgierz.pl\/wp-content\/uploads\/2018\/12\/48260333_2021739967914904_6772889703231258624_n.jpg 960w, https:\/\/psonizgierz.pl\/wp-content\/uploads\/2018\/12\/48260333_2021739967914904_6772889703231258624_n-300x199.jpg 300w, https:\/\/psonizgierz.pl\/wp-content\/uploads\/2018\/12\/48260333_2021739967914904_6772889703231258624_n-768x510.jpg 768w\" sizes=\"auto, (max-width: 960px) 100vw, 960px\" \/><\/figure><\/li><li class=\"blocks-gallery-item\"><figure><img loading=\"lazy\" decoding=\"async\" width=\"1024\" height=\"768\" src=\"https:\/\/psonizgierz.pl\/wp-content\/uploads\/2020\/04\/67799566_2398798176875746_5154634553964363776_o-1-1024x768.jpg\" alt=\"\" data-id=\"2498\" data-full-url=\"https:\/\/psonizgierz.pl\/wp-content\/uploads\/2020\/04\/67799566_2398798176875746_5154634553964363776_o-1.jpg\" data-link=\"https:\/\/psonizgierz.pl\/wsparcie-rodziny\/67799566_2398798176875746_5154634553964363776_o-2\/\" class=\"wp-image-2498\" srcset=\"https:\/\/psonizgierz.pl\/wp-content\/uploads\/2020\/04\/67799566_2398798176875746_5154634553964363776_o-1-1024x768.jpg 1024w, https:\/\/psonizgierz.pl\/wp-content\/uploads\/2020\/04\/67799566_2398798176875746_5154634553964363776_o-1-300x225.jpg 300w, https:\/\/psonizgierz.pl\/wp-content\/uploads\/2020\/04\/67799566_2398798176875746_5154634553964363776_o-1-768x576.jpg 768w, https:\/\/psonizgierz.pl\/wp-content\/uploads\/2020\/04\/67799566_2398798176875746_5154634553964363776_o-1-1536x1152.jpg 1536w, https:\/\/psonizgierz.pl\/wp-content\/uploads\/2020\/04\/67799566_2398798176875746_5154634553964363776_o-1.jpg 2048w\" sizes=\"auto, (max-width: 1024px) 100vw, 1024px\" \/><\/figure><\/li><\/ul><\/figure>\n","protected":false},"excerpt":{"rendered":"<p>BYCIE RAZEM &#8211; WSPARCIE RODZINY to partnerstwo, to wzajemny wk\u0142ad rodzic\u00f3w i profesjonalist\u00f3w w budowanie relacji. Wspieranie rodzin, aby by\u0142y w stanie sprosta\u0107 sytuacjom, kt\u00f3re poci\u0105ga za sob\u0105 fakt niepe\u0142nosprawno\u015bci intelektualnej ich DZIECKA, DOROS\u0141EJ OSOBY i by umia\u0142y przekszta\u0142ca\u0107 w\u0142asne do\u015bwiadczenia w gotowo\u015b\u0107 niesienia pomocy To podejmowanie wsp\u00f3lnego wysi\u0142ku obu stron, wzajemnego zaufania, otwartego komunikowania [&hellip;]<\/p>\n","protected":false},"author":1,"featured_media":0,"parent":0,"menu_order":0,"comment_status":"closed","ping_status":"closed","template":"full-width.php","meta":{"footnotes":""},"class_list":["post-205","page","type-page","status-publish","hentry"],"_links":{"self":[{"href":"https:\/\/psonizgierz.pl\/index.php?rest_route=\/wp\/v2\/pages\/205","targetHints":{"allow":["GET"]}}],"collection":[{"href":"https:\/\/psonizgierz.pl\/index.php?rest_route=\/wp\/v2\/pages"}],"about":[{"href":"https:\/\/psonizgierz.pl\/index.php?rest_route=\/wp\/v2\/types\/page"}],"author":[{"embeddable":true,"href":"https:\/\/psonizgierz.pl\/index.php?rest_route=\/wp\/v2\/users\/1"}],"replies":[{"embeddable":true,"href":"https:\/\/psonizgierz.pl\/index.php?rest_route=%2Fwp%2Fv2%2Fcomments&post=205"}],"version-history":[{"count":13,"href":"https:\/\/psonizgierz.pl\/index.php?rest_route=\/wp\/v2\/pages\/205\/revisions"}],"predecessor-version":[{"id":3909,"href":"https:\/\/psonizgierz.pl\/index.php?rest_route=\/wp\/v2\/pages\/205\/revisions\/3909"}],"wp:attachment":[{"href":"https:\/\/psonizgierz.pl\/index.php?rest_route=%2Fwp%2Fv2%2Fmedia&parent=205"}],"curies":[{"name":"wp","href":"https:\/\/api.w.org\/{rel}","templated":true}]}}