{"id":220,"date":"2018-12-06T13:45:42","date_gmt":"2018-12-06T12:45:42","guid":{"rendered":"http:\/\/psonizgierz.pl\/?page_id=220"},"modified":"2022-12-28T20:19:12","modified_gmt":"2022-12-28T19:19:12","slug":"budowa","status":"publish","type":"page","link":"https:\/\/psonizgierz.pl\/?page_id=220","title":{"rendered":"Budowa"},"content":{"rendered":"\n<h3 class=\"wp-block-heading\">Realizujemy  BUDOW\u0118 2 ETAPU CENTRUM  w 2021-2022 <\/h3>\n\n\n\n<h4 class=\"wp-block-heading\">Dzi\u0119kujemy wszystkim, kt\u00f3rzy wspierali NAS na etapie przygotowania wniosku pt. <em><span class=\"has-inline-color has-vivid-cyan-blue-color\">Szanse i perspektywy dla os\u00f3b z niepe\u0142nosprawno\u015bci\u0105 intelektualn\u0105<\/span><\/em> w ramach Osi priorytetowej VII Infrastruktura dla us\u0142ug spo\u0142ecznych, Dzia\u0142ania VII.3 Infrastruktura opieki spo\u0142ecznej<\/h4>\n\n\n\n<figure class=\"wp-block-image size-large\"><img loading=\"lazy\" decoding=\"async\" width=\"1024\" height=\"120\" src=\"https:\/\/psonizgierz.pl\/wp-content\/uploads\/2021\/01\/ciag-feprreg-rrp-lodz-ueefrr-1024x120.jpg\" alt=\"\" class=\"wp-image-3473\" srcset=\"https:\/\/psonizgierz.pl\/wp-content\/uploads\/2021\/01\/ciag-feprreg-rrp-lodz-ueefrr-1024x120.jpg 1024w, https:\/\/psonizgierz.pl\/wp-content\/uploads\/2021\/01\/ciag-feprreg-rrp-lodz-ueefrr-300x35.jpg 300w, https:\/\/psonizgierz.pl\/wp-content\/uploads\/2021\/01\/ciag-feprreg-rrp-lodz-ueefrr-768x90.jpg 768w, https:\/\/psonizgierz.pl\/wp-content\/uploads\/2021\/01\/ciag-feprreg-rrp-lodz-ueefrr-1536x180.jpg 1536w, https:\/\/psonizgierz.pl\/wp-content\/uploads\/2021\/01\/ciag-feprreg-rrp-lodz-ueefrr-2048x239.jpg 2048w\" sizes=\"auto, (max-width: 1024px) 100vw, 1024px\" \/><\/figure>\n\n\n\n<h4 class=\"wp-block-heading\">DZI\u0118KI WAM, WSP\u00d3LNEMU ZAANGA\u017bOWANIU UDA\u0141O SI\u0118 <\/h4>\n\n\n\n<h3 class=\"wp-block-heading\"><a href=\"https:\/\/www.pitax.pl\/rozliczenie-pit-online-0000046184\/?fbclid=IwAR3rybdluNiuhpatEYw9yA-JgThTo257O-x6iKSlmAk7wmnKnqfH2MOUCK4\">LICZYMY NA WAS, RAZEM ZAPEWNIJMY BEZPIECZN\u0104 PRZYSZ\u0141O\u015a\u0106 I NIEZALE\u017bNE \u017bYCIE<\/a><\/h3>\n\n\n\n<h4 class=\"wp-block-heading\">W 2021-2022 ROKU REALIZUJEMY ROZBUDOW\u0118 CENTRUM o 2 ETAP B  przy wsp\u00f3\u0142finansowaniu  ze \u015brodk\u00f3w funduszu europejskich WARSZTAT TERAPII ZAJ\u0118CIOWEJ<\/h4>\n\n\n<p>Centrum powstaje z inicjatywy rodzic\u00f3w i opiekun\u00f3w w celu zapewnienia warunk\u00f3w do godnego \u017cycia os\u00f3b z niepe\u0142nosprawno\u015bci\u0105 intelektualn\u0105.<\/p>\n<h4 style=\"text-align: left;\"><em>Budowany kompleks powstaje z dar\u00f3w ludzkich serc \u2013 wp\u0142at rodzic\u00f3w, opiekun\u00f3w os\u00f3b z niepe\u0142nosprawno\u015bci\u0105, darowizn os\u00f3b \ufb01zycznych i instytucji.<\/em><\/h4>\n<h4 style=\"text-align: left;\"><em>Przez ca\u0142y czas prowadzona jest akcja pozyskiwania \u015brodk\u00f3w \ufb01nansowych oraz materia\u0142\u00f3w budowlanych na realizowane przedsi\u0119wzi\u0119cie.<\/em><\/h4>\n<h4 style=\"text-align: center;\"><em><span class=\"ff0 fs20\">\u00a0\u00a0\u00a0\u00a0Wszystkich, kt\u00f3rych przekonali\u015bmy, o tym, ze zas\u0142ugujemy na pomoc, prosimy o udzielenie jej nam.<\/span><\/em><\/h4>\n<h3 style=\"text-align: center;\"><span style=\"color: #0000ff;\"><em><span class=\"cf3 fs24 ff0\"><b>Nr konta: <\/b><\/span><b><span class=\"ff1 cf3 fs24\">42 1240 3057 1111 0000 3442 3080<\/span><\/b><\/em><\/span><span class=\"ff0 fs20\"><br \/><\/span><\/h3>\n<p>\u00a0<\/p>\n\n\n<h4 class=\"wp-block-heading\">Rok 2023 to kolejne wyzwanie &#8211; kontynuacja BUDOWY III ETAP- WSP\u00d3LNOTY MIESZKANIOWE<\/h4>\n\n\n\n<figure class=\"wp-block-image size-large\"><img loading=\"lazy\" decoding=\"async\" width=\"1024\" height=\"683\" src=\"https:\/\/psonizgierz.pl\/wp-content\/uploads\/2021\/01\/REN2_B_1-1024x683.jpg\" alt=\"Projekt Centrum\" class=\"wp-image-3337\" srcset=\"https:\/\/psonizgierz.pl\/wp-content\/uploads\/2021\/01\/REN2_B_1-1024x683.jpg 1024w, https:\/\/psonizgierz.pl\/wp-content\/uploads\/2021\/01\/REN2_B_1-300x200.jpg 300w, https:\/\/psonizgierz.pl\/wp-content\/uploads\/2021\/01\/REN2_B_1-768x512.jpg 768w, https:\/\/psonizgierz.pl\/wp-content\/uploads\/2021\/01\/REN2_B_1-1536x1024.jpg 1536w, https:\/\/psonizgierz.pl\/wp-content\/uploads\/2021\/01\/REN2_B_1-2048x1365.jpg 2048w\" sizes=\"auto, (max-width: 1024px) 100vw, 1024px\" \/><\/figure>\n\n\n\n<figure class=\"wp-block-gallery has-nested-images columns-default is-cropped wp-block-gallery-1 is-layout-flex wp-block-gallery-is-layout-flex\">\n<figure class=\"wp-block-image size-large\"><img loading=\"lazy\" decoding=\"async\" width=\"1024\" height=\"717\" data-id=\"3872\" src=\"https:\/\/psonizgierz.pl\/wp-content\/uploads\/2021\/05\/REN1_B1-1-1024x717.jpg\" alt=\"\" class=\"wp-image-3872\" srcset=\"https:\/\/psonizgierz.pl\/wp-content\/uploads\/2021\/05\/REN1_B1-1-1024x717.jpg 1024w, https:\/\/psonizgierz.pl\/wp-content\/uploads\/2021\/05\/REN1_B1-1-300x210.jpg 300w, https:\/\/psonizgierz.pl\/wp-content\/uploads\/2021\/05\/REN1_B1-1-768x538.jpg 768w, https:\/\/psonizgierz.pl\/wp-content\/uploads\/2021\/05\/REN1_B1-1-1536x1075.jpg 1536w, https:\/\/psonizgierz.pl\/wp-content\/uploads\/2021\/05\/REN1_B1-1-2048x1434.jpg 2048w\" sizes=\"auto, (max-width: 1024px) 100vw, 1024px\" \/><\/figure>\n\n\n\n<figure class=\"wp-block-image size-large\"><img loading=\"lazy\" decoding=\"async\" width=\"1024\" height=\"717\" data-id=\"3870\" src=\"https:\/\/psonizgierz.pl\/wp-content\/uploads\/2021\/05\/REN4_B1-1024x717.jpg\" alt=\"\" class=\"wp-image-3870\" srcset=\"https:\/\/psonizgierz.pl\/wp-content\/uploads\/2021\/05\/REN4_B1-1024x717.jpg 1024w, https:\/\/psonizgierz.pl\/wp-content\/uploads\/2021\/05\/REN4_B1-300x210.jpg 300w, https:\/\/psonizgierz.pl\/wp-content\/uploads\/2021\/05\/REN4_B1-768x538.jpg 768w, https:\/\/psonizgierz.pl\/wp-content\/uploads\/2021\/05\/REN4_B1-1536x1075.jpg 1536w, https:\/\/psonizgierz.pl\/wp-content\/uploads\/2021\/05\/REN4_B1-2048x1434.jpg 2048w\" sizes=\"auto, (max-width: 1024px) 100vw, 1024px\" \/><\/figure>\n\n\n\n<figure class=\"wp-block-image size-large\"><img loading=\"lazy\" decoding=\"async\" width=\"1024\" height=\"717\" data-id=\"3869\" src=\"https:\/\/psonizgierz.pl\/wp-content\/uploads\/2021\/05\/REN3_B1-1024x717.jpg\" alt=\"\" class=\"wp-image-3869\" srcset=\"https:\/\/psonizgierz.pl\/wp-content\/uploads\/2021\/05\/REN3_B1-1024x717.jpg 1024w, https:\/\/psonizgierz.pl\/wp-content\/uploads\/2021\/05\/REN3_B1-300x210.jpg 300w, https:\/\/psonizgierz.pl\/wp-content\/uploads\/2021\/05\/REN3_B1-768x538.jpg 768w, https:\/\/psonizgierz.pl\/wp-content\/uploads\/2021\/05\/REN3_B1-1536x1075.jpg 1536w, https:\/\/psonizgierz.pl\/wp-content\/uploads\/2021\/05\/REN3_B1-2048x1434.jpg 2048w\" sizes=\"auto, (max-width: 1024px) 100vw, 1024px\" \/><\/figure>\n\n\n\n<figure class=\"wp-block-image size-large\"><img loading=\"lazy\" decoding=\"async\" width=\"1024\" height=\"768\" data-id=\"3867\" src=\"https:\/\/psonizgierz.pl\/wp-content\/uploads\/2021\/05\/IMG20210514184531-1024x768.jpg\" alt=\"\" class=\"wp-image-3867\" srcset=\"https:\/\/psonizgierz.pl\/wp-content\/uploads\/2021\/05\/IMG20210514184531-1024x768.jpg 1024w, https:\/\/psonizgierz.pl\/wp-content\/uploads\/2021\/05\/IMG20210514184531-300x225.jpg 300w, https:\/\/psonizgierz.pl\/wp-content\/uploads\/2021\/05\/IMG20210514184531-768x576.jpg 768w, https:\/\/psonizgierz.pl\/wp-content\/uploads\/2021\/05\/IMG20210514184531-1536x1152.jpg 1536w, https:\/\/psonizgierz.pl\/wp-content\/uploads\/2021\/05\/IMG20210514184531-2048x1536.jpg 2048w\" sizes=\"auto, (max-width: 1024px) 100vw, 1024px\" \/><\/figure>\n<\/figure>\n\n\n\n<figure class=\"wp-block-gallery has-nested-images columns-default is-cropped wp-block-gallery-2 is-layout-flex wp-block-gallery-is-layout-flex\">\n<figure class=\"wp-block-image size-large\"><img loading=\"lazy\" decoding=\"async\" width=\"2560\" height=\"1702\" data-id=\"4134\" src=\"https:\/\/psonizgierz.pl\/wp-content\/uploads\/2022\/02\/DSC_0074-1-scaled.jpg\" alt=\"\" class=\"wp-image-4134\" srcset=\"https:\/\/psonizgierz.pl\/wp-content\/uploads\/2022\/02\/DSC_0074-1-scaled.jpg 2560w, https:\/\/psonizgierz.pl\/wp-content\/uploads\/2022\/02\/DSC_0074-1-300x199.jpg 300w, https:\/\/psonizgierz.pl\/wp-content\/uploads\/2022\/02\/DSC_0074-1-1024x681.jpg 1024w, https:\/\/psonizgierz.pl\/wp-content\/uploads\/2022\/02\/DSC_0074-1-768x511.jpg 768w, https:\/\/psonizgierz.pl\/wp-content\/uploads\/2022\/02\/DSC_0074-1-1536x1021.jpg 1536w, https:\/\/psonizgierz.pl\/wp-content\/uploads\/2022\/02\/DSC_0074-1-2048x1362.jpg 2048w\" sizes=\"auto, (max-width: 2560px) 100vw, 2560px\" \/><\/figure>\n\n\n\n<figure class=\"wp-block-image size-large\"><img loading=\"lazy\" decoding=\"async\" width=\"2560\" height=\"1702\" data-id=\"4133\" src=\"https:\/\/psonizgierz.pl\/wp-content\/uploads\/2022\/02\/DSC_0071-1-scaled.jpg\" alt=\"\" class=\"wp-image-4133\" srcset=\"https:\/\/psonizgierz.pl\/wp-content\/uploads\/2022\/02\/DSC_0071-1-scaled.jpg 2560w, https:\/\/psonizgierz.pl\/wp-content\/uploads\/2022\/02\/DSC_0071-1-300x199.jpg 300w, https:\/\/psonizgierz.pl\/wp-content\/uploads\/2022\/02\/DSC_0071-1-1024x681.jpg 1024w, https:\/\/psonizgierz.pl\/wp-content\/uploads\/2022\/02\/DSC_0071-1-768x511.jpg 768w, https:\/\/psonizgierz.pl\/wp-content\/uploads\/2022\/02\/DSC_0071-1-1536x1021.jpg 1536w, https:\/\/psonizgierz.pl\/wp-content\/uploads\/2022\/02\/DSC_0071-1-2048x1362.jpg 2048w\" sizes=\"auto, (max-width: 2560px) 100vw, 2560px\" \/><\/figure>\n\n\n\n<figure class=\"wp-block-image size-large\"><img loading=\"lazy\" decoding=\"async\" width=\"1692\" height=\"1125\" data-id=\"4176\" src=\"https:\/\/psonizgierz.pl\/wp-content\/uploads\/2022\/04\/278619747_5104897456265791_8705112438833189341_n.jpg\" alt=\"\" class=\"wp-image-4176\" srcset=\"https:\/\/psonizgierz.pl\/wp-content\/uploads\/2022\/04\/278619747_5104897456265791_8705112438833189341_n.jpg 1692w, https:\/\/psonizgierz.pl\/wp-content\/uploads\/2022\/04\/278619747_5104897456265791_8705112438833189341_n-300x199.jpg 300w, https:\/\/psonizgierz.pl\/wp-content\/uploads\/2022\/04\/278619747_5104897456265791_8705112438833189341_n-1024x681.jpg 1024w, https:\/\/psonizgierz.pl\/wp-content\/uploads\/2022\/04\/278619747_5104897456265791_8705112438833189341_n-768x511.jpg 768w, https:\/\/psonizgierz.pl\/wp-content\/uploads\/2022\/04\/278619747_5104897456265791_8705112438833189341_n-1536x1021.jpg 1536w\" sizes=\"auto, (max-width: 1692px) 100vw, 1692px\" \/><\/figure>\n\n\n\n<figure class=\"wp-block-image size-large\"><img loading=\"lazy\" decoding=\"async\" width=\"1692\" height=\"1125\" data-id=\"4180\" src=\"https:\/\/psonizgierz.pl\/wp-content\/uploads\/2022\/04\/279016569_5104899659598904_9014829773734509759_n.jpg\" alt=\"\" class=\"wp-image-4180\" srcset=\"https:\/\/psonizgierz.pl\/wp-content\/uploads\/2022\/04\/279016569_5104899659598904_9014829773734509759_n.jpg 1692w, https:\/\/psonizgierz.pl\/wp-content\/uploads\/2022\/04\/279016569_5104899659598904_9014829773734509759_n-300x199.jpg 300w, https:\/\/psonizgierz.pl\/wp-content\/uploads\/2022\/04\/279016569_5104899659598904_9014829773734509759_n-1024x681.jpg 1024w, https:\/\/psonizgierz.pl\/wp-content\/uploads\/2022\/04\/279016569_5104899659598904_9014829773734509759_n-768x511.jpg 768w, https:\/\/psonizgierz.pl\/wp-content\/uploads\/2022\/04\/279016569_5104899659598904_9014829773734509759_n-1536x1021.jpg 1536w\" sizes=\"auto, (max-width: 1692px) 100vw, 1692px\" \/><\/figure>\n\n\n\n<figure class=\"wp-block-image size-large is-style-default\"><img loading=\"lazy\" decoding=\"async\" width=\"1692\" height=\"1125\" data-id=\"4177\" src=\"https:\/\/psonizgierz.pl\/wp-content\/uploads\/2022\/04\/278645951_5104899489598921_7393659878138821196_n.jpg\" alt=\"\" class=\"wp-image-4177\" srcset=\"https:\/\/psonizgierz.pl\/wp-content\/uploads\/2022\/04\/278645951_5104899489598921_7393659878138821196_n.jpg 1692w, https:\/\/psonizgierz.pl\/wp-content\/uploads\/2022\/04\/278645951_5104899489598921_7393659878138821196_n-300x199.jpg 300w, https:\/\/psonizgierz.pl\/wp-content\/uploads\/2022\/04\/278645951_5104899489598921_7393659878138821196_n-1024x681.jpg 1024w, https:\/\/psonizgierz.pl\/wp-content\/uploads\/2022\/04\/278645951_5104899489598921_7393659878138821196_n-768x511.jpg 768w, https:\/\/psonizgierz.pl\/wp-content\/uploads\/2022\/04\/278645951_5104899489598921_7393659878138821196_n-1536x1021.jpg 1536w\" sizes=\"auto, (max-width: 1692px) 100vw, 1692px\" \/><\/figure>\n\n\n\n<figure class=\"wp-block-image size-large\"><img loading=\"lazy\" decoding=\"async\" width=\"1692\" height=\"1125\" data-id=\"4183\" src=\"https:\/\/psonizgierz.pl\/wp-content\/uploads\/2022\/04\/279232943_5104899386265598_3845558931367404547_n.jpg\" alt=\"\" class=\"wp-image-4183\" srcset=\"https:\/\/psonizgierz.pl\/wp-content\/uploads\/2022\/04\/279232943_5104899386265598_3845558931367404547_n.jpg 1692w, https:\/\/psonizgierz.pl\/wp-content\/uploads\/2022\/04\/279232943_5104899386265598_3845558931367404547_n-300x199.jpg 300w, https:\/\/psonizgierz.pl\/wp-content\/uploads\/2022\/04\/279232943_5104899386265598_3845558931367404547_n-1024x681.jpg 1024w, https:\/\/psonizgierz.pl\/wp-content\/uploads\/2022\/04\/279232943_5104899386265598_3845558931367404547_n-768x511.jpg 768w, https:\/\/psonizgierz.pl\/wp-content\/uploads\/2022\/04\/279232943_5104899386265598_3845558931367404547_n-1536x1021.jpg 1536w\" sizes=\"auto, (max-width: 1692px) 100vw, 1692px\" \/><\/figure>\n<\/figure>\n\n\n\n<figure class=\"wp-block-gallery has-nested-images columns-default is-cropped wp-block-gallery-3 is-layout-flex wp-block-gallery-is-layout-flex\">\n<figure class=\"wp-block-image size-large\"><img loading=\"lazy\" decoding=\"async\" width=\"2560\" height=\"1707\" data-id=\"4019\" src=\"https:\/\/psonizgierz.pl\/wp-content\/uploads\/2021\/12\/IMG_0581-scaled.jpg\" alt=\"\" class=\"wp-image-4019\" srcset=\"https:\/\/psonizgierz.pl\/wp-content\/uploads\/2021\/12\/IMG_0581-scaled.jpg 2560w, https:\/\/psonizgierz.pl\/wp-content\/uploads\/2021\/12\/IMG_0581-300x200.jpg 300w, https:\/\/psonizgierz.pl\/wp-content\/uploads\/2021\/12\/IMG_0581-1024x683.jpg 1024w, https:\/\/psonizgierz.pl\/wp-content\/uploads\/2021\/12\/IMG_0581-768x512.jpg 768w, https:\/\/psonizgierz.pl\/wp-content\/uploads\/2021\/12\/IMG_0581-1536x1024.jpg 1536w, https:\/\/psonizgierz.pl\/wp-content\/uploads\/2021\/12\/IMG_0581-2048x1365.jpg 2048w\" sizes=\"auto, (max-width: 2560px) 100vw, 2560px\" \/><\/figure>\n\n\n\n<figure class=\"wp-block-image size-large\"><img loading=\"lazy\" decoding=\"async\" width=\"2560\" height=\"1707\" data-id=\"4021\" src=\"https:\/\/psonizgierz.pl\/wp-content\/uploads\/2021\/12\/IMG_0584-scaled.jpg\" alt=\"\" class=\"wp-image-4021\" srcset=\"https:\/\/psonizgierz.pl\/wp-content\/uploads\/2021\/12\/IMG_0584-scaled.jpg 2560w, https:\/\/psonizgierz.pl\/wp-content\/uploads\/2021\/12\/IMG_0584-300x200.jpg 300w, https:\/\/psonizgierz.pl\/wp-content\/uploads\/2021\/12\/IMG_0584-1024x683.jpg 1024w, https:\/\/psonizgierz.pl\/wp-content\/uploads\/2021\/12\/IMG_0584-768x512.jpg 768w, https:\/\/psonizgierz.pl\/wp-content\/uploads\/2021\/12\/IMG_0584-1536x1024.jpg 1536w, https:\/\/psonizgierz.pl\/wp-content\/uploads\/2021\/12\/IMG_0584-2048x1365.jpg 2048w\" sizes=\"auto, (max-width: 2560px) 100vw, 2560px\" \/><\/figure>\n\n\n\n<figure class=\"wp-block-image size-large\"><img loading=\"lazy\" decoding=\"async\" width=\"2560\" height=\"1707\" data-id=\"4016\" src=\"https:\/\/psonizgierz.pl\/wp-content\/uploads\/2021\/12\/IMG_0578-scaled.jpg\" alt=\"\" class=\"wp-image-4016\" srcset=\"https:\/\/psonizgierz.pl\/wp-content\/uploads\/2021\/12\/IMG_0578-scaled.jpg 2560w, https:\/\/psonizgierz.pl\/wp-content\/uploads\/2021\/12\/IMG_0578-300x200.jpg 300w, https:\/\/psonizgierz.pl\/wp-content\/uploads\/2021\/12\/IMG_0578-1024x683.jpg 1024w, https:\/\/psonizgierz.pl\/wp-content\/uploads\/2021\/12\/IMG_0578-768x512.jpg 768w, https:\/\/psonizgierz.pl\/wp-content\/uploads\/2021\/12\/IMG_0578-1536x1024.jpg 1536w, https:\/\/psonizgierz.pl\/wp-content\/uploads\/2021\/12\/IMG_0578-2048x1365.jpg 2048w\" sizes=\"auto, (max-width: 2560px) 100vw, 2560px\" \/><\/figure>\n<\/figure>\n\n\n\n<figure class=\"wp-block-gallery has-nested-images columns-default is-cropped wp-block-gallery-4 is-layout-flex wp-block-gallery-is-layout-flex\">\n<figure class=\"wp-block-image size-large\"><img loading=\"lazy\" decoding=\"async\" width=\"2048\" height=\"1365\" data-id=\"4364\" src=\"https:\/\/psonizgierz.pl\/wp-content\/uploads\/2022\/11\/313868955_435965478718394_8756460042940110428_n.jpg\" alt=\"\" class=\"wp-image-4364\" srcset=\"https:\/\/psonizgierz.pl\/wp-content\/uploads\/2022\/11\/313868955_435965478718394_8756460042940110428_n.jpg 2048w, https:\/\/psonizgierz.pl\/wp-content\/uploads\/2022\/11\/313868955_435965478718394_8756460042940110428_n-300x200.jpg 300w, https:\/\/psonizgierz.pl\/wp-content\/uploads\/2022\/11\/313868955_435965478718394_8756460042940110428_n-1024x683.jpg 1024w, https:\/\/psonizgierz.pl\/wp-content\/uploads\/2022\/11\/313868955_435965478718394_8756460042940110428_n-768x512.jpg 768w, https:\/\/psonizgierz.pl\/wp-content\/uploads\/2022\/11\/313868955_435965478718394_8756460042940110428_n-1536x1024.jpg 1536w\" sizes=\"auto, (max-width: 2048px) 100vw, 2048px\" \/><\/figure>\n\n\n\n<figure class=\"wp-block-image size-large\"><img loading=\"lazy\" decoding=\"async\" width=\"2048\" height=\"971\" data-id=\"4358\" src=\"https:\/\/psonizgierz.pl\/wp-content\/uploads\/2022\/11\/314351492_435966438718298_587909965606676279_n.jpg\" alt=\"\" class=\"wp-image-4358\" srcset=\"https:\/\/psonizgierz.pl\/wp-content\/uploads\/2022\/11\/314351492_435966438718298_587909965606676279_n.jpg 2048w, https:\/\/psonizgierz.pl\/wp-content\/uploads\/2022\/11\/314351492_435966438718298_587909965606676279_n-300x142.jpg 300w, https:\/\/psonizgierz.pl\/wp-content\/uploads\/2022\/11\/314351492_435966438718298_587909965606676279_n-1024x486.jpg 1024w, https:\/\/psonizgierz.pl\/wp-content\/uploads\/2022\/11\/314351492_435966438718298_587909965606676279_n-768x364.jpg 768w, https:\/\/psonizgierz.pl\/wp-content\/uploads\/2022\/11\/314351492_435966438718298_587909965606676279_n-1536x728.jpg 1536w\" sizes=\"auto, (max-width: 2048px) 100vw, 2048px\" \/><\/figure>\n\n\n\n<figure class=\"wp-block-image size-large\"><img loading=\"lazy\" decoding=\"async\" width=\"2048\" height=\"1365\" data-id=\"4360\" src=\"https:\/\/psonizgierz.pl\/wp-content\/uploads\/2022\/11\/314635369_435966108718331_1156883828397785321_n.jpg\" alt=\"\" class=\"wp-image-4360\" srcset=\"https:\/\/psonizgierz.pl\/wp-content\/uploads\/2022\/11\/314635369_435966108718331_1156883828397785321_n.jpg 2048w, https:\/\/psonizgierz.pl\/wp-content\/uploads\/2022\/11\/314635369_435966108718331_1156883828397785321_n-300x200.jpg 300w, https:\/\/psonizgierz.pl\/wp-content\/uploads\/2022\/11\/314635369_435966108718331_1156883828397785321_n-1024x683.jpg 1024w, https:\/\/psonizgierz.pl\/wp-content\/uploads\/2022\/11\/314635369_435966108718331_1156883828397785321_n-768x512.jpg 768w, https:\/\/psonizgierz.pl\/wp-content\/uploads\/2022\/11\/314635369_435966108718331_1156883828397785321_n-1536x1024.jpg 1536w\" sizes=\"auto, (max-width: 2048px) 100vw, 2048px\" \/><\/figure>\n\n\n\n<figure class=\"wp-block-image size-large\"><img loading=\"lazy\" decoding=\"async\" width=\"1365\" height=\"2048\" data-id=\"4362\" src=\"https:\/\/psonizgierz.pl\/wp-content\/uploads\/2022\/11\/314378660_435965592051716_8301832887399196764_n.jpg\" alt=\"\" class=\"wp-image-4362\" srcset=\"https:\/\/psonizgierz.pl\/wp-content\/uploads\/2022\/11\/314378660_435965592051716_8301832887399196764_n.jpg 1365w, https:\/\/psonizgierz.pl\/wp-content\/uploads\/2022\/11\/314378660_435965592051716_8301832887399196764_n-200x300.jpg 200w, https:\/\/psonizgierz.pl\/wp-content\/uploads\/2022\/11\/314378660_435965592051716_8301832887399196764_n-683x1024.jpg 683w, https:\/\/psonizgierz.pl\/wp-content\/uploads\/2022\/11\/314378660_435965592051716_8301832887399196764_n-768x1152.jpg 768w, https:\/\/psonizgierz.pl\/wp-content\/uploads\/2022\/11\/314378660_435965592051716_8301832887399196764_n-1024x1536.jpg 1024w\" sizes=\"auto, (max-width: 1365px) 100vw, 1365px\" \/><\/figure>\n\n\n\n<figure class=\"wp-block-image size-large\"><img loading=\"lazy\" decoding=\"async\" width=\"2048\" height=\"1365\" data-id=\"4371\" src=\"https:\/\/psonizgierz.pl\/wp-content\/uploads\/2022\/11\/312525385_435964842051791_6872431890062663675_n.jpg\" alt=\"\" class=\"wp-image-4371\" srcset=\"https:\/\/psonizgierz.pl\/wp-content\/uploads\/2022\/11\/312525385_435964842051791_6872431890062663675_n.jpg 2048w, https:\/\/psonizgierz.pl\/wp-content\/uploads\/2022\/11\/312525385_435964842051791_6872431890062663675_n-300x200.jpg 300w, https:\/\/psonizgierz.pl\/wp-content\/uploads\/2022\/11\/312525385_435964842051791_6872431890062663675_n-1024x683.jpg 1024w, https:\/\/psonizgierz.pl\/wp-content\/uploads\/2022\/11\/312525385_435964842051791_6872431890062663675_n-768x512.jpg 768w, https:\/\/psonizgierz.pl\/wp-content\/uploads\/2022\/11\/312525385_435964842051791_6872431890062663675_n-1536x1024.jpg 1536w\" sizes=\"auto, (max-width: 2048px) 100vw, 2048px\" \/><\/figure>\n\n\n\n<figure class=\"wp-block-image size-large\"><img loading=\"lazy\" decoding=\"async\" width=\"2048\" height=\"1365\" data-id=\"4370\" src=\"https:\/\/psonizgierz.pl\/wp-content\/uploads\/2022\/11\/313272315_435964925385116_5078886503082086673_n.jpg\" alt=\"\" class=\"wp-image-4370\" srcset=\"https:\/\/psonizgierz.pl\/wp-content\/uploads\/2022\/11\/313272315_435964925385116_5078886503082086673_n.jpg 2048w, https:\/\/psonizgierz.pl\/wp-content\/uploads\/2022\/11\/313272315_435964925385116_5078886503082086673_n-300x200.jpg 300w, https:\/\/psonizgierz.pl\/wp-content\/uploads\/2022\/11\/313272315_435964925385116_5078886503082086673_n-1024x683.jpg 1024w, https:\/\/psonizgierz.pl\/wp-content\/uploads\/2022\/11\/313272315_435964925385116_5078886503082086673_n-768x512.jpg 768w, https:\/\/psonizgierz.pl\/wp-content\/uploads\/2022\/11\/313272315_435964925385116_5078886503082086673_n-1536x1024.jpg 1536w\" sizes=\"auto, (max-width: 2048px) 100vw, 2048px\" \/><\/figure>\n\n\n\n<figure class=\"wp-block-image size-large\"><img loading=\"lazy\" decoding=\"async\" width=\"2048\" height=\"1365\" data-id=\"4369\" src=\"https:\/\/psonizgierz.pl\/wp-content\/uploads\/2022\/11\/313415139_435965022051773_4530381626861832603_n.jpg\" alt=\"\" class=\"wp-image-4369\" srcset=\"https:\/\/psonizgierz.pl\/wp-content\/uploads\/2022\/11\/313415139_435965022051773_4530381626861832603_n.jpg 2048w, https:\/\/psonizgierz.pl\/wp-content\/uploads\/2022\/11\/313415139_435965022051773_4530381626861832603_n-300x200.jpg 300w, https:\/\/psonizgierz.pl\/wp-content\/uploads\/2022\/11\/313415139_435965022051773_4530381626861832603_n-1024x683.jpg 1024w, https:\/\/psonizgierz.pl\/wp-content\/uploads\/2022\/11\/313415139_435965022051773_4530381626861832603_n-768x512.jpg 768w, https:\/\/psonizgierz.pl\/wp-content\/uploads\/2022\/11\/313415139_435965022051773_4530381626861832603_n-1536x1024.jpg 1536w\" sizes=\"auto, (max-width: 2048px) 100vw, 2048px\" \/><\/figure>\n\n\n\n<figure class=\"wp-block-image size-large\"><img loading=\"lazy\" decoding=\"async\" width=\"1365\" height=\"2048\" data-id=\"4387\" src=\"https:\/\/psonizgierz.pl\/wp-content\/uploads\/2022\/12\/314407066_435964672051808_1644540304369309107_n.jpg\" alt=\"\" class=\"wp-image-4387\" srcset=\"https:\/\/psonizgierz.pl\/wp-content\/uploads\/2022\/12\/314407066_435964672051808_1644540304369309107_n.jpg 1365w, https:\/\/psonizgierz.pl\/wp-content\/uploads\/2022\/12\/314407066_435964672051808_1644540304369309107_n-200x300.jpg 200w, https:\/\/psonizgierz.pl\/wp-content\/uploads\/2022\/12\/314407066_435964672051808_1644540304369309107_n-683x1024.jpg 683w, https:\/\/psonizgierz.pl\/wp-content\/uploads\/2022\/12\/314407066_435964672051808_1644540304369309107_n-768x1152.jpg 768w, https:\/\/psonizgierz.pl\/wp-content\/uploads\/2022\/12\/314407066_435964672051808_1644540304369309107_n-1024x1536.jpg 1024w\" sizes=\"auto, (max-width: 1365px) 100vw, 1365px\" \/><\/figure>\n<\/figure>\n","protected":false},"excerpt":{"rendered":"<p>Realizujemy BUDOW\u0118 2 ETAPU CENTRUM w 2021-2022 Dzi\u0119kujemy wszystkim, kt\u00f3rzy wspierali NAS na etapie przygotowania wniosku pt. Szanse i perspektywy dla os\u00f3b z niepe\u0142nosprawno\u015bci\u0105 intelektualn\u0105 w ramach Osi priorytetowej VII Infrastruktura dla us\u0142ug spo\u0142ecznych, Dzia\u0142ania VII.3 Infrastruktura opieki spo\u0142ecznej DZI\u0118KI WAM, WSP\u00d3LNEMU ZAANGA\u017bOWANIU UDA\u0141O SI\u0118 LICZYMY NA WAS, RAZEM ZAPEWNIJMY BEZPIECZN\u0104 PRZYSZ\u0141O\u015a\u0106 I NIEZALE\u017bNE \u017bYCIE [&hellip;]<\/p>\n","protected":false},"author":1,"featured_media":0,"parent":0,"menu_order":0,"comment_status":"closed","ping_status":"closed","template":"full-width.php","meta":{"footnotes":""},"class_list":["post-220","page","type-page","status-publish","hentry"],"_links":{"self":[{"href":"https:\/\/psonizgierz.pl\/index.php?rest_route=\/wp\/v2\/pages\/220","targetHints":{"allow":["GET"]}}],"collection":[{"href":"https:\/\/psonizgierz.pl\/index.php?rest_route=\/wp\/v2\/pages"}],"about":[{"href":"https:\/\/psonizgierz.pl\/index.php?rest_route=\/wp\/v2\/types\/page"}],"author":[{"embeddable":true,"href":"https:\/\/psonizgierz.pl\/index.php?rest_route=\/wp\/v2\/users\/1"}],"replies":[{"embeddable":true,"href":"https:\/\/psonizgierz.pl\/index.php?rest_route=%2Fwp%2Fv2%2Fcomments&post=220"}],"version-history":[{"count":22,"href":"https:\/\/psonizgierz.pl\/index.php?rest_route=\/wp\/v2\/pages\/220\/revisions"}],"predecessor-version":[{"id":4395,"href":"https:\/\/psonizgierz.pl\/index.php?rest_route=\/wp\/v2\/pages\/220\/revisions\/4395"}],"wp:attachment":[{"href":"https:\/\/psonizgierz.pl\/index.php?rest_route=%2Fwp%2Fv2%2Fmedia&parent=220"}],"curies":[{"name":"wp","href":"https:\/\/api.w.org\/{rel}","templated":true}]}}