{"id":2251,"date":"2020-01-24T23:11:14","date_gmt":"2020-01-24T22:11:14","guid":{"rendered":"http:\/\/psonizgierz.pl\/?page_id=2251"},"modified":"2020-02-03T23:10:36","modified_gmt":"2020-02-03T22:10:36","slug":"oferta-nr-1-20","status":"publish","type":"page","link":"https:\/\/psonizgierz.pl\/?page_id=2251","title":{"rendered":"oferta nr 1\/20"},"content":{"rendered":"\n<p> <a href=\"https:\/\/psonizgierz.pl\/wp-content\/uploads\/2020\/01\/ZAPYTANIE-OFERTOWE-PSYCHOLOGMW.pdf\">Zapytanie ofertowe <\/a><\/p>\n\n\n\n<p> <a href=\"https:\/\/psonizgierz.pl\/wp-content\/uploads\/2020\/01\/Formularz-ofertowy-psychMW.pdf\">Formularz ofertowy \u2013 kalkulacja ceny <\/a><\/p>\n\n\n\n<p><a href=\"https:\/\/psonizgierz.pl\/wp-content\/uploads\/2020\/01\/O\u015bwidaczenie-o-braku-powi\u0105za\u0144-kapita\u0142owych-i-osobowych-psychP-1.pdf\"> O\u015bwiadczenie <\/a><\/p>\n\n\n\n<p><a href=\"https:\/\/psonizgierz.pl\/wp-content\/uploads\/2020\/01\/Klauzula-RODO.-14.pdf\"> Klauzula RODO<\/a> <\/p>\n\n\n\n<p><a href=\"https:\/\/psonizgierz.pl\/wp-content\/uploads\/2020\/02\/Zawiadomienie-o-wyniku-post\u0119powania-psycholog-3.pdf\">Wyniki post\u0119powa\u0144 ofertowych<\/a><\/p>\n","protected":false},"excerpt":{"rendered":"<p>Zapytanie ofertowe Formularz ofertowy \u2013 kalkulacja ceny O\u015bwiadczenie Klauzula RODO Wyniki post\u0119powa\u0144 ofertowych<\/p>\n","protected":false},"author":2,"featured_media":0,"parent":0,"menu_order":0,"comment_status":"closed","ping_status":"closed","template":"","meta":{"footnotes":""},"class_list":["post-2251","page","type-page","status-publish","hentry"],"_links":{"self":[{"href":"https:\/\/psonizgierz.pl\/index.php?rest_route=\/wp\/v2\/pages\/2251","targetHints":{"allow":["GET"]}}],"collection":[{"href":"https:\/\/psonizgierz.pl\/index.php?rest_route=\/wp\/v2\/pages"}],"about":[{"href":"https:\/\/psonizgierz.pl\/index.php?rest_route=\/wp\/v2\/types\/page"}],"author":[{"embeddable":true,"href":"https:\/\/psonizgierz.pl\/index.php?rest_route=\/wp\/v2\/users\/2"}],"replies":[{"embeddable":true,"href":"https:\/\/psonizgierz.pl\/index.php?rest_route=%2Fwp%2Fv2%2Fcomments&post=2251"}],"version-history":[{"count":7,"href":"https:\/\/psonizgierz.pl\/index.php?rest_route=\/wp\/v2\/pages\/2251\/revisions"}],"predecessor-version":[{"id":2266,"href":"https:\/\/psonizgierz.pl\/index.php?rest_route=\/wp\/v2\/pages\/2251\/revisions\/2266"}],"wp:attachment":[{"href":"https:\/\/psonizgierz.pl\/index.php?rest_route=%2Fwp%2Fv2%2Fmedia&parent=2251"}],"curies":[{"name":"wp","href":"https:\/\/api.w.org\/{rel}","templated":true}]}}