{"id":2313,"date":"2020-04-20T15:25:16","date_gmt":"2020-04-20T13:25:16","guid":{"rendered":"http:\/\/psonizgierz.pl\/?page_id=2313"},"modified":"2025-05-12T20:03:59","modified_gmt":"2025-05-12T18:03:59","slug":"program-pfron","status":"publish","type":"page","link":"https:\/\/psonizgierz.pl\/?page_id=2313","title":{"rendered":"Program PFRON"},"content":{"rendered":"\n<h3 class=\"wp-block-heading\"><\/h3>\n\n\n\n<p><\/p>\n\n\n\n<h3 class=\"wp-block-heading\"><mark style=\"background-color:rgba(0, 0, 0, 0)\" class=\"has-inline-color has-vivid-cyan-blue-color\"> <\/mark><\/h3>\n\n\n\n<p><strong>Realizacja od 01.04.2025 r. do 31.03.2028 r. w zakresie wieloprofilowej rehabilitacji dzieci z zaburzeniami rozwojowymi (O\u015brodek Wczesnej Interwencji)\u201d wsp\u00f3\u0142finansowany ze \u015brodk\u00f3w PFRON .<\/strong><\/p>\n\n\n\n<p><strong>Warunki rekrutacji<\/strong><\/p>\n\n\n\n<p><strong>\u2013 dzieci z terenu wojew\u00f3dztwa \u0142\u00f3dzkiego<\/strong><\/p>\n\n\n\n<p><strong>\u2013 aktualne orzeczenie o niepe\u0142nosprawno\u015bci<\/strong><\/p>\n\n\n\n<h4 class=\"wp-block-heading\"><\/h4>\n\n\n<div class=\"wp-block-image\">\n<figure class=\"alignleft size-large is-resized\"><img loading=\"lazy\" decoding=\"async\" src=\"https:\/\/psonizgierz.pl\/wp-content\/uploads\/2020\/04\/kontakt.jpg\" alt=\"\" class=\"wp-image-2366\" width=\"118\" height=\"118\" srcset=\"https:\/\/psonizgierz.pl\/wp-content\/uploads\/2020\/04\/kontakt.jpg 346w, https:\/\/psonizgierz.pl\/wp-content\/uploads\/2020\/04\/kontakt-300x300.jpg 300w, https:\/\/psonizgierz.pl\/wp-content\/uploads\/2020\/04\/kontakt-180x180.jpg 180w\" sizes=\"auto, (max-width: 118px) 100vw, 118px\" \/><\/figure>\n<\/div>\n\n\n<p><strong>Wszystkie dzia\u0142ania realizowane s\u0105 w O\u015brodku Wczesnej Interwencji w Zgierzu przy ul. D\u0142ugiej 62, jak r\u00f3wnie\u017c w Centrum Szkoleniowo-Rehabilitacyjnym im. Bo\u017cenny Piotrowicz ul. Che\u0142mska 42\/42a w Zgierzu oraz w filii OWI ul. Ga\u0142czy\u0144skiego 40 w Zgierzu, od poniedzia\u0142ku do pi\u0105tku w godzinach 8-20 oraz w wybrane soboty w godzinach 9-14.<br>Wi\u0119cej informacji mo\u017cna uzyska\u0107 bezpo\u015brednio w O\u015brodku lub telefonicznie dzwoni\u0105c pod numer Rejestracji 42 717 47 11 lub 790&nbsp;214&nbsp;773 lub do Koordynatora projektu<\/strong><\/p>\n\n\n\n<p><strong>mgr Martyna Banasiak-Bini\u0119da<\/strong> \/tel. 790&nbsp;214 772\/ \u2013 pedagog, koordynator programu<\/p>\n\n\n\n<p><strong>Celem oddzia\u0142ywa\u0144 jest:<\/strong><\/p>\n\n\n\n<p>\u2013 wczesna diagnoza i terapia zaburze\u0144 rozwojowych u dzieci,<\/p>\n\n\n\n<p>\u2013 przeciwdzia\u0142anie rozwoju trwa\u0142ej i g\u0142\u0119bokiej niepe\u0142nosprawno\u015bci,<\/p>\n\n\n\n<p>\u2013 niwelowanie skutk\u00f3w istniej\u0105cych zaburze\u0144,<\/p>\n\n\n\n<p>\u2013 zmniejszenie liczebno\u015bci potencjalnej grupy os\u00f3b niepe\u0142nosprawnych w spo\u0142ecze\u0144stwie,<\/p>\n\n\n\n<p>\u2013 przygotowanie Beneficjent\u00f3w do lepszego funkcjonowania w \u015brodowisku przedszkolnym, szkolnym oraz \u017cyciu doros\u0142ym.<\/p>\n\n\n\n<p>Program obejmuje sesje wsparcia:<\/p>\n\n\n\n<ul class=\"wp-block-list\"><li>Terapia psychologiczna,<\/li><li>Trening komunikacji z AAC,<\/li><li>Terapia percepcyjno-motoryczna,<\/li><li>Fizjoterapia,<\/li><\/ul>\n\n\n\n<p>Dodatkowe formy wsparcia (wg zalece\u0144 Zespo\u0142u Specjalist\u00f3w i limitu miejsc):<\/p>\n\n\n\n<ul class=\"wp-block-list\"><li>Trening Umiej\u0119tno\u015bci Spo\u0142ecznych,<\/li><li>Trening samodzielno\u015bci,<\/li><li>Konsultacje lekarskie: lekarza genetyka, lekarza rehabilitacji,<\/li><li>Wsparcie rodziny.<\/li><\/ul>\n\n\n\n<h3 class=\"wp-block-heading\"><\/h3>\n\n\n\n<figure class=\"wp-block-gallery has-nested-images columns-default is-cropped wp-block-gallery-1 is-layout-flex wp-block-gallery-is-layout-flex\">\n<figure class=\"wp-block-image size-large\"><img loading=\"lazy\" decoding=\"async\" width=\"1024\" height=\"769\" data-id=\"2437\" src=\"https:\/\/psonizgierz.pl\/wp-content\/uploads\/2020\/04\/86388615_2800983089990584_3738914046443782144_o-1024x769.jpg\" alt=\"\" class=\"wp-image-2437\" srcset=\"https:\/\/psonizgierz.pl\/wp-content\/uploads\/2020\/04\/86388615_2800983089990584_3738914046443782144_o-1024x769.jpg 1024w, https:\/\/psonizgierz.pl\/wp-content\/uploads\/2020\/04\/86388615_2800983089990584_3738914046443782144_o-300x225.jpg 300w, https:\/\/psonizgierz.pl\/wp-content\/uploads\/2020\/04\/86388615_2800983089990584_3738914046443782144_o-768x577.jpg 768w, https:\/\/psonizgierz.pl\/wp-content\/uploads\/2020\/04\/86388615_2800983089990584_3738914046443782144_o-1536x1154.jpg 1536w, https:\/\/psonizgierz.pl\/wp-content\/uploads\/2020\/04\/86388615_2800983089990584_3738914046443782144_o.jpg 1930w\" sizes=\"auto, (max-width: 1024px) 100vw, 1024px\" \/><\/figure>\n\n\n\n<figure class=\"wp-block-image size-large\"><img loading=\"lazy\" decoding=\"async\" width=\"720\" height=\"960\" data-id=\"2433\" src=\"https:\/\/psonizgierz.pl\/wp-content\/uploads\/2020\/04\/79694557_2656894827732745_1435656143685812224_o.jpg\" alt=\"\" class=\"wp-image-2433\" srcset=\"https:\/\/psonizgierz.pl\/wp-content\/uploads\/2020\/04\/79694557_2656894827732745_1435656143685812224_o.jpg 720w, https:\/\/psonizgierz.pl\/wp-content\/uploads\/2020\/04\/79694557_2656894827732745_1435656143685812224_o-225x300.jpg 225w\" sizes=\"auto, (max-width: 720px) 100vw, 720px\" \/><\/figure>\n\n\n\n<figure class=\"wp-block-image size-large\"><img loading=\"lazy\" decoding=\"async\" width=\"1024\" height=\"768\" data-id=\"2428\" src=\"https:\/\/psonizgierz.pl\/wp-content\/uploads\/2020\/04\/68595309_2419761461446084_3408262793705553920_o-1024x768.jpg\" alt=\"\" class=\"wp-image-2428\" srcset=\"https:\/\/psonizgierz.pl\/wp-content\/uploads\/2020\/04\/68595309_2419761461446084_3408262793705553920_o-1024x768.jpg 1024w, https:\/\/psonizgierz.pl\/wp-content\/uploads\/2020\/04\/68595309_2419761461446084_3408262793705553920_o-300x225.jpg 300w, https:\/\/psonizgierz.pl\/wp-content\/uploads\/2020\/04\/68595309_2419761461446084_3408262793705553920_o-768x576.jpg 768w, https:\/\/psonizgierz.pl\/wp-content\/uploads\/2020\/04\/68595309_2419761461446084_3408262793705553920_o-1536x1152.jpg 1536w, https:\/\/psonizgierz.pl\/wp-content\/uploads\/2020\/04\/68595309_2419761461446084_3408262793705553920_o.jpg 1728w\" sizes=\"auto, (max-width: 1024px) 100vw, 1024px\" \/><\/figure>\n\n\n\n<figure class=\"wp-block-image size-large\"><img loading=\"lazy\" decoding=\"async\" width=\"960\" height=\"960\" data-id=\"2426\" src=\"https:\/\/psonizgierz.pl\/wp-content\/uploads\/2020\/04\/68286315_2408096202612610_4434642299640610816_o.jpg\" alt=\"\" class=\"wp-image-2426\" srcset=\"https:\/\/psonizgierz.pl\/wp-content\/uploads\/2020\/04\/68286315_2408096202612610_4434642299640610816_o.jpg 960w, https:\/\/psonizgierz.pl\/wp-content\/uploads\/2020\/04\/68286315_2408096202612610_4434642299640610816_o-300x300.jpg 300w, https:\/\/psonizgierz.pl\/wp-content\/uploads\/2020\/04\/68286315_2408096202612610_4434642299640610816_o-180x180.jpg 180w, https:\/\/psonizgierz.pl\/wp-content\/uploads\/2020\/04\/68286315_2408096202612610_4434642299640610816_o-768x768.jpg 768w\" sizes=\"auto, (max-width: 960px) 100vw, 960px\" \/><\/figure>\n\n\n\n<figure class=\"wp-block-image size-large\"><img loading=\"lazy\" decoding=\"async\" width=\"1024\" height=\"768\" data-id=\"2427\" src=\"https:\/\/psonizgierz.pl\/wp-content\/uploads\/2020\/04\/68382130_2419749858113911_3863069121335787520_o-1024x768.jpg\" alt=\"\" class=\"wp-image-2427\" srcset=\"https:\/\/psonizgierz.pl\/wp-content\/uploads\/2020\/04\/68382130_2419749858113911_3863069121335787520_o-1024x768.jpg 1024w, https:\/\/psonizgierz.pl\/wp-content\/uploads\/2020\/04\/68382130_2419749858113911_3863069121335787520_o-300x225.jpg 300w, https:\/\/psonizgierz.pl\/wp-content\/uploads\/2020\/04\/68382130_2419749858113911_3863069121335787520_o-768x576.jpg 768w, https:\/\/psonizgierz.pl\/wp-content\/uploads\/2020\/04\/68382130_2419749858113911_3863069121335787520_o-1536x1152.jpg 1536w, https:\/\/psonizgierz.pl\/wp-content\/uploads\/2020\/04\/68382130_2419749858113911_3863069121335787520_o.jpg 1728w\" sizes=\"auto, (max-width: 1024px) 100vw, 1024px\" \/><\/figure>\n<\/figure>\n\n\n<div class=\"wp-block-image\">\n<figure class=\"aligncenter size-large\"><img loading=\"lazy\" decoding=\"async\" width=\"724\" height=\"1024\" src=\"https:\/\/psonizgierz.pl\/wp-content\/uploads\/2025\/05\/PLAKAT-OWI-2025-26-724x1024.jpg\" alt=\"\" class=\"wp-image-5107\" srcset=\"https:\/\/psonizgierz.pl\/wp-content\/uploads\/2025\/05\/PLAKAT-OWI-2025-26-724x1024.jpg 724w, https:\/\/psonizgierz.pl\/wp-content\/uploads\/2025\/05\/PLAKAT-OWI-2025-26-212x300.jpg 212w, https:\/\/psonizgierz.pl\/wp-content\/uploads\/2025\/05\/PLAKAT-OWI-2025-26-768x1087.jpg 768w, https:\/\/psonizgierz.pl\/wp-content\/uploads\/2025\/05\/PLAKAT-OWI-2025-26-1086x1536.jpg 1086w, https:\/\/psonizgierz.pl\/wp-content\/uploads\/2025\/05\/PLAKAT-OWI-2025-26-1447x2048.jpg 1447w, https:\/\/psonizgierz.pl\/wp-content\/uploads\/2025\/05\/PLAKAT-OWI-2025-26-scaled.jpg 1809w\" sizes=\"auto, (max-width: 724px) 100vw, 724px\" \/><\/figure>\n<\/div>","protected":false},"excerpt":{"rendered":"<p>Realizacja od 01.04.2025 r. do 31.03.2028 r. w zakresie wieloprofilowej rehabilitacji dzieci z zaburzeniami rozwojowymi (O\u015brodek Wczesnej Interwencji)\u201d wsp\u00f3\u0142finansowany ze \u015brodk\u00f3w PFRON . Warunki rekrutacji \u2013 dzieci z terenu wojew\u00f3dztwa \u0142\u00f3dzkiego \u2013 aktualne orzeczenie o niepe\u0142nosprawno\u015bci Wszystkie dzia\u0142ania realizowane s\u0105 w O\u015brodku Wczesnej Interwencji w Zgierzu przy ul. D\u0142ugiej 62, jak r\u00f3wnie\u017c w Centrum Szkoleniowo-Rehabilitacyjnym [&hellip;]<\/p>\n","protected":false},"author":3,"featured_media":0,"parent":0,"menu_order":0,"comment_status":"closed","ping_status":"closed","template":"","meta":{"footnotes":""},"class_list":["post-2313","page","type-page","status-publish","hentry"],"_links":{"self":[{"href":"https:\/\/psonizgierz.pl\/index.php?rest_route=\/wp\/v2\/pages\/2313","targetHints":{"allow":["GET"]}}],"collection":[{"href":"https:\/\/psonizgierz.pl\/index.php?rest_route=\/wp\/v2\/pages"}],"about":[{"href":"https:\/\/psonizgierz.pl\/index.php?rest_route=\/wp\/v2\/types\/page"}],"author":[{"embeddable":true,"href":"https:\/\/psonizgierz.pl\/index.php?rest_route=\/wp\/v2\/users\/3"}],"replies":[{"embeddable":true,"href":"https:\/\/psonizgierz.pl\/index.php?rest_route=%2Fwp%2Fv2%2Fcomments&post=2313"}],"version-history":[{"count":25,"href":"https:\/\/psonizgierz.pl\/index.php?rest_route=\/wp\/v2\/pages\/2313\/revisions"}],"predecessor-version":[{"id":5108,"href":"https:\/\/psonizgierz.pl\/index.php?rest_route=\/wp\/v2\/pages\/2313\/revisions\/5108"}],"wp:attachment":[{"href":"https:\/\/psonizgierz.pl\/index.php?rest_route=%2Fwp%2Fv2%2Fmedia&parent=2313"}],"curies":[{"name":"wp","href":"https:\/\/api.w.org\/{rel}","templated":true}]}}