{"id":234,"date":"2018-12-06T13:49:23","date_gmt":"2018-12-06T12:49:23","guid":{"rendered":"http:\/\/psonizgierz.pl\/?page_id=234"},"modified":"2024-12-28T20:47:02","modified_gmt":"2024-12-28T19:47:02","slug":"darowizna","status":"publish","type":"page","link":"https:\/\/psonizgierz.pl\/?page_id=234","title":{"rendered":"Darowizna"},"content":{"rendered":"\n<figure class=\"wp-block-image size-large\"><img loading=\"lazy\" decoding=\"async\" width=\"640\" height=\"480\" src=\"https:\/\/psonizgierz.pl\/wp-content\/uploads\/2020\/01\/ngo-darowizna-1200x900px.png\" alt=\"\" class=\"wp-image-2239\" srcset=\"https:\/\/psonizgierz.pl\/wp-content\/uploads\/2020\/01\/ngo-darowizna-1200x900px.png 640w, https:\/\/psonizgierz.pl\/wp-content\/uploads\/2020\/01\/ngo-darowizna-1200x900px-300x225.png 300w\" sizes=\"auto, (max-width: 640px) 100vw, 640px\" \/><\/figure>\n\n\n<div class=\"post-meta\">\n<h4>Osoby fizyczne mog\u0105 odliczy\u0107 od kwoty do opodatkowania 6% dochodu (PIT), a osoby prawne 10% dochodu (CIT).<\/h4>\n<h3><span style=\"color: #ff9900;\"><strong>Wystarczy dokona\u0107 wp\u0142aty na jedno z g\u0142\u00f3wnych kont bankowych Stowarzyszenia:<\/strong><\/span><\/h3>\n<h2 style=\"text-align: center;\"><span class=\"ff0 fs20\"><b>19 8783 0004 0020 5942 2000 0002<\/b><\/span><span class=\"ff0 fs20\"><br \/><\/span><\/h2>\n<h3 style=\"text-align: center;\"><span style=\"color: #ff9900;\"><strong>z dopiskiem: Darowizna na cele statutowe<\/strong><\/span><\/h3>\n<\/div>\n<div class=\"post-content\">\n<h3>Stowarzyszenie PSONI Ko\u0142o w Zgierzu obejmuje swoim wsparciem dzieci, m\u0142odzie\u017c i doros\u0142e osoby z niepe\u0142nosprawno\u015bci\u0105 oferuj\u0105c im pomoc nieodp\u0142atnie. Ka\u017cdego roku Stowarzyszenie zapewnia edukacj\u0119, rehabilitacj\u0119 i wsparcie spo\u0142eczne.<\/h3>\n<h3><em>Aktualnie <\/em><\/h3>\n<ul>\n<li>\n<h3><em>nowym wyzwaniem jest zbi\u00f3rka \u015brodk\u00f3w na rozbudow\u0119 i adaptacj\u0119 pomieszcze\u0144 u\u017cyczonych nieodp\u0142atnie na siedzib\u0119 <a href=\"https:\/\/psonizgierz.pl\/osrodek-wczesnej-interwencji\/\">O\u015aRODKA WCZESNEJ INTERWENCJI <\/a>-CENTRUM WSPARCIA MA\u0141EGO DZIECKA I RODZINY, \u00a0 z kt\u00f3rego obecnie korzysta ponad 700 ma\u0142ych pacjent\u00f3w i ich rodziny<\/em><\/h3>\n<\/li>\n<li>\n<h3><em>kontynuujemy <a href=\"https:\/\/psonizgierz.pl\/budowa\/\">rozbudow\u0119 Centrum<\/a> uko\u0144czyli\u015bmy Etap II Warsztat Terapii Zaj\u0119ciowej, realizujemy ostatni III etap Wspomagane Spo\u0142eczno\u015bci Mieszkaniowe <br \/><\/em><\/h3>\n<\/li>\n<li>\n<h3><em> dzi\u0119ki mi\u0119dzy innymi Pa\u0144stwa wsparcia uruchomili\u015bmy d\u0142ugo oczekiwany dom mieszkalny dla 8 os\u00f3b doros\u0142ych z niepe\u0142nosprawno\u015bci\u0105 intelektualn\u0105<\/em> <em><br \/><\/em><\/h3>\n<\/li>\n<\/ul>\n<\/div>\n<div class=\"post-content\">\n<h3><em>Na co dzie\u0144 wspieramy\u00a0 ponad 900 os\u00f3b &#8211; dzieci,\u00a0 m\u0142odzie\u017c, doros\u0142ych\u00a0 z niepe\u0142nosprawno\u015bci\u0105 w <b>5<\/b> plac\u00f3wkach: o\u015brodku wczesnej interwencji dla dzieci, warsztatach terapii zaj\u0119ciowej, <a href=\"https:\/\/psonizgierz.pl\/srodowiskowy-dom-samopomocy-sds\/\">\u015brodowiskowym domu samopomocy<\/a>, zespole rehabilitacyjnym \u201eAktywno\u015bci spo\u0142ecznej\u201d, domu mieszkalnym oraz <b>10<\/b> projektach wspieraj\u0105cych, w tym:\u00a0 mieszkalnictwa treningowego, <a href=\"https:\/\/psonizgierz.pl\/2022-2\/\">opieki wytchnieniowej, asystencji osobistej<\/a> oraz formach integracji spo\u0142ecznej.<\/em><\/h3>\n<h3><strong>Przekazuj\u0105c darowizn\u0119 <\/strong>na cele Statutowe Stowarzyszenia pomagasz osobom z niepe\u0142nosprawno\u015bci\u0105 intelektualna na r\u00f3\u017cnych etapach \u017cycia i ich rodzinom, kt\u00f3rzy dzi\u0119ki r\u00f3wnie\u017c Twojej pomocy mog\u0105 aktywnie uczestniczy\u0107 w \u017cyciu spo\u0142ecznym,\u00a0 rozwija\u0107 si\u0119, uczy\u0107 i rehabilitowa\u0107.<\/h3>\n<\/div>\n\n\n<h2 class=\"wp-block-heading\"><mark style=\"background-color:rgba(0, 0, 0, 0)\" class=\"has-inline-color has-vivid-cyan-blue-color\">Drogi Darczy\u0144co,<\/mark><\/h2>\n\n\n\n<h2 class=\"wp-block-heading\">Razem  tworzymy bezpieczn\u0105  przysz\u0142o\u015b\u0107, tworzymy warunki Niezale\u017cnego \u017cycia. RAZEM MO\u017bEMY WIELE   <\/h2>\n\n\n<div class=\"wp-block-image\">\n<figure class=\"alignleft size-large\"><a href=\"https:\/\/publicystyka.ngo.pl\/podatniku-przekaz-ngo-darowizne-i-skorzystaj-z-odliczenia-podatkowego\"><img loading=\"lazy\" decoding=\"async\" width=\"335\" height=\"1024\" src=\"https:\/\/psonizgierz.pl\/wp-content\/uploads\/2020\/01\/ngo-darowizna2017-550px-335x1024.png\" alt=\"\" class=\"wp-image-2238\" srcset=\"https:\/\/psonizgierz.pl\/wp-content\/uploads\/2020\/01\/ngo-darowizna2017-550px-335x1024.png 335w, https:\/\/psonizgierz.pl\/wp-content\/uploads\/2020\/01\/ngo-darowizna2017-550px-98x300.png 98w, https:\/\/psonizgierz.pl\/wp-content\/uploads\/2020\/01\/ngo-darowizna2017-550px-503x1536.png 503w, https:\/\/psonizgierz.pl\/wp-content\/uploads\/2020\/01\/ngo-darowizna2017-550px.png 550w\" sizes=\"auto, (max-width: 335px) 100vw, 335px\" \/><\/a><\/figure>\n<\/div>\n\n\n<figure class=\"wp-block-image size-large\"><img loading=\"lazy\" decoding=\"async\" width=\"724\" height=\"1024\" src=\"https:\/\/psonizgierz.pl\/wp-content\/uploads\/2020\/01\/ngo-darowizna-2018-a4-page-001-724x1024-1.jpg\" alt=\"\" class=\"wp-image-2237\" srcset=\"https:\/\/psonizgierz.pl\/wp-content\/uploads\/2020\/01\/ngo-darowizna-2018-a4-page-001-724x1024-1.jpg 724w, https:\/\/psonizgierz.pl\/wp-content\/uploads\/2020\/01\/ngo-darowizna-2018-a4-page-001-724x1024-1-212x300.jpg 212w\" sizes=\"auto, (max-width: 724px) 100vw, 724px\" \/><\/figure>\n\n\n","protected":false},"excerpt":{"rendered":"<p>Osoby fizyczne mog\u0105 odliczy\u0107 od kwoty do opodatkowania 6% dochodu (PIT), a osoby prawne 10% dochodu (CIT). Wystarczy dokona\u0107 wp\u0142aty na jedno z g\u0142\u00f3wnych kont bankowych Stowarzyszenia: 19 8783 0004 0020 5942 2000 0002 z dopiskiem: Darowizna na cele statutowe Stowarzyszenie PSONI Ko\u0142o w Zgierzu obejmuje swoim wsparciem dzieci, m\u0142odzie\u017c i doros\u0142e osoby z niepe\u0142nosprawno\u015bci\u0105 [&hellip;]<\/p>\n","protected":false},"author":1,"featured_media":0,"parent":0,"menu_order":0,"comment_status":"closed","ping_status":"closed","template":"full-width.php","meta":{"footnotes":""},"class_list":["post-234","page","type-page","status-publish","hentry"],"_links":{"self":[{"href":"https:\/\/psonizgierz.pl\/index.php?rest_route=\/wp\/v2\/pages\/234","targetHints":{"allow":["GET"]}}],"collection":[{"href":"https:\/\/psonizgierz.pl\/index.php?rest_route=\/wp\/v2\/pages"}],"about":[{"href":"https:\/\/psonizgierz.pl\/index.php?rest_route=\/wp\/v2\/types\/page"}],"author":[{"embeddable":true,"href":"https:\/\/psonizgierz.pl\/index.php?rest_route=\/wp\/v2\/users\/1"}],"replies":[{"embeddable":true,"href":"https:\/\/psonizgierz.pl\/index.php?rest_route=%2Fwp%2Fv2%2Fcomments&post=234"}],"version-history":[{"count":12,"href":"https:\/\/psonizgierz.pl\/index.php?rest_route=\/wp\/v2\/pages\/234\/revisions"}],"predecessor-version":[{"id":5040,"href":"https:\/\/psonizgierz.pl\/index.php?rest_route=\/wp\/v2\/pages\/234\/revisions\/5040"}],"wp:attachment":[{"href":"https:\/\/psonizgierz.pl\/index.php?rest_route=%2Fwp%2Fv2%2Fmedia&parent=234"}],"curies":[{"name":"wp","href":"https:\/\/api.w.org\/{rel}","templated":true}]}}