{"id":2353,"date":"2020-04-20T18:42:35","date_gmt":"2020-04-20T16:42:35","guid":{"rendered":"http:\/\/psonizgierz.pl\/?page_id=2353"},"modified":"2020-06-19T14:16:56","modified_gmt":"2020-06-19T12:16:56","slug":"koronawirus-informacje-i-zalecenia","status":"publish","type":"page","link":"https:\/\/psonizgierz.pl\/?page_id=2353","title":{"rendered":"Koronawirus (informacje i zalecenia)"},"content":{"rendered":"\n<p><strong>Poni\u017cej zamieszczamy link do serwisu, kt\u00f3ry zawiera wa\u017cne informacje dotycz\u0105ce epidemii wirusem SARS-CoV-2 (koronawirus) oraz s\u0142u\u017cy pomoc\u0105 w samoocenie stanu zdrowia w czasie jego trwania<\/strong><\/p>\n\n\n\n<figure class=\"wp-block-image size-large\"><a href=\"https:\/\/covid-monitor.org\/\"><img loading=\"lazy\" decoding=\"async\" width=\"780\" height=\"470\" src=\"https:\/\/psonizgierz.pl\/wp-content\/uploads\/2020\/06\/baner1-780x470-1.jpg\" alt=\"\" class=\"wp-image-2783\" srcset=\"https:\/\/psonizgierz.pl\/wp-content\/uploads\/2020\/06\/baner1-780x470-1.jpg 780w, https:\/\/psonizgierz.pl\/wp-content\/uploads\/2020\/06\/baner1-780x470-1-300x181.jpg 300w, https:\/\/psonizgierz.pl\/wp-content\/uploads\/2020\/06\/baner1-780x470-1-768x463.jpg 768w, https:\/\/psonizgierz.pl\/wp-content\/uploads\/2020\/06\/baner1-780x470-1-240x145.jpg 240w\" sizes=\"auto, (max-width: 780px) 100vw, 780px\" \/><\/a><\/figure>\n\n\n\n<p><\/p>\n\n\n\n<p><\/p>\n\n\n\n<div class=\"wp-block-image\"><figure class=\"alignright size-large is-resized\"><img loading=\"lazy\" decoding=\"async\" src=\"https:\/\/psonizgierz.pl\/wp-content\/uploads\/2020\/05\/Regulamin.png\" alt=\"\" class=\"wp-image-2674\" width=\"239\" height=\"239\" srcset=\"https:\/\/psonizgierz.pl\/wp-content\/uploads\/2020\/05\/Regulamin.png 350w, https:\/\/psonizgierz.pl\/wp-content\/uploads\/2020\/05\/Regulamin-300x300.png 300w, https:\/\/psonizgierz.pl\/wp-content\/uploads\/2020\/05\/Regulamin-180x180.png 180w\" sizes=\"auto, (max-width: 239px) 100vw, 239px\" \/><\/figure><\/div>\n\n\n\n<h2 class=\"wp-block-heading\">SZANOWNI PA\u0143STWO W ZWI\u0104ZKU  ZE WZNOWIENIEM ZAJ\u0118\u0106 BEZPO\u015aREDNICH NA TERENIE  OWI  obowi\u0105zuje <a href=\"https:\/\/psonizgierz.pl\/wp-content\/uploads\/2020\/05\/Regulamin-OWI.pdf\">REGULAMIN KORZYSTANIA<\/a> .<\/h2>\n\n\n\n<h3 class=\"wp-block-heading\"><strong><span class=\"has-inline-color has-vivid-cyan-blue-color\">Prosimy o zapoznanie si\u0119 i przestrzeganie zasad<\/span><\/strong><\/h3>\n\n\n\n<figure class=\"wp-block-image size-large\"><img loading=\"lazy\" decoding=\"async\" width=\"657\" height=\"323\" src=\"https:\/\/psonizgierz.pl\/wp-content\/uploads\/2020\/04\/4470362-koronawirus-civid-19-657-323.jpg\" alt=\"\" class=\"wp-image-2357\" srcset=\"https:\/\/psonizgierz.pl\/wp-content\/uploads\/2020\/04\/4470362-koronawirus-civid-19-657-323.jpg 657w, https:\/\/psonizgierz.pl\/wp-content\/uploads\/2020\/04\/4470362-koronawirus-civid-19-657-323-300x147.jpg 300w\" sizes=\"auto, (max-width: 657px) 100vw, 657px\" \/><\/figure>\n\n\n\n<p><strong><a href=\"https:\/\/www.nfz.gov.pl\/dla-swiadczeniodawcy\/koronawirus\/\">Materia\u0142y do pobrania <\/a><\/strong><\/p>\n\n\n\n<p><strong><a href=\"https:\/\/www.gov.pl\/web\/koronawirus\">Aktualne Informacje i zalecenia <\/a><\/strong><\/p>\n\n\n\n<figure class=\"wp-block-embed-youtube wp-block-embed is-type-video is-provider-youtube wp-embed-aspect-16-9 wp-has-aspect-ratio\"><div class=\"wp-block-embed__wrapper\">\n<iframe loading=\"lazy\" title=\"Kr\u00f3tki film o koronawirusie dla dzieci - video explainer by DINKSY\" width=\"500\" height=\"281\" src=\"https:\/\/www.youtube.com\/embed\/H0mx90NbvuM?feature=oembed\" frameborder=\"0\" allow=\"accelerometer; autoplay; clipboard-write; encrypted-media; gyroscope; picture-in-picture; web-share\" referrerpolicy=\"strict-origin-when-cross-origin\" allowfullscreen><\/iframe>\n<\/div><\/figure>\n\n\n","protected":false},"excerpt":{"rendered":"<p>Poni\u017cej zamieszczamy link do serwisu, kt\u00f3ry zawiera wa\u017cne informacje dotycz\u0105ce epidemii wirusem SARS-CoV-2 (koronawirus) oraz s\u0142u\u017cy pomoc\u0105 w samoocenie stanu zdrowia w czasie jego trwania SZANOWNI PA\u0143STWO W ZWI\u0104ZKU ZE WZNOWIENIEM ZAJ\u0118\u0106 BEZPO\u015aREDNICH NA TERENIE OWI obowi\u0105zuje REGULAMIN KORZYSTANIA . Prosimy o zapoznanie si\u0119 i przestrzeganie zasad Materia\u0142y do pobrania Aktualne Informacje i zalecenia<\/p>\n","protected":false},"author":3,"featured_media":0,"parent":0,"menu_order":0,"comment_status":"closed","ping_status":"closed","template":"","meta":{"footnotes":""},"class_list":["post-2353","page","type-page","status-publish","hentry"],"_links":{"self":[{"href":"https:\/\/psonizgierz.pl\/index.php?rest_route=\/wp\/v2\/pages\/2353","targetHints":{"allow":["GET"]}}],"collection":[{"href":"https:\/\/psonizgierz.pl\/index.php?rest_route=\/wp\/v2\/pages"}],"about":[{"href":"https:\/\/psonizgierz.pl\/index.php?rest_route=\/wp\/v2\/types\/page"}],"author":[{"embeddable":true,"href":"https:\/\/psonizgierz.pl\/index.php?rest_route=\/wp\/v2\/users\/3"}],"replies":[{"embeddable":true,"href":"https:\/\/psonizgierz.pl\/index.php?rest_route=%2Fwp%2Fv2%2Fcomments&post=2353"}],"version-history":[{"count":6,"href":"https:\/\/psonizgierz.pl\/index.php?rest_route=\/wp\/v2\/pages\/2353\/revisions"}],"predecessor-version":[{"id":2784,"href":"https:\/\/psonizgierz.pl\/index.php?rest_route=\/wp\/v2\/pages\/2353\/revisions\/2784"}],"wp:attachment":[{"href":"https:\/\/psonizgierz.pl\/index.php?rest_route=%2Fwp%2Fv2%2Fmedia&parent=2353"}],"curies":[{"name":"wp","href":"https:\/\/api.w.org\/{rel}","templated":true}]}}