{"id":236,"date":"2018-12-06T13:49:33","date_gmt":"2018-12-06T12:49:33","guid":{"rendered":"http:\/\/psonizgierz.pl\/?page_id=236"},"modified":"2019-10-07T15:12:19","modified_gmt":"2019-10-07T13:12:19","slug":"wolontariat","status":"publish","type":"page","link":"https:\/\/psonizgierz.pl\/?page_id=236","title":{"rendered":"Wolontariat"},"content":{"rendered":"<div class=\"post-content\">\n<p><strong><img loading=\"lazy\" decoding=\"async\" class=\"alignleft wp-image-316 size-medium\" src=\"https:\/\/psonizgierz.pl\/wp-content\/uploads\/2018\/12\/volunteer-1326758_1280-300x236.png\" alt=\"\" width=\"300\" height=\"236\" srcset=\"https:\/\/psonizgierz.pl\/wp-content\/uploads\/2018\/12\/volunteer-1326758_1280-300x236.png 300w, https:\/\/psonizgierz.pl\/wp-content\/uploads\/2018\/12\/volunteer-1326758_1280-768x603.png 768w, https:\/\/psonizgierz.pl\/wp-content\/uploads\/2018\/12\/volunteer-1326758_1280-1024x804.png 1024w, https:\/\/psonizgierz.pl\/wp-content\/uploads\/2018\/12\/volunteer-1326758_1280.png 1280w\" sizes=\"auto, (max-width: 300px) 100vw, 300px\" \/>Polskie Stowarzyszenie na rzecz Os\u00f3b z Niepe\u0142nosprawno\u015bci\u0105<\/strong><strong>\u00a0<\/strong><strong> Intelektualn\u0105 Ko\u0142o w Zgierzu od wielu lat korzysta z pomocy wolontariusz<\/strong>y, kt\u00f3rzy po\u015bwi\u0119caj\u0105c sw\u00f3j prywatny czas, wspieraj\u0105 nas\u00a0 na co dzie\u0144 w prowadzonych przez nas formach dzia\u0142alno\u015bci w ramach plac\u00f3wek jak i poza nimi.<\/p>\n<p><em>Je\u017celi masz ochot\u0119 nam pom\u00f3c, masz \u201etroch\u0119 wolnego czasu\u201d i chcesz pom\u00f3c innym, chcesz zdoby\u0107 do\u015bwiadczenie \u2013 zg\u0142o\u015b si\u0119 do nas. <\/em><\/p>\n<p><em>Mo\u017cesz przyj\u015b\u0107, poby\u0107 z nami, odby\u0107 sta\u017ce:<\/em><\/p>\n<ul>\n<li><em> w plac\u00f3wkach dla dzieci: O\u015brodku Wczesnej Interwencji, <\/em><\/li>\n<li><em>w plac\u00f3wkach dla os\u00f3b doros\u0142ych: Warsztatach Terapii Zaj\u0119ciowej, \u015arodowiskowym Domu Samopomocy, Zespole terapeutycznym &#8222;Aktywno\u015bci Spo\u0142ecznej&#8217;, Domu Mieszkalnym<\/em><\/li>\n<li><em>w organizacji spotka\u0144, grup wsparcia, cyklicznych wydarzeniach integracyjnych <\/em><\/li>\n<li><em>w Cafe Bistro &#8222;U Tkaczy&#8221;<\/em><\/li>\n<\/ul>\n<p>Zaproponuj nam form\u0119 wsp\u00f3\u0142pracy \u2013 aby w jak najlepszy spos\u00f3b wykorzysta\u0107 Tw\u00f3j potencja\u0142 i mo\u017cliwo\u015bci.<\/p>\n<p><strong>Prze\u015blij nam swoj\u0105 ofert\u0119: \u00a0\u00a0 psonizgierz.pl<\/strong><\/p>\n<p>\u00a0<\/p>\n<p><strong>\u00a0<\/strong><\/p>\n<p>\u00a0<\/p>\n<\/div>\n\n\n<h2 class=\"wp-block-heading\"> <strong>Nowe cenne do\u015bwiadczenie \u017cyciowe i zawodowe= wolontariat w O\u015brodku Wczesnej Interwencji PSONI Zgierz <\/strong><\/h2>\n\n\n\n<p>Wyj\u0105tkowa mo\u017cliwo\u015b\u0107:<\/p>\n\n\n\n<ul class=\"wp-block-list\"><li>wsp\u00f3\u0142praca z najlepszymi w regionie specjalistami wspomagania rozwoju dzieci (psycholog, psychoterapeuta, neurologopeda, logopeda, oligofrenopedagog, fizjoterapeuta, terapeuta AAC);<\/li><li>rozw\u00f3j osobisty, sprawdzenie siebie;<\/li><li>rozw\u00f3j kariery zawodowej &#8211; zdobycie wiedzy, cennego zawodowego i \u017cyciowego do\u015bwiadczenia, nowych umiej\u0119tno\u015bci (= lepsza pozycja na rynku pracy);<\/li><li>ofiarowanie cz\u0105stki siebie;<\/li><li>praca na rzecz innych os\u00f3b\u2026<\/li><\/ul>\n\n\n\n<p>To wszystko, a nawet jeszcze wi\u0119cej, oferuje w ramach swojej dzia\u0142alno\u015bci&nbsp;<strong>O\u015aRODEK WCZESNEJ INTERWENCJI<\/strong>&nbsp;Polskiego Stowarzyszenia na rzecz Os\u00f3b z Niepe\u0142nosprawno\u015bci\u0105 Intelektualn\u0105 Ko\u0142o w Zgierzu w formie&nbsp;<strong>WOLONTARIATU *<em>lub<\/em>* PRAKTYK<\/strong>.<\/p>\n\n\n\n<p><strong>Nie zwlekaj, skontaktuj si\u0119 z nami ju\u017c dzi\u015b\u2026<\/strong><\/p>\n\n\n\n<p> Polskie Stowarzyszenie na rzecz Os\u00f3b z Niepe\u0142nosprawno\u015bci\u0105 Intelektualn\u0105 Ko\u0142o w Zgierzu O\u015aRODEK WCZESNEJ INTERWENCJI<\/p>\n\n\n\n<p>E-mail:<a href=\"mailto:owizgierz@o2.pl\">owizgierz@o2.pl<\/a><\/p>\n\n\n\n<p>Telefon:42 717 47 11 <\/p>\n","protected":false},"excerpt":{"rendered":"<p>Polskie Stowarzyszenie na rzecz Os\u00f3b z Niepe\u0142nosprawno\u015bci\u0105\u00a0 Intelektualn\u0105 Ko\u0142o w Zgierzu od wielu lat korzysta z pomocy wolontariuszy, kt\u00f3rzy po\u015bwi\u0119caj\u0105c sw\u00f3j prywatny czas, wspieraj\u0105 nas\u00a0 na co dzie\u0144 w prowadzonych przez nas formach dzia\u0142alno\u015bci w ramach plac\u00f3wek jak i poza nimi. Je\u017celi masz ochot\u0119 nam pom\u00f3c, masz \u201etroch\u0119 wolnego czasu\u201d i chcesz pom\u00f3c innym, chcesz [&hellip;]<\/p>\n","protected":false},"author":1,"featured_media":0,"parent":0,"menu_order":0,"comment_status":"closed","ping_status":"closed","template":"full-width.php","meta":{"footnotes":""},"class_list":["post-236","page","type-page","status-publish","hentry"],"_links":{"self":[{"href":"https:\/\/psonizgierz.pl\/index.php?rest_route=\/wp\/v2\/pages\/236","targetHints":{"allow":["GET"]}}],"collection":[{"href":"https:\/\/psonizgierz.pl\/index.php?rest_route=\/wp\/v2\/pages"}],"about":[{"href":"https:\/\/psonizgierz.pl\/index.php?rest_route=\/wp\/v2\/types\/page"}],"author":[{"embeddable":true,"href":"https:\/\/psonizgierz.pl\/index.php?rest_route=\/wp\/v2\/users\/1"}],"replies":[{"embeddable":true,"href":"https:\/\/psonizgierz.pl\/index.php?rest_route=%2Fwp%2Fv2%2Fcomments&post=236"}],"version-history":[{"count":5,"href":"https:\/\/psonizgierz.pl\/index.php?rest_route=\/wp\/v2\/pages\/236\/revisions"}],"predecessor-version":[{"id":1909,"href":"https:\/\/psonizgierz.pl\/index.php?rest_route=\/wp\/v2\/pages\/236\/revisions\/1909"}],"wp:attachment":[{"href":"https:\/\/psonizgierz.pl\/index.php?rest_route=%2Fwp%2Fv2%2Fmedia&parent=236"}],"curies":[{"name":"wp","href":"https:\/\/api.w.org\/{rel}","templated":true}]}}