{"id":2412,"date":"2020-04-21T15:43:06","date_gmt":"2020-04-21T13:43:06","guid":{"rendered":"http:\/\/psonizgierz.pl\/?page_id=2412"},"modified":"2025-05-12T19:55:31","modified_gmt":"2025-05-12T17:55:31","slug":"nasz-zespol","status":"publish","type":"page","link":"https:\/\/psonizgierz.pl\/?page_id=2412","title":{"rendered":"NASZ ZESP\u00d3\u0141"},"content":{"rendered":"\n<p><strong>LEKARZE<\/strong><\/p>\n\n\n\n<p>lek. med. <mark style=\"background-color:rgba(0, 0, 0, 0)\" class=\"has-inline-color has-vivid-cyan-blue-color\"><strong>Urszula Dryja-Grzeli\u0144ska<\/strong><\/mark> \u2013 pediatra, w trakcie specjalizacji z neurologii dzieci\u0119cej<\/p>\n\n\n\n<p>lek.med. <strong><mark style=\"background-color:rgba(0, 0, 0, 0)\" class=\"has-inline-color has-vivid-cyan-blue-color\">Grzegorz Jab\u0142o\u0144ski<\/mark><\/strong>&#8211; psychiatra<\/p>\n\n\n\n<p>lek.med. <strong><mark style=\"background-color:rgba(0, 0, 0, 0)\" class=\"has-inline-color has-vivid-cyan-blue-color\">Gra\u017cyna Kierszniewska<\/mark><\/strong> \u2013  psychiatra dzieci i m\u0142odzie\u017cy<\/p>\n\n\n\n<p>lek. med. <mark style=\"background-color:rgba(0, 0, 0, 0)\" class=\"has-inline-color has-vivid-cyan-blue-color\"><strong>Iwona Makowska<\/strong><\/mark> \u2013 psychiatra dzieci i m\u0142odzie\u017cy<\/p>\n\n\n\n<p>lek.med. <strong><mark style=\"background-color:rgba(0, 0, 0, 0)\" class=\"has-inline-color has-vivid-cyan-blue-color\">Ma\u0142gorzata Piotrowicz<\/mark><\/strong> \u2013  genetyk<\/p>\n\n\n\n<p>lek. med. <strong><mark style=\"background-color:rgba(0, 0, 0, 0)\" class=\"has-inline-color has-vivid-cyan-blue-color\">Jakub Siemi\u0105tkowski<\/mark><\/strong> &#8211; psychiatra<\/p>\n\n\n\n<p>lek. med. <span class=\"has-inline-color has-vivid-cyan-blue-color\"><strong>Ma\u0142gorzata Szkoda-K\u0142os<\/strong><\/span> \u2013 pediatra, pulmonolog<\/p>\n\n\n\n<p>dr n.med. <strong><span class=\"has-inline-color has-vivid-cyan-blue-color\">Anna Zwierzchowska <\/span><\/strong>\u2013  rehabilitacja medyczna<\/p>\n\n\n\n<p><strong>PSYCHOLODZY<\/strong><\/p>\n\n\n\n<p><strong>Ma\u0142gorzata Adamska<\/strong><\/p>\n\n\n\n<p>\u2013 jestem psychologiem, absolwentk\u0105 Uniwersytetu \u0141\u00f3dzkiego. Uko\u0144czy\u0142am studia podyplomowe z zakresu Wczesnego Wspomagania Rozwoju Ma\u0142ych Dzieci ze Z\u0142o\u017conymi Zaburzeniami oraz Wsparcia ich Rodzin na Akademii Pedagogiki Specjalnej im. Marii Grzegorzewskiej w Warszawie oraz oligofrenopedagogik\u0119 i kwalifikacje pedagogiczne na Wy\u017cszej Szkole Gospodarki Krajowej w Kutnie. W O\u015brodku Wczesnej Interwencji pracuj\u0119 jako psycholog. Prowadz\u0119 zaj\u0119cia indywidualne z dzie\u0107mi i udzielam wsparcia rodzinie. Posiadam wiedz\u0119 i kwalifikacje z zakresu wykorzystania w pracy z dzieckiem bajkoterapii, Stosowanej Analizy Zachowa\u0144, analizy rysunku, treningu umiej\u0119tno\u015bci spo\u0142ecznych oraz diagnozy rozwoju intelektualnego dziecka.<\/p>\n\n\n\n<p><strong>Aleksandra Gapi\u0144ska<\/strong><\/p>\n\n\n\n<p>&#8211;<\/p>\n\n\n\n<p><strong>Ma\u0142gorzata Juszczak-Kapusta<\/strong><\/p>\n\n\n\n<p>\u2013 psycholog, pedagog, terapeutka wczesnej interwencji, terapeutka integracji sensorycznej. Praca z dzie\u0107mi by\u0142a moim marzeniem od zawsze. Nieustannie szkol\u0119 si\u0119 z zakresu diagnozy, terapii i metod pracy z dzie\u0107mi (g\u0142. z dzie\u0107mi z zaburzeniami rozwoju, op\u00f3\u017anieniem w rozwoju psychoruchowym, z zaburzeniami ze spektrum autyzmu, z trudno\u015bciami komunikacyjnymi, zespo\u0142ami genetycznymi, jak r\u00f3wnie\u017c z zaburzeniami zachowaniami oraz sprawiaj\u0105cymi trudno\u015bci wychowawcze). Pracuj\u0119 z dzie\u0107mi i ich rodzinami zar\u00f3wno indywidualnie, jak i grupowo, mam r\u00f3wnie\u017c do\u015bwiadczenie w pracy z osobami doros\u0142ymi z niepe\u0142nosprawno\u015bci\u0105 intelektualn\u0105 i niepe\u0142nosprawno\u015bci\u0105 sprz\u0119\u017con\u0105. Lubi\u0119 s\u0142ucha\u0107 innych. W wolnych chwilach (je\u015bli ju\u017c takie si\u0119 znajd\u0105) czytam ksi\u0105\u017cki, g\u0142. krymina\u0142y.<\/p>\n\n\n\n<p><strong>Monika Okrasa<\/strong><\/p>\n\n\n\n<p>&#8211; psycholog, pedagog. Jestem absolwentk\u0105 Uniwersytetu \u0141\u00f3dzkiego oraz Spo\u0142ecznej Akademii Nauk. W O\u015brodku Wczesnej Interwencji prowadz\u0119 zaj\u0119cia indywidualne z dzie\u0107mi oraz zaj\u0119cia grupowe. Posiadam wiedz\u0119 i kwalifikacje z zakresu Metody Ruchu Rozwijaj\u0105cego Weroniki Sherborne. Do wszystkich dzieci podchodz\u0119 indywidualnie i dostosowuje metody do ich potrzeb.<br>W wolnych chwilach jestem s\u0119dzi\u0105 pi\u0142ki no\u017cnej, pasjonuj\u0119 si\u0119 te\u017c wolontariatem sportowym.<\/p>\n\n\n\n<p><strong>Patrycja Zieli\u0144ska<\/strong><\/p>\n\n\n\n<p>\u2013 jestem absolwentk\u0105 Uniwersytetu \u0141\u00f3dzkiego w&nbsp;O\u015brodku Wczesnej Interwencji pracuj\u0119 jako psycholog. Uko\u0144czy\u0142am studia podyplomowe z Diagnozy Psychologicznej w Praktyce Klinicznej na SWPS Uniwersytecie Humanistycznospo\u0142ecznym w Warszawie. Posiadam kwalifikacj\u0119 do oceny poziomu intelektualnego dziecka. Uko\u0144czy\u0142am&nbsp;kursy z zakresu diagnozy i metod stosowanych w terapii spektrum autyzmu oraz psychologii j\u0119zyka. W pracy z dzie\u0107mi stawiam na relacj\u0119 i indywidualne podej\u015bcie oparte o wiedz\u0119.&nbsp;Czas wolny sp\u0119dzam w gronie najbli\u017cszych.&nbsp;<\/p>\n\n\n\n<p><strong>PSYCHOTERAPEUCI<\/strong><\/p>\n\n\n\n<p><strong>Martyna Kochanek<\/strong><\/p>\n\n\n\n<p>\u2013 jestem psychologiem i psychoterapeut\u0105 rodzinnym. Jestem absolwentk\u0105 Uniwersytetu \u0141\u00f3dzkiego wydzia\u0142u Nauk o Wychowaniu kierunku psychologia (studia jednolite magisterskie). Tytu\u0142 magistra obroni\u0142am w 2016 roku. Na studiach uko\u0144czy\u0142am specjalno\u015b\u0107 psychologia wspierania rozwoju i efektywnego funkcjonowania cz\u0142owieka. W 2022 roku uko\u0144czy\u0142am Czteroletni kurs Psychoterapii Systemowej w Krakowie posiadaj\u0105cym rekomendacj\u0119 Polskiego Towarzystwa Psychologicznego. Uko\u0144czy\u0142am r\u00f3wnie\u017c szereg szkole\u0144 z zakresu terapii rodzin oraz dzieci.<\/p>\n\n\n\n<p>Swoje do\u015bwiadczenie zdobywa\u0142am na Oddziale Psychiatrycznym dla dzieci w Szpitalu im. J. Babi\u0144skiego w \u0141odzi, w O\u015brodku Wczesnej Interwencji, w Fundacji Kolorowy \u015awiat, w poradniach psychologicznych, w szkole podstawowej oraz w prywatnym gabinecie.<\/p>\n\n\n\n<p>Zajmuje si\u0119 przede wszystkim terapi\u0105 rodzin oraz par, ale tak\u017ce terapi\u0105 indywidualn\u0105 dzieci, m\u0142odzie\u017cy i doros\u0142ych. Prowadz\u0119 r\u00f3wnie\u017c konsultacj\u0119 dla rodzic\u00f3w w trudnym procesie rozwodzenia si\u0119, przygotowaniu si\u0119 do kolejnego etapu w ich \u017cyciu. W zale\u017cno\u015bci od potrzeb towarzysz\u0119 im we w\u0142asnych, indywidualnych prze\u017cyciach zwi\u0105zanych z rozstawaniem si\u0119, poczuciem pora\u017cki lub z\u0142o\u015bci\u0105. W tym szczeg\u00f3lnym trudnym czasie budujemy now\u0105 p\u0142aszczyzn\u0119 porozumiewania si\u0119 w ich rolach rodzicielskich, ale r\u00f3wnie\u017c bardzo wa\u017cne jest wsparcie dzieci w tym okresie.<\/p>\n\n\n\n<p>Wa\u017cnym obszarem mojej pracy jest r\u00f3wnie\u017c wsparcie dzieci i ich rodzic\u00f3w, kt\u00f3rzy poszukuj\u0105 swojego modelu dobrego rodzicielstwa. W tym szczeg\u00f3lnym czasie towarzysz\u0119 moim pacjentom, oferuj\u0105c pomoc w ich w\u0105tpliwo\u015bciach i trudno\u015bciach oraz wsparciu w pog\u0142\u0119bianiu kompetencji rodzicielskich.<\/p>\n\n\n\n<p>W pracy z dzie\u0107mi i m\u0142odzie\u017c\u0105 zajmuje si\u0119 tak\u017ce diagnoz\u0105 psychologiczn\u0105. Pracuje z dzie\u0107mi i m\u0142odzie\u017c\u0105 zmagaj\u0105cymi si\u0119 z trudno\u015bciami w kontaktach z innymi, adaptacj\u0105 do nowych warunk\u00f3w, niskim poczuciem w\u0142asnej warto\u015bci, nie\u015bmia\u0142o\u015bci\u0105, zaburzeniami emocjonalnymi (w tym depresj\u0105), zachowaniami zwi\u0105zanymi z l\u0119kiem lub agresj\u0105, my\u015blami samob\u00f3jczymi i samouszkodzeniami, zaburzeniami psychosomatycznymi. Specjalizuje si\u0119 r\u00f3wnie\u017c w terapii dzieci i m\u0142odzie\u017cy z anoreksj\u0105, bulimi\u0105, spektrum autyzmu, DDA, ADHD.<\/p>\n\n\n\n<p>Moje kwalifikacje na bie\u017c\u0105co uzupe\u0142niam licznymi szkoleniami i kursami.<br>Obecnie uko\u0144czone szkolenia, konferencje oraz warsztaty:<\/p>\n\n\n\n<ul class=\"wp-block-list\"><li>Wczesna diagnoza i wspomaganie rozwoju dziecka z zaburzeniami ze spektrum autyzmu.<\/li><li>Terapia os\u00f3b ze spektrum autyzmu.<\/li><li>Diagnoza psychologiczna sytuacji rodzinnej pacjenta\/ucznia w oparciu o teori\u0119 systemowej terapii rodzin organizowanym przez O\u015brodek Psychoterapii Systemowej w Krakowie.<\/li><li>\u201eMa\u0142e dziecko w terapii. M\u00f3j maluch nie chce wsp\u00f3\u0142pracowa\u0107. Co robi\u0107?\u201d<\/li><li>\u201eWzrok, s\u0142uch, w\u0119ch, smak &#8211; niedoceniane, a jak\u017ce wa\u017cne. Integralna praca zmys\u0142\u00f3w\u201d<\/li><li>\u201eProfilaktyka problemowych, niekorzystnych rozwojowo zachowa\u0144 seksualnych i wspieranie rozwoju psychoseksualnego dzieci z zaburzeniami i niepe\u0142nosprawno\u015bci\u0105\u201d<\/li><li>\u201ePraca Metod\u0105 Krakowsk\u0105 &#8211; szkolenia podstawowe w ramach Metody Krakowskiej\u201d<\/li><li>Konferencja \u201e Uzale\u017cnienia a Wyzwania Terapii i Edukacji &#8211; Edycja III\u201d.<br><br><\/li><\/ul>\n\n\n\n<p>&nbsp;&nbsp;&nbsp;&nbsp;&nbsp;&nbsp;&nbsp;&nbsp;&nbsp;&nbsp;&nbsp; Podczas spotka\u0144 terapeutycznych kieruje si\u0119 prze\u015bwiadczeniem, \u017ce nikt nie jest m\u0105drzejszy ani wa\u017cniejszy. Nikt nie ma licencji na nauczanie innych ani bycie ich przewodnikiem, poniewa\u017c ka\u017cda osoba uczestnicz\u0105ca w spotkaniu ma inne do\u015bwiadczenia, a wi\u0119c tak\u017ce inny ogl\u0105d rzeczywisto\u015bci, moim zadaniem jest gotowo\u015b\u0107 do tego, \u017ceby towarzyszy\u0107, uczy\u0107 si\u0119 od siebie nawzajem, a tak\u017ce otwarto\u015b\u0107 na to, co inne osoby mog\u0105 wnie\u015b\u0107 do wsp\u00f3lnego rozumienia oraz rozwi\u0105zania problemu. W swojej pracy uwa\u017cnie s\u0142ucham i zawsze szukam najlepszych rozwi\u0105za\u0144. Jestem zaanga\u017cowana w swoj\u0105 prac\u0119, po\u015bwi\u0119cam na ni\u0105 du\u017co energii i specjalistycznej wiedzy. Do ka\u017cdej osoby i sytuacji podchodz\u0119 tw\u00f3rczo, nie stosuj\u0119 schematycznego podej\u015bcia, rozumiem, \u017ce ka\u017cda historia jest niepowtarzalna a ka\u017cdy cz\u0142owiek jest fenomenem. W podej\u015bciu do zg\u0142aszaj\u0105cych si\u0119 os\u00f3b jestem autentyczna &#8211; traktuj\u0119 innych tak jakbym sama chcia\u0142a by\u0107 traktowana.<\/p>\n\n\n\n<p>Aktualnie pracuje w O\u015brodku Wczesnej Interwencji jako psychoterapeutka, a tak\u017ce w prywatnym gabinecie.<\/p>\n\n\n\n<p>Systematycznie superwizuj\u0119 swoj\u0105 prac\u0119 psychoterapeutyczn\u0105.<\/p>\n\n\n\n<p><strong>\u0141ukasz Michiewicz<\/strong><\/p>\n\n\n\n<p><strong>\u2013<\/strong> jestem psychologiem i certyfikowanym psychoterapeut\u0105 Polskiego Towarzystwa Psychiatrycznego (cert. nr 870). Specjalizuj\u0119 si\u0119 w psychoterapii dzieci i m\u0142odzie\u017cy oraz terapii rodzin i par. Od kilkunastu lat zajmuj\u0119 si\u0119 terapi\u0105 oraz diagnoz\u0105 szerokiego spektrum zaburze\u0144 rozwojowych i psychicznych, w tym zaburze\u0144 za spektrum autyzmu. Pracuj\u0119 integruj\u0105c wsp\u00f3\u0142czesne nurty systemowe i psychodynamiczne. W czasie wolnym uwielbiam dobr\u0105 muzyk\u0119 i g\u00f3rskie wycieczki.<\/p>\n\n\n\n<p><strong>Jaros\u0142awa Kwa\u015bniak<\/strong><\/p>\n\n\n\n<p>&#8211;<\/p>\n\n\n\n<p><strong>LOGOPEDZI<\/strong><\/p>\n\n\n\n<p><\/p>\n\n\n\n<p><strong>Justyna Buja\u0142a<\/strong><\/p>\n\n\n\n<p>\u2013 logopeda,oligofrnopedagog, nauczyciel edukacji wczesnoszkolnej. Obecnie poszerzam swoje kwalifikacje studiuj\u0105c Neurologopedie. W O\u015brodku Wczesnej Interwencji jest m logoped\u0105. W pracy wspieram dzieci w procesie ich prawid\u0142owego rozwoju oraz w pokonywaniu barier j\u0119zykowych. Z pracy z drugim cz\u0142owiekiem czerpie mn\u00f3stwo satysfakcji i po prostu to lubi\u0119.<br>Po pracy lubi\u0119 aktywnie sp\u0119dza\u0107 czas ze znajomymi, odwiedza\u0107 teatry oraz chodzi\u0107 na d\u0142ugie spacery.<br>Staram si\u0119, aby u\u015bmiech towarzyszy\u0142 mi na co dzie\u0144, poniewa\u017c u\u015bmiech to taka krzywa,kt\u00f3ra wszystko prostuje.<\/p>\n\n\n\n<p><strong>Monika Fryt<\/strong><\/p>\n\n\n\n<p>\u2013 od ponad 10 lat pracuj\u0119 z dzie\u0107mi, wk\u0142adaj\u0105c ca\u0142e serce w swoj\u0105 prac\u0119 i opiek\u0119 nad wszystkimi podopiecznymi. Ciesz\u0119 si\u0119 z ka\u017cdego sukcesu, kt\u00f3re odnosz\u0105 pod moimi skrzyd\u0142ami dzieci. Zawsze dostosowuj\u0119 terapi\u0119 do potrzeb, mo\u017cliwo\u015bci i zainteresowa\u0144 dziecka. Moj\u0105 pasj\u0105 jest wyszukiwanie oraz tworzenie ciekawych, edukacyjnych i wszechstronnie rozwijaj\u0105cych gier i pomocy dla dzieci. Bardzo wa\u017cna jest dla mnie wsp\u00f3\u0142praca z Rodzicami, dlatego zach\u0119cam do aktywnego udzia\u0142u opiekun\u00f3w w terapii. Prywatnie mama, kt\u00f3ra kocha podr\u00f3\u017ce i sp\u0119dzanie czasu z rodzin\u0105.<\/p>\n\n\n\n<p><\/p>\n\n\n\n<p><strong>Anna Jacel<\/strong><\/p>\n\n\n\n<p><strong>&#8211; <\/strong>z pierwszego wykszta\u0142cenia jestem technikiem organizacji us\u0142ug gastronomicznych z zami\u0142owaniem w kierunku baristyki (kawa). Z drugiego wykszta\u0142cenia, ju\u017c tego docelowego, jestem logoped\u0105 oraz (nied\u0142ugo) oligofrenopedagogiem.\u00a0Z umiej\u0119tno\u015bci jakie posiadam to zdecydowanie \u2013 organizowanie rzeczy niemo\u017cliwych (na cuda trzeba troszeczk\u0119 poczeka\u0107).\u00a0 Szkolenia jakie odby\u0142am podczas studi\u00f3w to: kurs j\u0119zyka migowego 1szego stopnia oraz szkolenie Integracji Sensorycznej I stopnia. Jestem te\u017c wychowawc\u0105 kolonijnym. Moimi zainteresowaniami s\u0105 sport, amatorsko sporty wodne i siatk\u00f3wka, podr\u00f3\u017ce, muzyka (ale \u015bpiewa\u0107 nie umiem) i na sam koniec gotowanie, a w sumie bardziej pieczenie.<\/p>\n\n\n\n<p><strong>Lidia Okrasa<\/strong><\/p>\n\n\n\n<p>&#8211;<\/p>\n\n\n\n<p><strong>Weronika Olczyk<\/strong><\/p>\n\n\n\n<p><strong>\u2013 <\/strong>logopeda, terapeuta r\u0119ki, terapeuta Metody Tomatisa. Jestem absolwentk\u0105 Uniwersytetu \u0141\u00f3dzkiego, gdzie uko\u0144czy\u0142am studia pierwszego i drugiego stopnia na kierunku Logopedia oraz podyplomowo Neurologopedi\u0119. Dodatkowo uko\u0144czy\u0142am r\u00f3wnie\u017c Edukacj\u0119 Przedszkoln\u0105 i Wczesnoszkoln\u0105 na Uczelni Nauk Spo\u0142ecznych. Mam do\u015bwiadczenie w pracy z dzie\u0107mi ze specjalnymi potrzebami edukacyjnymi zar\u00f3wno w wieku przedszkolnym jak i szkolnym. Prywatnie uwielbiam piec s\u0142odko\u015bci \ud83d\ude0a<\/p>\n\n\n\n<p><strong>Karolina St\u0119pniak<\/strong><\/p>\n\n\n\n<p>\u2013 jestem psychopedagogiem, logoped\u0105 i terapeut\u0105 integracji sensorycznej. Od ponad 17 lat pracuje z dzie\u0107mi w r\u00f3\u017cnych plac\u00f3wkach, tj. przedszkole, \u015bwietlice \u015brodowiskowe czy o\u015brodkach terapeutyczne. Jednak\u017ce to logopedia skrad\u0142a moje serce najbardziej. Praca z dzie\u0107mi przynosi mi wiele satysfakcji i rado\u015bci. Jak to m\u00f3wi powiedzenie &#8222;je\u017celi lubisz to co robisz to nie przepracujesz w \u017cyciu ani jednego dnia&#8221; a wi\u0119c czy ja w og\u00f3le gdziekolwiek pracuje?<\/p>\n\n\n\n<p><strong>Agnieszka Truszczy\u0144ska<\/strong><\/p>\n\n\n\n<p>&#8211; Z pierwszego wykszta\u0142cenia jestem po\u0142o\u017cn\u0105 i posiadam do\u015bwiadczenie w pracy z ma\u0142ymi dzie\u0107mi, kt\u00f3re naby\u0142am podczas pracy w Miejskim \u017b\u0142obku w \u0141odzi. Niedawno uko\u0144czy\u0142am studia podyplomowe na Uniwersytecie \u0141\u00f3dzkim na kierunku Neurologopedia. Stale poszerzam swoj\u0105 wiedz\u0119, uczestnicz\u0105c w szkoleniach dotycz\u0105cych metod i technik wykorzystywanych w terapii logopedycznej. Lubi\u0119 pracowa\u0107 z dzie\u0107mi i cieszy\u0107 si\u0119 wraz z nimi ich post\u0119pami. Podczas zaj\u0119\u0107 staram si\u0119 wykorzystywa\u0107 moj\u0105 kreatywno\u015b\u0107 i poczucie humoru. W wolnych chwilach czytam ksi\u0105\u017cki dotycz\u0105ce psychologii i samorozwoju.<\/p>\n\n\n\n<p><strong>PEDAGODZY<\/strong><\/p>\n\n\n\n<p><strong>Natalia Adnrzejewska<\/strong><\/p>\n\n\n\n<p>&#8211;<\/p>\n\n\n\n<p><strong>Martyna Banasiak<\/strong>&#8211;<strong>Bini\u0119da<\/strong><\/p>\n\n\n\n<p>\u2013 pedagog wspieraj\u0105cy, oligofrenopedagog, certyfikowany terapeuta integracji sensorycznej. &nbsp;Jestem absolwentk\u0105 m.in. Akademii Pedagogiki Specjalnej im. M. Grzegorzewskiej w Warszawie. Oddana swojej pracy, ciep\u0142a i pe\u0142na pasji do tego co robi\u0119. W pracy pedagoga liczy si\u0119 dla mnie rozw\u00f3j, tak dzieci, z kt\u00f3rymi pracuj\u0119 jak i w\u0142asny, oparty na rzetelnej wiedzy i do\u015bwiadczeniu. Kocham pracowa\u0107 w grupie i nie wyobra\u017cam sobie nie m\u00f3c pracowa\u0107 z drugim cz\u0142owiekiem. Jestem komunikatywna, kreatywna i gotowa do przyjmowania wyzwa\u0144. Prywatnie fanka kot\u00f3w i postaci Moniki z serialu \u201ePrzyjaciele\u201d.<\/p>\n\n\n\n<p><strong>Joanna Cicho\u0144<\/strong><\/p>\n\n\n\n<p>\u2013 pedagog specjalny, tyflopedagog, terapeuta widzenia z wieloletnim do\u015bwiadczeniem w pracy z dzie\u0107mi z niepe\u0142nosprawno\u015bciami. Od lat wzbogacam wiedz\u0119 z zakresu rehabilitacji wzroku bior\u0105c udzia\u0142 w specjalistycznych kursach i konferencjach. Do\u015bwiadczenie zdobywa\u0142am m.in w O\u015brodku Wczesnej Interwencji w Gda\u0144sku. W procesie terapii niezwykle ceni\u0119 holistyczne podej\u015bcie do dziecka, blisk\u0105 wsp\u00f3\u0142prac\u0119 z jego rodzin\u0105 i innymi specjalistami.<\/p>\n\n\n\n<p><strong>Katarzyna Cylke<\/strong><\/p>\n\n\n\n<p>\u2013 uko\u0144czy\u0142am Wy\u017csz\u0105 Szko\u0142\u0119 Humanistyczno-Ekonomiczn\u0105 w \u0141odzi na kierunku Psychopedagogiki oraz Wy\u017csz\u0105 Szko\u0142\u0119 Nauk o Zdrowiu w \u0141odzi na kierunku Surdopedagogika.<br>Swoj\u0105 karier\u0119 zawodow\u0105 rozpocz\u0119\u0142am od pracy w przedszkolu a nast\u0119pne kolejne do\u015bwiadczenia zbiera\u0142am podczas pracy w Domu Dziecka w \u0141odzi.<br>W O\u015brodku Wczesnej Interwencji pracuje jako pedagog prowadz\u0119 zaj\u0119cia indywidualne oraz grupowe.<br>Du\u017ca satysfakcj\u0119 daje mi praca z dzie\u0107mi, obserwowanie ich sukces\u00f3w i rozwoju. Bardzo lubi\u0119 podr\u00f3\u017ce, zwiedzanie nowych miejsc. Moja pasja jest muzyka i ksi\u0105\u017cka. Ka\u017cda wolna chwile staram si\u0119 po\u015bwi\u0119ci\u0107 lekturze.<\/p>\n\n\n\n<p><strong>Adrianna G\u00f3rnik<\/strong><\/p>\n\n\n\n<p>&#8211; magister opieki i terapii pedagogicznej, oligofrenopedagog i wychowawca przedszkolny. Diagnosta i terapeuta neurorozwojowy oraz terapeuta r\u0119ki. Uczestnik szkolenia z Polskiego j\u0119zyka migowego (PJM) na poziome A1. W pracy z dzie\u0107mi patrz\u0119 nie tylko na ma\u0142ego pacjenta ale na ca\u0142\u0105 rodzin\u0119 obdarzaj\u0105c j\u0105 wsparciem i zrozumieniem. Moim celem jest poprawa zaburzonych funkcji poznawczych u dzieci oraz funkcji motorycznych, kt\u00f3re bezpo\u015brednio na siebie oddzia\u0142uj\u0105. Kieruj\u0119 si\u0119 zasad\u0105 terapii poprzez zabaw\u0119, aby zachowa\u0107 naturalne dla dziecka \u015brodowisko poznawcze, daj\u0105c mu motywacj\u0119 do \u0107wicze\u0144 ale i sprawiaj\u0105c, \u017ce terapia staje si\u0119 przyjemnie sp\u0119dzonym czasem. Od 2014 roku wspieram wokalnie akcje WO\u015aP, w 2024 roku poprowadzi\u0142am rownie\u017c jej 32 Fina\u0142 w moim rodzinnym mie\u015bcie. W latach poprzednich by\u0142am wolontariuszem w Szlachetnej Paczce. Obecnie anga\u017cuj\u0119 si\u0119 w akcje i zbi\u00f3rki na rzecz dzieci. Prywatnie jestem mam\u0105 szalonej trzylatki i amatorsko realizuj\u0119 si\u0119 w pasji do \u015bpiewu.<\/p>\n\n\n\n<p><strong>Rados\u0142aw Piotrowicz<\/strong><\/p>\n\n\n\n<p>&#8211; jestem pedagogiem specjalnym- oligofrenopedagogiem, specjalist\u0105 rehabilitacji dzieci ze sprz\u0119\u017cona niepe\u0142nosprawno\u015bci\u0105, terapeut\u0105 wczesnej interwencji, konsultantem, trenerem, wyk\u0142adowc\u0105 Akademii Pedagogiki Specjalnej im. Marii Grzegorzewskiej w Warszawie. Moja pierwsze do\u015bwiadczenie to 30 lat temu w OWI i trwa do dzi\u015b\u2026.<\/p>\n\n\n\n<p><strong>Ewa Skatulska<\/strong><\/p>\n\n\n\n<p>\u2013 jestem pedagogiem specjalnym (oligofrenopedagogiem), wychowawc\u0105 w internacie SOSW nr 3 w \u0141odzi, terapeut\u0105 zaj\u0119ciowym, terapeut\u0105 r\u0119ki, terapeut\u0105 AAC i dru\u017cynow\u0105 2 \u0141DH NS im. Jana Brzechwy\u2026ufff troch\u0119 tego jest. Nadal jednak poszerzam swoj\u0105 wiedz\u0119, uczestnicz\u0105c w r\u00f3\u017cnego rodzaju szkoleniach, kursach, warsztatach czy konferencjach (terapia behawioralna, elementy integracji sensorycznej, AAC, itp.), \u017ceby jak najlepiej pomaga\u0107 dzieciom i ich rodzinom. Od lat pracuj\u0119 z osobami niepe\u0142nosprawnymi w r\u00f3\u017cnym wieku i opr\u00f3cz podr\u00f3\u017cy, jest to moja najwi\u0119ksza pasja. Ka\u017cde dziecko jest inne, wyj\u0105tkowe, niepowtarzalne i wymaga indywidualnego podej\u015bcia terapeutycznego, tak\u0105 dewiz\u0105 kieruj\u0119 si\u0119 w swojej codziennej pracy.<\/p>\n\n\n\n<p><\/p>\n\n\n\n<p><strong>FIZJOTERAPEUCI<\/strong><\/p>\n\n\n\n<p><strong>Marta Szablewska<\/strong><\/p>\n\n\n\n<p>&#8211;<\/p>\n\n\n\n<p><strong>Maria Matczak<\/strong><\/p>\n\n\n\n<p><strong>\u2013 <\/strong>Z wyksztalcenia jestem technikiem masa\u017cyst\u0105 oraz licencjonowanym fizjoterapeut\u0105. Dodatkowo poszerzy\u0142am swoje kwalifikacje i uko\u0144czy\u0142am kursy: PNF Podstawowy oraz &#8222;Usprawnianie dzieci z deficytami neurologicznymi&#8221; i planuje dalszy rozw\u00f3j. Interesuj\u0105 mnie zagadnienia dotycz\u0105ce zio\u0142olecznictwa, innych metod leczenia naturalnego oraz kosmetologii. Uwielbiam g\u00f3ry i morze oraz jazd\u0119 na rowerze.<\/p>\n\n\n\n<p><strong>Natalia Winiarska<\/strong><\/p>\n\n\n\n<p>&#8211;<\/p>\n\n\n\n<p><strong>REJESTRATORKI<\/strong><\/p>\n\n\n\n<p><strong>Barbara B\u0142aszczyk<\/strong><\/p>\n\n\n\n<p>\u2013 pracuj\u0119 na stanowisku rejestratorki w O\u015brodku Wczesnej Interwencji. Zajmuj\u0119 si\u0119 bie\u017c\u0105cymi sprawami rejestracji. Posiadam wykszta\u0142cenie \u015brednie. Moje \u017cycie zawodowe zawsze zwi\u0105zane by\u0142o z prac\u0105 na stanowisku ksi\u0119gowej, w s\u0142u\u017cbie zdrowia. Zajmowa\u0142am si\u0119 przede wszystkim rozliczaniem \u015bwiadcze\u0144, pocz\u0105wszy od Kas Chorych \u2013 do chwili obecnej z Narodowym Funduszem Zdrowia. Posiadam niezb\u0119dne certyfikaty firmy ASSECO Poland SA producenta oprogramowania mMedici zdobywane w siedzibie firmy w Gliwicach. Prac\u0119 swoj\u0105 ceni\u0119 za rodzinn\u0105 atmosfer\u0119 w naszym Zespole, a kontakt z dzie\u0107mi sprawia mi wielk\u0105 rado\u015b\u0107. W wolnych chwilach lubi\u0119 s\u0142ucha\u0107 muzyki.<\/p>\n\n\n\n<p><strong>Ma\u0142gorzata Bzdak<\/strong><\/p>\n\n\n\n<p>\u2013<\/p>\n\n\n\n<p><strong>Agnieszka Ja\u015bkowiak<\/strong><\/p>\n\n\n\n<p>&#8211;<\/p>\n\n\n\n<p><strong>Katarzyna Sipi\u0144ska-Naydowska<\/strong><\/p>\n\n\n\n<p>&#8211;<\/p>\n\n\n\n<p><strong>Ma\u0142gorzata Matusiak<\/strong><\/p>\n\n\n\n<p>\u2013<\/p>\n\n\n\n<p><strong>PRACOWNIK GOSPODARCZY<\/strong><\/p>\n\n\n\n<p><strong>Irena Retkowska<\/strong><\/p>\n\n\n\n<p>\u2013 zajmuj\u0119 si\u0119 utrzymaniem czysto\u015bci w tym obiekcie. Posiadam wykszta\u0142cenie \u015brednie. W pracy zawodowej pracowa\u0142am na stanowisku ksi\u0119gowej. B\u0119d\u0105c na emeryturze \u2013 ciesz\u0119 si\u0119, \u017ce mog\u0119 pracowa\u0107 w tym o\u015brodku.<\/p>\n","protected":false},"excerpt":{"rendered":"<p>LEKARZE lek. med. Urszula Dryja-Grzeli\u0144ska \u2013 pediatra, w trakcie specjalizacji z neurologii dzieci\u0119cej lek.med. Grzegorz Jab\u0142o\u0144ski&#8211; psychiatra lek.med. Gra\u017cyna Kierszniewska \u2013 psychiatra dzieci i m\u0142odzie\u017cy lek. med. Iwona Makowska \u2013 psychiatra dzieci i m\u0142odzie\u017cy lek.med. Ma\u0142gorzata Piotrowicz \u2013 genetyk lek. med. Jakub Siemi\u0105tkowski &#8211; psychiatra lek. med. Ma\u0142gorzata Szkoda-K\u0142os \u2013 pediatra, pulmonolog dr n.med. Anna [&hellip;]<\/p>\n","protected":false},"author":3,"featured_media":0,"parent":0,"menu_order":0,"comment_status":"closed","ping_status":"closed","template":"","meta":{"footnotes":""},"class_list":["post-2412","page","type-page","status-publish","hentry"],"_links":{"self":[{"href":"https:\/\/psonizgierz.pl\/index.php?rest_route=\/wp\/v2\/pages\/2412","targetHints":{"allow":["GET"]}}],"collection":[{"href":"https:\/\/psonizgierz.pl\/index.php?rest_route=\/wp\/v2\/pages"}],"about":[{"href":"https:\/\/psonizgierz.pl\/index.php?rest_route=\/wp\/v2\/types\/page"}],"author":[{"embeddable":true,"href":"https:\/\/psonizgierz.pl\/index.php?rest_route=\/wp\/v2\/users\/3"}],"replies":[{"embeddable":true,"href":"https:\/\/psonizgierz.pl\/index.php?rest_route=%2Fwp%2Fv2%2Fcomments&post=2412"}],"version-history":[{"count":25,"href":"https:\/\/psonizgierz.pl\/index.php?rest_route=\/wp\/v2\/pages\/2412\/revisions"}],"predecessor-version":[{"id":5105,"href":"https:\/\/psonizgierz.pl\/index.php?rest_route=\/wp\/v2\/pages\/2412\/revisions\/5105"}],"wp:attachment":[{"href":"https:\/\/psonizgierz.pl\/index.php?rest_route=%2Fwp%2Fv2%2Fmedia&parent=2412"}],"curies":[{"name":"wp","href":"https:\/\/api.w.org\/{rel}","templated":true}]}}