{"id":2684,"date":"2020-05-30T20:47:34","date_gmt":"2020-05-30T18:47:34","guid":{"rendered":"http:\/\/psonizgierz.pl\/?page_id=2684"},"modified":"2024-05-21T18:28:37","modified_gmt":"2024-05-21T16:28:37","slug":"menu","status":"publish","type":"page","link":"https:\/\/psonizgierz.pl\/?page_id=2684","title":{"rendered":"MENU"},"content":{"rendered":"\n<h3 class=\"wp-block-heading\"><strong>Co u NAS?<\/strong> <\/h3>\n\n\n\n<p><strong>U Nas jak w domu&#8230; mi\u0142o, przyjemnie, poczuj  atmosfer\u0119  Starego Miasta, poznaj histori\u0119 Zgierza, odwied\u017a miejsce z dusz\u0105..<\/strong><br><\/p>\n\n\n\n<p><strong><a rel=\"noreferrer noopener\" href=\"https:\/\/psonizgierz.pl\/wp-content\/uploads\/2020\/06\/MENU-CAFFE-BISTRO-U-TKACZY.pdf\" target=\"_blank\">Menu kawiarni<\/a> jest kr\u00f3tkie, nie wyszukane, znajdziesz tu zawsze co\u015b s\u0142odkiego i nie tylko&#8230; <a href=\"https:\/\/psonizgierz.pl\/wp-content\/uploads\/2024\/05\/MENU-CAFFE.pdf\" target=\"_blank\" rel=\"noreferrer noopener\">NASZA KARTA MENU<\/a><\/strong><\/p>\n\n\n\n<p><strong> Przygotujemy na twoje \u017cyczenie spotkanie rodzinne, okoliczno\u015bciowe do 30 os\u00f3b,  r\u00f3wnie\u017c catering okoliczno\u015bciowy  <\/strong><\/p>\n\n\n\n<h4 class=\"wp-block-heading\">Zadzwo\u0144 i um\u00f3w si\u0119 z nami \u260e <strong><mark style=\"background-color:rgba(0, 0, 0, 0)\" class=\"has-inline-color has-vivid-cyan-blue-color\">667 118 168<\/mark><\/strong><\/h4>\n\n\n\n<p>Podstawa to  fili\u017canka aromatycznej kawy, herbaty  podawanej w towarzystwie s\u0142odkiego dodatku- ciastka Je\u017ca, babeczkii PSONI, naszego ulubionego sernika  i szarlotki. Dodatkowo mo\u017cesz podziwia\u0107 nasze prace ceramiczne i upominki-pami\u0105tki ze Zgierza JE\u017bA  \ud83e\udd94\ud83e\udd94\ud83e\udd94\ud83e\udd94  <br><br><\/p>\n\n\n\n<h3 class=\"wp-block-heading\"><img loading=\"lazy\" decoding=\"async\" alt=\"\ud83c\udf84\" src=\"https:\/\/static.xx.fbcdn.net\/images\/emoji.php\/v9\/t7\/1\/16\/1f384.png\" width=\"16\" height=\"16\"><img loading=\"lazy\" decoding=\"async\" alt=\"\ud83c\udf81\" src=\"https:\/\/static.xx.fbcdn.net\/images\/emoji.php\/v9\/t84\/1\/16\/1f381.png\" width=\"16\" height=\"16\"> Wspierajmy prac\u0119 os\u00f3b z niepe\u0142nosprawno\u015bciami. <img loading=\"lazy\" decoding=\"async\" alt=\"\ud83d\udc9c\" src=\"https:\/\/static.xx.fbcdn.net\/images\/emoji.php\/v9\/t96\/1\/16\/1f49c.png\" width=\"16\" height=\"16\"><\/h3>\n\n\n\n<figure class=\"wp-block-gallery has-nested-images columns-default is-cropped wp-block-gallery-1 is-layout-flex wp-block-gallery-is-layout-flex\">\n<figure class=\"wp-block-image size-large\"><img loading=\"lazy\" decoding=\"async\" width=\"640\" height=\"1422\" data-id=\"4785\" src=\"https:\/\/psonizgierz.pl\/wp-content\/uploads\/2024\/05\/IMG_9250.jpg\" alt=\"\" class=\"wp-image-4785\" srcset=\"https:\/\/psonizgierz.pl\/wp-content\/uploads\/2024\/05\/IMG_9250.jpg 640w, https:\/\/psonizgierz.pl\/wp-content\/uploads\/2024\/05\/IMG_9250-135x300.jpg 135w, https:\/\/psonizgierz.pl\/wp-content\/uploads\/2024\/05\/IMG_9250-461x1024.jpg 461w\" sizes=\"auto, (max-width: 640px) 100vw, 640px\" \/><\/figure>\n\n\n\n<figure class=\"wp-block-image size-large\"><img loading=\"lazy\" decoding=\"async\" width=\"720\" height=\"960\" data-id=\"4819\" src=\"https:\/\/psonizgierz.pl\/wp-content\/uploads\/2024\/05\/443734945_978561830866438_7212384422264323110_n-1.jpg\" alt=\"\" class=\"wp-image-4819\" srcset=\"https:\/\/psonizgierz.pl\/wp-content\/uploads\/2024\/05\/443734945_978561830866438_7212384422264323110_n-1.jpg 720w, https:\/\/psonizgierz.pl\/wp-content\/uploads\/2024\/05\/443734945_978561830866438_7212384422264323110_n-1-225x300.jpg 225w\" sizes=\"auto, (max-width: 720px) 100vw, 720px\" \/><\/figure>\n\n\n\n<figure class=\"wp-block-image size-large\"><img loading=\"lazy\" decoding=\"async\" width=\"768\" height=\"1024\" data-id=\"4818\" src=\"https:\/\/psonizgierz.pl\/wp-content\/uploads\/2024\/05\/441491866_978572470865374_4171526030179226926_n-768x1024.jpg\" alt=\"\" class=\"wp-image-4818\" srcset=\"https:\/\/psonizgierz.pl\/wp-content\/uploads\/2024\/05\/441491866_978572470865374_4171526030179226926_n-768x1024.jpg 768w, https:\/\/psonizgierz.pl\/wp-content\/uploads\/2024\/05\/441491866_978572470865374_4171526030179226926_n-225x300.jpg 225w, https:\/\/psonizgierz.pl\/wp-content\/uploads\/2024\/05\/441491866_978572470865374_4171526030179226926_n-1152x1536.jpg 1152w, https:\/\/psonizgierz.pl\/wp-content\/uploads\/2024\/05\/441491866_978572470865374_4171526030179226926_n.jpg 1536w\" sizes=\"auto, (max-width: 768px) 100vw, 768px\" \/><\/figure>\n\n\n\n<figure class=\"wp-block-image size-large\"><img loading=\"lazy\" decoding=\"async\" width=\"461\" height=\"1024\" data-id=\"4823\" src=\"https:\/\/psonizgierz.pl\/wp-content\/uploads\/2024\/05\/441197799_975724131150208_1464971958057679775_n-461x1024.jpg\" alt=\"\" class=\"wp-image-4823\" srcset=\"https:\/\/psonizgierz.pl\/wp-content\/uploads\/2024\/05\/441197799_975724131150208_1464971958057679775_n-461x1024.jpg 461w, https:\/\/psonizgierz.pl\/wp-content\/uploads\/2024\/05\/441197799_975724131150208_1464971958057679775_n-135x300.jpg 135w, https:\/\/psonizgierz.pl\/wp-content\/uploads\/2024\/05\/441197799_975724131150208_1464971958057679775_n.jpg 640w\" sizes=\"auto, (max-width: 461px) 100vw, 461px\" \/><\/figure>\n\n\n\n<figure class=\"wp-block-image size-large\"><img loading=\"lazy\" decoding=\"async\" width=\"2048\" height=\"2048\" data-id=\"4825\" src=\"https:\/\/psonizgierz.pl\/wp-content\/uploads\/2024\/05\/405366747_867474921975130_9035443291968550431_n.jpg\" alt=\"\" class=\"wp-image-4825\" srcset=\"https:\/\/psonizgierz.pl\/wp-content\/uploads\/2024\/05\/405366747_867474921975130_9035443291968550431_n.jpg 2048w, https:\/\/psonizgierz.pl\/wp-content\/uploads\/2024\/05\/405366747_867474921975130_9035443291968550431_n-300x300.jpg 300w, https:\/\/psonizgierz.pl\/wp-content\/uploads\/2024\/05\/405366747_867474921975130_9035443291968550431_n-1024x1024.jpg 1024w, https:\/\/psonizgierz.pl\/wp-content\/uploads\/2024\/05\/405366747_867474921975130_9035443291968550431_n-180x180.jpg 180w, https:\/\/psonizgierz.pl\/wp-content\/uploads\/2024\/05\/405366747_867474921975130_9035443291968550431_n-768x768.jpg 768w, https:\/\/psonizgierz.pl\/wp-content\/uploads\/2024\/05\/405366747_867474921975130_9035443291968550431_n-1536x1536.jpg 1536w\" sizes=\"auto, (max-width: 2048px) 100vw, 2048px\" \/><\/figure>\n\n\n\n<figure class=\"wp-block-image size-large\"><img loading=\"lazy\" decoding=\"async\" width=\"673\" height=\"1024\" data-id=\"4824\" src=\"https:\/\/psonizgierz.pl\/wp-content\/uploads\/2024\/05\/440743787_970288681693753_8778543224227217550_n-673x1024.jpg\" alt=\"\" class=\"wp-image-4824\" srcset=\"https:\/\/psonizgierz.pl\/wp-content\/uploads\/2024\/05\/440743787_970288681693753_8778543224227217550_n-673x1024.jpg 673w, https:\/\/psonizgierz.pl\/wp-content\/uploads\/2024\/05\/440743787_970288681693753_8778543224227217550_n-197x300.jpg 197w, https:\/\/psonizgierz.pl\/wp-content\/uploads\/2024\/05\/440743787_970288681693753_8778543224227217550_n-768x1168.jpg 768w, https:\/\/psonizgierz.pl\/wp-content\/uploads\/2024\/05\/440743787_970288681693753_8778543224227217550_n-1010x1536.jpg 1010w, https:\/\/psonizgierz.pl\/wp-content\/uploads\/2024\/05\/440743787_970288681693753_8778543224227217550_n.jpg 1224w\" sizes=\"auto, (max-width: 673px) 100vw, 673px\" \/><\/figure>\n\n\n\n<figure class=\"wp-block-image size-large\"><img loading=\"lazy\" decoding=\"async\" width=\"960\" height=\"512\" data-id=\"4822\" src=\"https:\/\/psonizgierz.pl\/wp-content\/uploads\/2024\/05\/443712336_980578347331453_8575627351049548028_n.jpg\" alt=\"\" class=\"wp-image-4822\" srcset=\"https:\/\/psonizgierz.pl\/wp-content\/uploads\/2024\/05\/443712336_980578347331453_8575627351049548028_n.jpg 960w, https:\/\/psonizgierz.pl\/wp-content\/uploads\/2024\/05\/443712336_980578347331453_8575627351049548028_n-300x160.jpg 300w, https:\/\/psonizgierz.pl\/wp-content\/uploads\/2024\/05\/443712336_980578347331453_8575627351049548028_n-768x410.jpg 768w\" sizes=\"auto, (max-width: 960px) 100vw, 960px\" \/><\/figure>\n\n\n\n<figure class=\"wp-block-image size-large\"><img loading=\"lazy\" decoding=\"async\" width=\"900\" height=\"600\" data-id=\"2732\" src=\"https:\/\/psonizgierz.pl\/wp-content\/uploads\/2020\/05\/65313728_391713484780356_5674678252250071040_n.jpg\" alt=\"\" class=\"wp-image-2732\" srcset=\"https:\/\/psonizgierz.pl\/wp-content\/uploads\/2020\/05\/65313728_391713484780356_5674678252250071040_n.jpg 900w, https:\/\/psonizgierz.pl\/wp-content\/uploads\/2020\/05\/65313728_391713484780356_5674678252250071040_n-300x200.jpg 300w, https:\/\/psonizgierz.pl\/wp-content\/uploads\/2020\/05\/65313728_391713484780356_5674678252250071040_n-768x512.jpg 768w\" sizes=\"auto, (max-width: 900px) 100vw, 900px\" \/><\/figure>\n\n\n\n<figure class=\"wp-block-image size-large\"><img loading=\"lazy\" decoding=\"async\" width=\"800\" height=\"600\" data-id=\"2733\" src=\"https:\/\/psonizgierz.pl\/wp-content\/uploads\/2020\/05\/desery.jpg\" alt=\"\" class=\"wp-image-2733\" srcset=\"https:\/\/psonizgierz.pl\/wp-content\/uploads\/2020\/05\/desery.jpg 800w, https:\/\/psonizgierz.pl\/wp-content\/uploads\/2020\/05\/desery-300x225.jpg 300w, https:\/\/psonizgierz.pl\/wp-content\/uploads\/2020\/05\/desery-768x576.jpg 768w\" sizes=\"auto, (max-width: 800px) 100vw, 800px\" \/><\/figure>\n\n\n\n<figure class=\"wp-block-image size-large\"><img loading=\"lazy\" decoding=\"async\" width=\"960\" height=\"960\" data-id=\"2730\" src=\"https:\/\/psonizgierz.pl\/wp-content\/uploads\/2020\/05\/72486795_2542309799191249_6098306390076424192_o.jpg\" alt=\"\" class=\"wp-image-2730\" srcset=\"https:\/\/psonizgierz.pl\/wp-content\/uploads\/2020\/05\/72486795_2542309799191249_6098306390076424192_o.jpg 960w, https:\/\/psonizgierz.pl\/wp-content\/uploads\/2020\/05\/72486795_2542309799191249_6098306390076424192_o-300x300.jpg 300w, https:\/\/psonizgierz.pl\/wp-content\/uploads\/2020\/05\/72486795_2542309799191249_6098306390076424192_o-180x180.jpg 180w, https:\/\/psonizgierz.pl\/wp-content\/uploads\/2020\/05\/72486795_2542309799191249_6098306390076424192_o-768x768.jpg 768w\" sizes=\"auto, (max-width: 960px) 100vw, 960px\" \/><\/figure>\n\n\n\n<figure class=\"wp-block-image size-large\"><img loading=\"lazy\" decoding=\"async\" width=\"1422\" height=\"640\" data-id=\"4793\" src=\"https:\/\/psonizgierz.pl\/wp-content\/uploads\/2024\/05\/438146632_971665984889356_5610363177462653284_n.jpg\" alt=\"\" class=\"wp-image-4793\" srcset=\"https:\/\/psonizgierz.pl\/wp-content\/uploads\/2024\/05\/438146632_971665984889356_5610363177462653284_n.jpg 1422w, https:\/\/psonizgierz.pl\/wp-content\/uploads\/2024\/05\/438146632_971665984889356_5610363177462653284_n-300x135.jpg 300w, https:\/\/psonizgierz.pl\/wp-content\/uploads\/2024\/05\/438146632_971665984889356_5610363177462653284_n-1024x461.jpg 1024w, https:\/\/psonizgierz.pl\/wp-content\/uploads\/2024\/05\/438146632_971665984889356_5610363177462653284_n-768x346.jpg 768w\" sizes=\"auto, (max-width: 1422px) 100vw, 1422px\" \/><\/figure>\n\n\n\n<figure class=\"wp-block-image size-large\"><img loading=\"lazy\" decoding=\"async\" width=\"720\" height=\"540\" data-id=\"4820\" src=\"https:\/\/psonizgierz.pl\/wp-content\/uploads\/2024\/05\/441160879_979245790798042_2801671426423082297_n.jpg\" alt=\"\" class=\"wp-image-4820\" srcset=\"https:\/\/psonizgierz.pl\/wp-content\/uploads\/2024\/05\/441160879_979245790798042_2801671426423082297_n.jpg 720w, https:\/\/psonizgierz.pl\/wp-content\/uploads\/2024\/05\/441160879_979245790798042_2801671426423082297_n-300x225.jpg 300w\" sizes=\"auto, (max-width: 720px) 100vw, 720px\" \/><\/figure>\n\n\n\n<figure class=\"wp-block-image size-large\"><img loading=\"lazy\" decoding=\"async\" width=\"461\" height=\"1024\" data-id=\"4786\" src=\"https:\/\/psonizgierz.pl\/wp-content\/uploads\/2024\/05\/IMG_9249-461x1024.jpg\" alt=\"\" class=\"wp-image-4786\" srcset=\"https:\/\/psonizgierz.pl\/wp-content\/uploads\/2024\/05\/IMG_9249-461x1024.jpg 461w, https:\/\/psonizgierz.pl\/wp-content\/uploads\/2024\/05\/IMG_9249-135x300.jpg 135w, https:\/\/psonizgierz.pl\/wp-content\/uploads\/2024\/05\/IMG_9249.jpg 640w\" sizes=\"auto, (max-width: 461px) 100vw, 461px\" \/><\/figure>\n\n\n\n<figure class=\"wp-block-image size-large\"><img loading=\"lazy\" decoding=\"async\" width=\"960\" height=\"960\" data-id=\"4826\" src=\"https:\/\/psonizgierz.pl\/wp-content\/uploads\/2024\/05\/337551693_228305599723951_2286512486918417044_n.jpg\" alt=\"\" class=\"wp-image-4826\" srcset=\"https:\/\/psonizgierz.pl\/wp-content\/uploads\/2024\/05\/337551693_228305599723951_2286512486918417044_n.jpg 960w, https:\/\/psonizgierz.pl\/wp-content\/uploads\/2024\/05\/337551693_228305599723951_2286512486918417044_n-300x300.jpg 300w, https:\/\/psonizgierz.pl\/wp-content\/uploads\/2024\/05\/337551693_228305599723951_2286512486918417044_n-180x180.jpg 180w, https:\/\/psonizgierz.pl\/wp-content\/uploads\/2024\/05\/337551693_228305599723951_2286512486918417044_n-768x768.jpg 768w\" sizes=\"auto, (max-width: 960px) 100vw, 960px\" \/><\/figure>\n\n\n\n<figure class=\"wp-block-image size-large\"><img loading=\"lazy\" decoding=\"async\" width=\"960\" height=\"960\" data-id=\"4799\" src=\"https:\/\/psonizgierz.pl\/wp-content\/uploads\/2024\/05\/277574572_1002404213711277_7598779571269575311_n-1.jpg\" alt=\"\" class=\"wp-image-4799\" srcset=\"https:\/\/psonizgierz.pl\/wp-content\/uploads\/2024\/05\/277574572_1002404213711277_7598779571269575311_n-1.jpg 960w, https:\/\/psonizgierz.pl\/wp-content\/uploads\/2024\/05\/277574572_1002404213711277_7598779571269575311_n-1-300x300.jpg 300w, https:\/\/psonizgierz.pl\/wp-content\/uploads\/2024\/05\/277574572_1002404213711277_7598779571269575311_n-1-180x180.jpg 180w, https:\/\/psonizgierz.pl\/wp-content\/uploads\/2024\/05\/277574572_1002404213711277_7598779571269575311_n-1-768x768.jpg 768w\" sizes=\"auto, (max-width: 960px) 100vw, 960px\" \/><\/figure>\n\n\n\n<figure class=\"wp-block-image size-large\"><img loading=\"lazy\" decoding=\"async\" width=\"960\" height=\"720\" data-id=\"2705\" src=\"https:\/\/psonizgierz.pl\/wp-content\/uploads\/2020\/05\/97071581_2638327373155383_3254478229792096256_n.jpg\" alt=\"\" class=\"wp-image-2705\" srcset=\"https:\/\/psonizgierz.pl\/wp-content\/uploads\/2020\/05\/97071581_2638327373155383_3254478229792096256_n.jpg 960w, https:\/\/psonizgierz.pl\/wp-content\/uploads\/2020\/05\/97071581_2638327373155383_3254478229792096256_n-300x225.jpg 300w, https:\/\/psonizgierz.pl\/wp-content\/uploads\/2020\/05\/97071581_2638327373155383_3254478229792096256_n-768x576.jpg 768w\" sizes=\"auto, (max-width: 960px) 100vw, 960px\" \/><\/figure>\n<\/figure>\n\n\n\n<ul class=\"wp-block-list\"><li><\/li><\/ul>\n\n\n\n<p><\/p>\n\n\n\n<p><br>To co nas wyr\u00f3\u017cnia poza wyj\u0105tkowymi lud\u017ami to \u015bwie\u017co pieczone ciasta i wielko\u015b\u0107 porcji.<\/p>\n","protected":false},"excerpt":{"rendered":"<p>Co u NAS? U Nas jak w domu&#8230; mi\u0142o, przyjemnie, poczuj atmosfer\u0119 Starego Miasta, poznaj histori\u0119 Zgierza, odwied\u017a miejsce z dusz\u0105.. Menu kawiarni jest kr\u00f3tkie, nie wyszukane, znajdziesz tu zawsze co\u015b s\u0142odkiego i nie tylko&#8230; NASZA KARTA MENU Przygotujemy na twoje \u017cyczenie spotkanie rodzinne, okoliczno\u015bciowe do 30 os\u00f3b, r\u00f3wnie\u017c catering okoliczno\u015bciowy Zadzwo\u0144 i um\u00f3w si\u0119 [&hellip;]<\/p>\n","protected":false},"author":3,"featured_media":0,"parent":0,"menu_order":0,"comment_status":"closed","ping_status":"closed","template":"","meta":{"footnotes":""},"class_list":["post-2684","page","type-page","status-publish","hentry"],"_links":{"self":[{"href":"https:\/\/psonizgierz.pl\/index.php?rest_route=\/wp\/v2\/pages\/2684","targetHints":{"allow":["GET"]}}],"collection":[{"href":"https:\/\/psonizgierz.pl\/index.php?rest_route=\/wp\/v2\/pages"}],"about":[{"href":"https:\/\/psonizgierz.pl\/index.php?rest_route=\/wp\/v2\/types\/page"}],"author":[{"embeddable":true,"href":"https:\/\/psonizgierz.pl\/index.php?rest_route=\/wp\/v2\/users\/3"}],"replies":[{"embeddable":true,"href":"https:\/\/psonizgierz.pl\/index.php?rest_route=%2Fwp%2Fv2%2Fcomments&post=2684"}],"version-history":[{"count":20,"href":"https:\/\/psonizgierz.pl\/index.php?rest_route=\/wp\/v2\/pages\/2684\/revisions"}],"predecessor-version":[{"id":4830,"href":"https:\/\/psonizgierz.pl\/index.php?rest_route=\/wp\/v2\/pages\/2684\/revisions\/4830"}],"wp:attachment":[{"href":"https:\/\/psonizgierz.pl\/index.php?rest_route=%2Fwp%2Fv2%2Fmedia&parent=2684"}],"curies":[{"name":"wp","href":"https:\/\/api.w.org\/{rel}","templated":true}]}}