{"id":2687,"date":"2020-05-30T20:48:01","date_gmt":"2020-05-30T18:48:01","guid":{"rendered":"http:\/\/psonizgierz.pl\/?page_id=2687"},"modified":"2020-12-10T16:33:06","modified_gmt":"2020-12-10T15:33:06","slug":"wydarzenia","status":"publish","type":"page","link":"https:\/\/psonizgierz.pl\/?page_id=2687","title":{"rendered":"WYDARZENIA"},"content":{"rendered":"\n<h2 class=\"wp-block-heading\">A w naszej Cafe&amp;Bistro &#8221; U Tkaczy&#8221; mieli\u015bmy przyjemno\u015b\u0107 go\u015bci\u0107 znane osobowo\u015bci ze \u015bwiata kultury, sporu, publicystyki.  Serdecznie dzi\u0119kujemy za odwiedziny i zapraszamy ponownie <img loading=\"lazy\" decoding=\"async\" alt=\"\ud83d\ude42\" src=\"https:\/\/static.xx.fbcdn.net\/images\/emoji.php\/v9\/t4c\/1\/16\/1f642.png\" width=\"16\" height=\"16\"> Zobaczcie sami kto nas odwiedzi\u0142. <\/h2>\n\n\n\n<figure class=\"wp-block-gallery columns-3 is-cropped wp-block-gallery-1 is-layout-flex wp-block-gallery-is-layout-flex\"><ul class=\"blocks-gallery-grid\"><li class=\"blocks-gallery-item\"><figure><img loading=\"lazy\" decoding=\"async\" width=\"1024\" height=\"1024\" src=\"https:\/\/psonizgierz.pl\/wp-content\/uploads\/2020\/12\/116154538_283887779374603_8377211062087904202_o-1-1024x1024.jpg\" alt=\"\" data-id=\"3017\" data-full-url=\"https:\/\/psonizgierz.pl\/wp-content\/uploads\/2020\/12\/116154538_283887779374603_8377211062087904202_o-1.jpg\" data-link=\"https:\/\/psonizgierz.pl\/116154538_283887779374603_8377211062087904202_o-2\/\" class=\"wp-image-3017\" srcset=\"https:\/\/psonizgierz.pl\/wp-content\/uploads\/2020\/12\/116154538_283887779374603_8377211062087904202_o-1-1024x1024.jpg 1024w, https:\/\/psonizgierz.pl\/wp-content\/uploads\/2020\/12\/116154538_283887779374603_8377211062087904202_o-1-300x300.jpg 300w, https:\/\/psonizgierz.pl\/wp-content\/uploads\/2020\/12\/116154538_283887779374603_8377211062087904202_o-1-180x180.jpg 180w, https:\/\/psonizgierz.pl\/wp-content\/uploads\/2020\/12\/116154538_283887779374603_8377211062087904202_o-1-768x768.jpg 768w, https:\/\/psonizgierz.pl\/wp-content\/uploads\/2020\/12\/116154538_283887779374603_8377211062087904202_o-1.jpg 1440w\" sizes=\"auto, (max-width: 1024px) 100vw, 1024px\" \/><\/figure><\/li><li class=\"blocks-gallery-item\"><figure><img loading=\"lazy\" decoding=\"async\" width=\"960\" height=\"640\" src=\"https:\/\/psonizgierz.pl\/wp-content\/uploads\/2020\/12\/53343473_337999146818457_8402284704878821376_n.jpg\" alt=\"\" data-id=\"3016\" data-full-url=\"https:\/\/psonizgierz.pl\/wp-content\/uploads\/2020\/12\/53343473_337999146818457_8402284704878821376_n.jpg\" data-link=\"https:\/\/psonizgierz.pl\/53343473_337999146818457_8402284704878821376_n\/\" class=\"wp-image-3016\" srcset=\"https:\/\/psonizgierz.pl\/wp-content\/uploads\/2020\/12\/53343473_337999146818457_8402284704878821376_n.jpg 960w, https:\/\/psonizgierz.pl\/wp-content\/uploads\/2020\/12\/53343473_337999146818457_8402284704878821376_n-300x200.jpg 300w, https:\/\/psonizgierz.pl\/wp-content\/uploads\/2020\/12\/53343473_337999146818457_8402284704878821376_n-768x512.jpg 768w\" sizes=\"auto, (max-width: 960px) 100vw, 960px\" \/><\/figure><\/li><li class=\"blocks-gallery-item\"><figure><img loading=\"lazy\" decoding=\"async\" width=\"1024\" height=\"498\" src=\"https:\/\/psonizgierz.pl\/wp-content\/uploads\/2020\/12\/50713970_327573987860973_4242089552732225536_o-1024x498.jpg\" alt=\"\" data-id=\"3013\" data-full-url=\"https:\/\/psonizgierz.pl\/wp-content\/uploads\/2020\/12\/50713970_327573987860973_4242089552732225536_o.jpg\" data-link=\"https:\/\/psonizgierz.pl\/50713970_327573987860973_4242089552732225536_o-2\/\" class=\"wp-image-3013\" srcset=\"https:\/\/psonizgierz.pl\/wp-content\/uploads\/2020\/12\/50713970_327573987860973_4242089552732225536_o-1024x498.jpg 1024w, https:\/\/psonizgierz.pl\/wp-content\/uploads\/2020\/12\/50713970_327573987860973_4242089552732225536_o-300x146.jpg 300w, https:\/\/psonizgierz.pl\/wp-content\/uploads\/2020\/12\/50713970_327573987860973_4242089552732225536_o-768x373.jpg 768w, https:\/\/psonizgierz.pl\/wp-content\/uploads\/2020\/12\/50713970_327573987860973_4242089552732225536_o-1536x747.jpg 1536w, https:\/\/psonizgierz.pl\/wp-content\/uploads\/2020\/12\/50713970_327573987860973_4242089552732225536_o.jpg 2016w\" sizes=\"auto, (max-width: 1024px) 100vw, 1024px\" \/><\/figure><\/li><li class=\"blocks-gallery-item\"><figure><img loading=\"lazy\" decoding=\"async\" width=\"1024\" height=\"768\" src=\"https:\/\/psonizgierz.pl\/wp-content\/uploads\/2020\/12\/128697207_720154665269568_8854342266753429989_o-1024x768.jpg\" alt=\"\" data-id=\"3012\" data-full-url=\"https:\/\/psonizgierz.pl\/wp-content\/uploads\/2020\/12\/128697207_720154665269568_8854342266753429989_o.jpg\" data-link=\"https:\/\/psonizgierz.pl\/128697207_720154665269568_8854342266753429989_o\/\" class=\"wp-image-3012\" srcset=\"https:\/\/psonizgierz.pl\/wp-content\/uploads\/2020\/12\/128697207_720154665269568_8854342266753429989_o-1024x768.jpg 1024w, https:\/\/psonizgierz.pl\/wp-content\/uploads\/2020\/12\/128697207_720154665269568_8854342266753429989_o-300x225.jpg 300w, https:\/\/psonizgierz.pl\/wp-content\/uploads\/2020\/12\/128697207_720154665269568_8854342266753429989_o-768x576.jpg 768w, https:\/\/psonizgierz.pl\/wp-content\/uploads\/2020\/12\/128697207_720154665269568_8854342266753429989_o.jpg 1440w\" sizes=\"auto, (max-width: 1024px) 100vw, 1024px\" \/><\/figure><\/li><li class=\"blocks-gallery-item\"><figure><img loading=\"lazy\" decoding=\"async\" width=\"640\" height=\"480\" src=\"https:\/\/psonizgierz.pl\/wp-content\/uploads\/2020\/12\/51760180_331158380835867_6070636196415930368_n.jpg\" alt=\"\" data-id=\"3014\" data-full-url=\"https:\/\/psonizgierz.pl\/wp-content\/uploads\/2020\/12\/51760180_331158380835867_6070636196415930368_n.jpg\" data-link=\"https:\/\/psonizgierz.pl\/51760180_331158380835867_6070636196415930368_n\/\" class=\"wp-image-3014\" srcset=\"https:\/\/psonizgierz.pl\/wp-content\/uploads\/2020\/12\/51760180_331158380835867_6070636196415930368_n.jpg 640w, https:\/\/psonizgierz.pl\/wp-content\/uploads\/2020\/12\/51760180_331158380835867_6070636196415930368_n-300x225.jpg 300w\" sizes=\"auto, (max-width: 640px) 100vw, 640px\" \/><\/figure><\/li><li class=\"blocks-gallery-item\"><figure><img loading=\"lazy\" decoding=\"async\" width=\"1024\" height=\"1024\" src=\"https:\/\/psonizgierz.pl\/wp-content\/uploads\/2020\/12\/52603002_334586123826426_8103075606339518464_o-1024x1024.jpg\" alt=\"\" data-id=\"3015\" data-full-url=\"https:\/\/psonizgierz.pl\/wp-content\/uploads\/2020\/12\/52603002_334586123826426_8103075606339518464_o.jpg\" data-link=\"https:\/\/psonizgierz.pl\/52603002_334586123826426_8103075606339518464_o\/\" class=\"wp-image-3015\" srcset=\"https:\/\/psonizgierz.pl\/wp-content\/uploads\/2020\/12\/52603002_334586123826426_8103075606339518464_o-1024x1024.jpg 1024w, https:\/\/psonizgierz.pl\/wp-content\/uploads\/2020\/12\/52603002_334586123826426_8103075606339518464_o-300x300.jpg 300w, https:\/\/psonizgierz.pl\/wp-content\/uploads\/2020\/12\/52603002_334586123826426_8103075606339518464_o-180x180.jpg 180w, https:\/\/psonizgierz.pl\/wp-content\/uploads\/2020\/12\/52603002_334586123826426_8103075606339518464_o-768x768.jpg 768w, https:\/\/psonizgierz.pl\/wp-content\/uploads\/2020\/12\/52603002_334586123826426_8103075606339518464_o.jpg 1079w\" sizes=\"auto, (max-width: 1024px) 100vw, 1024px\" \/><\/figure><\/li><\/ul><\/figure>\n","protected":false},"excerpt":{"rendered":"<p>A w naszej Cafe&amp;Bistro &#8221; U Tkaczy&#8221; mieli\u015bmy przyjemno\u015b\u0107 go\u015bci\u0107 znane osobowo\u015bci ze \u015bwiata kultury, sporu, publicystyki. Serdecznie dzi\u0119kujemy za odwiedziny i zapraszamy ponownie Zobaczcie sami kto nas odwiedzi\u0142.<\/p>\n","protected":false},"author":3,"featured_media":0,"parent":0,"menu_order":0,"comment_status":"closed","ping_status":"closed","template":"","meta":{"footnotes":""},"class_list":["post-2687","page","type-page","status-publish","hentry"],"_links":{"self":[{"href":"https:\/\/psonizgierz.pl\/index.php?rest_route=\/wp\/v2\/pages\/2687","targetHints":{"allow":["GET"]}}],"collection":[{"href":"https:\/\/psonizgierz.pl\/index.php?rest_route=\/wp\/v2\/pages"}],"about":[{"href":"https:\/\/psonizgierz.pl\/index.php?rest_route=\/wp\/v2\/types\/page"}],"author":[{"embeddable":true,"href":"https:\/\/psonizgierz.pl\/index.php?rest_route=\/wp\/v2\/users\/3"}],"replies":[{"embeddable":true,"href":"https:\/\/psonizgierz.pl\/index.php?rest_route=%2Fwp%2Fv2%2Fcomments&post=2687"}],"version-history":[{"count":3,"href":"https:\/\/psonizgierz.pl\/index.php?rest_route=\/wp\/v2\/pages\/2687\/revisions"}],"predecessor-version":[{"id":3021,"href":"https:\/\/psonizgierz.pl\/index.php?rest_route=\/wp\/v2\/pages\/2687\/revisions\/3021"}],"wp:attachment":[{"href":"https:\/\/psonizgierz.pl\/index.php?rest_route=%2Fwp%2Fv2%2Fmedia&parent=2687"}],"curies":[{"name":"wp","href":"https:\/\/api.w.org\/{rel}","templated":true}]}}