{"id":2714,"date":"2020-05-31T18:22:54","date_gmt":"2020-05-31T16:22:54","guid":{"rendered":"http:\/\/psonizgierz.pl\/?page_id=2714"},"modified":"2024-05-21T18:38:47","modified_gmt":"2024-05-21T16:38:47","slug":"my-dla-was","status":"publish","type":"page","link":"https:\/\/psonizgierz.pl\/?page_id=2714","title":{"rendered":"MY DLA WAS"},"content":{"rendered":"\n<figure class=\"wp-block-gallery has-nested-images columns-default is-cropped wp-block-gallery-1 is-layout-flex wp-block-gallery-is-layout-flex\">\n<figure class=\"wp-block-image size-large\"><img loading=\"lazy\" decoding=\"async\" width=\"720\" height=\"960\" data-id=\"2712\" src=\"https:\/\/psonizgierz.pl\/wp-content\/uploads\/2020\/05\/54525132_347206999231005_3431106268759064576_n.jpg\" alt=\"\" class=\"wp-image-2712\" srcset=\"https:\/\/psonizgierz.pl\/wp-content\/uploads\/2020\/05\/54525132_347206999231005_3431106268759064576_n.jpg 720w, https:\/\/psonizgierz.pl\/wp-content\/uploads\/2020\/05\/54525132_347206999231005_3431106268759064576_n-225x300.jpg 225w\" sizes=\"auto, (max-width: 720px) 100vw, 720px\" \/><figcaption>Kasia<\/figcaption><\/figure>\n\n\n\n<figure class=\"wp-block-image size-large\"><img loading=\"lazy\" decoding=\"async\" width=\"767\" height=\"1024\" data-id=\"2703\" src=\"https:\/\/psonizgierz.pl\/wp-content\/uploads\/2020\/05\/51464661_327596841192021_4219317159387463680_o-767x1024.jpg\" alt=\"\" class=\"wp-image-2703\" srcset=\"https:\/\/psonizgierz.pl\/wp-content\/uploads\/2020\/05\/51464661_327596841192021_4219317159387463680_o-767x1024.jpg 767w, https:\/\/psonizgierz.pl\/wp-content\/uploads\/2020\/05\/51464661_327596841192021_4219317159387463680_o-225x300.jpg 225w, https:\/\/psonizgierz.pl\/wp-content\/uploads\/2020\/05\/51464661_327596841192021_4219317159387463680_o-768x1026.jpg 768w, https:\/\/psonizgierz.pl\/wp-content\/uploads\/2020\/05\/51464661_327596841192021_4219317159387463680_o-1150x1536.jpg 1150w, https:\/\/psonizgierz.pl\/wp-content\/uploads\/2020\/05\/51464661_327596841192021_4219317159387463680_o.jpg 1533w\" sizes=\"auto, (max-width: 767px) 100vw, 767px\" \/><figcaption>Bogdan<\/figcaption><\/figure>\n\n\n\n<figure class=\"wp-block-image size-large\"><img loading=\"lazy\" decoding=\"async\" width=\"718\" height=\"960\" data-id=\"2704\" src=\"https:\/\/psonizgierz.pl\/wp-content\/uploads\/2020\/05\/82467674_517022868916083_913569466896351232_n.jpg\" alt=\"\" class=\"wp-image-2704\" srcset=\"https:\/\/psonizgierz.pl\/wp-content\/uploads\/2020\/05\/82467674_517022868916083_913569466896351232_n.jpg 718w, https:\/\/psonizgierz.pl\/wp-content\/uploads\/2020\/05\/82467674_517022868916083_913569466896351232_n-224x300.jpg 224w\" sizes=\"auto, (max-width: 718px) 100vw, 718px\" \/><figcaption>Dominka<\/figcaption><\/figure>\n<\/figure>\n\n\n\n<div class=\"wp-block-group\"><div class=\"wp-block-group__inner-container is-layout-flow wp-block-group-is-layout-flow\">\n<blockquote class=\"wp-block-quote is-style-default is-layout-flow wp-block-quote-is-layout-flow\"><p>Zesp\u00f3\u0142 stanowi\u0105 osoby z niepe\u0142nosprawno\u015bci\u0105 &#8211; DOMINIKA, KASIA, dla kt\u00f3rych praca to najlepszy spos\u00f3b na integracj\u0119 spo\u0142eczn\u0105 i niezale\u017cno\u015b\u0107. Wsparcie zapewnia im pani Renata asystentka os\u00f3b z niepe\u0142nosprawno\u015bci\u0105, pani Iza- trenerka pracy, wspiera ich Pan \u0141ukasz i pani Patrycja <strong>w organizacji i zarz\u0105dzaniu<\/strong><\/p><\/blockquote>\n<\/div><\/div>\n\n\n\n<h3 class=\"wp-block-heading\">Cafe &amp; Bistro ,,U Tkaczy&#8221; to nie tylko kawiarnia, to co\u015b wi\u0119cej&#8230;<\/h3>\n\n\n\n<figure class=\"wp-block-image size-large\"><img loading=\"lazy\" decoding=\"async\" width=\"683\" height=\"1024\" src=\"https:\/\/psonizgierz.pl\/wp-content\/uploads\/2024\/05\/220424885_848379245780442_4134609045125137959_n-683x1024.jpg\" alt=\"\" class=\"wp-image-4809\" srcset=\"https:\/\/psonizgierz.pl\/wp-content\/uploads\/2024\/05\/220424885_848379245780442_4134609045125137959_n-683x1024.jpg 683w, https:\/\/psonizgierz.pl\/wp-content\/uploads\/2024\/05\/220424885_848379245780442_4134609045125137959_n-200x300.jpg 200w, https:\/\/psonizgierz.pl\/wp-content\/uploads\/2024\/05\/220424885_848379245780442_4134609045125137959_n.jpg 750w\" sizes=\"auto, (max-width: 683px) 100vw, 683px\" \/><\/figure>\n\n\n\n<h2 class=\"wp-block-heading\"><img loading=\"lazy\" decoding=\"async\" alt=\"\ud83c\udf84\" src=\"https:\/\/static.xx.fbcdn.net\/images\/emoji.php\/v9\/t7\/1\/16\/1f384.png\" width=\"16\" height=\"16\"><img loading=\"lazy\" decoding=\"async\" alt=\"\ud83c\udf81\" src=\"https:\/\/static.xx.fbcdn.net\/images\/emoji.php\/v9\/t84\/1\/16\/1f381.png\" width=\"16\" height=\"16\"> Wspierajmy prac\u0119 os\u00f3b z niepe\u0142nosprawno\u015bciami <img loading=\"lazy\" decoding=\"async\" alt=\"\ud83d\udc9c\" src=\"https:\/\/static.xx.fbcdn.net\/images\/emoji.php\/v9\/t96\/1\/16\/1f49c.png\" width=\"16\" height=\"16\"><\/h2>\n\n\n\n<figure class=\"wp-block-gallery has-nested-images columns-default is-cropped wp-block-gallery-2 is-layout-flex wp-block-gallery-is-layout-flex\">\n<figure class=\"wp-block-image size-large\"><img loading=\"lazy\" decoding=\"async\" width=\"960\" height=\"720\" data-id=\"3004\" src=\"https:\/\/psonizgierz.pl\/wp-content\/uploads\/2020\/12\/116207851_631522384132797_257041863482847313_n.jpg\" alt=\"\" class=\"wp-image-3004\" srcset=\"https:\/\/psonizgierz.pl\/wp-content\/uploads\/2020\/12\/116207851_631522384132797_257041863482847313_n.jpg 960w, https:\/\/psonizgierz.pl\/wp-content\/uploads\/2020\/12\/116207851_631522384132797_257041863482847313_n-300x225.jpg 300w, https:\/\/psonizgierz.pl\/wp-content\/uploads\/2020\/12\/116207851_631522384132797_257041863482847313_n-768x576.jpg 768w\" sizes=\"auto, (max-width: 960px) 100vw, 960px\" \/><\/figure>\n\n\n\n<figure class=\"wp-block-image size-large\"><img loading=\"lazy\" decoding=\"async\" width=\"750\" height=\"1125\" data-id=\"4808\" src=\"https:\/\/psonizgierz.pl\/wp-content\/uploads\/2024\/05\/221489015_848380005780366_8291447868877527529_n.jpg\" alt=\"\" class=\"wp-image-4808\" srcset=\"https:\/\/psonizgierz.pl\/wp-content\/uploads\/2024\/05\/221489015_848380005780366_8291447868877527529_n.jpg 750w, https:\/\/psonizgierz.pl\/wp-content\/uploads\/2024\/05\/221489015_848380005780366_8291447868877527529_n-200x300.jpg 200w, https:\/\/psonizgierz.pl\/wp-content\/uploads\/2024\/05\/221489015_848380005780366_8291447868877527529_n-683x1024.jpg 683w\" sizes=\"auto, (max-width: 750px) 100vw, 750px\" \/><\/figure>\n\n\n\n<figure class=\"wp-block-image size-large\"><img loading=\"lazy\" decoding=\"async\" width=\"683\" height=\"1024\" data-id=\"4810\" src=\"https:\/\/psonizgierz.pl\/wp-content\/uploads\/2024\/05\/221441931_848378999113800_3466563565003311144_n-683x1024.jpg\" alt=\"\" class=\"wp-image-4810\" srcset=\"https:\/\/psonizgierz.pl\/wp-content\/uploads\/2024\/05\/221441931_848378999113800_3466563565003311144_n-683x1024.jpg 683w, https:\/\/psonizgierz.pl\/wp-content\/uploads\/2024\/05\/221441931_848378999113800_3466563565003311144_n-200x300.jpg 200w, https:\/\/psonizgierz.pl\/wp-content\/uploads\/2024\/05\/221441931_848378999113800_3466563565003311144_n.jpg 750w\" sizes=\"auto, (max-width: 683px) 100vw, 683px\" \/><\/figure>\n\n\n\n<figure class=\"wp-block-image size-large\"><img loading=\"lazy\" decoding=\"async\" width=\"714\" height=\"960\" data-id=\"3006\" src=\"https:\/\/psonizgierz.pl\/wp-content\/uploads\/2020\/12\/116435251_631522887466080_8670442496197487821_n.jpg\" alt=\"\" class=\"wp-image-3006\" srcset=\"https:\/\/psonizgierz.pl\/wp-content\/uploads\/2020\/12\/116435251_631522887466080_8670442496197487821_n.jpg 714w, https:\/\/psonizgierz.pl\/wp-content\/uploads\/2020\/12\/116435251_631522887466080_8670442496197487821_n-223x300.jpg 223w\" sizes=\"auto, (max-width: 714px) 100vw, 714px\" \/><\/figure>\n\n\n\n<figure class=\"wp-block-image size-large\"><img loading=\"lazy\" decoding=\"async\" width=\"960\" height=\"720\" data-id=\"3005\" src=\"https:\/\/psonizgierz.pl\/wp-content\/uploads\/2020\/12\/116346235_631522444132791_9212354720365432290_n.jpg\" alt=\"\" class=\"wp-image-3005\" srcset=\"https:\/\/psonizgierz.pl\/wp-content\/uploads\/2020\/12\/116346235_631522444132791_9212354720365432290_n.jpg 960w, https:\/\/psonizgierz.pl\/wp-content\/uploads\/2020\/12\/116346235_631522444132791_9212354720365432290_n-300x225.jpg 300w, https:\/\/psonizgierz.pl\/wp-content\/uploads\/2020\/12\/116346235_631522444132791_9212354720365432290_n-768x576.jpg 768w\" sizes=\"auto, (max-width: 960px) 100vw, 960px\" \/><\/figure>\n\n\n\n<figure class=\"wp-block-image size-large\"><img loading=\"lazy\" decoding=\"async\" width=\"714\" height=\"960\" data-id=\"3002\" src=\"https:\/\/psonizgierz.pl\/wp-content\/uploads\/2020\/12\/116151460_631522814132754_559971654340198881_n.jpg\" alt=\"\" class=\"wp-image-3002\" srcset=\"https:\/\/psonizgierz.pl\/wp-content\/uploads\/2020\/12\/116151460_631522814132754_559971654340198881_n.jpg 714w, https:\/\/psonizgierz.pl\/wp-content\/uploads\/2020\/12\/116151460_631522814132754_559971654340198881_n-223x300.jpg 223w\" sizes=\"auto, (max-width: 714px) 100vw, 714px\" \/><\/figure>\n\n\n\n<figure class=\"wp-block-image size-large\"><img loading=\"lazy\" decoding=\"async\" width=\"719\" height=\"719\" data-id=\"3008\" src=\"https:\/\/psonizgierz.pl\/wp-content\/uploads\/2020\/12\/119732999_667782640506771_4048746731307587714_n.jpg\" alt=\"\" class=\"wp-image-3008\" srcset=\"https:\/\/psonizgierz.pl\/wp-content\/uploads\/2020\/12\/119732999_667782640506771_4048746731307587714_n.jpg 719w, https:\/\/psonizgierz.pl\/wp-content\/uploads\/2020\/12\/119732999_667782640506771_4048746731307587714_n-300x300.jpg 300w, https:\/\/psonizgierz.pl\/wp-content\/uploads\/2020\/12\/119732999_667782640506771_4048746731307587714_n-180x180.jpg 180w\" sizes=\"auto, (max-width: 719px) 100vw, 719px\" \/><\/figure>\n\n\n\n<figure class=\"wp-block-image size-large\"><img loading=\"lazy\" decoding=\"async\" width=\"960\" height=\"720\" data-id=\"3001\" src=\"https:\/\/psonizgierz.pl\/wp-content\/uploads\/2020\/12\/116133930_631522670799435_8072845271467784511_n.jpg\" alt=\"\" class=\"wp-image-3001\" srcset=\"https:\/\/psonizgierz.pl\/wp-content\/uploads\/2020\/12\/116133930_631522670799435_8072845271467784511_n.jpg 960w, https:\/\/psonizgierz.pl\/wp-content\/uploads\/2020\/12\/116133930_631522670799435_8072845271467784511_n-300x225.jpg 300w, https:\/\/psonizgierz.pl\/wp-content\/uploads\/2020\/12\/116133930_631522670799435_8072845271467784511_n-768x576.jpg 768w\" sizes=\"auto, (max-width: 960px) 100vw, 960px\" \/><\/figure>\n\n\n\n<figure class=\"wp-block-image size-large\"><img loading=\"lazy\" decoding=\"async\" width=\"2048\" height=\"1536\" data-id=\"4801\" src=\"https:\/\/psonizgierz.pl\/wp-content\/uploads\/2024\/05\/304847644_1099958807289150_8797956143235801220_n-1.jpg\" alt=\"\" class=\"wp-image-4801\" srcset=\"https:\/\/psonizgierz.pl\/wp-content\/uploads\/2024\/05\/304847644_1099958807289150_8797956143235801220_n-1.jpg 2048w, https:\/\/psonizgierz.pl\/wp-content\/uploads\/2024\/05\/304847644_1099958807289150_8797956143235801220_n-1-300x225.jpg 300w, https:\/\/psonizgierz.pl\/wp-content\/uploads\/2024\/05\/304847644_1099958807289150_8797956143235801220_n-1-1024x768.jpg 1024w, https:\/\/psonizgierz.pl\/wp-content\/uploads\/2024\/05\/304847644_1099958807289150_8797956143235801220_n-1-768x576.jpg 768w, https:\/\/psonizgierz.pl\/wp-content\/uploads\/2024\/05\/304847644_1099958807289150_8797956143235801220_n-1-1536x1152.jpg 1536w\" sizes=\"auto, (max-width: 2048px) 100vw, 2048px\" \/><\/figure>\n\n\n\n<figure class=\"wp-block-image size-large\"><img loading=\"lazy\" decoding=\"async\" width=\"1024\" height=\"768\" data-id=\"2707\" src=\"https:\/\/psonizgierz.pl\/wp-content\/uploads\/2020\/05\/101296840_1598595623638296_5510422059852759040_o-1024x768.jpg\" alt=\"\" class=\"wp-image-2707\" srcset=\"https:\/\/psonizgierz.pl\/wp-content\/uploads\/2020\/05\/101296840_1598595623638296_5510422059852759040_o-1024x768.jpg 1024w, https:\/\/psonizgierz.pl\/wp-content\/uploads\/2020\/05\/101296840_1598595623638296_5510422059852759040_o-300x225.jpg 300w, https:\/\/psonizgierz.pl\/wp-content\/uploads\/2020\/05\/101296840_1598595623638296_5510422059852759040_o-768x576.jpg 768w, https:\/\/psonizgierz.pl\/wp-content\/uploads\/2020\/05\/101296840_1598595623638296_5510422059852759040_o-1536x1152.jpg 1536w, https:\/\/psonizgierz.pl\/wp-content\/uploads\/2020\/05\/101296840_1598595623638296_5510422059852759040_o.jpg 2016w\" sizes=\"auto, (max-width: 1024px) 100vw, 1024px\" \/><\/figure>\n\n\n\n<figure class=\"wp-block-image size-large\"><img loading=\"lazy\" decoding=\"async\" width=\"432\" height=\"960\" data-id=\"4787\" src=\"https:\/\/psonizgierz.pl\/wp-content\/uploads\/2024\/05\/IMG_9252.jpg\" alt=\"\" class=\"wp-image-4787\" srcset=\"https:\/\/psonizgierz.pl\/wp-content\/uploads\/2024\/05\/IMG_9252.jpg 432w, https:\/\/psonizgierz.pl\/wp-content\/uploads\/2024\/05\/IMG_9252-135x300.jpg 135w\" sizes=\"auto, (max-width: 432px) 100vw, 432px\" \/><\/figure>\n<\/figure>\n","protected":false},"excerpt":{"rendered":"<p>Zesp\u00f3\u0142 stanowi\u0105 osoby z niepe\u0142nosprawno\u015bci\u0105 &#8211; DOMINIKA, KASIA, dla kt\u00f3rych praca to najlepszy spos\u00f3b na integracj\u0119 spo\u0142eczn\u0105 i niezale\u017cno\u015b\u0107. Wsparcie zapewnia im pani Renata asystentka os\u00f3b z niepe\u0142nosprawno\u015bci\u0105, pani Iza- trenerka pracy, wspiera ich Pan \u0141ukasz i pani Patrycja w organizacji i zarz\u0105dzaniu Cafe &amp; Bistro ,,U Tkaczy&#8221; to nie tylko kawiarnia, to co\u015b wi\u0119cej&#8230; [&hellip;]<\/p>\n","protected":false},"author":3,"featured_media":0,"parent":0,"menu_order":0,"comment_status":"closed","ping_status":"closed","template":"","meta":{"footnotes":""},"class_list":["post-2714","page","type-page","status-publish","hentry"],"_links":{"self":[{"href":"https:\/\/psonizgierz.pl\/index.php?rest_route=\/wp\/v2\/pages\/2714","targetHints":{"allow":["GET"]}}],"collection":[{"href":"https:\/\/psonizgierz.pl\/index.php?rest_route=\/wp\/v2\/pages"}],"about":[{"href":"https:\/\/psonizgierz.pl\/index.php?rest_route=\/wp\/v2\/types\/page"}],"author":[{"embeddable":true,"href":"https:\/\/psonizgierz.pl\/index.php?rest_route=\/wp\/v2\/users\/3"}],"replies":[{"embeddable":true,"href":"https:\/\/psonizgierz.pl\/index.php?rest_route=%2Fwp%2Fv2%2Fcomments&post=2714"}],"version-history":[{"count":10,"href":"https:\/\/psonizgierz.pl\/index.php?rest_route=\/wp\/v2\/pages\/2714\/revisions"}],"predecessor-version":[{"id":4832,"href":"https:\/\/psonizgierz.pl\/index.php?rest_route=\/wp\/v2\/pages\/2714\/revisions\/4832"}],"wp:attachment":[{"href":"https:\/\/psonizgierz.pl\/index.php?rest_route=%2Fwp%2Fv2%2Fmedia&parent=2714"}],"curies":[{"name":"wp","href":"https:\/\/api.w.org\/{rel}","templated":true}]}}