{"id":2794,"date":"2020-06-21T17:55:25","date_gmt":"2020-06-21T15:55:25","guid":{"rendered":"http:\/\/psonizgierz.pl\/?page_id=2794"},"modified":"2020-07-11T11:30:01","modified_gmt":"2020-07-11T09:30:01","slug":"przedszkole","status":"publish","type":"page","link":"https:\/\/psonizgierz.pl\/?page_id=2794","title":{"rendered":"Przedszkole"},"content":{"rendered":"\n<h2 class=\"wp-block-heading\">Przedszkole integracyjne  PSOtNIk \u2013 nowa inicjatywa w fazie projektu<\/h2>\n\n\n\n<blockquote class=\"wp-block-quote is-layout-flow wp-block-quote-is-layout-flow\"><p><strong>U\u015bmiech na twarzy Twojego Dziecka jest naszym sukcesem!<\/strong><\/p><\/blockquote>\n\n\n\n<p>To nowa inicjatywa PSONI Ko\u0142o w Zgierzu oraz Parafii pw. \u015bw. Jana Paw\u0142a II w Zgierzu, kt\u00f3rej celem jest kompleksowa opieka nad dzieckiem w ramach projektowanego oddzia\u0142u przedszkolnego integracyjnego. <\/p>\n\n\n\n<blockquote class=\"wp-block-quote is-layout-flow wp-block-quote-is-layout-flow\"><p><em><strong>Stawiamy na samodzielno\u015b\u0107, uspo\u0142ecznienie, kreatywno\u015b\u0107, rado\u015b\u0107, integracj\u0119 zar\u00f3wno w grupie maluch\u00f3w, jak i w \u015brodowisku lokalnym<\/strong>, <strong>rozw\u00f3j i nauk\u0119 w atmosferze prawdziwego dzieci\u0144stwa oraz niezapomniane wspomnienia.<\/strong><\/em><\/p><\/blockquote>\n\n\n\n<p><\/p>\n\n\n\n<ul class=\"wp-block-list\"><li><strong>indywidualne podej\u015bcie do dziecka<\/strong><\/li><\/ul>\n\n\n\n<ul class=\"wp-block-list\"><li><strong>rozw\u00f3j zainteresowa\u0144<\/strong><\/li><\/ul>\n\n\n\n<ul class=\"wp-block-list\"><li><strong>warsztaty dla rodzic\u00f3w<\/strong><\/li><\/ul>\n\n\n\n<ul class=\"wp-block-list\"><li><strong>ma\u0142e grupy integracyjne<\/strong><\/li><\/ul>\n\n\n\n<ul class=\"wp-block-list\"><li><strong>innowacyjne metody nauki<\/strong><\/li><\/ul>\n\n\n\n<ul class=\"wp-block-list\"><li><strong>monitorowanie i wsparcie dziecka w rozwoju<\/strong><\/li><\/ul>\n\n\n\n<div class=\"wp-block-group is-layout-flow wp-block-group-is-layout-flow\"><div class=\"wp-block-group__inner-container\"><\/div><\/div>\n\n\n\n<p>PSOtNIk to uczenie wielozmys\u0142owe, kreatywne z wykorzystaniem wielu metod:<\/p>\n\n\n\n<ul class=\"wp-block-list\"><li>zabawy rozwijaj\u0105ce pomys\u0142owo\u015b\u0107, logiczne my\u015blenie dzi\u0119ki wykorzystaniu metody Marii Montessori, koncepcji inteligencji wielorakiej Howarda Gardnera oraz programu Klucz do uczenia<\/li><li>zaj\u0119cia kszta\u0142tuj\u0105ce funkcje wzrokowe, s\u0142uchowe i ruchowe<br>w ramach podej\u015bcia M. Bogdanowicz &#8211; Metoda Dobrego Startu<\/li><li>zabawy ruchowe, relacyjne z wykorzystaniem Metody Ruchu Rozwijaj\u0105cego Weroniki Sherborne.<\/li><\/ul>\n\n\n\n<p>Dodatkowo, zgodnie z potrzebami dzieci, zapewnimy opiek\u0119 specjalist\u00f3w O\u015brodka Wczesnej Interwencji PSONI Zgierz (logopeda, fizjoterapeuta, psycholog, pedagog specjalny).<\/p>\n\n\n\n<p><strong>Wsp\u00f3lnie otw\u00f3rzmy przed nimi \u017cycie!<\/strong><\/p>\n\n\n\n<p>Wi\u0119cej informacji:<\/p>\n\n\n\n<h4 class=\"wp-block-heading\"><strong>Koordynator projektu: Martyna Banasiak <\/strong>tel. <span class=\"has-inline-color has-vivid-cyan-blue-color\"><strong>790 214 772<\/strong><\/span>,  <\/h4>\n\n\n\n<p>Osoby zainteresowane zapraszamy, zg\u0142oszenia przyjmujemy do 30.07.2020<\/p>\n\n\n\n<h4 class=\"wp-block-heading\"> <\/h4>\n\n\n\n<p><\/p>\n\n\n\n<figure class=\"wp-block-gallery columns-2 is-cropped wp-block-gallery-1 is-layout-flex wp-block-gallery-is-layout-flex\"><ul class=\"blocks-gallery-grid\"><li class=\"blocks-gallery-item\"><figure><img loading=\"lazy\" decoding=\"async\" width=\"727\" height=\"1024\" src=\"https:\/\/psonizgierz.pl\/wp-content\/uploads\/2020\/07\/Przedszkole-_info-727x1024.jpg\" alt=\"\" data-id=\"2807\" data-full-url=\"https:\/\/psonizgierz.pl\/wp-content\/uploads\/2020\/07\/Przedszkole-_info.jpg\" data-link=\"https:\/\/psonizgierz.pl\/przedszkole-_info\/\" class=\"wp-image-2807\" srcset=\"https:\/\/psonizgierz.pl\/wp-content\/uploads\/2020\/07\/Przedszkole-_info-727x1024.jpg 727w, https:\/\/psonizgierz.pl\/wp-content\/uploads\/2020\/07\/Przedszkole-_info-213x300.jpg 213w, https:\/\/psonizgierz.pl\/wp-content\/uploads\/2020\/07\/Przedszkole-_info-768x1082.jpg 768w, https:\/\/psonizgierz.pl\/wp-content\/uploads\/2020\/07\/Przedszkole-_info-1091x1536.jpg 1091w, https:\/\/psonizgierz.pl\/wp-content\/uploads\/2020\/07\/Przedszkole-_info.jpg 1197w\" sizes=\"auto, (max-width: 727px) 100vw, 727px\" \/><\/figure><\/li><li class=\"blocks-gallery-item\"><figure><img loading=\"lazy\" decoding=\"async\" width=\"727\" height=\"1024\" src=\"https:\/\/psonizgierz.pl\/wp-content\/uploads\/2020\/07\/Przedszkole-727x1024.jpg\" alt=\"\" data-id=\"2806\" data-full-url=\"https:\/\/psonizgierz.pl\/wp-content\/uploads\/2020\/07\/Przedszkole.jpg\" data-link=\"https:\/\/psonizgierz.pl\/przedszkole-2\/\" class=\"wp-image-2806\" srcset=\"https:\/\/psonizgierz.pl\/wp-content\/uploads\/2020\/07\/Przedszkole-727x1024.jpg 727w, https:\/\/psonizgierz.pl\/wp-content\/uploads\/2020\/07\/Przedszkole-213x300.jpg 213w, https:\/\/psonizgierz.pl\/wp-content\/uploads\/2020\/07\/Przedszkole-768x1082.jpg 768w, https:\/\/psonizgierz.pl\/wp-content\/uploads\/2020\/07\/Przedszkole-1091x1536.jpg 1091w, https:\/\/psonizgierz.pl\/wp-content\/uploads\/2020\/07\/Przedszkole.jpg 1197w\" sizes=\"auto, (max-width: 727px) 100vw, 727px\" \/><\/figure><\/li><\/ul><\/figure>\n\n\n\n<p><\/p>\n","protected":false},"excerpt":{"rendered":"<p>Przedszkole integracyjne PSOtNIk \u2013 nowa inicjatywa w fazie projektu U\u015bmiech na twarzy Twojego Dziecka jest naszym sukcesem! To nowa inicjatywa PSONI Ko\u0142o w Zgierzu oraz Parafii pw. \u015bw. Jana Paw\u0142a II w Zgierzu, kt\u00f3rej celem jest kompleksowa opieka nad dzieckiem w ramach projektowanego oddzia\u0142u przedszkolnego integracyjnego. Stawiamy na samodzielno\u015b\u0107, uspo\u0142ecznienie, kreatywno\u015b\u0107, rado\u015b\u0107, integracj\u0119 zar\u00f3wno w [&hellip;]<\/p>\n","protected":false},"author":3,"featured_media":0,"parent":0,"menu_order":0,"comment_status":"closed","ping_status":"closed","template":"","meta":{"footnotes":""},"class_list":["post-2794","page","type-page","status-publish","hentry"],"_links":{"self":[{"href":"https:\/\/psonizgierz.pl\/index.php?rest_route=\/wp\/v2\/pages\/2794","targetHints":{"allow":["GET"]}}],"collection":[{"href":"https:\/\/psonizgierz.pl\/index.php?rest_route=\/wp\/v2\/pages"}],"about":[{"href":"https:\/\/psonizgierz.pl\/index.php?rest_route=\/wp\/v2\/types\/page"}],"author":[{"embeddable":true,"href":"https:\/\/psonizgierz.pl\/index.php?rest_route=\/wp\/v2\/users\/3"}],"replies":[{"embeddable":true,"href":"https:\/\/psonizgierz.pl\/index.php?rest_route=%2Fwp%2Fv2%2Fcomments&post=2794"}],"version-history":[{"count":7,"href":"https:\/\/psonizgierz.pl\/index.php?rest_route=\/wp\/v2\/pages\/2794\/revisions"}],"predecessor-version":[{"id":2819,"href":"https:\/\/psonizgierz.pl\/index.php?rest_route=\/wp\/v2\/pages\/2794\/revisions\/2819"}],"wp:attachment":[{"href":"https:\/\/psonizgierz.pl\/index.php?rest_route=%2Fwp%2Fv2%2Fmedia&parent=2794"}],"curies":[{"name":"wp","href":"https:\/\/api.w.org\/{rel}","templated":true}]}}