{"id":3078,"date":"2020-12-12T19:46:35","date_gmt":"2020-12-12T18:46:35","guid":{"rendered":"http:\/\/psonizgierz.pl\/?page_id=3078"},"modified":"2020-12-12T19:49:42","modified_gmt":"2020-12-12T18:49:42","slug":"radio-sovo","status":"publish","type":"page","link":"https:\/\/psonizgierz.pl\/?page_id=3078","title":{"rendered":"Radio SoVo"},"content":{"rendered":"\n<div class=\"wp-block-image\"><figure class=\"alignright size-large is-resized\"><img loading=\"lazy\" decoding=\"async\" src=\"https:\/\/psonizgierz.pl\/wp-content\/uploads\/2020\/12\/130735225_1541735512680538_3842691356941748928_n.jpg\" alt=\"\" class=\"wp-image-3081\" width=\"262\" height=\"262\" srcset=\"https:\/\/psonizgierz.pl\/wp-content\/uploads\/2020\/12\/130735225_1541735512680538_3842691356941748928_n.jpg 526w, https:\/\/psonizgierz.pl\/wp-content\/uploads\/2020\/12\/130735225_1541735512680538_3842691356941748928_n-300x300.jpg 300w, https:\/\/psonizgierz.pl\/wp-content\/uploads\/2020\/12\/130735225_1541735512680538_3842691356941748928_n-180x180.jpg 180w\" sizes=\"auto, (max-width: 262px) 100vw, 262px\" \/><\/figure><\/div>\n\n\n\n<h3 class=\"wp-block-heading\">Halo, halo, ju\u017c jest! Ruszy\u0142o! <\/h3>\n\n\n\n<h4 class=\"wp-block-heading\">Tu nadaje Radio SoVo- dost\u0119pne radio internetowe! <a rel=\"noreferrer noopener\" href=\"https:\/\/l.facebook.com\/l.php?u=http%3A%2F%2Fwww.radiosovo.pl%2F%3Ffbclid%3DIwAR3rS1kcxsNw0lVkp9O3p9sk4h1P3U1v2WO8p568FZ1FZ7TEWHTH_ke_1mw&amp;h=AT0RQ9ubD2RI_vfUY3cmYrdFYgn-SSjHqFfL5VtZNj83uEQJ1yMH68YFxc3Cay6y2y3gZ4qO_neqkUuA6I2pR2RA2SrSs3JET7jyQE0KUewXj3iVNc9zeEZuNf4HkppKiDg&amp;__tn__=-UK-R&amp;c[0]=AT3pSA3Z0D5wNCQET86TWzIZg7BQr1DKYNCtnW-6naKO20qKxO3SORNyKBHjJsGA6zT4Vs48gKdw_5sv2cbKvmerr6GBa1k6YXa-p6TDomK2GF5eOl_36EqhBg9GOTBcf88dfNTuq88br5dMY01CsrhszgczwQst7bKsbJDXwDytJTrerRksuW8sIOKyAP7bwdRSWBr0D0xLNweFVLTCeTNRGA\" target=\"_blank\">www.radiosovo.pl<\/a> Tworzone przez osoby z niepe\u0142nosprawno\u015bciami:)<\/h4>\n\n\n\n<p>My te\u017c ju\u017c dzia\u0142amy <img loading=\"lazy\" decoding=\"async\" alt=\"\ud83d\ude42\" src=\"https:\/\/static.xx.fbcdn.net\/images\/emoji.php\/v9\/t4c\/1\/16\/1f642.png\" width=\"16\" height=\"16\"> wi\u0119cej szczeg\u00f3\u0142\u00f3w o projekcie ju\u017c wkr\u00f3tce<\/p>\n\n\n\n<p>Wyj\u0105tkowe miejsce w wirtualnym \u015bwiecie. Pierwszy w Polsce portal internetowego radia przygotowany dla senior\u00f3w i os\u00f3b z niepe\u0142nosprawno\u015bci\u0105 intelektualn\u0105. Wszystkie audycje i materia\u0142y wideo przygotowuj\u0105 osoby z NI oraz seniorzy. Zaanga\u017cowania i pomys\u0142\u00f3w nie brak<\/p>\n\n\n\n<p>Si\u0142\u0105 nap\u0119dow\u0105 portalu s\u0105 dziennikarze-amatorzy. W ca\u0142ej Polsce powsta\u0142o ju\u017c 30 Oddzia\u0142\u00f3w Radia SoVo. Jako pierwsze, w pa\u017adzierniku prac\u0119 rozpocz\u0119\u0142o 15 Grup Radiowych os\u00f3b z niepe\u0142nosprawno\u015bci\u0105 intelektualn\u0105 (m.in. z Nidzicy, Wyszkowa, Tczewa, Jaros\u0142awia, Poznania czy Bytomia). Wspieraj\u0105 ich w tym specjali\u015bci z Polskiego Stowarzyszenia na rzecz Os\u00f3b z Niepe\u0142nosprawno\u015bci\u0105 Intelektualn\u0105 (PSONI). Pierwsze przygotowywane przez Grupy audycje i wideo s\u0105 ju\u017c opublikowane na portalu. Zapraszamy w najbli\u017cszy pi\u0105tek! Wi\u0119cej o projekcie &#8211; na stronie <a href=\"https:\/\/www.facebook.com\/zgpsoni\/?__cft__[0]=AZVM4m_Jmyd33T3NaFCKi-LBXQu3H9XVV0W-fXJUCkBszQkWpkX8CJrW0EaSRm-e9yE0Kilez8836Nek7R21c9NQJ83raMV3ysjr2Ha724PnO3zdg5P2x4S4oY-WC-NMCzF_Vdofb_JbInmxmCNE2b8L&amp;__tn__=kK-R\">Polskie Stowarzyszenie na rzecz Os\u00f3b z Niepe\u0142nosprawno\u015bci\u0105 Intelektualn\u0105 ZG<\/a><\/p>\n\n\n\n<figure class=\"wp-block-gallery columns-3 is-cropped wp-block-gallery-1 is-layout-flex wp-block-gallery-is-layout-flex\"><ul class=\"blocks-gallery-grid\"><li class=\"blocks-gallery-item\"><figure><img loading=\"lazy\" decoding=\"async\" width=\"1024\" height=\"770\" src=\"https:\/\/psonizgierz.pl\/wp-content\/uploads\/2020\/12\/131362366_3602108286544723_7530623539493302045_o-1024x770.jpg\" alt=\"\" data-id=\"3087\" data-full-url=\"https:\/\/psonizgierz.pl\/wp-content\/uploads\/2020\/12\/131362366_3602108286544723_7530623539493302045_o.jpg\" data-link=\"https:\/\/psonizgierz.pl\/131362366_3602108286544723_7530623539493302045_o\/\" class=\"wp-image-3087\" srcset=\"https:\/\/psonizgierz.pl\/wp-content\/uploads\/2020\/12\/131362366_3602108286544723_7530623539493302045_o-1024x770.jpg 1024w, https:\/\/psonizgierz.pl\/wp-content\/uploads\/2020\/12\/131362366_3602108286544723_7530623539493302045_o-300x226.jpg 300w, https:\/\/psonizgierz.pl\/wp-content\/uploads\/2020\/12\/131362366_3602108286544723_7530623539493302045_o-768x578.jpg 768w, https:\/\/psonizgierz.pl\/wp-content\/uploads\/2020\/12\/131362366_3602108286544723_7530623539493302045_o-1536x1155.jpg 1536w, https:\/\/psonizgierz.pl\/wp-content\/uploads\/2020\/12\/131362366_3602108286544723_7530623539493302045_o.jpg 1936w\" sizes=\"auto, (max-width: 1024px) 100vw, 1024px\" \/><\/figure><\/li><li class=\"blocks-gallery-item\"><figure><img loading=\"lazy\" decoding=\"async\" width=\"569\" height=\"1024\" src=\"https:\/\/psonizgierz.pl\/wp-content\/uploads\/2020\/12\/131314763_3602107469878138_2617134153147904737_o-569x1024.jpg\" alt=\"\" data-id=\"3086\" data-full-url=\"https:\/\/psonizgierz.pl\/wp-content\/uploads\/2020\/12\/131314763_3602107469878138_2617134153147904737_o.jpg\" data-link=\"https:\/\/psonizgierz.pl\/131314763_3602107469878138_2617134153147904737_o\/\" class=\"wp-image-3086\" srcset=\"https:\/\/psonizgierz.pl\/wp-content\/uploads\/2020\/12\/131314763_3602107469878138_2617134153147904737_o-569x1024.jpg 569w, https:\/\/psonizgierz.pl\/wp-content\/uploads\/2020\/12\/131314763_3602107469878138_2617134153147904737_o-167x300.jpg 167w, https:\/\/psonizgierz.pl\/wp-content\/uploads\/2020\/12\/131314763_3602107469878138_2617134153147904737_o-768x1382.jpg 768w, https:\/\/psonizgierz.pl\/wp-content\/uploads\/2020\/12\/131314763_3602107469878138_2617134153147904737_o-853x1536.jpg 853w, https:\/\/psonizgierz.pl\/wp-content\/uploads\/2020\/12\/131314763_3602107469878138_2617134153147904737_o.jpg 1120w\" sizes=\"auto, (max-width: 569px) 100vw, 569px\" \/><\/figure><\/li><li class=\"blocks-gallery-item\"><figure><img loading=\"lazy\" decoding=\"async\" width=\"569\" height=\"1024\" src=\"https:\/\/psonizgierz.pl\/wp-content\/uploads\/2020\/12\/131214521_3602107673211451_7437698728221674600_o-569x1024.jpg\" alt=\"\" data-id=\"3085\" data-full-url=\"https:\/\/psonizgierz.pl\/wp-content\/uploads\/2020\/12\/131214521_3602107673211451_7437698728221674600_o.jpg\" data-link=\"https:\/\/psonizgierz.pl\/131214521_3602107673211451_7437698728221674600_o\/\" class=\"wp-image-3085\" srcset=\"https:\/\/psonizgierz.pl\/wp-content\/uploads\/2020\/12\/131214521_3602107673211451_7437698728221674600_o-569x1024.jpg 569w, https:\/\/psonizgierz.pl\/wp-content\/uploads\/2020\/12\/131214521_3602107673211451_7437698728221674600_o-167x300.jpg 167w, https:\/\/psonizgierz.pl\/wp-content\/uploads\/2020\/12\/131214521_3602107673211451_7437698728221674600_o-768x1382.jpg 768w, https:\/\/psonizgierz.pl\/wp-content\/uploads\/2020\/12\/131214521_3602107673211451_7437698728221674600_o-853x1536.jpg 853w, https:\/\/psonizgierz.pl\/wp-content\/uploads\/2020\/12\/131214521_3602107673211451_7437698728221674600_o.jpg 1120w\" sizes=\"auto, (max-width: 569px) 100vw, 569px\" \/><\/figure><\/li><li class=\"blocks-gallery-item\"><figure><img loading=\"lazy\" decoding=\"async\" width=\"569\" height=\"1024\" src=\"https:\/\/psonizgierz.pl\/wp-content\/uploads\/2020\/12\/131095916_3602107403211478_1959231928836085943_o-569x1024.jpg\" alt=\"\" data-id=\"3084\" data-full-url=\"https:\/\/psonizgierz.pl\/wp-content\/uploads\/2020\/12\/131095916_3602107403211478_1959231928836085943_o.jpg\" data-link=\"https:\/\/psonizgierz.pl\/131095916_3602107403211478_1959231928836085943_o\/\" class=\"wp-image-3084\" srcset=\"https:\/\/psonizgierz.pl\/wp-content\/uploads\/2020\/12\/131095916_3602107403211478_1959231928836085943_o-569x1024.jpg 569w, https:\/\/psonizgierz.pl\/wp-content\/uploads\/2020\/12\/131095916_3602107403211478_1959231928836085943_o-167x300.jpg 167w, https:\/\/psonizgierz.pl\/wp-content\/uploads\/2020\/12\/131095916_3602107403211478_1959231928836085943_o-768x1382.jpg 768w, https:\/\/psonizgierz.pl\/wp-content\/uploads\/2020\/12\/131095916_3602107403211478_1959231928836085943_o-853x1536.jpg 853w, https:\/\/psonizgierz.pl\/wp-content\/uploads\/2020\/12\/131095916_3602107403211478_1959231928836085943_o.jpg 1120w\" sizes=\"auto, (max-width: 569px) 100vw, 569px\" \/><\/figure><\/li><li class=\"blocks-gallery-item\"><figure><img loading=\"lazy\" decoding=\"async\" width=\"1024\" height=\"770\" src=\"https:\/\/psonizgierz.pl\/wp-content\/uploads\/2020\/12\/131070521_3602108056544746_7625104236739533517_o-1024x770.jpg\" alt=\"\" data-id=\"3082\" data-full-url=\"https:\/\/psonizgierz.pl\/wp-content\/uploads\/2020\/12\/131070521_3602108056544746_7625104236739533517_o.jpg\" data-link=\"https:\/\/psonizgierz.pl\/131070521_3602108056544746_7625104236739533517_o\/\" class=\"wp-image-3082\" srcset=\"https:\/\/psonizgierz.pl\/wp-content\/uploads\/2020\/12\/131070521_3602108056544746_7625104236739533517_o-1024x770.jpg 1024w, https:\/\/psonizgierz.pl\/wp-content\/uploads\/2020\/12\/131070521_3602108056544746_7625104236739533517_o-300x226.jpg 300w, https:\/\/psonizgierz.pl\/wp-content\/uploads\/2020\/12\/131070521_3602108056544746_7625104236739533517_o-768x578.jpg 768w, https:\/\/psonizgierz.pl\/wp-content\/uploads\/2020\/12\/131070521_3602108056544746_7625104236739533517_o-1536x1155.jpg 1536w, https:\/\/psonizgierz.pl\/wp-content\/uploads\/2020\/12\/131070521_3602108056544746_7625104236739533517_o.jpg 1936w\" sizes=\"auto, (max-width: 1024px) 100vw, 1024px\" \/><\/figure><\/li><\/ul><\/figure>\n\n\n\n<figure class=\"wp-block-image size-large\"><img loading=\"lazy\" decoding=\"async\" width=\"960\" height=\"365\" src=\"https:\/\/psonizgierz.pl\/wp-content\/uploads\/2020\/12\/131087569_3602108429878042_6663175171082843842_n.png\" alt=\"\" class=\"wp-image-3083\" srcset=\"https:\/\/psonizgierz.pl\/wp-content\/uploads\/2020\/12\/131087569_3602108429878042_6663175171082843842_n.png 960w, https:\/\/psonizgierz.pl\/wp-content\/uploads\/2020\/12\/131087569_3602108429878042_6663175171082843842_n-300x114.png 300w, https:\/\/psonizgierz.pl\/wp-content\/uploads\/2020\/12\/131087569_3602108429878042_6663175171082843842_n-768x292.png 768w\" sizes=\"auto, (max-width: 960px) 100vw, 960px\" \/><\/figure>\n","protected":false},"excerpt":{"rendered":"<p>Halo, halo, ju\u017c jest! Ruszy\u0142o! Tu nadaje Radio SoVo- dost\u0119pne radio internetowe! www.radiosovo.pl Tworzone przez osoby z niepe\u0142nosprawno\u015bciami:) My te\u017c ju\u017c dzia\u0142amy wi\u0119cej szczeg\u00f3\u0142\u00f3w o projekcie ju\u017c wkr\u00f3tce Wyj\u0105tkowe miejsce w wirtualnym \u015bwiecie. Pierwszy w Polsce portal internetowego radia przygotowany dla senior\u00f3w i os\u00f3b z niepe\u0142nosprawno\u015bci\u0105 intelektualn\u0105. Wszystkie audycje i materia\u0142y wideo przygotowuj\u0105 osoby z [&hellip;]<\/p>\n","protected":false},"author":3,"featured_media":0,"parent":0,"menu_order":0,"comment_status":"closed","ping_status":"closed","template":"","meta":{"footnotes":""},"class_list":["post-3078","page","type-page","status-publish","hentry"],"_links":{"self":[{"href":"https:\/\/psonizgierz.pl\/index.php?rest_route=\/wp\/v2\/pages\/3078","targetHints":{"allow":["GET"]}}],"collection":[{"href":"https:\/\/psonizgierz.pl\/index.php?rest_route=\/wp\/v2\/pages"}],"about":[{"href":"https:\/\/psonizgierz.pl\/index.php?rest_route=\/wp\/v2\/types\/page"}],"author":[{"embeddable":true,"href":"https:\/\/psonizgierz.pl\/index.php?rest_route=\/wp\/v2\/users\/3"}],"replies":[{"embeddable":true,"href":"https:\/\/psonizgierz.pl\/index.php?rest_route=%2Fwp%2Fv2%2Fcomments&post=3078"}],"version-history":[{"count":4,"href":"https:\/\/psonizgierz.pl\/index.php?rest_route=\/wp\/v2\/pages\/3078\/revisions"}],"predecessor-version":[{"id":3089,"href":"https:\/\/psonizgierz.pl\/index.php?rest_route=\/wp\/v2\/pages\/3078\/revisions\/3089"}],"wp:attachment":[{"href":"https:\/\/psonizgierz.pl\/index.php?rest_route=%2Fwp%2Fv2%2Fmedia&parent=3078"}],"curies":[{"name":"wp","href":"https:\/\/api.w.org\/{rel}","templated":true}]}}