{"id":3091,"date":"2020-12-12T20:09:46","date_gmt":"2020-12-12T19:09:46","guid":{"rendered":"http:\/\/psonizgierz.pl\/?page_id=3091"},"modified":"2022-07-07T17:54:38","modified_gmt":"2022-07-07T15:54:38","slug":"dzial-rehabilitacji-nfz","status":"publish","type":"page","link":"https:\/\/psonizgierz.pl\/?page_id=3091","title":{"rendered":"Dzia\u0142 rehabilitacji (NFZ)"},"content":{"rendered":"\n<h3 class=\"wp-block-heading\">REHABILITACJA OS\u00d3B Z LEKKIM I UMIARKOWANYM STOPNIEM ORZECZENIA O NIEPE\u0141NOSPRAWNO\u015aCI <\/h3>\n\n\n<div class=\"wp-block-image\">\n<figure class=\"alignleft size-large is-resized\"><img loading=\"lazy\" decoding=\"async\" src=\"https:\/\/psonizgierz.pl\/wp-content\/uploads\/2018\/12\/nfz_logo_02oX6D62aapFTLo7bXW5mZ-2.jpg\" alt=\"Logo Narodowy Fundusz Zdrowia\" class=\"wp-image-688\" width=\"212\" height=\"113\" srcset=\"https:\/\/psonizgierz.pl\/wp-content\/uploads\/2018\/12\/nfz_logo_02oX6D62aapFTLo7bXW5mZ-2.jpg 960w, https:\/\/psonizgierz.pl\/wp-content\/uploads\/2018\/12\/nfz_logo_02oX6D62aapFTLo7bXW5mZ-2-300x160.jpg 300w, https:\/\/psonizgierz.pl\/wp-content\/uploads\/2018\/12\/nfz_logo_02oX6D62aapFTLo7bXW5mZ-2-768x410.jpg 768w\" sizes=\"auto, (max-width: 212px) 100vw, 212px\" \/><\/figure>\n<\/div>\n\n\n<p> w ramach Programu \u201e <mark style=\"background-color:rgba(0, 0, 0, 0)\" class=\"has-inline-color has-vivid-cyan-blue-color\"><strong>\u015aWIADCZENIA MEDYCZNE NARODOWEGO FUNDUSZU ZDROWIA DLA OS\u00d3B NIEPE\u0141NOSPRAWNYCH NA ROK 2020-2021&#8243;.<\/strong><\/mark> <\/p>\n\n\n\n<h2 class=\"wp-block-heading\"><strong>PROGRAM ZAKO\u0143CZONY <\/strong><\/h2>\n\n\n\n<p>Warunkiem wst\u0119pnego zakwalifikowania si\u0119 do korzystania ze \u015bwiadcze\u0144 w Programie jest <strong>posiadanie orzeczenia o niepe\u0142nosprawno\u015bci w stopniu lekkim albo umiarkowanym<\/strong> b\u0105d\u017a orzeczenia r\u00f3wnowa\u017cnego potwierdzonego odpowiednimi dokumentami..<\/p>\n\n\n\n<p><strong>Bez konieczno\u015bci posiadania skierowania od lekarza wy\u017cej wymienionych os\u00f3b.<\/strong><\/p>\n\n\n\n<p><strong><span class=\"has-inline-color has-vivid-cyan-blue-color\">MIEJSCE:<\/span><\/strong> <strong><span class=\"has-inline-color has-very-dark-gray-color\">Centrum Szkoleniowo-Rehabilitacyjne z Domem Mieszkalnym im. Bo\u017cenny Piotrowicz ul. Che\u0142mska 42\/42a w Zgierz<\/span><\/strong>,                                                                          <strong><em>Kompleksowe Centrum Rehabilitacji <\/em><\/strong>&#8211;<strong> DZIA\u0141 REHABILITACJI<\/strong><\/p>\n\n\n<div class=\"wp-block-image\">\n<figure class=\"alignright size-large is-resized\"><img loading=\"lazy\" decoding=\"async\" src=\"https:\/\/psonizgierz.pl\/wp-content\/uploads\/2020\/04\/kontakt.jpg\" alt=\"\" class=\"wp-image-2366\" width=\"301\" height=\"301\" srcset=\"https:\/\/psonizgierz.pl\/wp-content\/uploads\/2020\/04\/kontakt.jpg 346w, https:\/\/psonizgierz.pl\/wp-content\/uploads\/2020\/04\/kontakt-300x300.jpg 300w, https:\/\/psonizgierz.pl\/wp-content\/uploads\/2020\/04\/kontakt-180x180.jpg 180w\" sizes=\"auto, (max-width: 301px) 100vw, 301px\" \/><\/figure>\n<\/div>\n\n\n<p><strong>Realizacja 15.12.2020 &#8211; 31.12.2021<\/strong><\/p>\n\n\n\n<h3 class=\"wp-block-heading\"><strong>TEL. 790 214 788<\/strong><\/h3>\n\n\n\n<p><\/p>\n\n\n\n<p><strong><span class=\"has-inline-color has-vivid-cyan-blue-color\">psonizgierz.pl<\/span><\/strong><\/p>\n\n\n\n<p><strong>KTO<\/strong>:  <strong>osoby z orzeczonym stopniem niepe\u0142nosprawno\u015bci &#8211; stopie\u0144 lekki i  umiarkowany<\/strong><\/p>\n\n\n\n<h4 class=\"wp-block-heading\">WARUNEK UCZESTNICTWA :<\/h4>\n\n\n\n<p><img loading=\"lazy\" decoding=\"async\" alt=\"\u27a1\ufe0f\" src=\"https:\/\/static.xx.fbcdn.net\/images\/emoji.php\/v9\/t9e\/1\/16\/27a1.png\" width=\"16\" height=\"16\"> <strong>wa\u017cne (aktualne) orzeczenie o stopniu niepe\u0142nosprawno\u015bci<\/strong><\/p>\n\n\n\n<p> <img loading=\"lazy\" decoding=\"async\" alt=\"\u27a1\ufe0f\" src=\"https:\/\/static.xx.fbcdn.net\/images\/emoji.php\/v9\/t9e\/1\/16\/27a1.png\" width=\"16\" height=\"16\"> <strong>zg\u0142oszenie ch\u0119ci udzia\u0142u poprzez wpisanie si\u0119 ma list\u0119 uczestnik\u00f3w i dostarczenie orzeczenia o niepe\u0142nosprawno\u015bci.<\/strong><\/p>\n\n\n\n<p> <img loading=\"lazy\" decoding=\"async\" alt=\"\u27a1\ufe0f\" src=\"https:\/\/static.xx.fbcdn.net\/images\/emoji.php\/v9\/t9e\/1\/16\/27a1.png\" width=\"16\" height=\"16\"> <strong>wiek powy\u017cej 16 roku \u017cycia <\/strong><\/p>\n\n\n\n<p> <img loading=\"lazy\" decoding=\"async\" alt=\"\u27a1\ufe0f\" src=\"https:\/\/static.xx.fbcdn.net\/images\/emoji.php\/v9\/t9e\/1\/16\/27a1.png\" width=\"16\" height=\"16\"> <strong>stan funkcjonalny \u015bwiadczeniobiorcy (ICF) rokuj\u0105cy do poprawy samodzielno\u015bci poprawy funkcjonowania w \u015brodowisku oraz aktywizacji spo\u0142eczne<\/strong><\/p>\n\n\n\n<p><\/p>\n\n\n\n<p> Kwalifikacja pacjenta do Programu odbywa si\u0119 przez fizjoterapeut\u0119 na wizycie fizjoterapeutycznej, podczas kt\u00f3rej fizjoterapeuta dokonuje diagnostyki funkcjonalnej pacjenta oraz kwalifikowania, planowania i prowadzenia fizjoterapii. <\/p>\n\n\n\n<p class=\"has-text-align-left\">Na wizycie fizjoterapeutycznej fizjoterapeuta ustali dla ka\u017cdego pacjenta plan fizjoterapii, okre\u015blaj\u0105cy ustalony z pacjentem cel fizjoterapii, a tak\u017ce zakres i optymaln\u0105 intensywno\u015b\u0107 \u015bwiadcze\u0144 dla danego pacjenta s\u0142u\u017c\u0105cych realizacji za\u0142o\u017conego celu.<\/p>\n\n\n\n<p>\u015awiadczenia w Programie mieszcz\u0105 si\u0119 w zakresie fizjoterapii ambulatoryjnej i obejmuj\u0105:<\/p>\n\n\n\n<ol class=\"wp-block-list\"><li><strong>WIZYTY FIZJOTERAPEUTYCZNE<\/strong> (w liczbie adekwatnej do potrzeb pacjenta, nie mniejszej jednak ni\u017c 2 wizyty \u2013 po jednej na pocz\u0105tku i na ko\u0144cu ka\u017cdego cyklu) oraz<\/li><li><strong>OD 1 DO 3 CYKLI TERAPEUTYCZNYCH<\/strong> (liczb\u0119 cykli terapeutycznych dla danego pacjenta okre\u015bla fizjoterapeuta zlecaj\u0105cy\/wykonuj\u0105cy zabiegi). Cykl fizjoterapeutyczny obejmuje do 10 dni zabiegowych.<\/li><\/ol>\n\n\n\n<p>Jednemu pacjentowi przys\u0142uguje w Programie nie wi\u0119cej ni\u017c 5 zabieg\u00f3w dziennie, w tym co najmniej 3 zabiegi z zakresu kinezyterapii.<\/p>\n\n\n\n<p>W sytuacji wykonywania dziennie liczby zabieg\u00f3w mniejszej ni\u017c 5, udzia\u0142 zabieg\u00f3w z zakresu kinezyterapii nie mo\u017ce by\u0107 mniejszy ni\u017c 60% wykonywanych zabieg\u00f3w.<\/p>\n\n\n\n<p>\u015awiadczenia w programie mieszcz\u0105 si\u0119 w zakresie fizjoterapii ambulatoryjnej i obejmuj\u0105 wizyty fizjoterapeutyczne oraz od 1 do 3 cykli terapeutycznych.<\/p>\n\n\n\n<figure class=\"wp-block-gallery has-nested-images columns-default is-cropped wp-block-gallery-1 is-layout-flex wp-block-gallery-is-layout-flex\">\n<figure class=\"wp-block-image size-large\"><img loading=\"lazy\" decoding=\"async\" width=\"1024\" height=\"681\" data-id=\"3299\" src=\"https:\/\/psonizgierz.pl\/wp-content\/uploads\/2020\/12\/DSC_0219-1024x681.jpg\" alt=\"\" class=\"wp-image-3299\" srcset=\"https:\/\/psonizgierz.pl\/wp-content\/uploads\/2020\/12\/DSC_0219-1024x681.jpg 1024w, https:\/\/psonizgierz.pl\/wp-content\/uploads\/2020\/12\/DSC_0219-300x199.jpg 300w, https:\/\/psonizgierz.pl\/wp-content\/uploads\/2020\/12\/DSC_0219-768x511.jpg 768w, https:\/\/psonizgierz.pl\/wp-content\/uploads\/2020\/12\/DSC_0219-1536x1021.jpg 1536w, https:\/\/psonizgierz.pl\/wp-content\/uploads\/2020\/12\/DSC_0219-2048x1362.jpg 2048w\" sizes=\"auto, (max-width: 1024px) 100vw, 1024px\" \/><\/figure>\n\n\n\n<figure class=\"wp-block-image size-large\"><img loading=\"lazy\" decoding=\"async\" width=\"681\" height=\"1024\" data-id=\"3300\" src=\"https:\/\/psonizgierz.pl\/wp-content\/uploads\/2020\/12\/DSC_0204-681x1024.jpg\" alt=\"\" class=\"wp-image-3300\" srcset=\"https:\/\/psonizgierz.pl\/wp-content\/uploads\/2020\/12\/DSC_0204-681x1024.jpg 681w, https:\/\/psonizgierz.pl\/wp-content\/uploads\/2020\/12\/DSC_0204-199x300.jpg 199w, https:\/\/psonizgierz.pl\/wp-content\/uploads\/2020\/12\/DSC_0204-768x1155.jpg 768w, https:\/\/psonizgierz.pl\/wp-content\/uploads\/2020\/12\/DSC_0204-1021x1536.jpg 1021w, https:\/\/psonizgierz.pl\/wp-content\/uploads\/2020\/12\/DSC_0204-1362x2048.jpg 1362w, https:\/\/psonizgierz.pl\/wp-content\/uploads\/2020\/12\/DSC_0204-scaled.jpg 1702w\" sizes=\"auto, (max-width: 681px) 100vw, 681px\" \/><\/figure>\n\n\n\n<figure class=\"wp-block-image size-large\"><img loading=\"lazy\" decoding=\"async\" width=\"681\" height=\"1024\" data-id=\"3301\" src=\"https:\/\/psonizgierz.pl\/wp-content\/uploads\/2020\/12\/DSC_0207-681x1024.jpg\" alt=\"\" class=\"wp-image-3301\" srcset=\"https:\/\/psonizgierz.pl\/wp-content\/uploads\/2020\/12\/DSC_0207-681x1024.jpg 681w, https:\/\/psonizgierz.pl\/wp-content\/uploads\/2020\/12\/DSC_0207-199x300.jpg 199w, https:\/\/psonizgierz.pl\/wp-content\/uploads\/2020\/12\/DSC_0207-768x1155.jpg 768w, https:\/\/psonizgierz.pl\/wp-content\/uploads\/2020\/12\/DSC_0207-1021x1536.jpg 1021w, https:\/\/psonizgierz.pl\/wp-content\/uploads\/2020\/12\/DSC_0207-1362x2048.jpg 1362w, https:\/\/psonizgierz.pl\/wp-content\/uploads\/2020\/12\/DSC_0207-scaled.jpg 1702w\" sizes=\"auto, (max-width: 681px) 100vw, 681px\" \/><\/figure>\n\n\n\n<figure class=\"wp-block-image size-large\"><img loading=\"lazy\" decoding=\"async\" width=\"681\" height=\"1024\" data-id=\"3297\" src=\"https:\/\/psonizgierz.pl\/wp-content\/uploads\/2020\/12\/DSC_0210-681x1024.jpg\" alt=\"\" class=\"wp-image-3297\" srcset=\"https:\/\/psonizgierz.pl\/wp-content\/uploads\/2020\/12\/DSC_0210-681x1024.jpg 681w, https:\/\/psonizgierz.pl\/wp-content\/uploads\/2020\/12\/DSC_0210-199x300.jpg 199w, https:\/\/psonizgierz.pl\/wp-content\/uploads\/2020\/12\/DSC_0210-768x1155.jpg 768w, https:\/\/psonizgierz.pl\/wp-content\/uploads\/2020\/12\/DSC_0210-1021x1536.jpg 1021w, https:\/\/psonizgierz.pl\/wp-content\/uploads\/2020\/12\/DSC_0210-1362x2048.jpg 1362w, https:\/\/psonizgierz.pl\/wp-content\/uploads\/2020\/12\/DSC_0210-scaled.jpg 1702w\" sizes=\"auto, (max-width: 681px) 100vw, 681px\" \/><\/figure>\n\n\n\n<figure class=\"wp-block-image size-large\"><img loading=\"lazy\" decoding=\"async\" width=\"681\" height=\"1024\" data-id=\"3295\" src=\"https:\/\/psonizgierz.pl\/wp-content\/uploads\/2020\/12\/DSC_0206-681x1024.jpg\" alt=\"\" class=\"wp-image-3295\" srcset=\"https:\/\/psonizgierz.pl\/wp-content\/uploads\/2020\/12\/DSC_0206-681x1024.jpg 681w, https:\/\/psonizgierz.pl\/wp-content\/uploads\/2020\/12\/DSC_0206-199x300.jpg 199w, https:\/\/psonizgierz.pl\/wp-content\/uploads\/2020\/12\/DSC_0206-768x1155.jpg 768w, https:\/\/psonizgierz.pl\/wp-content\/uploads\/2020\/12\/DSC_0206-1021x1536.jpg 1021w, https:\/\/psonizgierz.pl\/wp-content\/uploads\/2020\/12\/DSC_0206-1362x2048.jpg 1362w, https:\/\/psonizgierz.pl\/wp-content\/uploads\/2020\/12\/DSC_0206-scaled.jpg 1702w\" sizes=\"auto, (max-width: 681px) 100vw, 681px\" \/><\/figure>\n\n\n\n<figure class=\"wp-block-image size-large\"><img loading=\"lazy\" decoding=\"async\" width=\"1024\" height=\"681\" data-id=\"3296\" src=\"https:\/\/psonizgierz.pl\/wp-content\/uploads\/2020\/12\/DSC_0208-1024x681.jpg\" alt=\"\" class=\"wp-image-3296\" srcset=\"https:\/\/psonizgierz.pl\/wp-content\/uploads\/2020\/12\/DSC_0208-1024x681.jpg 1024w, https:\/\/psonizgierz.pl\/wp-content\/uploads\/2020\/12\/DSC_0208-300x199.jpg 300w, https:\/\/psonizgierz.pl\/wp-content\/uploads\/2020\/12\/DSC_0208-768x511.jpg 768w, https:\/\/psonizgierz.pl\/wp-content\/uploads\/2020\/12\/DSC_0208-1536x1021.jpg 1536w, https:\/\/psonizgierz.pl\/wp-content\/uploads\/2020\/12\/DSC_0208-2048x1362.jpg 2048w\" sizes=\"auto, (max-width: 1024px) 100vw, 1024px\" \/><\/figure>\n\n\n\n<figure class=\"wp-block-image size-large\"><img loading=\"lazy\" decoding=\"async\" width=\"960\" height=\"512\" data-id=\"688\" src=\"https:\/\/psonizgierz.pl\/wp-content\/uploads\/2018\/12\/nfz_logo_02oX6D62aapFTLo7bXW5mZ-2.jpg\" alt=\"\" class=\"wp-image-688\" srcset=\"https:\/\/psonizgierz.pl\/wp-content\/uploads\/2018\/12\/nfz_logo_02oX6D62aapFTLo7bXW5mZ-2.jpg 960w, https:\/\/psonizgierz.pl\/wp-content\/uploads\/2018\/12\/nfz_logo_02oX6D62aapFTLo7bXW5mZ-2-300x160.jpg 300w, https:\/\/psonizgierz.pl\/wp-content\/uploads\/2018\/12\/nfz_logo_02oX6D62aapFTLo7bXW5mZ-2-768x410.jpg 768w\" sizes=\"auto, (max-width: 960px) 100vw, 960px\" \/><\/figure>\n\n\n\n<figure class=\"wp-block-image size-large\"><img loading=\"lazy\" decoding=\"async\" width=\"1024\" height=\"681\" data-id=\"2535\" src=\"https:\/\/psonizgierz.pl\/wp-content\/uploads\/2020\/04\/56598200_2195534817202084_3890770676847476736_o-1024x681.jpg\" alt=\"\" class=\"wp-image-2535\" srcset=\"https:\/\/psonizgierz.pl\/wp-content\/uploads\/2020\/04\/56598200_2195534817202084_3890770676847476736_o-1024x681.jpg 1024w, https:\/\/psonizgierz.pl\/wp-content\/uploads\/2020\/04\/56598200_2195534817202084_3890770676847476736_o-300x199.jpg 300w, https:\/\/psonizgierz.pl\/wp-content\/uploads\/2020\/04\/56598200_2195534817202084_3890770676847476736_o-768x511.jpg 768w, https:\/\/psonizgierz.pl\/wp-content\/uploads\/2020\/04\/56598200_2195534817202084_3890770676847476736_o-1536x1021.jpg 1536w, https:\/\/psonizgierz.pl\/wp-content\/uploads\/2020\/04\/56598200_2195534817202084_3890770676847476736_o.jpg 1692w\" sizes=\"auto, (max-width: 1024px) 100vw, 1024px\" \/><\/figure>\n\n\n\n<figure class=\"wp-block-image size-large\"><img loading=\"lazy\" decoding=\"async\" width=\"1024\" height=\"681\" data-id=\"3360\" src=\"https:\/\/psonizgierz.pl\/wp-content\/uploads\/2021\/01\/wtz-29-1024x681.jpg\" alt=\"\" class=\"wp-image-3360\" srcset=\"https:\/\/psonizgierz.pl\/wp-content\/uploads\/2021\/01\/wtz-29-1024x681.jpg 1024w, https:\/\/psonizgierz.pl\/wp-content\/uploads\/2021\/01\/wtz-29-300x199.jpg 300w, https:\/\/psonizgierz.pl\/wp-content\/uploads\/2021\/01\/wtz-29-768x511.jpg 768w, https:\/\/psonizgierz.pl\/wp-content\/uploads\/2021\/01\/wtz-29-1536x1021.jpg 1536w, https:\/\/psonizgierz.pl\/wp-content\/uploads\/2021\/01\/wtz-29-2048x1362.jpg 2048w\" sizes=\"auto, (max-width: 1024px) 100vw, 1024px\" \/><\/figure>\n\n\n\n<figure class=\"wp-block-image size-large\"><img loading=\"lazy\" decoding=\"async\" width=\"1024\" height=\"681\" data-id=\"3361\" src=\"https:\/\/psonizgierz.pl\/wp-content\/uploads\/2021\/01\/wtz-43-1024x681.jpg\" alt=\"\" class=\"wp-image-3361\" srcset=\"https:\/\/psonizgierz.pl\/wp-content\/uploads\/2021\/01\/wtz-43-1024x681.jpg 1024w, https:\/\/psonizgierz.pl\/wp-content\/uploads\/2021\/01\/wtz-43-300x199.jpg 300w, https:\/\/psonizgierz.pl\/wp-content\/uploads\/2021\/01\/wtz-43-768x511.jpg 768w, https:\/\/psonizgierz.pl\/wp-content\/uploads\/2021\/01\/wtz-43-1536x1021.jpg 1536w, https:\/\/psonizgierz.pl\/wp-content\/uploads\/2021\/01\/wtz-43-2048x1362.jpg 2048w\" sizes=\"auto, (max-width: 1024px) 100vw, 1024px\" \/><\/figure>\n<\/figure>\n","protected":false},"excerpt":{"rendered":"<p>REHABILITACJA OS\u00d3B Z LEKKIM I UMIARKOWANYM STOPNIEM ORZECZENIA O NIEPE\u0141NOSPRAWNO\u015aCI w ramach Programu \u201e \u015aWIADCZENIA MEDYCZNE NARODOWEGO FUNDUSZU ZDROWIA DLA OS\u00d3B NIEPE\u0141NOSPRAWNYCH NA ROK 2020-2021&#8243;. PROGRAM ZAKO\u0143CZONY Warunkiem wst\u0119pnego zakwalifikowania si\u0119 do korzystania ze \u015bwiadcze\u0144 w Programie jest posiadanie orzeczenia o niepe\u0142nosprawno\u015bci w stopniu lekkim albo umiarkowanym b\u0105d\u017a orzeczenia r\u00f3wnowa\u017cnego potwierdzonego odpowiednimi dokumentami.. Bez konieczno\u015bci [&hellip;]<\/p>\n","protected":false},"author":3,"featured_media":0,"parent":0,"menu_order":0,"comment_status":"closed","ping_status":"closed","template":"","meta":{"footnotes":""},"class_list":["post-3091","page","type-page","status-publish","hentry"],"_links":{"self":[{"href":"https:\/\/psonizgierz.pl\/index.php?rest_route=\/wp\/v2\/pages\/3091","targetHints":{"allow":["GET"]}}],"collection":[{"href":"https:\/\/psonizgierz.pl\/index.php?rest_route=\/wp\/v2\/pages"}],"about":[{"href":"https:\/\/psonizgierz.pl\/index.php?rest_route=\/wp\/v2\/types\/page"}],"author":[{"embeddable":true,"href":"https:\/\/psonizgierz.pl\/index.php?rest_route=\/wp\/v2\/users\/3"}],"replies":[{"embeddable":true,"href":"https:\/\/psonizgierz.pl\/index.php?rest_route=%2Fwp%2Fv2%2Fcomments&post=3091"}],"version-history":[{"count":19,"href":"https:\/\/psonizgierz.pl\/index.php?rest_route=\/wp\/v2\/pages\/3091\/revisions"}],"predecessor-version":[{"id":4299,"href":"https:\/\/psonizgierz.pl\/index.php?rest_route=\/wp\/v2\/pages\/3091\/revisions\/4299"}],"wp:attachment":[{"href":"https:\/\/psonizgierz.pl\/index.php?rest_route=%2Fwp%2Fv2%2Fmedia&parent=3091"}],"curies":[{"name":"wp","href":"https:\/\/api.w.org\/{rel}","templated":true}]}}