{"id":3184,"date":"2020-12-16T19:55:01","date_gmt":"2020-12-16T18:55:01","guid":{"rendered":"http:\/\/psonizgierz.pl\/?page_id=3184"},"modified":"2021-06-16T13:45:03","modified_gmt":"2021-06-16T11:45:03","slug":"czlonkowstwo","status":"publish","type":"page","link":"https:\/\/psonizgierz.pl\/?page_id=3184","title":{"rendered":"CZ\u0141ONKOWSTWO"},"content":{"rendered":"\n<h2 class=\"wp-block-heading\"><strong><span class=\"has-inline-color has-vivid-cyan-blue-color\">Do\u0142\u0105cz do nas<\/span><\/strong><\/h2>\n\n\n\n<h3 class=\"wp-block-heading\">J<strong>e\u015bli jeste\u015b osob\u0105 niepe\u0142nosprawn\u0105, rodzicem, opiekunem, osob\u0105 pracuj\u0105c\u0105 z niepe\u0142nosprawnymi<\/strong>&nbsp;i chcesz zosta\u0107 naszym&nbsp;<strong>cz\u0142onkiem<\/strong>, aktywniej zaanga\u017cowa\u0107 si\u0119 w \u017cycie naszej Organizacji zapraszamy do wype\u0142nienia&nbsp;<strong>deklaracji<\/strong>.<\/h3>\n\n\n\n<p>Jeste\u015bmy organizacj\u0105 pozarz\u0105dow\u0105 i og\u00f3lnopolsk\u0105 dzia\u0142aj\u0105c\u0105 w strukturze k\u00f3\u0142 terenowych z Zarz\u0105dem G\u0142\u00f3wnym w Warszawie.<\/p>\n\n\n\n<p><\/p>\n\n\n\n<p><strong>Jeste\u015bmy niezale\u017cn\u0105, innowacyjn\u0105 organizacj\u0105 skupiaj\u0105c\u0105 ludzi dzia\u0142aj\u0105cych na rzecz os\u00f3b z niepe\u0142nosprawno\u015bci\u0105 intelektualn\u0105, ich rodzin i otoczenia.<\/strong><\/p>\n\n\n\n<p><strong>Zrzesza rodzic\u00f3w, osoby z niepe\u0142nosprawno\u015bci\u0105,profesjonalist\u00f3w, wszystkich, kt\u00f3rzy pragn\u0105 wspiera\u0107 nas w dzia\u0142aniach na rzecz zapewnienie godnych warunk\u00f3w do \u017cycia i samorealizacji os\u00f3b z niepe\u0142nosprawno\u015bci\u0105\u00a0 na drodze od dzieci\u0144stwa przez doros\u0142o\u015b\u0107 i staro\u015b\u0107 oraz ich rodzin<\/strong><\/p>\n\n\n\n<p><strong>Buduj\u0105c system kompleksowego wsparcia d\u0105\u017cymy do zwi\u0119kszenia samodzielno\u015bci, rozwoju osobistego, rozwijania talent\u00f3w oraz umo\u017cliwienia pe\u0142nienia r\u00f3l spo\u0142ecznych<\/strong><\/p>\n\n\n\n<h3 class=\"wp-block-heading\">W centrum uwagi jest <strong>OSOBA z Niepe\u0142nosprawno\u015bci\u0105 Intelektualn\u0105 i RODZINA<\/strong><\/h3>\n\n\n\n<p>Na co dzie\u0144 Stowarzyszenie realizuje swoje dzia\u0142ania w plac\u00f3wkach stacjonarnych oraz innych formach wsparcia rodziny <\/p>\n\n\n\n<p>Roczny koszt cz\u0142onkostwa to kwota 240 PLN ( miesi\u0119czna sk\u0142adka to 20 PLN). W ramach tej kwoty mo\u017cesz mie\u0107 realny wp\u0142yw na dalsze dzia\u0142ania naszej organizacji, bra\u0107 czynny udzia\u0142 w tworzeniu sieci wsparcia dla os\u00f3b z niepe\u0142nosprawno\u015bci\u0105 intelektualn\u0105 oraz korzysta\u0107 z szeregu dzia\u0142a\u0144 towarzysz\u0105cych, organizowanych w ci\u0105gu roku w tym festynach, wycieczkach, warsztatach.<\/p>\n\n\n\n<p>W razie w\u0105tpliwo\u015bci zapraszamy do kontaktu z naszym zespo\u0142em, kt\u00f3ry odpowie na ka\u017cde Twoje pytanie, b\u0105d\u017a skieruje Ci\u0119 do odpowiedniej plac\u00f3wki.<\/p>\n\n\n\n<p><strong><a href=\"https:\/\/psonizgierz.pl\/wp-content\/uploads\/2020\/12\/deklaracja_PSONI-ZGIERZ.pdf\">DEKLARACJA CZ\u0141ONKOWSKA<\/a><\/strong><\/p>\n\n\n\n<p><em><a href=\"https:\/\/psonizgierz.pl\/wp-content\/uploads\/2020\/12\/Deklaracja-cz\u0142onka-wespieraj\u0105cego-indywidualna.pdf\">DEKLARACJA CZ\u0141ONKA WSPIERAJ\u0104<strong>CEGO<\/strong><\/a><\/em><\/p>\n\n\n\n<p><strong>psonizgierz.pl<\/strong><\/p>\n","protected":false},"excerpt":{"rendered":"<p>Do\u0142\u0105cz do nas Je\u015bli jeste\u015b osob\u0105 niepe\u0142nosprawn\u0105, rodzicem, opiekunem, osob\u0105 pracuj\u0105c\u0105 z niepe\u0142nosprawnymi&nbsp;i chcesz zosta\u0107 naszym&nbsp;cz\u0142onkiem, aktywniej zaanga\u017cowa\u0107 si\u0119 w \u017cycie naszej Organizacji zapraszamy do wype\u0142nienia&nbsp;deklaracji. Jeste\u015bmy organizacj\u0105 pozarz\u0105dow\u0105 i og\u00f3lnopolsk\u0105 dzia\u0142aj\u0105c\u0105 w strukturze k\u00f3\u0142 terenowych z Zarz\u0105dem G\u0142\u00f3wnym w Warszawie. Jeste\u015bmy niezale\u017cn\u0105, innowacyjn\u0105 organizacj\u0105 skupiaj\u0105c\u0105 ludzi dzia\u0142aj\u0105cych na rzecz os\u00f3b z niepe\u0142nosprawno\u015bci\u0105 intelektualn\u0105, ich [&hellip;]<\/p>\n","protected":false},"author":3,"featured_media":0,"parent":0,"menu_order":0,"comment_status":"closed","ping_status":"closed","template":"","meta":{"footnotes":""},"class_list":["post-3184","page","type-page","status-publish","hentry"],"_links":{"self":[{"href":"https:\/\/psonizgierz.pl\/index.php?rest_route=\/wp\/v2\/pages\/3184","targetHints":{"allow":["GET"]}}],"collection":[{"href":"https:\/\/psonizgierz.pl\/index.php?rest_route=\/wp\/v2\/pages"}],"about":[{"href":"https:\/\/psonizgierz.pl\/index.php?rest_route=\/wp\/v2\/types\/page"}],"author":[{"embeddable":true,"href":"https:\/\/psonizgierz.pl\/index.php?rest_route=\/wp\/v2\/users\/3"}],"replies":[{"embeddable":true,"href":"https:\/\/psonizgierz.pl\/index.php?rest_route=%2Fwp%2Fv2%2Fcomments&post=3184"}],"version-history":[{"count":9,"href":"https:\/\/psonizgierz.pl\/index.php?rest_route=\/wp\/v2\/pages\/3184\/revisions"}],"predecessor-version":[{"id":3907,"href":"https:\/\/psonizgierz.pl\/index.php?rest_route=\/wp\/v2\/pages\/3184\/revisions\/3907"}],"wp:attachment":[{"href":"https:\/\/psonizgierz.pl\/index.php?rest_route=%2Fwp%2Fv2%2Fmedia&parent=3184"}],"curies":[{"name":"wp","href":"https:\/\/api.w.org\/{rel}","templated":true}]}}