{"id":33,"date":"2018-12-03T11:53:23","date_gmt":"2018-12-03T10:53:23","guid":{"rendered":"http:\/\/psonizgierz.pl\/?page_id=33"},"modified":"2023-06-28T21:57:15","modified_gmt":"2023-06-28T19:57:15","slug":"wladze","status":"publish","type":"page","link":"https:\/\/psonizgierz.pl\/?page_id=33","title":{"rendered":"W\u0142adze"},"content":{"rendered":"<p><strong>Elektor Ko\u0142a<\/strong><\/p>\n<p><strong>Ewa Molenda<br \/>\n<\/strong><\/p>\n<blockquote><p><strong>Zarz\u0105d Ko\u0142a kadencja 2023-2027<\/strong><\/p><\/blockquote>\n<p><strong>Rados\u0142aw Piotrowicz<\/strong> Przewodnicz\u0105cy Zarz\u0105du Ko\u0142a<br \/>\n<strong>Beata Gawron<\/strong> Wiceprzewodnicz\u0105ca Zarz\u0105du Ko\u0142a<br \/>\n<strong>Katarzyna Pe\u0142czy\u0144ska <\/strong>Sekretarz Zarz\u0105du Ko\u0142a<br \/>\n<strong>Zofia Stanis\u0142awska<\/strong> Skarbnik Zarz\u0105du Ko\u0142a<br \/>\n<strong>Joanna Nowak <\/strong>Cz\u0142onek Zarz\u0105du Ko\u0142a<br \/>\n<strong>Barbara Piestrzeniewicz<\/strong> Cz\u0142onek Zarz\u0105du Ko\u0142a<br \/>\n<strong>Arkadiusz Augustyniak<\/strong> Cz\u0142onek Zarz\u0105du Ko\u0142a<\/p>\n<blockquote><p>Komisja Rewizyjna Ko\u0142a 2023-2027<\/p>\n<p>Komisja Rewizyjna jest organem kontroli dzia\u0142alno\u015bci Ko\u0142a. Komisja sk\u0142ada si\u0119 z 3 os\u00f3b (&amp;30 art. 1 okre\u015bla liczb\u0119 cz\u0142onk\u00f3w Komisji na 3 do 5). Komisja wybiera spo\u015br\u00f3d siebie przewodnicz\u0105cego i sekretarza. Udzia\u0142 w pracach Komisji Rewizyjnej jest ca\u0142kowicie spo\u0142eczny.<\/p>\n<p><strong>Do zada\u0144 Komisji nale\u017cy kontrola dzia\u0142alno\u015bci statutowej i finansowej Ko\u0142a, w szczeg\u00f3lno\u015bci:<\/strong><\/p>\n<ol>\n<li>prawid\u0142owo\u015bci sporz\u0105dzania preliminarzy bud\u017cetowych, bilansu i rachunku wynik\u00f3w pod wzgl\u0119dem rzetelno\u015bci i zgodno\u015bci z obowi\u0105zuj\u0105cymi przepisami,<\/li>\n<li>rachunkowo\u015bci Ko\u0142a pod wzgl\u0119dem udokumentowania operacji gospodarczych, terminowo\u015bci zapis\u00f3w w ksi\u0119gach rachunkowych w odniesieniu do wszystkich \u017ar\u00f3de\u0142 dochod\u00f3w i kierunk\u00f3w wydatk\u00f3w,<\/li>\n<li>wykonywania przez Zarz\u0105d Ko\u0142a jego statutowych zada\u0144, rzetelnego dokumentowania pracy,<\/li>\n<li>pobierania, ewidencjonowania i wydatkowania sk\u0142adek cz\u0142onkowskich.<\/li>\n<\/ol>\n<\/blockquote>\n<p><strong>Monika Przespolewska<\/strong>\u00a0Przewodnicz\u0105ca Komisji Rewizyjnej<br \/>\n<strong>Marcin Lisiecki<\/strong> Sekretarz Komisji Rewizyjnej<br \/>\n<strong>Mariusz Drozdowski<\/strong> Cz\u0142onek Komisji Rewizyjnej<\/p>\n","protected":false},"excerpt":{"rendered":"<p>Elektor Ko\u0142a Ewa Molenda Zarz\u0105d Ko\u0142a kadencja 2023-2027 Rados\u0142aw Piotrowicz Przewodnicz\u0105cy Zarz\u0105du Ko\u0142a Beata Gawron Wiceprzewodnicz\u0105ca Zarz\u0105du Ko\u0142a Katarzyna Pe\u0142czy\u0144ska Sekretarz Zarz\u0105du Ko\u0142a Zofia Stanis\u0142awska Skarbnik Zarz\u0105du Ko\u0142a Joanna Nowak Cz\u0142onek Zarz\u0105du Ko\u0142a Barbara Piestrzeniewicz Cz\u0142onek Zarz\u0105du Ko\u0142a Arkadiusz Augustyniak Cz\u0142onek Zarz\u0105du Ko\u0142a Komisja Rewizyjna Ko\u0142a 2023-2027 Komisja Rewizyjna jest organem kontroli dzia\u0142alno\u015bci Ko\u0142a. Komisja [&hellip;]<\/p>\n","protected":false},"author":1,"featured_media":0,"parent":0,"menu_order":0,"comment_status":"closed","ping_status":"closed","template":"full-width.php","meta":{"footnotes":""},"class_list":["post-33","page","type-page","status-publish","hentry"],"_links":{"self":[{"href":"https:\/\/psonizgierz.pl\/index.php?rest_route=\/wp\/v2\/pages\/33","targetHints":{"allow":["GET"]}}],"collection":[{"href":"https:\/\/psonizgierz.pl\/index.php?rest_route=\/wp\/v2\/pages"}],"about":[{"href":"https:\/\/psonizgierz.pl\/index.php?rest_route=\/wp\/v2\/types\/page"}],"author":[{"embeddable":true,"href":"https:\/\/psonizgierz.pl\/index.php?rest_route=\/wp\/v2\/users\/1"}],"replies":[{"embeddable":true,"href":"https:\/\/psonizgierz.pl\/index.php?rest_route=%2Fwp%2Fv2%2Fcomments&post=33"}],"version-history":[{"count":8,"href":"https:\/\/psonizgierz.pl\/index.php?rest_route=\/wp\/v2\/pages\/33\/revisions"}],"predecessor-version":[{"id":4559,"href":"https:\/\/psonizgierz.pl\/index.php?rest_route=\/wp\/v2\/pages\/33\/revisions\/4559"}],"wp:attachment":[{"href":"https:\/\/psonizgierz.pl\/index.php?rest_route=%2Fwp%2Fv2%2Fmedia&parent=33"}],"curies":[{"name":"wp","href":"https:\/\/api.w.org\/{rel}","templated":true}]}}