{"id":3395,"date":"2021-01-25T21:58:24","date_gmt":"2021-01-25T20:58:24","guid":{"rendered":"http:\/\/psonizgierz.pl\/?page_id=3395"},"modified":"2021-01-25T21:58:24","modified_gmt":"2021-01-25T20:58:24","slug":"oferta-nr-1-21","status":"publish","type":"page","link":"https:\/\/psonizgierz.pl\/?page_id=3395","title":{"rendered":"Oferta nr 1\/21"},"content":{"rendered":"\n<p><a href=\"https:\/\/psonizgierz.pl\/wp-content\/uploads\/2021\/01\/ZAPYTANIE-OFERTOWE-FIZJOTERAPEUTAP-4.pdf\">Zapytanie ofertowe<\/a><\/p>\n\n\n\n<p><a href=\"https:\/\/psonizgierz.pl\/wp-content\/uploads\/2021\/01\/Formularz-ofertowy-fizjP-2.pdf\">Formularz ofertowy<\/a><\/p>\n\n\n\n<p><a href=\"https:\/\/psonizgierz.pl\/wp-content\/uploads\/2021\/01\/O\u015bwidaczenie-o-braku-powi\u0105za\u0144-kapita\u0142owych-i-osobowych-P-7.pdf\">O\u015bwiadczenie<\/a><\/p>\n\n\n\n<p><a href=\"https:\/\/psonizgierz.pl\/wp-content\/uploads\/2021\/01\/Klauzula-RODO.-16.pdf\">Klauzula<\/a><\/p>\n","protected":false},"excerpt":{"rendered":"<p>Zapytanie ofertowe Formularz ofertowy O\u015bwiadczenie Klauzula<\/p>\n","protected":false},"author":2,"featured_media":0,"parent":0,"menu_order":0,"comment_status":"closed","ping_status":"closed","template":"","meta":{"footnotes":""},"class_list":["post-3395","page","type-page","status-publish","hentry"],"_links":{"self":[{"href":"https:\/\/psonizgierz.pl\/index.php?rest_route=\/wp\/v2\/pages\/3395","targetHints":{"allow":["GET"]}}],"collection":[{"href":"https:\/\/psonizgierz.pl\/index.php?rest_route=\/wp\/v2\/pages"}],"about":[{"href":"https:\/\/psonizgierz.pl\/index.php?rest_route=\/wp\/v2\/types\/page"}],"author":[{"embeddable":true,"href":"https:\/\/psonizgierz.pl\/index.php?rest_route=\/wp\/v2\/users\/2"}],"replies":[{"embeddable":true,"href":"https:\/\/psonizgierz.pl\/index.php?rest_route=%2Fwp%2Fv2%2Fcomments&post=3395"}],"version-history":[{"count":2,"href":"https:\/\/psonizgierz.pl\/index.php?rest_route=\/wp\/v2\/pages\/3395\/revisions"}],"predecessor-version":[{"id":3401,"href":"https:\/\/psonizgierz.pl\/index.php?rest_route=\/wp\/v2\/pages\/3395\/revisions\/3401"}],"wp:attachment":[{"href":"https:\/\/psonizgierz.pl\/index.php?rest_route=%2Fwp%2Fv2%2Fmedia&parent=3395"}],"curies":[{"name":"wp","href":"https:\/\/api.w.org\/{rel}","templated":true}]}}