{"id":3555,"date":"2021-02-16T19:37:16","date_gmt":"2021-02-16T18:37:16","guid":{"rendered":"http:\/\/psonizgierz.pl\/?page_id=3555"},"modified":"2021-04-14T14:23:50","modified_gmt":"2021-04-14T12:23:50","slug":"kregi-wsparcia","status":"publish","type":"page","link":"https:\/\/psonizgierz.pl\/?page_id=3555","title":{"rendered":"Kr\u0119gi wsparcia"},"content":{"rendered":"\n<figure class=\"wp-block-image size-large\"><img loading=\"lazy\" decoding=\"async\" width=\"400\" height=\"400\" src=\"https:\/\/psonizgierz.pl\/wp-content\/uploads\/2021\/02\/logo-400x400-1.png\" alt=\"\" class=\"wp-image-3561\" srcset=\"https:\/\/psonizgierz.pl\/wp-content\/uploads\/2021\/02\/logo-400x400-1.png 400w, https:\/\/psonizgierz.pl\/wp-content\/uploads\/2021\/02\/logo-400x400-1-300x300.png 300w, https:\/\/psonizgierz.pl\/wp-content\/uploads\/2021\/02\/logo-400x400-1-180x180.png 180w\" sizes=\"auto, (max-width: 400px) 100vw, 400px\" \/><\/figure>\n\n\n\n<h3 class=\"wp-block-heading\"><strong>Wiele nas \u0142\u0105czy. Chcemy \u017cy\u0107 niezale\u017cnie. Mieszka\u0107 we w\u0142asnym domu. Pracowa\u0107 i czu\u0107 si\u0119 potrzebnym. Mie\u0107 grono przyjaci\u00f3\u0142 i sp\u0119dza\u0107 z nimi czas. Mie\u0107 si\u0119 do kogo zwr\u00f3ci\u0107, kiedy sobie z czym\u015b nie radz\u0119. Mie\u0107 z kim i\u015b\u0107 na rower i do kina.<\/strong><\/h3>\n\n\n\n<h2 class=\"wp-block-heading\"><span class=\"has-inline-color has-vivid-cyan-blue-color\">#jestemwkregach do\u0142\u0105cz do nas!<\/span><\/h2>\n\n\n\n<p><strong><em>KR\u0118GI WSPARCIA -Przysz\u0142o\u015b\u0107 zaczyna si\u0119 dzi\u015b<\/em><\/strong> to przes\u0142anie powinno towarzyszy\u0107 ka\u017cdej rodzinie z osob\u0105 niepe\u0142nosprawn\u0105 intelektualnie, kt\u00f3ra my\u015bli o bezpiecznej przysz\u0142o\u015bci swojego dziecka.&nbsp; <\/p>\n\n\n\n<p><strong>Model \u015arodowiskowego Wsparcia Os\u00f3b z NI -Bezpieczna przysz\u0142o\u015b\u0107 ma na celu&nbsp; wypracowanie rozwi\u0105za\u0144 dotycz\u0105cych sytuacji<\/strong> <strong>zabezpieczenia prawno-finansowego i spo\u0142ecznego osoby z niepe\u0142nosprawno\u015bci\u0105 intelektualn\u0105 na czas, gdy z przyczyn naturalnych straci ona ju\u017c oparcie w rodzinie.<\/strong>&nbsp; <\/p>\n\n\n\n<figure class=\"wp-block-image size-large\"><img loading=\"lazy\" decoding=\"async\" width=\"1024\" height=\"443\" src=\"https:\/\/psonizgierz.pl\/wp-content\/uploads\/2021\/04\/Kregi_wsparcia_grafika-1024x443.jpg\" alt=\"\" class=\"wp-image-3779\" srcset=\"https:\/\/psonizgierz.pl\/wp-content\/uploads\/2021\/04\/Kregi_wsparcia_grafika-1024x443.jpg 1024w, https:\/\/psonizgierz.pl\/wp-content\/uploads\/2021\/04\/Kregi_wsparcia_grafika-300x130.jpg 300w, https:\/\/psonizgierz.pl\/wp-content\/uploads\/2021\/04\/Kregi_wsparcia_grafika-768x332.jpg 768w, https:\/\/psonizgierz.pl\/wp-content\/uploads\/2021\/04\/Kregi_wsparcia_grafika.jpg 1386w\" sizes=\"auto, (max-width: 1024px) 100vw, 1024px\" \/><\/figure>\n\n\n\n<p>Kr\u0119gi wsparcia zak\u0142adaj\u0105 stworzenie wok\u00f3\u0142 osoby z niepe\u0142nosprawno\u015bci\u0105, zgodnie z jej potrzebami, kr\u0119gu os\u00f3b wspieraj\u0105cych, \u0142\u0105cz\u0105cych wsparcie formalne (np. asystent osobisty, pracownik pomocy spo\u0142ecznej, terapeuta, prawnik)i nieformalne (rodzina, przyjaciele, znajomi, s\u0105siedzi, sprzedawca w lokalnym sklepie). <\/p>\n\n\n\n<p>Wsparcie jest \u015bci\u015ble skoncentrowane na potrzebach osoby z niepe\u0142nosprawno\u015bci\u0105, zgodnie z jej indywidualnymi preferencjami zak\u0142ada w pe\u0142ni w\u0142\u0105czaj\u0105cy charakter.<\/p>\n\n\n\n<p>Cel ten mo\u017cna osi\u0105gn\u0105\u0107 poprzez &nbsp;przygotowanie osoby z niepe\u0142nosprawno\u015bci\u0105 i \u015brodowiska w spos\u00f3b umo\u017cliwiaj\u0105cy jej bezpieczne funkcjonowanie&nbsp; w swojej spo\u0142eczno\u015bci lokalnej w oparciu o koncepcj\u0119 kr\u0119g\u00f3w wsparcia.&nbsp;&nbsp;<\/p>\n\n\n\n<p> Jedynym sposobem zbudowania trwa\u0142ego systemu \u201ewychodzenia z izolacji\u201d os\u00f3b z niepe\u0142nosprawno\u015bci\u0105 intelektualn\u0105 i ich bliskich, jest oparcie si\u0119&nbsp; na sieciach powi\u0105za\u0144 \u2013 ludzi i instytucji,&nbsp; na ich prawdziwym zaanga\u017cowaniu oraz wypracowaniu mechanizm\u00f3w wspieraj\u0105cych usamodzielnianie os\u00f3b z niepe\u0142nosprawno\u015bciami \u2013 \u017cyciowo, fizyczne,&nbsp; finansowo.<\/p>\n\n\n\n<figure class=\"wp-block-image size-large is-resized\"><img loading=\"lazy\" decoding=\"async\" src=\"https:\/\/psonizgierz.pl\/wp-content\/uploads\/2021\/02\/jestemwkregach2-300x212-1.jpg\" alt=\"\" class=\"wp-image-3562\" width=\"340\" height=\"240\"\/><\/figure>\n\n\n\n<h4 class=\"wp-block-heading\">Kr\u0119gi wsparcia- To takie grupy os\u00f3b i Instytucji, kt\u00f3re umo\u017cliwiaj\u0105 r\u00f3wnie\u017c osobom z niepe\u0142nosprawno\u015bci\u0105 intelektualn\u0105 \u017cy\u0107 niezale\u017cnie.<\/h4>\n\n\n\n<h4 class=\"wp-block-heading\">Chcesz zosta\u0107 naszym przyjacielem?<\/h4>\n\n\n\n<h3 class=\"wp-block-heading\">To proste zajrzyj na <a href=\"https:\/\/kregiwsparcia.pl\/\">kr\u0119giwsparcia.pl<\/a>.<\/h3>\n\n\n\n<h3 class=\"wp-block-heading\"><span class=\"has-inline-color has-vivid-cyan-blue-color\">Chod\u017a, b\u0119dzie fajnie. Ja ju\u017c jestem w kr\u0119gach<\/span><\/h3>\n\n\n\n<p><\/p>\n\n\n\n<p>Wi\u0119cej informacji na <a href=\"http:\/\/www.kregiwsparcia.pl\/upowszechnianie\">www.kregiwsparcia.pl\/upowszechnianie<\/a><\/p>\n\n\n\n<p><strong><span class=\"has-inline-color has-vivid-purple-color\">INFORMACJA PRASOWA DLA MEDI\u00d3W O PROJEKCIE<\/span><\/strong>  &#8211; <a href=\"https:\/\/psonizgierz.pl\/wp-content\/uploads\/2021\/04\/Przyszlosc-Zaczyna-sie-Dzis-Informacja-Prasowa-12.04.2021.pdf\" data-type=\"URL\" data-id=\"https:\/\/psonizgierz.pl\/wp-content\/uploads\/2021\/04\/Przyszlosc-Zaczyna-sie-Dzis-Informacja-Prasowa-12.04.2021.pdf\">POBIERZ<\/a><\/p>\n\n\n\n<p><strong>Polskie Stowarzyszenie na Rzecz Os\u00f3b<\/strong> <strong>z Niepe\u0142nosprawno\u015bci\u0105 Intelektualn\u0105 Ko\u0142o w Zgierzu<\/strong> ul. Che\u0142mska 42\/42a, 95-100 Zgierz <\/p>\n\n\n\n<p>tel. 42 716 24 86<\/p>\n\n\n\n<p>Projekt realizowany jest w ramach<strong> Programu Aktywni Obywatele \u2013 Fundusz Krajowy (Active Citizens Fund \u2013 National) <\/strong>jest on jednym z 11 program\u00f3w prowadzonych w Polsce ze \u015brodk\u00f3w Mechanizmu Finansowego Europejskiego Obszaru Gospodarczego i Norweskiego Mechanizmu Finansowego (tzw. Funduszy norweskich i Funduszy EOG) 2014-2021 i jednym z dw\u00f3ch przeznaczonych na wsparcie dzia\u0142alno\u015bci organizacji spo\u0142ecznych. Celem Funduszu jest wzmocnienie spo\u0142ecze\u0144stwa obywatelskiego, aktywno\u015bci obywatelskiej oraz upodmiotowienie grup zagro\u017conych wykluczeniem.<\/p>\n\n\n\n<figure class=\"wp-block-image size-large\"><img loading=\"lazy\" decoding=\"async\" width=\"1024\" height=\"255\" src=\"https:\/\/psonizgierz.pl\/wp-content\/uploads\/2021\/04\/Logotypy_Projekt-1024x255.jpg\" alt=\"\" class=\"wp-image-3777\" srcset=\"https:\/\/psonizgierz.pl\/wp-content\/uploads\/2021\/04\/Logotypy_Projekt-1024x255.jpg 1024w, https:\/\/psonizgierz.pl\/wp-content\/uploads\/2021\/04\/Logotypy_Projekt-300x75.jpg 300w, https:\/\/psonizgierz.pl\/wp-content\/uploads\/2021\/04\/Logotypy_Projekt-768x191.jpg 768w, https:\/\/psonizgierz.pl\/wp-content\/uploads\/2021\/04\/Logotypy_Projekt.jpg 1193w\" sizes=\"auto, (max-width: 1024px) 100vw, 1024px\" \/><\/figure>\n","protected":false},"excerpt":{"rendered":"<p>Wiele nas \u0142\u0105czy. Chcemy \u017cy\u0107 niezale\u017cnie. Mieszka\u0107 we w\u0142asnym domu. Pracowa\u0107 i czu\u0107 si\u0119 potrzebnym. Mie\u0107 grono przyjaci\u00f3\u0142 i sp\u0119dza\u0107 z nimi czas. Mie\u0107 si\u0119 do kogo zwr\u00f3ci\u0107, kiedy sobie z czym\u015b nie radz\u0119. Mie\u0107 z kim i\u015b\u0107 na rower i do kina. #jestemwkregach do\u0142\u0105cz do nas! KR\u0118GI WSPARCIA -Przysz\u0142o\u015b\u0107 zaczyna si\u0119 dzi\u015b to przes\u0142anie [&hellip;]<\/p>\n","protected":false},"author":3,"featured_media":0,"parent":0,"menu_order":0,"comment_status":"closed","ping_status":"closed","template":"","meta":{"footnotes":""},"class_list":["post-3555","page","type-page","status-publish","hentry"],"_links":{"self":[{"href":"https:\/\/psonizgierz.pl\/index.php?rest_route=\/wp\/v2\/pages\/3555","targetHints":{"allow":["GET"]}}],"collection":[{"href":"https:\/\/psonizgierz.pl\/index.php?rest_route=\/wp\/v2\/pages"}],"about":[{"href":"https:\/\/psonizgierz.pl\/index.php?rest_route=\/wp\/v2\/types\/page"}],"author":[{"embeddable":true,"href":"https:\/\/psonizgierz.pl\/index.php?rest_route=\/wp\/v2\/users\/3"}],"replies":[{"embeddable":true,"href":"https:\/\/psonizgierz.pl\/index.php?rest_route=%2Fwp%2Fv2%2Fcomments&post=3555"}],"version-history":[{"count":14,"href":"https:\/\/psonizgierz.pl\/index.php?rest_route=\/wp\/v2\/pages\/3555\/revisions"}],"predecessor-version":[{"id":4300,"href":"https:\/\/psonizgierz.pl\/index.php?rest_route=\/wp\/v2\/pages\/3555\/revisions\/4300"}],"wp:attachment":[{"href":"https:\/\/psonizgierz.pl\/index.php?rest_route=%2Fwp%2Fv2%2Fmedia&parent=3555"}],"curies":[{"name":"wp","href":"https:\/\/api.w.org\/{rel}","templated":true}]}}