{"id":36,"date":"2018-12-03T13:41:00","date_gmt":"2018-12-03T12:41:00","guid":{"rendered":"http:\/\/psonizgierz.pl\/?page_id=36"},"modified":"2021-03-03T08:47:26","modified_gmt":"2021-03-03T07:47:26","slug":"budowa-centrum","status":"publish","type":"page","link":"https:\/\/psonizgierz.pl\/?page_id=36","title":{"rendered":"Centrum im. Bo\u017cenny Piotrowicz"},"content":{"rendered":"\n<p>Centrum Szkoleniowo-Rehabilitacyjne z Domem Mieszkalnym im. Bo\u017cenny Piotrowicz powstaje z inicjatywy rodzic\u00f3w i opiekun\u00f3w w celu zapewnienia warunk\u00f3w do godnego \u017cycia os\u00f3b z niepe\u0142nosprawno\u015bci\u0105 intelektualn\u0105. <\/p>\n\n\n\n<p>Obecnie wybudowany zosta\u0142 etap I i IIA. W trakcie budowy jest etap II B.<\/p>\n\n\n\n<p>Budowany obiekt w ca\u0142o\u015bci obejmowa\u0107 b\u0119dzie:<\/p>\n\n\n\n<ol class=\"wp-block-list\"><li>cz\u0119\u015b\u0107 rehabilitacji medycznej i spo\u0142eczno-zawodowej;<\/li><li>cz\u0119\u015b\u0107 szkoleniow\u0105;<\/li><li>cz\u0119\u015b\u0107 mieszkaln\u0105 sta\u0142ego pobytu dla os\u00f3b z niepe\u0142nosprawno\u015bci\u0105 intelektualn\u0105.<\/li><\/ol>\n\n\n\n<p><strong>Komponenty Centrum to:<\/strong><\/p>\n\n\n\n<ul class=\"wp-block-list\"><li><em><strong>Centrum Kompleksowej rehabilitacji<\/strong> <strong>spo\u0142eczno-zawodowej<\/strong> &#8211; m\u0142odzie\u017cy i os\u00f3b doros\u0142ych z niepe\u0142nosprawno\u015bci\u0105 intelektualn\u0105, ze sprz\u0119\u017cona niepe\u0142nosprawno\u015bci\u0105<\/em>. Zadaniem<em> jest mobilizacja osoby  z niepe\u0142nosprawno\u015bci\u0105 do integracji spo\u0142ecznej, do podejmowania zada\u0144, kt\u00f3re zwi\u0119ksz\u0105  jej samodzielno\u015b\u0107 i niezale\u017cno\u015b\u0107.<\/em><ul><li><em> Warsztat terapii zaj\u0119ciowej, <\/em><\/li><li><em>\u015arodowiskowy dom samopomocy<\/em><\/li><li><em>Zesp\u00f3\u0142 rehabilitacyjno-spo\u0142eczny Aktywno\u015bci Spo\u0142ecznej  <\/em><\/li><li>Dzia\u0142 fizjoterapii- rehabilitacji medycznej <\/li><\/ul><\/li><li><em><strong>Mieszkalnictwo chronione i wspomagane z asystentem<\/strong> &#8211; przygotowanie os\u00f3b doros\u0142ych z niepe\u0142nosprawno\u015bci\u0105 intelektualn\u0105, w miar\u0119 mo\u017cliwo\u015bci do indywidualnego zamieszkania ze wspomaganiem oraz przygotowanie ich do samodzielnego, niezale\u017cnego funkcjonowania w \u015brodowisku lokalnym.<\/em><\/li><li><em><strong>O\u015brodek pomocy kryzysowej<\/strong> &#8211; o\u015brodek kr\u00f3tkiego pobytu- przeznaczony dla os\u00f3b z niepe\u0142nosprawno\u015bci\u0105  okresowo pozbawionych opieki os\u00f3b najbli\u017cszych, celem jest zapewnienie okresowej opieki ( do 3 miesi\u0119cy) dostosowanej do potrzeb w zakresie socjalno-piel\u0119gnacyjno-mieszkalnym, wspomaganie rodziny osoby niepe\u0142nosprawnej w sytuacji kryzysowej.<\/em><\/li><li><em><strong>Centrum Us\u0142ug \u015arodowiskowych <\/strong><\/em>&#8211; <em>opieka wytchnieniowa dla rodzin, asystencja osobista os\u00f3b z niepe\u0142nosprawno\u015bci\u0105<\/em> <\/li><li><em><strong>Centrum Informacyjno-Szkoleniowe Rehabilitacji Zawodowej<\/strong> &#8211; edukacja ustawiczna os\u00f3b niepe\u0142nosprawnych, profesjonalist\u00f3w, instruktor\u00f3w zawodu w kierunku modelu zatrudnienia wspomaganego osoby z niepe\u0142nosprawno\u015bci\u0105: poradnictwo prawne, agencja wspomagania zatrudnienia oraz po\u015brednictwo pracy.<\/em><\/li><\/ul>\n\n\n\n<h4 class=\"wp-block-heading\"><em>Budowany kompleks powstaje z dar\u00f3w ludzkich serc \u2013 wp\u0142at rodzic\u00f3w, opiekun\u00f3w os\u00f3b z niepe\u0142nosprawno\u015bci\u0105, darowizn os\u00f3b \ufb01zycznych i instytucji.<\/em><\/h4>\n\n\n\n<h3 class=\"wp-block-heading\">Budowa <em><strong>etapu II B 2<\/strong> <em>CENTRUM Szkoleniowo\u2013Rehabilitacyjnego z Domem Mieszkalnym im. Bo\u017cenny Piotrowicz, Warsztat Terapii Zaj\u0119ciowej w Zgierzu ul. Che\u0142mska 42\/42a&nbsp; <\/em> wsp\u00f3\u0142finansowana w ramach &nbsp;projektu  <span class=\"has-inline-color has-vivid-cyan-blue-color\"><em>Szanse i perspektywy dla os\u00f3b z niepe\u0142nosprawno\u015bci\u0105 intelektualn\u0105<\/em> <\/span> ze \u015brodk\u00f3w Regionalnego Programu Operacyjnego Wojew\u00f3dztwa \u0141\u00f3dzkiego na lata 2014-2020 &nbsp;Osi priorytetowej VII Infrastruktura dla us\u0142ug spo\u0142ecznych, Dzia\u0142ania VII.3 Infrastruktura opieki spo\u0142ecznej<\/em><\/h3>\n\n\n\n<h4 class=\"wp-block-heading\">Nr <em>Umowy nr UDA-RPLD. 07.03.00.-10-0010\/20-00&nbsp;<\/em><\/h4>\n\n\n\n<h3 class=\"wp-block-heading\"><strong>Czas realizacji 01.01.2021-31.12.2022<\/strong><\/h3>\n\n\n\n<figure class=\"wp-block-image size-large is-resized\"><img loading=\"lazy\" decoding=\"async\" src=\"https:\/\/psonizgierz.pl\/wp-content\/uploads\/2021\/01\/ciag-feprreg-rrp-lodz-ueefrr-1024x120.jpg\" alt=\"\" class=\"wp-image-3473\" width=\"1039\" height=\"120\" srcset=\"https:\/\/psonizgierz.pl\/wp-content\/uploads\/2021\/01\/ciag-feprreg-rrp-lodz-ueefrr-300x35.jpg 300w, https:\/\/psonizgierz.pl\/wp-content\/uploads\/2021\/01\/ciag-feprreg-rrp-lodz-ueefrr-768x90.jpg 768w, https:\/\/psonizgierz.pl\/wp-content\/uploads\/2021\/01\/ciag-feprreg-rrp-lodz-ueefrr-2048x239.jpg 2048w\" sizes=\"auto, (max-width: 1039px) 100vw, 1039px\" \/><\/figure>\n\n\n\n<figure class=\"wp-block-image size-large\"><a href=\"https:\/\/www.pitax.pl\/rozliczenie-pit-online-0000046184\/?fbclid=IwAR3rybdluNiuhpatEYw9yA-JgThTo257O-x6iKSlmAk7wmnKnqfH2MOUCK4\"><img loading=\"lazy\" decoding=\"async\" width=\"996\" height=\"706\" src=\"https:\/\/psonizgierz.pl\/wp-content\/uploads\/2021\/02\/Screenshot_2021-02-07-Fundacja-folder-cdr-folder-stowarzyszenie-pdf.png\" alt=\"\" class=\"wp-image-3509\" srcset=\"https:\/\/psonizgierz.pl\/wp-content\/uploads\/2021\/02\/Screenshot_2021-02-07-Fundacja-folder-cdr-folder-stowarzyszenie-pdf.png 996w, https:\/\/psonizgierz.pl\/wp-content\/uploads\/2021\/02\/Screenshot_2021-02-07-Fundacja-folder-cdr-folder-stowarzyszenie-pdf-300x213.png 300w, https:\/\/psonizgierz.pl\/wp-content\/uploads\/2021\/02\/Screenshot_2021-02-07-Fundacja-folder-cdr-folder-stowarzyszenie-pdf-768x544.png 768w\" sizes=\"auto, (max-width: 996px) 100vw, 996px\" \/><\/a><\/figure>\n\n\n\n<h3 class=\"wp-block-heading\"><\/h3>\n\n\n\n<h4 class=\"wp-block-heading\"><span class=\"has-inline-color has-vivid-cyan-blue-color\">WESPRZYJ NAS W POZYSKANIU \u015aRODK\u00d3W NA WK\u0141AD W\u0141ASNY <\/span><\/h4>\n\n\n\n<h3 class=\"wp-block-heading\"><a href=\"https:\/\/www.pitax.pl\/rozliczenie-pit-online-0000046184\/?fbclid=IwAR3rybdluNiuhpatEYw9yA-JgThTo257O-x6iKSlmAk7wmnKnqfH2MOUCK4\">LICZYMY NA WAS, RAZEM ZAPEWNIJMY BEZPIECZN\u0104 PRZYSZ\u0141O\u015a\u0106 I NIEZALE\u017bNE \u017bYCIE<\/a><\/h3>\n\n\n\n<figure class=\"wp-block-image size-large\"><a href=\"https:\/\/www.pitax.pl\/rozliczenie-pit-online-0000046184\/?fbclid=IwAR3rybdluNiuhpatEYw9yA-JgThTo257O-x6iKSlmAk7wmnKnqfH2MOUCK4\"><img loading=\"lazy\" decoding=\"async\" width=\"839\" height=\"420\" src=\"https:\/\/psonizgierz.pl\/wp-content\/uploads\/2020\/01\/procent1617-1.png\" alt=\"\" class=\"wp-image-2224\" srcset=\"https:\/\/psonizgierz.pl\/wp-content\/uploads\/2020\/01\/procent1617-1.png 839w, https:\/\/psonizgierz.pl\/wp-content\/uploads\/2020\/01\/procent1617-1-300x150.png 300w, https:\/\/psonizgierz.pl\/wp-content\/uploads\/2020\/01\/procent1617-1-768x384.png 768w\" sizes=\"auto, (max-width: 839px) 100vw, 839px\" \/><\/a><\/figure>\n\n\n\n<h4 class=\"wp-block-heading\"><em>Przez ca\u0142y czas prowadzona jest akcja pozyskiwania \u015brodk\u00f3w \ufb01nansowych oraz materia\u0142\u00f3w budowlanych na realizowane przedsi\u0119wzi\u0119cie.<\/em><\/h4>\n\n\n\n<h4 class=\"wp-block-heading\"><em>&nbsp;&nbsp;&nbsp;&nbsp;Wszystkich, kt\u00f3rych przekonali\u015bmy, o tym, ze zas\u0142ugujemy na pomoc, prosimy o udzielenie jej nam.<\/em><\/h4>\n\n\n\n<h3 class=\"wp-block-heading\"><em><strong>Nr konta: 42 1240 3057 1111 0000 3442 3080<\/strong><\/em><\/h3>\n\n\n\n<h3 class=\"wp-block-heading\"><a href=\"https:\/\/psonizgierz.pl\/budowa\/\">BUDOWA<\/a><\/h3>\n\n\n\n<h3 class=\"wp-block-heading\"><a href=\"https:\/\/psonizgierz.pl\/struktura-2\/\">STRUKTURA<\/a><\/h3>\n\n\n\n<p><\/p>\n\n\n\n<figure class=\"wp-block-gallery columns-3 is-cropped wp-block-gallery-1 is-layout-flex wp-block-gallery-is-layout-flex\"><ul class=\"blocks-gallery-grid\"><li class=\"blocks-gallery-item\"><figure><img loading=\"lazy\" decoding=\"async\" width=\"1024\" height=\"681\" src=\"https:\/\/psonizgierz.pl\/wp-content\/uploads\/2020\/12\/51552824_2099386073483626_4568804944685039616_o-1024x681.jpg\" alt=\"\" data-id=\"3112\" data-full-url=\"https:\/\/psonizgierz.pl\/wp-content\/uploads\/2020\/12\/51552824_2099386073483626_4568804944685039616_o.jpg\" data-link=\"https:\/\/psonizgierz.pl\/51552824_2099386073483626_4568804944685039616_o\/\" class=\"wp-image-3112\" srcset=\"https:\/\/psonizgierz.pl\/wp-content\/uploads\/2020\/12\/51552824_2099386073483626_4568804944685039616_o-1024x681.jpg 1024w, https:\/\/psonizgierz.pl\/wp-content\/uploads\/2020\/12\/51552824_2099386073483626_4568804944685039616_o-300x199.jpg 300w, https:\/\/psonizgierz.pl\/wp-content\/uploads\/2020\/12\/51552824_2099386073483626_4568804944685039616_o-768x511.jpg 768w, https:\/\/psonizgierz.pl\/wp-content\/uploads\/2020\/12\/51552824_2099386073483626_4568804944685039616_o-1536x1021.jpg 1536w, https:\/\/psonizgierz.pl\/wp-content\/uploads\/2020\/12\/51552824_2099386073483626_4568804944685039616_o.jpg 1692w\" sizes=\"auto, (max-width: 1024px) 100vw, 1024px\" \/><\/figure><\/li><li class=\"blocks-gallery-item\"><figure><img loading=\"lazy\" decoding=\"async\" width=\"1024\" height=\"681\" src=\"https:\/\/psonizgierz.pl\/wp-content\/uploads\/2020\/12\/51338554_2099386450150255_3413273276783263744_o-1024x681.jpg\" alt=\"\" data-id=\"3110\" data-full-url=\"https:\/\/psonizgierz.pl\/wp-content\/uploads\/2020\/12\/51338554_2099386450150255_3413273276783263744_o.jpg\" data-link=\"https:\/\/psonizgierz.pl\/51338554_2099386450150255_3413273276783263744_o\/\" class=\"wp-image-3110\" srcset=\"https:\/\/psonizgierz.pl\/wp-content\/uploads\/2020\/12\/51338554_2099386450150255_3413273276783263744_o-1024x681.jpg 1024w, https:\/\/psonizgierz.pl\/wp-content\/uploads\/2020\/12\/51338554_2099386450150255_3413273276783263744_o-300x199.jpg 300w, https:\/\/psonizgierz.pl\/wp-content\/uploads\/2020\/12\/51338554_2099386450150255_3413273276783263744_o-768x511.jpg 768w, https:\/\/psonizgierz.pl\/wp-content\/uploads\/2020\/12\/51338554_2099386450150255_3413273276783263744_o-1536x1021.jpg 1536w, https:\/\/psonizgierz.pl\/wp-content\/uploads\/2020\/12\/51338554_2099386450150255_3413273276783263744_o.jpg 1692w\" sizes=\"auto, (max-width: 1024px) 100vw, 1024px\" \/><\/figure><\/li><li class=\"blocks-gallery-item\"><figure><img loading=\"lazy\" decoding=\"async\" width=\"1024\" height=\"681\" src=\"https:\/\/psonizgierz.pl\/wp-content\/uploads\/2020\/12\/51265906_2099385823483651_1957466258941149184_o-1024x681.jpg\" alt=\"\" data-id=\"3109\" data-full-url=\"https:\/\/psonizgierz.pl\/wp-content\/uploads\/2020\/12\/51265906_2099385823483651_1957466258941149184_o.jpg\" data-link=\"https:\/\/psonizgierz.pl\/51265906_2099385823483651_1957466258941149184_o\/\" class=\"wp-image-3109\" srcset=\"https:\/\/psonizgierz.pl\/wp-content\/uploads\/2020\/12\/51265906_2099385823483651_1957466258941149184_o-1024x681.jpg 1024w, https:\/\/psonizgierz.pl\/wp-content\/uploads\/2020\/12\/51265906_2099385823483651_1957466258941149184_o-300x199.jpg 300w, https:\/\/psonizgierz.pl\/wp-content\/uploads\/2020\/12\/51265906_2099385823483651_1957466258941149184_o-768x511.jpg 768w, https:\/\/psonizgierz.pl\/wp-content\/uploads\/2020\/12\/51265906_2099385823483651_1957466258941149184_o-1536x1021.jpg 1536w, https:\/\/psonizgierz.pl\/wp-content\/uploads\/2020\/12\/51265906_2099385823483651_1957466258941149184_o.jpg 1692w\" sizes=\"auto, (max-width: 1024px) 100vw, 1024px\" \/><\/figure><\/li><li class=\"blocks-gallery-item\"><figure><img loading=\"lazy\" decoding=\"async\" width=\"1024\" height=\"681\" src=\"https:\/\/psonizgierz.pl\/wp-content\/uploads\/2020\/12\/56811419_2195535540535345_5718714865468571648_o-1024x681.jpg\" alt=\"\" data-id=\"3108\" data-full-url=\"https:\/\/psonizgierz.pl\/wp-content\/uploads\/2020\/12\/56811419_2195535540535345_5718714865468571648_o.jpg\" data-link=\"https:\/\/psonizgierz.pl\/56811419_2195535540535345_5718714865468571648_o\/\" class=\"wp-image-3108\" srcset=\"https:\/\/psonizgierz.pl\/wp-content\/uploads\/2020\/12\/56811419_2195535540535345_5718714865468571648_o-1024x681.jpg 1024w, https:\/\/psonizgierz.pl\/wp-content\/uploads\/2020\/12\/56811419_2195535540535345_5718714865468571648_o-300x199.jpg 300w, https:\/\/psonizgierz.pl\/wp-content\/uploads\/2020\/12\/56811419_2195535540535345_5718714865468571648_o-768x511.jpg 768w, https:\/\/psonizgierz.pl\/wp-content\/uploads\/2020\/12\/56811419_2195535540535345_5718714865468571648_o-1536x1021.jpg 1536w, https:\/\/psonizgierz.pl\/wp-content\/uploads\/2020\/12\/56811419_2195535540535345_5718714865468571648_o.jpg 1692w\" sizes=\"auto, (max-width: 1024px) 100vw, 1024px\" \/><\/figure><\/li><li class=\"blocks-gallery-item\"><figure><img loading=\"lazy\" decoding=\"async\" width=\"1024\" height=\"681\" src=\"https:\/\/psonizgierz.pl\/wp-content\/uploads\/2020\/12\/56636475_2195535833868649_639170066553765888_o-1024x681.jpg\" alt=\"\" data-id=\"3107\" data-full-url=\"https:\/\/psonizgierz.pl\/wp-content\/uploads\/2020\/12\/56636475_2195535833868649_639170066553765888_o.jpg\" data-link=\"https:\/\/psonizgierz.pl\/56636475_2195535833868649_639170066553765888_o-3\/\" class=\"wp-image-3107\" srcset=\"https:\/\/psonizgierz.pl\/wp-content\/uploads\/2020\/12\/56636475_2195535833868649_639170066553765888_o-1024x681.jpg 1024w, https:\/\/psonizgierz.pl\/wp-content\/uploads\/2020\/12\/56636475_2195535833868649_639170066553765888_o-300x199.jpg 300w, https:\/\/psonizgierz.pl\/wp-content\/uploads\/2020\/12\/56636475_2195535833868649_639170066553765888_o-768x511.jpg 768w, https:\/\/psonizgierz.pl\/wp-content\/uploads\/2020\/12\/56636475_2195535833868649_639170066553765888_o-1536x1021.jpg 1536w, https:\/\/psonizgierz.pl\/wp-content\/uploads\/2020\/12\/56636475_2195535833868649_639170066553765888_o.jpg 1692w\" sizes=\"auto, (max-width: 1024px) 100vw, 1024px\" \/><\/figure><\/li><li class=\"blocks-gallery-item\"><figure><img loading=\"lazy\" decoding=\"async\" width=\"1024\" height=\"681\" src=\"https:\/\/psonizgierz.pl\/wp-content\/uploads\/2020\/12\/56598200_2195534817202084_3890770676847476736_o-1024x681.jpg\" alt=\"\" data-id=\"3106\" data-full-url=\"https:\/\/psonizgierz.pl\/wp-content\/uploads\/2020\/12\/56598200_2195534817202084_3890770676847476736_o.jpg\" data-link=\"https:\/\/psonizgierz.pl\/56598200_2195534817202084_3890770676847476736_o-3\/\" class=\"wp-image-3106\" srcset=\"https:\/\/psonizgierz.pl\/wp-content\/uploads\/2020\/12\/56598200_2195534817202084_3890770676847476736_o-1024x681.jpg 1024w, https:\/\/psonizgierz.pl\/wp-content\/uploads\/2020\/12\/56598200_2195534817202084_3890770676847476736_o-300x199.jpg 300w, https:\/\/psonizgierz.pl\/wp-content\/uploads\/2020\/12\/56598200_2195534817202084_3890770676847476736_o-768x511.jpg 768w, https:\/\/psonizgierz.pl\/wp-content\/uploads\/2020\/12\/56598200_2195534817202084_3890770676847476736_o-1536x1021.jpg 1536w, https:\/\/psonizgierz.pl\/wp-content\/uploads\/2020\/12\/56598200_2195534817202084_3890770676847476736_o.jpg 1692w\" sizes=\"auto, (max-width: 1024px) 100vw, 1024px\" \/><\/figure><\/li><li class=\"blocks-gallery-item\"><figure><img loading=\"lazy\" decoding=\"async\" width=\"1024\" height=\"681\" src=\"https:\/\/psonizgierz.pl\/wp-content\/uploads\/2020\/12\/51544749_2099387200150180_5247226472543813632_o-1024x681.jpg\" alt=\"\" data-id=\"3111\" data-full-url=\"https:\/\/psonizgierz.pl\/wp-content\/uploads\/2020\/12\/51544749_2099387200150180_5247226472543813632_o.jpg\" data-link=\"https:\/\/psonizgierz.pl\/51544749_2099387200150180_5247226472543813632_o\/\" class=\"wp-image-3111\" srcset=\"https:\/\/psonizgierz.pl\/wp-content\/uploads\/2020\/12\/51544749_2099387200150180_5247226472543813632_o-1024x681.jpg 1024w, https:\/\/psonizgierz.pl\/wp-content\/uploads\/2020\/12\/51544749_2099387200150180_5247226472543813632_o-300x199.jpg 300w, https:\/\/psonizgierz.pl\/wp-content\/uploads\/2020\/12\/51544749_2099387200150180_5247226472543813632_o-768x511.jpg 768w, https:\/\/psonizgierz.pl\/wp-content\/uploads\/2020\/12\/51544749_2099387200150180_5247226472543813632_o-1536x1021.jpg 1536w, https:\/\/psonizgierz.pl\/wp-content\/uploads\/2020\/12\/51544749_2099387200150180_5247226472543813632_o.jpg 1692w\" sizes=\"auto, (max-width: 1024px) 100vw, 1024px\" \/><\/figure><\/li><\/ul><\/figure>\n\n\n\n<figure class=\"wp-block-image size-large is-style-default\"><a href=\"https:\/\/www.pitax.pl\/rozliczenie-pit-online-0000046184\/?fbclid=IwAR3rybdluNiuhpatEYw9yA-JgThTo257O-x6iKSlmAk7wmnKnqfH2MOUCK4\"><img loading=\"lazy\" decoding=\"async\" width=\"2560\" height=\"1439\" src=\"https:\/\/psonizgierz.pl\/wp-content\/uploads\/2021\/02\/REN2_B_1-edited-scaled.jpg\" alt=\"Makieta projekt Centrum\" class=\"wp-image-3573\" srcset=\"https:\/\/psonizgierz.pl\/wp-content\/uploads\/2021\/02\/REN2_B_1-edited-scaled.jpg 2560w, https:\/\/psonizgierz.pl\/wp-content\/uploads\/2021\/02\/REN2_B_1-edited-300x169.jpg 300w, https:\/\/psonizgierz.pl\/wp-content\/uploads\/2021\/02\/REN2_B_1-edited-1024x575.jpg 1024w, https:\/\/psonizgierz.pl\/wp-content\/uploads\/2021\/02\/REN2_B_1-edited-768x432.jpg 768w, https:\/\/psonizgierz.pl\/wp-content\/uploads\/2021\/02\/REN2_B_1-edited-1536x863.jpg 1536w, https:\/\/psonizgierz.pl\/wp-content\/uploads\/2021\/02\/REN2_B_1-edited-2048x1151.jpg 2048w\" sizes=\"auto, (max-width: 2560px) 100vw, 2560px\" \/><\/a><\/figure>\n","protected":false},"excerpt":{"rendered":"<p>Centrum Szkoleniowo-Rehabilitacyjne z Domem Mieszkalnym im. Bo\u017cenny Piotrowicz powstaje z inicjatywy rodzic\u00f3w i opiekun\u00f3w w celu zapewnienia warunk\u00f3w do godnego \u017cycia os\u00f3b z niepe\u0142nosprawno\u015bci\u0105 intelektualn\u0105. Obecnie wybudowany zosta\u0142 etap I i IIA. W trakcie budowy jest etap II B. Budowany obiekt w ca\u0142o\u015bci obejmowa\u0107 b\u0119dzie: cz\u0119\u015b\u0107 rehabilitacji medycznej i spo\u0142eczno-zawodowej; cz\u0119\u015b\u0107 szkoleniow\u0105; cz\u0119\u015b\u0107 mieszkaln\u0105 sta\u0142ego [&hellip;]<\/p>\n","protected":false},"author":1,"featured_media":0,"parent":0,"menu_order":0,"comment_status":"closed","ping_status":"closed","template":"full-width.php","meta":{"footnotes":""},"class_list":["post-36","page","type-page","status-publish","hentry"],"_links":{"self":[{"href":"https:\/\/psonizgierz.pl\/index.php?rest_route=\/wp\/v2\/pages\/36","targetHints":{"allow":["GET"]}}],"collection":[{"href":"https:\/\/psonizgierz.pl\/index.php?rest_route=\/wp\/v2\/pages"}],"about":[{"href":"https:\/\/psonizgierz.pl\/index.php?rest_route=\/wp\/v2\/types\/page"}],"author":[{"embeddable":true,"href":"https:\/\/psonizgierz.pl\/index.php?rest_route=\/wp\/v2\/users\/1"}],"replies":[{"embeddable":true,"href":"https:\/\/psonizgierz.pl\/index.php?rest_route=%2Fwp%2Fv2%2Fcomments&post=36"}],"version-history":[{"count":23,"href":"https:\/\/psonizgierz.pl\/index.php?rest_route=\/wp\/v2\/pages\/36\/revisions"}],"predecessor-version":[{"id":3669,"href":"https:\/\/psonizgierz.pl\/index.php?rest_route=\/wp\/v2\/pages\/36\/revisions\/3669"}],"wp:attachment":[{"href":"https:\/\/psonizgierz.pl\/index.php?rest_route=%2Fwp%2Fv2%2Fmedia&parent=36"}],"curies":[{"name":"wp","href":"https:\/\/api.w.org\/{rel}","templated":true}]}}