{"id":3623,"date":"2021-02-27T21:11:53","date_gmt":"2021-02-27T20:11:53","guid":{"rendered":"http:\/\/psonizgierz.pl\/?page_id=3623"},"modified":"2022-04-29T19:32:40","modified_gmt":"2022-04-29T17:32:40","slug":"fundusz-solidarnosciowy","status":"publish","type":"page","link":"https:\/\/psonizgierz.pl\/?page_id=3623","title":{"rendered":"2021"},"content":{"rendered":"\n<div class=\"wp-block-group\"><div class=\"wp-block-group__inner-container is-layout-flow wp-block-group-is-layout-flow\">\n<figure class=\"wp-block-image size-large is-resized\"><img loading=\"lazy\" decoding=\"async\" src=\"https:\/\/psonizgierz.pl\/wp-content\/uploads\/2021\/03\/MRIPS_300X100.jpg\" alt=\"\" class=\"wp-image-3685\" width=\"461\" height=\"154\"\/><\/figure>\n<\/div><\/div>\n\n\n\n<figure class=\"wp-block-image size-large\"><img loading=\"lazy\" decoding=\"async\" width=\"1024\" height=\"512\" src=\"https:\/\/psonizgierz.pl\/wp-content\/uploads\/2021\/02\/logo_MRiPS_png-1024x512.png\" alt=\"\" class=\"wp-image-3635\" srcset=\"https:\/\/psonizgierz.pl\/wp-content\/uploads\/2021\/02\/logo_MRiPS_png-1024x512.png 1024w, https:\/\/psonizgierz.pl\/wp-content\/uploads\/2021\/02\/logo_MRiPS_png-300x150.png 300w, https:\/\/psonizgierz.pl\/wp-content\/uploads\/2021\/02\/logo_MRiPS_png-768x384.png 768w, https:\/\/psonizgierz.pl\/wp-content\/uploads\/2021\/02\/logo_MRiPS_png.png 1182w\" sizes=\"auto, (max-width: 1024px) 100vw, 1024px\" \/><\/figure>\n\n\n\n<p><a href=\"https:\/\/www.gov.pl\/web\/rodzina\/fundusz-solidarnosciowy\">Fundusz Solidarno\u015bciowy<\/a> jest pa\u0144stwowym funduszem celowym. Utworzony zosta\u0142 ustaw\u0105 z dnia 23 pa\u017adziernika 2018 r. o Solidarno\u015bciowym Funduszu Wsparcia Os\u00f3b Niepe\u0142nosprawnych (Dz. U. z 2020 r. poz. 1787, z p\u00f3\u017an. zm.), a nast\u0119pnie znowelizowany ustaw\u0105 z dnia 20 grudnia 2019 r. o zmianie ustawy o Solidarno\u015bciowym Funduszu Wsparcia Os\u00f3b Niepe\u0142nosprawnych oraz niekt\u00f3rych innych ustaw (Dz. U. poz. 2473).<\/p>\n\n\n\n<p>Celem Funduszu jest udzielanie wsparcia spo\u0142ecznego, zawodowego, zdrowotnego oraz finansowego osobom niepe\u0142nosprawnym, a po wej\u015bciu w \u017cycie ww. ustawy tak\u017ce udzielanie wsparcia finansowego \u2013 emerytom i rencistom.<\/p>\n\n\n\n<p><\/p>\n\n\n\n<h3 class=\"wp-block-heading\"><strong>Asystent osobisty osoby niepe\u0142nosprawnej<\/strong> 2021 <\/h3>\n\n\n\n<h5 class=\"wp-block-heading\">Okres realizacji: stycze\u0144-grudzie\u0144 2021<\/h5>\n\n\n\n<h5 class=\"wp-block-heading\">Koordynator projektu: Anna J\u00f3\u017awiak<\/h5>\n\n\n\n<p>Celem Programu jest wprowadzenie us\u0142ugi asystenta jako formy og\u00f3lnodost\u0119pnego wsparcia dla os\u00f3b z niepe\u0142nosprawno\u015bci\u0105 posiadaj\u0105cych orzeczenie o znacznym lub umiarkowanym stopniu niepe\u0142nosprawno\u015bci. <\/p>\n\n\n\n<p>Projekt realizowany przez PSONI Ko\u0142o w Zgierzu skierowany jest do 20 os\u00f3b doros\u0142ych z niepe\u0142nosprawno\u015bci\u0105 intelektualn\u0105  oraz 5 dzieci do 16 r.\u017c.<\/p>\n\n\n\n<p>Zakres us\u0142ug asystencji osobistej jest \u015bci\u015ble dostosowany do potrzeb,a sama us\u0142uga kierowana przez osob\u0119 z niepe\u0142nosprawno\u015bci\u0105. Asystent osobisty mo\u017ce wspiera\u0107 osob\u0119 z niepe\u0142nosprawno\u015bci\u0105 we wszystkich sferach \u017cycia, w tym przez wsparcie w wykonywaniu podstawowych codziennych czynno\u015bci \u017cyciowych , w obszarze spo\u0142ecznym (np. wsparcie w przemieszczaniu si\u0119 m.in. do lekarza, do punkt\u00f3w us\u0142ugowych i innych miejsc publicznych oraz asysta w tych miejscach, sp\u0119dzanie czasu wolnego, w tym wsparcie podczas zaj\u0119\u0107 kulturalnych, sportowych i rekreacyjnych), w \u017cyciu zawodowym (np. wsparcie w przemieszczaniu si\u0119 do pracy, urz\u0119d\u00f3w pracy, podmiot\u00f3w aktywizuj\u0105cych zawodowo oraz asysta w tych miejscach i zaj\u0119ciach),w sferze edukacyjnej (np. wsparcie w przemieszczaniu si\u0119 do szk\u00f3\u0142 i plac\u00f3wek o\u015bwiatowych, wsparcie podczas zaj\u0119\u0107 edukacyjnych i w procesie uczenia, gromadzenia materia\u0142\u00f3w, korzystania z biblioteki). Program ma na celu r\u00f3wnie\u017c przeciwdzia\u0142anie dyskryminacji i wykluczeniu spo\u0142ecznemu os\u00f3b niepe\u0142nosprawnych poprzez umo\u017cliwienie im uczestnictwa w wydarzeniach spo\u0142ecznych, kulturalnych czy sportowych.<\/p>\n\n\n\n<h3 class=\"wp-block-heading\"><strong><strong>Opieka wytchnieniowa <\/strong>\u2013 edycja 2021<\/strong><\/h3>\n\n\n\n<h5 class=\"wp-block-heading\">Okres realizacji: stycze\u0144-grudzie\u0144 2021<\/h5>\n\n\n\n<p><strong>Koordynator Projektu:<\/strong> <strong>Paulina Adamiuk<\/strong><\/p>\n\n\n\n<h5 class=\"wp-block-heading\">Program finansowany ze \u015brodk\u00f3w Funduszu Solidarno\u015bciowego.<\/h5>\n\n\n\n<p>Program kierowany jest do dzieci z orzeczeniem o&nbsp;niepe\u0142nosprawno\u015bci oraz os\u00f3b ze znacznym stopniem niepe\u0142nosprawno\u015bci, kt\u00f3rych cz\u0142onkowie rodzin lub opiekunowie sprawuj\u0105cy bezpo\u015bredni\u0105 opiek\u0119, wymagaj\u0105 wsparcia w&nbsp;postaci dora\u017anej, kr\u00f3tkotrwa\u0142ej przerwy w&nbsp;sprawowaniu opieki oraz podniesienia swoich umiej\u0119tno\u015bci i wiedzy w zakresie opieki na tym osobami.<\/p>\n\n\n\n<p>Opieka wytchnieniowa przeznaczona jest dla cz\u0142onk\u00f3w rodzin sprawuj\u0105cych bezpo\u015bredni\u0105 opiek\u0119 nad dzieckiem z orzeczeniem o niepe\u0142nosprawno\u015bci lub osobami ze znacznym stopniem niepe\u0142nosprawno\u015bci oraz orzeczeniami r\u00f3wnowa\u017cnymi, kt\u00f3re wymagaj\u0105 intensywnego wsparcia. <\/p>\n\n\n\n<p>Us\u0142uga ta mo\u017ce tak\u017ce by\u0107 \u015bwiadczona dla os\u00f3b z niepe\u0142nosprawno\u015bciami (niewymagaj\u0105cych intensywnego wsparcia)w sytuacjach nag\u0142ej nieobecno\u015bci stale wspieraj\u0105cych ich cz\u0142onk\u00f3w rodziny, konieczno\u015bci planowej lub nag\u0142ej hospitalizacji opiekun\u00f3w, nag\u0142ych zdarze\u0144 losowych. Cz\u0142onkowie rodzin lub opiekunowie sprawuj\u0105cy opiek\u0119 nad dzie\u0107mi lub doros\u0142ymi osobami z niepe\u0142nosprawno\u015bciami wymagaj\u0105 wsparcia w postaci dora\u017anej, czasowej przerwy w sprawowaniu opieki oraz podniesienia swoich umiej\u0119tno\u015bci i wiedzy w zakresie wsparcia tych os\u00f3b.<\/p>\n\n\n\n<p>Projekt ma na celu:<br>\u2013 czasowe odci\u0105\u017cenie od codziennych obowi\u0105zk\u00f3w \u0142\u0105cz\u0105cych si\u0119 ze sprawowaniem opieki, zapewnienie czasu na odpoczynek i regeneracj\u0119;<br>\u2013 wzmocnienie osobistego potencja\u0142u oraz ograniczenie wp\u0142ywu obci\u0105\u017ce\u0144 psychofizycznych zwi\u0105zanych ze sprawowaniem opieki poprzez wsparcie psychologiczne lub terapeutyczne;<br>\u2013 podniesienie poziomu kompetencji dotycz\u0105cych wsparcia osoby niepe\u0142nosprawnej poprzez nauk\u0119 technik wspomagania, piel\u0119gnacji, prowadzenia dzia\u0142a\u0144 rehabilitacyjnych w warunkach domowych oraz obj\u0119cie specjalistycznym poradnictwem w zakresie psychologicznych i<br>spo\u0142ecznych aspekt\u00f3w wsparcia os\u00f3b z niepe\u0142nosprawno\u015bci\u0105, zagadnienia profilaktyki zdrowotnej i zdrowego stylu \u017cycia<\/p>\n\n\n\n<p>Ze wsparcia mog\u0105 korzysta\u0107 mieszkaj\u0105cy na terenie wojew\u00f3dztwa \u0142\u00f3dzkiego cz\u0142onkowie rodzin lub opiekunowie sprawuj\u0105cy bezpo\u015bredni\u0105 opiek\u0119 nad:<br>1) dzie\u0107mi z orzeczeniem o niepe\u0142nosprawno\u015bci,<br>2) osobami ze znacznym stopniem niepe\u0142nosprawno\u015bci oraz orzeczeniem r\u00f3wnowa\u017cnym<\/p>\n\n\n\n<p>Formy realizacji Programu:<\/p>\n\n\n\n<ol class=\"wp-block-list\"><li>\u015awiadczenie us\u0142ugi opieki wytchnieniowej w ramach pobytu dziennego<\/li><li>\u015awiadczenie us\u0142ugi opieki wytchnieniowej w ramach pobytu ca\u0142odobowego<\/li><li>\u015awiadczenie us\u0142ugi opieki wytchnieniowej poprzez zapewnienie cz\u0142onkom rodziny lub opiekunom mo\u017cliwo\u015bci skorzystania ze specjalistycznego poradnictwa (psychologicznego lub terapeutycznego oraz wsparcia w zakresie nauki piel\u0119gnacji\/rehabilitacji\/dietetyki.<\/li><\/ol>\n\n\n\n<p><br>Projekt realizowany w terminie: stycze\u0144 \u2013 grudzie\u0144 2021<\/p>\n\n\n\n<figure class=\"wp-block-gallery has-nested-images columns-default is-cropped wp-block-gallery-1 is-layout-flex wp-block-gallery-is-layout-flex\">\n<figure class=\"wp-block-image size-large\"><img loading=\"lazy\" decoding=\"async\" width=\"768\" height=\"1024\" data-id=\"4004\" src=\"https:\/\/psonizgierz.pl\/wp-content\/uploads\/2021\/11\/Resized_20201010_110328-1-768x1024.jpeg\" alt=\"\" class=\"wp-image-4004\" srcset=\"https:\/\/psonizgierz.pl\/wp-content\/uploads\/2021\/11\/Resized_20201010_110328-1-768x1024.jpeg 768w, https:\/\/psonizgierz.pl\/wp-content\/uploads\/2021\/11\/Resized_20201010_110328-1-225x300.jpeg 225w, https:\/\/psonizgierz.pl\/wp-content\/uploads\/2021\/11\/Resized_20201010_110328-1.jpeg 774w\" sizes=\"auto, (max-width: 768px) 100vw, 768px\" \/><\/figure>\n\n\n\n<figure class=\"wp-block-image size-large\"><img loading=\"lazy\" decoding=\"async\" width=\"576\" height=\"1024\" data-id=\"4006\" src=\"https:\/\/psonizgierz.pl\/wp-content\/uploads\/2021\/11\/Resized_Resized_20210206_123155-576x1024.jpeg\" alt=\"\" class=\"wp-image-4006\" srcset=\"https:\/\/psonizgierz.pl\/wp-content\/uploads\/2021\/11\/Resized_Resized_20210206_123155-576x1024.jpeg 576w, https:\/\/psonizgierz.pl\/wp-content\/uploads\/2021\/11\/Resized_Resized_20210206_123155-169x300.jpeg 169w, https:\/\/psonizgierz.pl\/wp-content\/uploads\/2021\/11\/Resized_Resized_20210206_123155.jpeg 607w\" sizes=\"auto, (max-width: 576px) 100vw, 576px\" \/><\/figure>\n\n\n\n<figure class=\"wp-block-image size-large\"><img loading=\"lazy\" decoding=\"async\" width=\"576\" height=\"1024\" data-id=\"4007\" src=\"https:\/\/psonizgierz.pl\/wp-content\/uploads\/2021\/11\/Resized_Resized_20210625_195231-576x1024.jpeg\" alt=\"\" class=\"wp-image-4007\" srcset=\"https:\/\/psonizgierz.pl\/wp-content\/uploads\/2021\/11\/Resized_Resized_20210625_195231-576x1024.jpeg 576w, https:\/\/psonizgierz.pl\/wp-content\/uploads\/2021\/11\/Resized_Resized_20210625_195231-169x300.jpeg 169w, https:\/\/psonizgierz.pl\/wp-content\/uploads\/2021\/11\/Resized_Resized_20210625_195231.jpeg 607w\" sizes=\"auto, (max-width: 576px) 100vw, 576px\" \/><\/figure>\n\n\n\n<figure class=\"wp-block-image size-large\"><img loading=\"lazy\" decoding=\"async\" width=\"768\" height=\"1024\" data-id=\"4008\" src=\"https:\/\/psonizgierz.pl\/wp-content\/uploads\/2021\/11\/Resized_Resized_20210821_163702-768x1024.jpeg\" alt=\"\" class=\"wp-image-4008\" srcset=\"https:\/\/psonizgierz.pl\/wp-content\/uploads\/2021\/11\/Resized_Resized_20210821_163702-768x1024.jpeg 768w, https:\/\/psonizgierz.pl\/wp-content\/uploads\/2021\/11\/Resized_Resized_20210821_163702-225x300.jpeg 225w, https:\/\/psonizgierz.pl\/wp-content\/uploads\/2021\/11\/Resized_Resized_20210821_163702.jpeg 810w\" sizes=\"auto, (max-width: 768px) 100vw, 768px\" \/><\/figure>\n\n\n\n<figure class=\"wp-block-image size-large\"><img loading=\"lazy\" decoding=\"async\" width=\"768\" height=\"1024\" data-id=\"4009\" src=\"https:\/\/psonizgierz.pl\/wp-content\/uploads\/2021\/11\/Resized_Resized_20211002_175905-768x1024.jpeg\" alt=\"\" class=\"wp-image-4009\" srcset=\"https:\/\/psonizgierz.pl\/wp-content\/uploads\/2021\/11\/Resized_Resized_20211002_175905-768x1024.jpeg 768w, https:\/\/psonizgierz.pl\/wp-content\/uploads\/2021\/11\/Resized_Resized_20211002_175905-225x300.jpeg 225w, https:\/\/psonizgierz.pl\/wp-content\/uploads\/2021\/11\/Resized_Resized_20211002_175905.jpeg 810w\" sizes=\"auto, (max-width: 768px) 100vw, 768px\" \/><\/figure>\n\n\n\n<figure class=\"wp-block-image size-large\"><img loading=\"lazy\" decoding=\"async\" width=\"768\" height=\"1024\" data-id=\"4010\" src=\"https:\/\/psonizgierz.pl\/wp-content\/uploads\/2021\/11\/Resized_Resized_20211116_162511-1-768x1024.jpeg\" alt=\"\" class=\"wp-image-4010\" srcset=\"https:\/\/psonizgierz.pl\/wp-content\/uploads\/2021\/11\/Resized_Resized_20211116_162511-1-768x1024.jpeg 768w, https:\/\/psonizgierz.pl\/wp-content\/uploads\/2021\/11\/Resized_Resized_20211116_162511-1-225x300.jpeg 225w, https:\/\/psonizgierz.pl\/wp-content\/uploads\/2021\/11\/Resized_Resized_20211116_162511-1.jpeg 810w\" sizes=\"auto, (max-width: 768px) 100vw, 768px\" \/><\/figure>\n<\/figure>\n\n\n\n<figure class=\"wp-block-gallery has-nested-images columns-default is-cropped wp-block-gallery-2 is-layout-flex wp-block-gallery-is-layout-flex\">\n<figure class=\"wp-block-image size-large\"><img loading=\"lazy\" decoding=\"async\" width=\"724\" height=\"1024\" data-id=\"4011\" src=\"https:\/\/psonizgierz.pl\/wp-content\/uploads\/2021\/11\/Plakat-Wytchnieniowka-724x1024.jpg\" alt=\"\" class=\"wp-image-4011\" srcset=\"https:\/\/psonizgierz.pl\/wp-content\/uploads\/2021\/11\/Plakat-Wytchnieniowka-724x1024.jpg 724w, https:\/\/psonizgierz.pl\/wp-content\/uploads\/2021\/11\/Plakat-Wytchnieniowka-212x300.jpg 212w, https:\/\/psonizgierz.pl\/wp-content\/uploads\/2021\/11\/Plakat-Wytchnieniowka-768x1086.jpg 768w, https:\/\/psonizgierz.pl\/wp-content\/uploads\/2021\/11\/Plakat-Wytchnieniowka-1086x1536.jpg 1086w, https:\/\/psonizgierz.pl\/wp-content\/uploads\/2021\/11\/Plakat-Wytchnieniowka.jpg 1240w\" sizes=\"auto, (max-width: 724px) 100vw, 724px\" \/><\/figure>\n\n\n\n<figure class=\"wp-block-image size-large\"><img loading=\"lazy\" decoding=\"async\" width=\"724\" height=\"1024\" data-id=\"4013\" src=\"https:\/\/psonizgierz.pl\/wp-content\/uploads\/2021\/11\/Plakat-Asystent-724x1024.jpg\" alt=\"\" class=\"wp-image-4013\" srcset=\"https:\/\/psonizgierz.pl\/wp-content\/uploads\/2021\/11\/Plakat-Asystent-724x1024.jpg 724w, https:\/\/psonizgierz.pl\/wp-content\/uploads\/2021\/11\/Plakat-Asystent-212x300.jpg 212w, https:\/\/psonizgierz.pl\/wp-content\/uploads\/2021\/11\/Plakat-Asystent-768x1086.jpg 768w, https:\/\/psonizgierz.pl\/wp-content\/uploads\/2021\/11\/Plakat-Asystent-1086x1536.jpg 1086w, https:\/\/psonizgierz.pl\/wp-content\/uploads\/2021\/11\/Plakat-Asystent.jpg 1240w\" sizes=\"auto, (max-width: 724px) 100vw, 724px\" \/><\/figure>\n<\/figure>\n\n\n\n<figure class=\"wp-block-gallery has-nested-images columns-default is-cropped wp-block-gallery-3 is-layout-flex wp-block-gallery-is-layout-flex\">\n<figure class=\"wp-block-image size-large\"><img loading=\"lazy\" decoding=\"async\" width=\"724\" height=\"1024\" data-id=\"4033\" src=\"https:\/\/psonizgierz.pl\/wp-content\/uploads\/2021\/12\/PLAKAT-Opieka-2020-2021_1-1-724x1024.jpg\" alt=\"\" class=\"wp-image-4033\" srcset=\"https:\/\/psonizgierz.pl\/wp-content\/uploads\/2021\/12\/PLAKAT-Opieka-2020-2021_1-1-724x1024.jpg 724w, https:\/\/psonizgierz.pl\/wp-content\/uploads\/2021\/12\/PLAKAT-Opieka-2020-2021_1-1-212x300.jpg 212w, https:\/\/psonizgierz.pl\/wp-content\/uploads\/2021\/12\/PLAKAT-Opieka-2020-2021_1-1-768x1086.jpg 768w, https:\/\/psonizgierz.pl\/wp-content\/uploads\/2021\/12\/PLAKAT-Opieka-2020-2021_1-1-1086x1536.jpg 1086w, https:\/\/psonizgierz.pl\/wp-content\/uploads\/2021\/12\/PLAKAT-Opieka-2020-2021_1-1-1449x2048.jpg 1449w, https:\/\/psonizgierz.pl\/wp-content\/uploads\/2021\/12\/PLAKAT-Opieka-2020-2021_1-1-scaled.jpg 1811w\" sizes=\"auto, (max-width: 724px) 100vw, 724px\" \/><\/figure>\n\n\n\n<figure class=\"wp-block-image size-large\"><img loading=\"lazy\" decoding=\"async\" width=\"724\" height=\"1024\" data-id=\"4034\" src=\"https:\/\/psonizgierz.pl\/wp-content\/uploads\/2021\/12\/PLAKAT-asystent-2020-2021-1-724x1024.jpg\" alt=\"\" class=\"wp-image-4034\" srcset=\"https:\/\/psonizgierz.pl\/wp-content\/uploads\/2021\/12\/PLAKAT-asystent-2020-2021-1-724x1024.jpg 724w, https:\/\/psonizgierz.pl\/wp-content\/uploads\/2021\/12\/PLAKAT-asystent-2020-2021-1-212x300.jpg 212w, https:\/\/psonizgierz.pl\/wp-content\/uploads\/2021\/12\/PLAKAT-asystent-2020-2021-1-768x1086.jpg 768w, https:\/\/psonizgierz.pl\/wp-content\/uploads\/2021\/12\/PLAKAT-asystent-2020-2021-1-1086x1536.jpg 1086w, https:\/\/psonizgierz.pl\/wp-content\/uploads\/2021\/12\/PLAKAT-asystent-2020-2021-1-1449x2048.jpg 1449w, https:\/\/psonizgierz.pl\/wp-content\/uploads\/2021\/12\/PLAKAT-asystent-2020-2021-1-scaled.jpg 1811w\" sizes=\"auto, (max-width: 724px) 100vw, 724px\" \/><\/figure>\n<\/figure>\n","protected":false},"excerpt":{"rendered":"<p>Fundusz Solidarno\u015bciowy jest pa\u0144stwowym funduszem celowym. Utworzony zosta\u0142 ustaw\u0105 z dnia 23 pa\u017adziernika 2018 r. o Solidarno\u015bciowym Funduszu Wsparcia Os\u00f3b Niepe\u0142nosprawnych (Dz. U. z 2020 r. poz. 1787, z p\u00f3\u017an. zm.), a nast\u0119pnie znowelizowany ustaw\u0105 z dnia 20 grudnia 2019 r. o zmianie ustawy o Solidarno\u015bciowym Funduszu Wsparcia Os\u00f3b Niepe\u0142nosprawnych oraz niekt\u00f3rych innych ustaw (Dz. [&hellip;]<\/p>\n","protected":false},"author":3,"featured_media":0,"parent":0,"menu_order":0,"comment_status":"closed","ping_status":"closed","template":"","meta":{"footnotes":""},"class_list":["post-3623","page","type-page","status-publish","hentry"],"_links":{"self":[{"href":"https:\/\/psonizgierz.pl\/index.php?rest_route=\/wp\/v2\/pages\/3623","targetHints":{"allow":["GET"]}}],"collection":[{"href":"https:\/\/psonizgierz.pl\/index.php?rest_route=\/wp\/v2\/pages"}],"about":[{"href":"https:\/\/psonizgierz.pl\/index.php?rest_route=\/wp\/v2\/types\/page"}],"author":[{"embeddable":true,"href":"https:\/\/psonizgierz.pl\/index.php?rest_route=\/wp\/v2\/users\/3"}],"replies":[{"embeddable":true,"href":"https:\/\/psonizgierz.pl\/index.php?rest_route=%2Fwp%2Fv2%2Fcomments&post=3623"}],"version-history":[{"count":19,"href":"https:\/\/psonizgierz.pl\/index.php?rest_route=\/wp\/v2\/pages\/3623\/revisions"}],"predecessor-version":[{"id":4159,"href":"https:\/\/psonizgierz.pl\/index.php?rest_route=\/wp\/v2\/pages\/3623\/revisions\/4159"}],"wp:attachment":[{"href":"https:\/\/psonizgierz.pl\/index.php?rest_route=%2Fwp%2Fv2%2Fmedia&parent=3623"}],"curies":[{"name":"wp","href":"https:\/\/api.w.org\/{rel}","templated":true}]}}