{"id":37,"date":"2018-12-03T11:55:15","date_gmt":"2018-12-03T10:55:15","guid":{"rendered":"http:\/\/psonizgierz.pl\/?page_id=37"},"modified":"2025-07-15T10:34:55","modified_gmt":"2025-07-15T08:34:55","slug":"sprawozdania","status":"publish","type":"page","link":"https:\/\/psonizgierz.pl\/?page_id=37","title":{"rendered":"Sprawozdania finansowe i merytoryczne"},"content":{"rendered":"\n<p><strong>Rok 2024<\/strong><\/p>\n\n\n\n<p><strong>Sprawozdania finansowe<\/strong><\/p>\n\n\n\n<ul class=\"wp-block-list\"><li><a href=\"https:\/\/psonizgierz.pl\/wp-content\/uploads\/2025\/07\/Bilans-2024.pdf\">Bilans<\/a><\/li><li><a href=\"https:\/\/psonizgierz.pl\/wp-content\/uploads\/2025\/07\/Informacja-dodatkowa-2024.pdf\">Informacje dodatkowe<\/a><\/li><li><a href=\"https:\/\/psonizgierz.pl\/wp-content\/uploads\/2025\/07\/Rachunek-zyskow-i-strat-2024.pdf\">Rachunek wynik\u00f3w<\/a><\/li><\/ul>\n\n\n\n<h4 class=\"wp-block-heading\">Sprawozdanie merytoryczne<\/h4>\n\n\n\n<ul class=\"wp-block-list\"><li><a href=\"https:\/\/psonizgierz.pl\/wp-content\/uploads\/2025\/07\/Sprawozdanie-merytoryczne-2024.pdf\">Sprawozdanie<\/a><\/li><\/ul>\n\n\n\n<p><strong>Rok 2023<\/strong><\/p>\n\n\n\n<p><strong>Sprawozdania finansowe<\/strong><\/p>\n\n\n\n<ul class=\"wp-block-list\"><li><a href=\"https:\/\/psonizgierz.pl\/wp-content\/uploads\/2024\/06\/Bilans_23.pdf\">Bilans<\/a><\/li><li><a href=\"https:\/\/psonizgierz.pl\/wp-content\/uploads\/2024\/06\/Info_dodatkowe_23.pdf\">Informacje dodatkowe<\/a><\/li><li><a href=\"https:\/\/psonizgierz.pl\/wp-content\/uploads\/2024\/06\/Rachynek_wynikow_23.pdf\">Rachunek wynik\u00f3w<\/a><\/li><\/ul>\n\n\n\n<h4 class=\"wp-block-heading\">Sprawozdanie merytoryczne<\/h4>\n\n\n\n<ul class=\"wp-block-list\"><li><a href=\"https:\/\/psonizgierz.pl\/wp-content\/uploads\/2024\/06\/Sprawozdanie_merytoryczne_23.pdf\">Sprawozdanie<\/a><\/li><\/ul>\n\n\n\n<p><strong>Rok 2022<\/strong><\/p>\n\n\n\n<p><strong>Sprawozdania finansowe<\/strong><\/p>\n\n\n\n<ul class=\"wp-block-list\"><li><a href=\"https:\/\/psonizgierz.pl\/wp-content\/uploads\/2023\/07\/Bilans_22.pdf\">Bilans<\/a><\/li><li><a href=\"https:\/\/psonizgierz.pl\/wp-content\/uploads\/2023\/07\/Info_dodatkowe_22.pdf\">Informacje dodatkowe<\/a><\/li><li><a href=\"https:\/\/psonizgierz.pl\/wp-content\/uploads\/2023\/07\/Rachunek_wynikow_22.pdf\">Rachunek wynik\u00f3w<\/a><\/li><\/ul>\n\n\n\n<h4 class=\"wp-block-heading\">Sprawozdanie merytoryczne<\/h4>\n\n\n\n<ul class=\"wp-block-list\"><li><a href=\"https:\/\/psonizgierz.pl\/wp-content\/uploads\/2023\/07\/Sprawozdanie_merytoryczne_22.pdf\">Sprawozdanie<\/a><\/li><\/ul>\n\n\n\n<h3 class=\"wp-block-heading\">Rok 2021<\/h3>\n\n\n\n<h4 class=\"wp-block-heading\">Sprawozdania finansowe<\/h4>\n\n\n\n<ul class=\"wp-block-list\"><li><a href=\"https:\/\/psonizgierz.pl\/wp-content\/uploads\/2022\/06\/Bilans_2021.pdf\">Bilans<\/a><\/li><li><a href=\"https:\/\/psonizgierz.pl\/wp-content\/uploads\/2022\/06\/Dodatowe-informacje_2021.pdf\">Informacje dodatkowe<\/a><\/li><li><a href=\"https:\/\/psonizgierz.pl\/wp-content\/uploads\/2022\/06\/Rachunek-wynikow_2021.pdf\">Rachunek wynik\u00f3w<\/a><\/li><\/ul>\n\n\n\n<h4 class=\"wp-block-heading\">Sprawozdanie merytoryczne<\/h4>\n\n\n\n<ul class=\"wp-block-list\"><li><a href=\"https:\/\/psonizgierz.pl\/wp-content\/uploads\/2022\/06\/Sprawozdanie-merytoryczne_2021.pdf\">Sprawozdanie<\/a><\/li><\/ul>\n\n\n\n<p><strong><a href=\"https:\/\/psonizgierz.pl\/wp-content\/uploads\/2022\/09\/doc01538620220729112817.pdf\">CIT 8<\/a><\/strong><\/p>\n\n\n\n<h3 class=\"wp-block-heading\">Rok 2020<\/h3>\n\n\n\n<h4 class=\"wp-block-heading\">Sprawozdania finansowe<\/h4>\n\n\n\n<ul class=\"wp-block-list\"><li><a href=\"https:\/\/psonizgierz.pl\/wp-content\/uploads\/2021\/08\/Bilans_2020.pdf\">Bilans<\/a><\/li><li><a href=\"https:\/\/psonizgierz.pl\/wp-content\/uploads\/2021\/08\/Dodatkowe-informacje_2020.pdf\">Informacje dodatkowe<\/a><\/li><li><a href=\"https:\/\/psonizgierz.pl\/wp-content\/uploads\/2021\/08\/Rachunek-wynikow_2020.pdf\">Rachunek wynik\u00f3w<\/a><\/li><\/ul>\n\n\n\n<h4 class=\"wp-block-heading\">Sprawozdanie merytoryczne<\/h4>\n\n\n\n<ul class=\"wp-block-list\"><li><a href=\"https:\/\/psonizgierz.pl\/wp-content\/uploads\/2021\/08\/Sprawozdanie-merytoryczne_2020.pdf\">Sprawozdanie<\/a><\/li><\/ul>\n\n\n<div class=\"report\">\n<h3>Rok 2019<\/h3>\n<h4>Sprawozdania finansowe<\/h4>\n<ul>\n<li><a href=\"https:\/\/psonizgierz.pl\/wp-content\/uploads\/2020\/10\/Bilans_2019.pdf\">Bilans<\/a><\/li>\n<li><a href=\"https:\/\/psonizgierz.pl\/wp-content\/uploads\/2020\/10\/Dodatkowe-informacje_2019.pdf\">Informacje dodatkowe<\/a><\/li>\n<li><a href=\"https:\/\/psonizgierz.pl\/wp-content\/uploads\/2020\/10\/Rachunek-wynikow_2019.pdf\">Rachunek wynik\u00f3w<\/a><\/li>\n<\/ul>\n<h4>Sprawozdanie merytoryczne<\/h4>\n<ul>\n<li><a href=\"https:\/\/psonizgierz.pl\/wp-content\/uploads\/2020\/10\/Sprawozdanie-merytoryczne_2019.pdf\">Sprawozdanie<\/a><\/li>\n<\/ul>\n<h3>Rok 2018<\/h3>\n<h4>Sprawozdania finansowe<\/h4>\n<ul>\n<li><a href=\"https:\/\/psonizgierz.pl\/wp-content\/uploads\/2019\/05\/Bilans_2018.pdf\">Bilans<\/a><\/li>\n<li><a href=\"https:\/\/psonizgierz.pl\/wp-content\/uploads\/2019\/05\/Dodatkowe-informacje_2018.pdf\">Informacje dodatkowe<\/a><\/li>\n<li><a href=\"https:\/\/psonizgierz.pl\/wp-content\/uploads\/2019\/05\/Rachunek-wynik\u00f3w_2018.pdf\">Rachunek wynik\u00f3w<\/a><\/li>\n<\/ul>\n<h4>Sprawozdanie merytoryczne<\/h4>\n<ul>\n<li><a href=\"https:\/\/psonizgierz.pl\/wp-content\/uploads\/2019\/05\/Sprawozdanie_2018.pdf\">Sprawozdanie<\/a><\/li>\n<\/ul>\n<h3>Rok 2017<\/h3>\n<h4>Sprawozdania finansowe<\/h4>\n<ul>\n<li><a href=\"\/..\/wp-content\/uploads\/2018\/12\/bilans_2017.pdf\" target=\"_blanc\" rel=\"noopener noreferrer\">Bilans<\/a><\/li>\n<li><a href=\"\/..\/wp-content\/uploads\/2018\/12\/info_dodat_2017.pdf\" target=\"_blanc\" rel=\"noopener noreferrer\">Informacje dodatkowe<\/a><\/li>\n<li><a href=\"\/..\/wp-content\/uploads\/2018\/12\/rachunek_wynikow_2017.pdf\" target=\"_blanc\" rel=\"noopener noreferrer\">Rachunek wynik\u00f3w<\/a><\/li>\n<\/ul>\n<h4>Sprawozdanie merytoryczne<\/h4>\n<ul>\n<li><a href=\"\/..\/wp-content\/uploads\/2018\/12\/sprawozdanie_meryt_2017.pdf\" target=\"_blanc\" rel=\"noopener noreferrer\">Sprawozdanie<\/a><\/li>\n<\/ul>\n<\/div>\n<div class=\"report\">\n<h3>Rok 2016<\/h3>\n<h4>Sprawozdania finansowe<\/h4>\n<ul>\n<li><a href=\"\/..\/wp-content\/uploads\/2018\/12\/bilans_2016.pdf\" target=\"_blanc\" rel=\"noopener noreferrer\">Bilans<\/a><\/li>\n<li><a href=\"\/..\/wp-content\/uploads\/2018\/12\/info_dodat_2016.pdf\" target=\"_blanc\" rel=\"noopener noreferrer\">Informacje dodatkowe<\/a><\/li>\n<li><a href=\"\/..\/wp-content\/uploads\/2018\/12\/rachunek_wynikow_2016.pdf\" target=\"_blanc\" rel=\"noopener noreferrer\">Rachunek wynik\u00f3w<\/a><\/li>\n<\/ul>\n<h4>Sprawozdanie merytoryczne<\/h4>\n<ul>\n<li><a href=\"\/..\/wp-content\/uploads\/2018\/12\/sprawozdanie_meryt_2016.pdf\" target=\"_blanc\" rel=\"noopener noreferrer\">Sprawozdanie<\/a><\/li>\n<\/ul>\n<\/div>\n<div class=\"report\">\n<h3>Rok 2015<\/h3>\n<h4>Sprawozdania finansowe<\/h4>\n<ul>\n<li><a href=\"\/..\/wp-content\/uploads\/2018\/12\/bilans_2015.pdf\" target=\"_blanc\" rel=\"noopener noreferrer\">Bilans<\/a><\/li>\n<li><a href=\"\/..\/wp-content\/uploads\/2018\/12\/info_dodat_2015.pdf\" target=\"_blanc\" rel=\"noopener noreferrer\">Informacje dodatkowe<\/a><\/li>\n<li><a href=\"\/..\/wp-content\/uploads\/2018\/12\/rachunek_wynikow_2015.pdf\" target=\"_blanc\" rel=\"noopener noreferrer\">Rachunek wynik\u00f3w<\/a><\/li>\n<\/ul>\n<h4>Sprawozdanie merytoryczne<\/h4>\n<ul>\n<li><a href=\"\/..\/wp-content\/uploads\/2018\/12\/sprawozdanie_meryt_2015.pdf\" target=\"_blanc\" rel=\"noopener noreferrer\">Sprawozdanie<\/a><\/li>\n<\/ul>\n<\/div>\n<div class=\"report\">\n<h3>Rok 2014<\/h3>\n<h4>Sprawozdania finansowe<\/h4>\n<ul>\n<li><a href=\"\/..\/wp-content\/uploads\/2018\/12\/bilans_2014.pdf\" target=\"_blanc\" rel=\"noopener noreferrer\">Bilans<\/a><\/li>\n<li><a href=\"\/..\/wp-content\/uploads\/2018\/12\/info_dodatkowe_2014.pdf\" target=\"_blanc\" rel=\"noopener noreferrer\">Informacje dodatkowe<\/a><\/li>\n<li><a href=\"\/..\/wp-content\/uploads\/2018\/12\/rachunek_wynikow_2014.pdf\" target=\"_blanc\" rel=\"noopener noreferrer\">Rachunek wynik\u00f3w<\/a><\/li>\n<\/ul>\n<h4>Sprawozdanie merytoryczne<\/h4>\n<ul>\n<li><a href=\"\/..\/wp-content\/uploads\/2018\/12\/sprawozdanie_meryt_2014.pdf\" target=\"_blanc\" rel=\"noopener noreferrer\">Sprawozdanie<\/a><\/li>\n<\/ul>\n<\/div>\n<div class=\"report\">\n<h4>Sprawozdanie z rozliczenia przeprowadzonej zbi\u00f3rki publicznej PSOUU Ko\u0142o w Zgierzu w roku 2011-2014<\/h4>\n<ul>\n<li><a href=\"\/..\/wp-content\/uploads\/2018\/12\/zbiorki_11_14.pdf\" target=\"_blanc\" rel=\"noopener noreferrer\">Sprawozdanie<\/a><\/li>\n<\/ul>\n<\/div>\n<div class=\"report\">\n<h3>Rok 2013<\/h3>\n<h4>Sprawozdania finansowe<\/h4>\n<ul>\n<li><a href=\"\/..\/wp-content\/uploads\/2018\/12\/bilans_2013.pdf\" target=\"_blanc\" rel=\"noopener noreferrer\">Bilans<\/a><\/li>\n<li><a href=\"\/..\/wp-content\/uploads\/2018\/12\/informacja_dodatkowa_2013.pdf\" target=\"_blanc\" rel=\"noopener noreferrer\">Informacje dodatkowe<\/a><\/li>\n<li><a href=\"\/..\/wp-content\/uploads\/2018\/12\/rachunek_wynikow_2013.pdf\" target=\"_blanc\" rel=\"noopener noreferrer\">Rachunek wynik\u00f3w<\/a><\/li>\n<\/ul>\n<h4>Sprawozdanie merytoryczne<\/h4>\n<ul>\n<li><a href=\"\/..\/wp-content\/uploads\/2018\/12\/sprawozdanie_meryt_2013.pdf\" target=\"_blanc\" rel=\"noopener noreferrer\">Sprawozdanie<\/a><\/li>\n<\/ul>\n<\/div>\n<div class=\"report\">\n<h3>Rok 2012<\/h3>\n<h4>Sprawozdania finansowe<\/h4>\n<ul>\n<li><a href=\"\/..\/wp-content\/uploads\/2018\/12\/bilans_2012.pdf\" target=\"_blanc\" rel=\"noopener noreferrer\">Bilans<\/a><\/li>\n<li><a href=\"\/..\/wp-content\/uploads\/2018\/12\/informacja_dodatkowa_2012.pdf\" target=\"_blanc\" rel=\"noopener noreferrer\">Informacje dodatkowe<\/a><\/li>\n<li><a href=\"\/..\/wp-content\/uploads\/2018\/12\/rachunek_wynikow_2012.pdf\" target=\"_blanc\" rel=\"noopener noreferrer\">Rachunek wynik\u00f3w<\/a><\/li>\n<\/ul>\n<h4>Sprawozdanie merytoryczne<\/h4>\n<ul>\n<li><a href=\"\/..\/wp-content\/uploads\/2018\/12\/sprawozdanie_meryt_2012.pdf\" target=\"_blanc\" rel=\"noopener noreferrer\">Sprawozdanie<\/a><\/li>\n<\/ul>\n<\/div>\n<div class=\"report\">\n<h3>Rok 2011<\/h3>\n<h4>Sprawozdania finansowe<\/h4>\n<ul>\n<li><a href=\"\/..\/wp-content\/uploads\/2018\/12\/bilans_2011.pdf\" target=\"_blanc\" rel=\"noopener noreferrer\">Bilans<\/a><\/li>\n<li><a href=\"\/..\/wp-content\/uploads\/2018\/12\/info_dod_2011.pdf\" target=\"_blanc\" rel=\"noopener noreferrer\">Informacje dodatkowe<\/a><\/li>\n<li><a href=\"\/..\/wp-content\/uploads\/2018\/12\/rachunek_wynikow_2011.pdf\" target=\"_blanc\" rel=\"noopener noreferrer\">Rachunek wynik\u00f3w<\/a><\/li>\n<\/ul>\n<h4>Sprawozdanie merytoryczne<\/h4>\n<ul>\n<li><a href=\"\/..\/wp-content\/uploads\/2018\/12\/sprawozdanie_meryt_2011.pdf\" target=\"_blanc\" rel=\"noopener noreferrer\">Sprawozdanie<\/a><\/li>\n<\/ul>\n<\/div>\n<div class=\"report\">\n<h4>Sprawozdanie z rozliczenia przeprowadzonej zbi\u00f3rki publicznej PSOUU Ko\u0142o w Zgierzu w roku 2009-2011<\/h4>\n<ul>\n<li><a href=\"\/..\/wp-content\/uploads\/2018\/12\/zbiorki_publiczne.pdf\" target=\"_blanc\" rel=\"noopener noreferrer\">Sprawozdanie<\/a><\/li>\n<\/ul>\n<\/div>\n<div class=\"report\">\n<h3>Rok 2010<\/h3>\n<h4>Sprawozdania finansowe<\/h4>\n<ul>\n<li><a href=\"\/..\/wp-content\/uploads\/2018\/12\/bilans_2010.pdf\" target=\"_blanc\" rel=\"noopener noreferrer\">Bilans<\/a><\/li>\n<li><a href=\"\/..\/wp-content\/uploads\/2018\/12\/info_dodat_2010.pdf\" target=\"_blanc\" rel=\"noopener noreferrer\">Informacje dodatkowe<\/a><\/li>\n<li><a href=\"\/..\/wp-content\/uploads\/2018\/12\/rach_wynikow_2010.pdf\" target=\"_blanc\" rel=\"noopener noreferrer\">Rachunek wynik\u00f3w<\/a><\/li>\n<\/ul>\n<h4>Sprawozdanie merytoryczne<\/h4>\n<ul>\n<li><a href=\"\/..\/wp-content\/uploads\/2018\/12\/sprawozdanie_meryt_2010.pdf\" target=\"_blanc\" rel=\"noopener noreferrer\">Sprawozdanie<\/a><\/li>\n<\/ul>\n<\/div>\n<div class=\"report\">\n<h3>Rok 2009<\/h3>\n<h4>Sprawozdania finansowe<\/h4>\n<ul>\n<li><a href=\"\/..\/wp-content\/uploads\/2018\/12\/bilans_09.pdf\" target=\"_blanc\" rel=\"noopener noreferrer\">Bilans<\/a><\/li>\n<li><a href=\"\/..\/wp-content\/uploads\/2018\/12\/info_dodat_09.pdf\" target=\"_blanc\" rel=\"noopener noreferrer\">Informacje dodatkowe<\/a><\/li>\n<li><a href=\"\/..\/wp-content\/uploads\/2018\/12\/rach_wynikow_09.pdf\" target=\"_blanc\" rel=\"noopener noreferrer\">Rachunek wynik\u00f3w<\/a><\/li>\n<\/ul>\n<h4>Sprawozdanie merytoryczne<\/h4>\n<ul>\n<li><a href=\"\/..\/wp-content\/uploads\/2018\/12\/sprawozdanie_meryt_09.pdf\" target=\"_blanc\" rel=\"noopener noreferrer\">Sprawozdanie<\/a><\/li>\n<\/ul>\n<\/div>\n<div class=\"report\">\n<h3>Rok 2008<\/h3>\n<h4>Sprawozdania finansowe<\/h4>\n<ul>\n<li><a href=\"\/..\/wp-content\/uploads\/2018\/12\/bilans_08.pdf\" target=\"_blanc\" rel=\"noopener noreferrer\">Bilans<\/a><\/li>\n<li><a href=\"\/..\/wp-content\/uploads\/2018\/12\/info_dodat_08.pdf\" target=\"_blanc\" rel=\"noopener noreferrer\">Informacje dodatkowe<\/a><\/li>\n<li><a href=\"\/..\/wp-content\/uploads\/2018\/12\/rach_wynikow_08.pdf\" target=\"_blanc\" rel=\"noopener noreferrer\">Rachunek wynik\u00f3w<\/a><\/li>\n<\/ul>\n<h4>Sprawozdanie merytoryczne<\/h4>\n<ul>\n<li><a href=\"\/..\/wp-content\/uploads\/2018\/12\/sprawozdanie_meryt_08.pdf\" target=\"_blanc\" rel=\"noopener noreferrer\">Sprawozdanie<\/a><\/li>\n<\/ul>\n<\/div>\n<div class=\"report\">\n<h3>Rok 2007<\/h3>\n<h4>Sprawozdania finansowe<\/h4>\n<ul>\n<li><a href=\"\/..\/wp-content\/uploads\/2018\/12\/bilans_07.pdf\" target=\"_blanc\" rel=\"noopener noreferrer\">Bilans<\/a><\/li>\n<li><a href=\"\/..\/wp-content\/uploads\/2018\/12\/info_dodat_07.pdf\" target=\"_blanc\" rel=\"noopener noreferrer\">Informacje dodatkowe<\/a><\/li>\n<li><a href=\"\/..\/wp-content\/uploads\/2018\/12\/rach_wynikow_07.pdf\" target=\"_blanc\" rel=\"noopener noreferrer\">Rachunek wynik\u00f3w<\/a><\/li>\n<\/ul>\n<h4>Sprawozdanie merytoryczne<\/h4>\n<ul>\n<li><a href=\"\/..\/wp-content\/uploads\/2018\/12\/sprawozdanie_meryt_07.pdf\" target=\"_blanc\" rel=\"noopener noreferrer\">Sprawozdanie<\/a><\/li>\n<\/ul>\n<\/div>\n<div class=\"report\">\n<h3>Rok 2006<\/h3>\n<h4>Sprawozdania finansowe<\/h4>\n<ul>\n<li><a href=\"\/..\/wp-content\/uploads\/2018\/12\/spr_fin_bilans.pdf\" target=\"_blanc\" rel=\"noopener noreferrer\">Bilans<\/a><\/li>\n<li><a href=\"\/..\/wp-content\/uploads\/2018\/12\/spr_fin_inf_dodat.pdf\" target=\"_blanc\" rel=\"noopener noreferrer\">Informacje dodatkowe<\/a><\/li>\n<li><a href=\"\/..\/wp-content\/uploads\/2018\/12\/spr_fin_rach_wynik.pdf\" target=\"_blanc\" rel=\"noopener noreferrer\">Rachunek wynik\u00f3w<\/a><\/li>\n<\/ul>\n<h4>Sprawozdanie merytoryczne<\/h4>\n<ul>\n<li><a href=\"\/..\/wp-content\/uploads\/2018\/12\/spr_meryt.pdf\" target=\"_blanc\" rel=\"noopener noreferrer\">Sprawozdanie<\/a><\/li>\n<\/ul>\n<\/div>","protected":false},"excerpt":{"rendered":"<p>Rok 2024 Sprawozdania finansowe Bilans Informacje dodatkowe Rachunek wynik\u00f3w Sprawozdanie merytoryczne Sprawozdanie Rok 2023 Sprawozdania finansowe Bilans Informacje dodatkowe Rachunek wynik\u00f3w Sprawozdanie merytoryczne Sprawozdanie Rok 2022 Sprawozdania finansowe Bilans Informacje dodatkowe Rachunek wynik\u00f3w Sprawozdanie merytoryczne Sprawozdanie Rok 2021 Sprawozdania finansowe Bilans Informacje dodatkowe Rachunek wynik\u00f3w Sprawozdanie merytoryczne Sprawozdanie CIT 8 Rok 2020 Sprawozdania finansowe Bilans [&hellip;]<\/p>\n","protected":false},"author":1,"featured_media":0,"parent":0,"menu_order":0,"comment_status":"closed","ping_status":"closed","template":"full-width.php","meta":{"footnotes":""},"class_list":["post-37","page","type-page","status-publish","hentry"],"_links":{"self":[{"href":"https:\/\/psonizgierz.pl\/index.php?rest_route=\/wp\/v2\/pages\/37","targetHints":{"allow":["GET"]}}],"collection":[{"href":"https:\/\/psonizgierz.pl\/index.php?rest_route=\/wp\/v2\/pages"}],"about":[{"href":"https:\/\/psonizgierz.pl\/index.php?rest_route=\/wp\/v2\/types\/page"}],"author":[{"embeddable":true,"href":"https:\/\/psonizgierz.pl\/index.php?rest_route=\/wp\/v2\/users\/1"}],"replies":[{"embeddable":true,"href":"https:\/\/psonizgierz.pl\/index.php?rest_route=%2Fwp%2Fv2%2Fcomments&post=37"}],"version-history":[{"count":66,"href":"https:\/\/psonizgierz.pl\/index.php?rest_route=\/wp\/v2\/pages\/37\/revisions"}],"predecessor-version":[{"id":5181,"href":"https:\/\/psonizgierz.pl\/index.php?rest_route=\/wp\/v2\/pages\/37\/revisions\/5181"}],"wp:attachment":[{"href":"https:\/\/psonizgierz.pl\/index.php?rest_route=%2Fwp%2Fv2%2Fmedia&parent=37"}],"curies":[{"name":"wp","href":"https:\/\/api.w.org\/{rel}","templated":true}]}}