{"id":3717,"date":"2021-03-07T14:32:00","date_gmt":"2021-03-07T13:32:00","guid":{"rendered":"http:\/\/psonizgierz.pl\/?page_id=3717"},"modified":"2021-03-07T16:24:03","modified_gmt":"2021-03-07T15:24:03","slug":"kontakt","status":"publish","type":"page","link":"https:\/\/psonizgierz.pl\/?page_id=3717","title":{"rendered":"KONTAKT"},"content":{"rendered":"\n<h3 class=\"wp-block-heading\"><strong>SIEDZIBA KO\u0141A<\/strong><\/h3>\n\n\n\n<h2 class=\"wp-block-heading\">Polskie Stowarzyszenie na rzecz Os\u00f3b z Niepe\u0142nosprawno\u015bci\u0105 Intelektualn\u0105 Ko\u0142o w Zgierzu<\/h2>\n\n\n\n<h3 class=\"wp-block-heading\"> ul. Che\u0142mska 42\/42a, 95-100 Zgierz <\/h3>\n\n\n\n<h4 class=\"wp-block-heading\">tel. <span class=\"has-inline-color has-vivid-cyan-blue-color\">42 716 24 86<\/span>  <\/h4>\n\n\n\n<h4 class=\"wp-block-heading\">e-mail. psonizgierz.pl<\/h4>\n\n\n\n<ul class=\"wp-block-social-links is-layout-flex wp-block-social-links-is-layout-flex\"><li class=\"wp-social-link wp-social-link-facebook  wp-block-social-link\"><a href=\"https:\/\/www.facebook.com\/PSOUU.Zgierz\/posts\/3822412454514304?comment_id=3832488533506696\" class=\"wp-block-social-link-anchor\"><svg width=\"24\" height=\"24\" viewBox=\"0 0 24 24\" version=\"1.1\" xmlns=\"http:\/\/www.w3.org\/2000\/svg\" aria-hidden=\"true\" focusable=\"false\"><path d=\"M12 2C6.5 2 2 6.5 2 12c0 5 3.7 9.1 8.4 9.9v-7H7.9V12h2.5V9.8c0-2.5 1.5-3.9 3.8-3.9 1.1 0 2.2.2 2.2.2v2.5h-1.3c-1.2 0-1.6.8-1.6 1.6V12h2.8l-.4 2.9h-2.3v7C18.3 21.1 22 17 22 12c0-5.5-4.5-10-10-10z\"><\/path><\/svg><span class=\"wp-block-social-link-label screen-reader-text\">Facebook<\/span><\/a><\/li><\/ul>\n\n\n\n<p><a href=\"https:\/\/goo.gl\/maps\/bdC7gzeqzdpY5mau8\">JAK DOJECHA\u0106?<\/a><\/p>\n\n\n\n<p><\/p>\n\n\n\n<h3 class=\"has-text-align-center wp-block-heading\"><a href=\"https:\/\/psonizgierz.pl\/osrodek-wczesnej-interwencji\/\">O\u015brodek Wczesnej Interwencji<\/a><\/h3>\n\n\n\n<p class=\"has-text-align-center\">95-100 Zgierz, ul. d\u0142uga 62, tel. <strong>42-717 47 11<\/strong> <\/p>\n\n\n\n<h2 class=\"has-text-align-center wp-block-heading\">CENTRUM SZKOLENIOWO REHABILITACYJNE Z DOMEM MIESZKALNYM IM. BO\u017bENNY PIOTROWICZ<\/h2>\n\n\n\n<h2 class=\"has-text-align-center wp-block-heading\"><sup><a href=\"https:\/\/psonizgierz.pl\/placowki\/__trashed\/\">Warsztat Terapii Zaj\u0119ciowej<\/a><\/sup><\/h2>\n\n\n\n<h2 class=\"has-text-align-center wp-block-heading\"><sup><a href=\"https:\/\/psonizgierz.pl\/srodowiskowy-dom-samopomocy-sds\/\">\u015arodowiskowy Dom Samopomocy<\/a><\/sup><\/h2>\n\n\n\n<h2 class=\"has-text-align-center wp-block-heading\"><sup><a href=\"https:\/\/psonizgierz.pl\/zespol-aktywnosci-spolecznej\/\">Zesp\u00f3\u0142 Terapeutyczno-Rehabilitacyjny Aktywno\u015bci Spo\u0142ecznej<\/a><\/sup><\/h2>\n\n\n\n<h2 class=\"has-text-align-center wp-block-heading\"><sup><a href=\"https:\/\/psonizgierz.pl\/centrum-uslug-srodowiskowych\/\">Centrum Us\u0142ug Spo\u0142ecznych Mieszkalnictwo Chronione i wspomagane<\/a><\/sup><\/h2>\n\n\n\n<h4 class=\"has-text-align-center wp-block-heading\">95-100 Zgierz, Ul. Che\u0142mska 42\/42 a , tel. <strong><span class=\"has-inline-color has-vivid-purple-color\">42 710-10-84<\/span><\/strong>   <strong><span class=\"has-inline-color has-vivid-cyan-blue-color\">psonizgierz.pl<\/span><\/strong><\/h4>\n\n\n\n<div class=\"wp-block-group\"><div class=\"wp-block-group__inner-container is-layout-flow wp-block-group-is-layout-flow\">\n<h3 class=\"has-text-align-center wp-block-heading\">Centrum Kompleksowej Rehabilitacji &#8211; <a href=\"https:\/\/psonizgierz.pl\/dzial-rehabilitacji-nfz\/\">Dzia\u0142 Fizjoterapii<\/a><\/h3>\n\n\n\n<h4 class=\"has-text-align-center wp-block-heading\">95-100 Zgierz, ul. CHE\u0141MSKA 42\/42 A, tel. <strong><span class=\"has-inline-color has-vivid-purple-color\">790 214 788<\/span><\/strong><\/h4>\n\n\n\n<p><\/p>\n<\/div><\/div>\n\n\n\n<div class=\"wp-block-group\"><div class=\"wp-block-group__inner-container is-layout-flow wp-block-group-is-layout-flow\">\n<div class=\"wp-block-group\"><div class=\"wp-block-group__inner-container is-layout-flow wp-block-group-is-layout-flow\">\n<h2 class=\"has-text-align-center wp-block-heading\"><a href=\"https:\/\/psonizgierz.pl\/cafe-bistro-i-tkaczy\/\">CAFE&amp;BISTRO U TKACZY<\/a> <\/h2>\n\n\n\n<h4 class=\"has-text-align-center wp-block-heading\">95-100 ZGIERZ,  <a href=\"https:\/\/www.miastotkaczy.pl\/\">PARK KULTUROWY MIASTO TKACZY<\/a>, UL REMBOWSKIEGO 1,  TEL. <strong><span class=\"has-inline-color has-vivid-purple-color\">667 118 168<\/span><\/strong><\/h4>\n\n\n\n<ul class=\"wp-block-social-links is-layout-flex wp-block-social-links-is-layout-flex\"><li class=\"wp-social-link wp-social-link-facebook  wp-block-social-link\"><a href=\"https:\/\/www.facebook.com\/CafeBistro-U-Tkaczy-prowadzone-przez-PSONI-Ko%C5%82o-w-Zgierzu-227649181186788\" class=\"wp-block-social-link-anchor\"><svg width=\"24\" height=\"24\" viewBox=\"0 0 24 24\" version=\"1.1\" xmlns=\"http:\/\/www.w3.org\/2000\/svg\" aria-hidden=\"true\" focusable=\"false\"><path d=\"M12 2C6.5 2 2 6.5 2 12c0 5 3.7 9.1 8.4 9.9v-7H7.9V12h2.5V9.8c0-2.5 1.5-3.9 3.8-3.9 1.1 0 2.2.2 2.2.2v2.5h-1.3c-1.2 0-1.6.8-1.6 1.6V12h2.8l-.4 2.9h-2.3v7C18.3 21.1 22 17 22 12c0-5.5-4.5-10-10-10z\"><\/path><\/svg><span class=\"wp-block-social-link-label screen-reader-text\">Facebook<\/span><\/a><\/li><\/ul>\n<\/div><\/div>\n\n\n\n<p> <\/p>\n<\/div><\/div>\n\n\n\n<iframe src=\"https:\/\/www.google.com\/maps\/embed?pb=!1m16!1m12!1m3!1d9859.369292530999!2d19.424808848900174!3d51.84557532507277!2m3!1f0!2f0!3f0!3m2!1i1024!2i768!4f13.1!2m1!1sPSONI%20KO%C5%81O%20W%20ZGIERZU!5e0!3m2!1spl!2spl!4v1615129913882!5m2!1spl!2spl\" style=\"border:0;\" allowfullscreen=\"\" loading=\"lazy\" width=\"600\" height=\"450\"><\/iframe>\n","protected":false},"excerpt":{"rendered":"<p>SIEDZIBA KO\u0141A Polskie Stowarzyszenie na rzecz Os\u00f3b z Niepe\u0142nosprawno\u015bci\u0105 Intelektualn\u0105 Ko\u0142o w Zgierzu ul. Che\u0142mska 42\/42a, 95-100 Zgierz tel. 42 716 24 86 e-mail. psonizgierz.pl JAK DOJECHA\u0106? O\u015brodek Wczesnej Interwencji 95-100 Zgierz, ul. d\u0142uga 62, tel. 42-717 47 11 CENTRUM SZKOLENIOWO REHABILITACYJNE Z DOMEM MIESZKALNYM IM. BO\u017bENNY PIOTROWICZ Warsztat Terapii Zaj\u0119ciowej \u015arodowiskowy Dom Samopomocy Zesp\u00f3\u0142 [&hellip;]<\/p>\n","protected":false},"author":3,"featured_media":0,"parent":0,"menu_order":0,"comment_status":"closed","ping_status":"closed","template":"","meta":{"footnotes":""},"class_list":["post-3717","page","type-page","status-publish","hentry"],"_links":{"self":[{"href":"https:\/\/psonizgierz.pl\/index.php?rest_route=\/wp\/v2\/pages\/3717","targetHints":{"allow":["GET"]}}],"collection":[{"href":"https:\/\/psonizgierz.pl\/index.php?rest_route=\/wp\/v2\/pages"}],"about":[{"href":"https:\/\/psonizgierz.pl\/index.php?rest_route=\/wp\/v2\/types\/page"}],"author":[{"embeddable":true,"href":"https:\/\/psonizgierz.pl\/index.php?rest_route=\/wp\/v2\/users\/3"}],"replies":[{"embeddable":true,"href":"https:\/\/psonizgierz.pl\/index.php?rest_route=%2Fwp%2Fv2%2Fcomments&post=3717"}],"version-history":[{"count":25,"href":"https:\/\/psonizgierz.pl\/index.php?rest_route=\/wp\/v2\/pages\/3717\/revisions"}],"predecessor-version":[{"id":3754,"href":"https:\/\/psonizgierz.pl\/index.php?rest_route=\/wp\/v2\/pages\/3717\/revisions\/3754"}],"wp:attachment":[{"href":"https:\/\/psonizgierz.pl\/index.php?rest_route=%2Fwp%2Fv2%2Fmedia&parent=3717"}],"curies":[{"name":"wp","href":"https:\/\/api.w.org\/{rel}","templated":true}]}}