{"id":3798,"date":"2021-04-20T21:58:09","date_gmt":"2021-04-20T19:58:09","guid":{"rendered":"http:\/\/psonizgierz.pl\/?page_id=3798"},"modified":"2021-05-19T22:19:12","modified_gmt":"2021-05-19T20:19:12","slug":"oferta-nr-7-21","status":"publish","type":"page","link":"https:\/\/psonizgierz.pl\/?page_id=3798","title":{"rendered":"Oferta nr 7\/21"},"content":{"rendered":"\n<p><a href=\"https:\/\/psonizgierz.pl\/wp-content\/uploads\/2021\/04\/1_ZAPYTANIE-OFERTOWE_-07_2021_ZO_WTZ_PSONI-1.pdf\">Zapytanie ofertowe<\/a><\/p>\n\n\n\n<p><a href=\"https:\/\/psonizgierz.pl\/wp-content\/uploads\/2021\/04\/2_Zalacznik-nr-1.-Opis-funkcjonalny-i-zakres-prac-przedmiotu-zamowienia.pdf\">Za\u0142\u0105cznik nr 1<\/a><\/p>\n\n\n\n<p><a href=\"https:\/\/psonizgierz.pl\/wp-content\/uploads\/2021\/04\/11_Zalacznik-nr-2.-pozwolenie-na-budowe.zip\">Za\u0142\u0105cznik nr 2<\/a><\/p>\n\n\n\n<p><a href=\"https:\/\/psonizgierz.pl\/wp-content\/uploads\/2021\/04\/13_Zalacznik-nr-3.-Projekt-budowlany-cz.-1.zip\">Za\u0142\u0105cznik nr 3\/1<\/a><\/p>\n\n\n\n<p><a href=\"https:\/\/psonizgierz.pl\/wp-content\/uploads\/2021\/04\/20_Zalacznik-nr-3.-Projekt-budowlny-cz.2.zip\">Za\u0142\u0105cznik nr 3\/2<\/a><\/p>\n\n\n\n<p><a href=\"https:\/\/psonizgierz.pl\/wp-content\/uploads\/2021\/04\/14_Zalacznik-nr-3.-Projekt-budowlny-cz.3.zip\">Za\u0142\u0105cznik nr 3\/3<\/a><\/p>\n\n\n\n<p><a href=\"https:\/\/psonizgierz.pl\/wp-content\/uploads\/2021\/04\/19_Zalacznik-nr-3-Projekt-budowlany-cz.4.zip\">Za\u0142\u0105cznik nr 3\/4<\/a><\/p>\n\n\n\n<p><a href=\"https:\/\/psonizgierz.pl\/wp-content\/uploads\/2021\/04\/17_Zalacznik-nr-3-Projekt-bud.Rzut-dachu-cz.5.pdf\">Za\u0142\u0105cznik nr 3\/5<\/a><\/p>\n\n\n\n<p><a href=\"https:\/\/psonizgierz.pl\/wp-content\/uploads\/2021\/04\/15_Zalacznik-nr-3.-Projekt-budowlany-cz.-6.zip\">Za\u0142\u0105cznik nr 3\/6<\/a><\/p>\n\n\n\n<p><a href=\"https:\/\/psonizgierz.pl\/wp-content\/uploads\/2021\/04\/16_Zalacznik-nr-3-Projekt-budowlany-cz.7.zip\">Za\u0142\u0105cznik nr 3\/7<\/a><\/p>\n\n\n\n<p><a href=\"https:\/\/psonizgierz.pl\/wp-content\/uploads\/2021\/04\/18_Zalacznik-nr-3-projekt-budowlany-cz.-8.zip\">Za\u0142\u0105cznik nr 3\/8<\/a><\/p>\n\n\n\n<p><a href=\"https:\/\/psonizgierz.pl\/wp-content\/uploads\/2021\/04\/12_Zalacznik-nr-4.Zakres-robot-budowlanych-i-wykonczeniowych-\u2013-obmiar-prac-2.zip\">Za\u0142\u0105cznik nr 4<\/a><\/p>\n\n\n\n<p><a href=\"https:\/\/psonizgierz.pl\/wp-content\/uploads\/2021\/04\/3_Zalacznik-nr-5.-Projekt-budowlany-branza-elektryczna.pdf\">Za\u0142\u0105cznik nr 5<\/a><\/p>\n\n\n\n<p><a href=\"https:\/\/psonizgierz.pl\/wp-content\/uploads\/2021\/04\/4_Zalacznik-nr-6.-Projekt-budowlany-branza-wew.-instalacja-wod-kan.-i-C.O.pdf\">Za\u0142\u0105cznik nr 6<\/a><\/p>\n\n\n\n<p><a href=\"https:\/\/psonizgierz.pl\/wp-content\/uploads\/2021\/04\/5_Zalacznik-nr-7.-Formularz-ofertowy.pdf\">Za\u0142\u0105cznik nr 7<\/a><\/p>\n\n\n\n<p><a href=\"https:\/\/psonizgierz.pl\/wp-content\/uploads\/2021\/04\/6_Zalacznik-nr-8.-Wykaz-robotuslug-swiadczonych-przez-wykonawce-w-okresie-ostatnich-5-lat.pdf\">Za\u0142\u0105cznik nr 8<\/a><\/p>\n\n\n\n<p><a href=\"https:\/\/psonizgierz.pl\/wp-content\/uploads\/2021\/04\/7_Zalacznik-nr-9.-Oswiadczenia-o-braku-powiazan-kapitalowych-lub-osobowych.pdf\">Za\u0142\u0105cznik nr 9<\/a><\/p>\n\n\n\n<p><a href=\"https:\/\/psonizgierz.pl\/wp-content\/uploads\/2021\/04\/8_Zalacznik-nr-10.-Oswiadczenie-o-spelnieniu-warunkow-udzialu-w-postepowaniu.pdf\">Za\u0142\u0105cznik nr 10<\/a><\/p>\n\n\n\n<p><a href=\"https:\/\/psonizgierz.pl\/wp-content\/uploads\/2021\/04\/9_Zalacznik-nr-11.-Wzor-umowy.pdf\">Za\u0142\u0105cznik nr 11<\/a><\/p>\n\n\n\n<p><a href=\"https:\/\/psonizgierz.pl\/wp-content\/uploads\/2021\/04\/10_Zalacznik-nr-12.-Oswiadczenie-o-dostarczeniu-wymaganych-dokumentow-po-odbiorze.pdf\">Za\u0142\u0105cznik nr 12<\/a><\/p>\n\n\n\n<p><a href=\"https:\/\/psonizgierz.pl\/wp-content\/uploads\/2021\/05\/wynik_postepowania.pdf\">Wynik post\u0119powania<\/a><\/p>\n","protected":false},"excerpt":{"rendered":"<p>Zapytanie ofertowe Za\u0142\u0105cznik nr 1 Za\u0142\u0105cznik nr 2 Za\u0142\u0105cznik nr 3\/1 Za\u0142\u0105cznik nr 3\/2 Za\u0142\u0105cznik nr 3\/3 Za\u0142\u0105cznik nr 3\/4 Za\u0142\u0105cznik nr 3\/5 Za\u0142\u0105cznik nr 3\/6 Za\u0142\u0105cznik nr 3\/7 Za\u0142\u0105cznik nr 3\/8 Za\u0142\u0105cznik nr 4 Za\u0142\u0105cznik nr 5 Za\u0142\u0105cznik nr 6 Za\u0142\u0105cznik nr 7 Za\u0142\u0105cznik nr 8 Za\u0142\u0105cznik nr 9 Za\u0142\u0105cznik nr 10 Za\u0142\u0105cznik nr [&hellip;]<\/p>\n","protected":false},"author":2,"featured_media":0,"parent":0,"menu_order":0,"comment_status":"closed","ping_status":"closed","template":"","meta":{"footnotes":""},"class_list":["post-3798","page","type-page","status-publish","hentry"],"_links":{"self":[{"href":"https:\/\/psonizgierz.pl\/index.php?rest_route=\/wp\/v2\/pages\/3798","targetHints":{"allow":["GET"]}}],"collection":[{"href":"https:\/\/psonizgierz.pl\/index.php?rest_route=\/wp\/v2\/pages"}],"about":[{"href":"https:\/\/psonizgierz.pl\/index.php?rest_route=\/wp\/v2\/types\/page"}],"author":[{"embeddable":true,"href":"https:\/\/psonizgierz.pl\/index.php?rest_route=\/wp\/v2\/users\/2"}],"replies":[{"embeddable":true,"href":"https:\/\/psonizgierz.pl\/index.php?rest_route=%2Fwp%2Fv2%2Fcomments&post=3798"}],"version-history":[{"count":26,"href":"https:\/\/psonizgierz.pl\/index.php?rest_route=\/wp\/v2\/pages\/3798\/revisions"}],"predecessor-version":[{"id":3889,"href":"https:\/\/psonizgierz.pl\/index.php?rest_route=\/wp\/v2\/pages\/3798\/revisions\/3889"}],"wp:attachment":[{"href":"https:\/\/psonizgierz.pl\/index.php?rest_route=%2Fwp%2Fv2%2Fmedia&parent=3798"}],"curies":[{"name":"wp","href":"https:\/\/api.w.org\/{rel}","templated":true}]}}