{"id":3851,"date":"2021-05-14T15:28:20","date_gmt":"2021-05-14T13:28:20","guid":{"rendered":"http:\/\/psonizgierz.pl\/?page_id=3851"},"modified":"2021-05-15T16:59:17","modified_gmt":"2021-05-15T14:59:17","slug":"projekty-regionalnego-programu-operacyjnego-2014-2020","status":"publish","type":"page","link":"https:\/\/psonizgierz.pl\/?page_id=3851","title":{"rendered":"Projekty Regionalnego Programu Operacyjnego 2014-2020"},"content":{"rendered":"\n<h2 class=\"wp-block-heading\"><em><a href=\"https:\/\/psonizgierz.pl\/szanse-i-perspektywy-dla-osob-z-niepelnosprawnoscia-intelektualna\/\">Szanse i perspektywy dla os\u00f3b z niepe\u0142nosprawno\u015bci\u0105 intelektualn\u0105<\/a><\/em><\/h2>\n\n\n\n<h4 class=\"wp-block-heading\">Umowy nr UDA-RPLD. 07.03.00.-10-0010\/20-00<\/h4>\n\n\n\n<p><strong>Termin realizacji:<\/strong> 01.01.2021-31.12.2022<\/p>\n\n\n\n<p><strong>Warto\u015b\u0107 projektu:<\/strong> <\/p>\n\n\n\n<p>Celem projektu jest zwi\u0119kszenie dost\u0119pno\u015bci i jako\u015bci oferowanych us\u0142ug spo\u0142ecznych \u015bwiadczonych przez PSONI dla spo\u0142eczno\u015bci lokalnej poprzez budow\u0119\u0328 oraz wyposa\u017cenie budynku WTZ, realizuj\u0105cego formy pomocy w zakresie us\u0142ug aktywnej reintegracji spo\u0142ecznej i zawodowej os\u00f3b zagro\u017conych wykluczeniem spo\u0142ecznym.<\/p>\n\n\n\n<p>Cele szczeg\u00f3\u0142owe projektu zosta\u0142y okre\u015blone jako:<\/p>\n\n\n\n<p>\u2022 Zwi\u0119kszenie dost\u0119pno\u015bci do wysokiej jako\u015bci us\u0142ug spo\u0142ecznych aktywnej reintegracji spo\u0142ecznej i zawodowej, odpowiadaj\u0105cych potrzebom ich odbiorc\u00f3w<\/p>\n\n\n\n<p>\u2022 ograniczenia ub\u00f3stwa i wykluczenia spo\u0142ecznego, poprzez wprowadzenie nowych form aktywizacji zawodowej,<\/p>\n\n\n\n<p>\u2022 podniesienie jako\u015bci \u015bwiadczonych us\u0142ug na rzecz os\u00f3b zagro\u017conych ub\u00f3stwem i wykluczeniem spo\u0142ecznym<\/p>\n\n\n\n<h3 class=\"wp-block-heading\"><\/h3>\n\n\n\n<figure class=\"wp-block-image size-large\"><img loading=\"lazy\" decoding=\"async\" width=\"1024\" height=\"120\" src=\"https:\/\/psonizgierz.pl\/wp-content\/uploads\/2021\/01\/ciag-feprreg-rrp-lodz-ueefrr-1024x120.jpg\" alt=\"\" class=\"wp-image-3473\" srcset=\"https:\/\/psonizgierz.pl\/wp-content\/uploads\/2021\/01\/ciag-feprreg-rrp-lodz-ueefrr-1024x120.jpg 1024w, https:\/\/psonizgierz.pl\/wp-content\/uploads\/2021\/01\/ciag-feprreg-rrp-lodz-ueefrr-300x35.jpg 300w, https:\/\/psonizgierz.pl\/wp-content\/uploads\/2021\/01\/ciag-feprreg-rrp-lodz-ueefrr-768x90.jpg 768w, https:\/\/psonizgierz.pl\/wp-content\/uploads\/2021\/01\/ciag-feprreg-rrp-lodz-ueefrr-1536x180.jpg 1536w, https:\/\/psonizgierz.pl\/wp-content\/uploads\/2021\/01\/ciag-feprreg-rrp-lodz-ueefrr-2048x239.jpg 2048w\" sizes=\"auto, (max-width: 1024px) 100vw, 1024px\" \/><\/figure>\n\n\n\n<figure class=\"wp-block-image size-large\"><img loading=\"lazy\" decoding=\"async\" width=\"1024\" height=\"768\" src=\"https:\/\/psonizgierz.pl\/wp-content\/uploads\/2021\/05\/IMG20210514184531-1024x768.jpg\" alt=\"\" class=\"wp-image-3867\" srcset=\"https:\/\/psonizgierz.pl\/wp-content\/uploads\/2021\/05\/IMG20210514184531-1024x768.jpg 1024w, https:\/\/psonizgierz.pl\/wp-content\/uploads\/2021\/05\/IMG20210514184531-300x225.jpg 300w, https:\/\/psonizgierz.pl\/wp-content\/uploads\/2021\/05\/IMG20210514184531-768x576.jpg 768w, https:\/\/psonizgierz.pl\/wp-content\/uploads\/2021\/05\/IMG20210514184531-1536x1152.jpg 1536w, https:\/\/psonizgierz.pl\/wp-content\/uploads\/2021\/05\/IMG20210514184531-2048x1536.jpg 2048w\" sizes=\"auto, (max-width: 1024px) 100vw, 1024px\" \/><\/figure>\n","protected":false},"excerpt":{"rendered":"<p>Szanse i perspektywy dla os\u00f3b z niepe\u0142nosprawno\u015bci\u0105 intelektualn\u0105 Umowy nr UDA-RPLD. 07.03.00.-10-0010\/20-00 Termin realizacji: 01.01.2021-31.12.2022 Warto\u015b\u0107 projektu: Celem projektu jest zwi\u0119kszenie dost\u0119pno\u015bci i jako\u015bci oferowanych us\u0142ug spo\u0142ecznych \u015bwiadczonych przez PSONI dla spo\u0142eczno\u015bci lokalnej poprzez budow\u0119\u0328 oraz wyposa\u017cenie budynku WTZ, realizuj\u0105cego formy pomocy w zakresie us\u0142ug aktywnej reintegracji spo\u0142ecznej i zawodowej os\u00f3b zagro\u017conych wykluczeniem spo\u0142ecznym. Cele [&hellip;]<\/p>\n","protected":false},"author":3,"featured_media":0,"parent":0,"menu_order":0,"comment_status":"closed","ping_status":"closed","template":"","meta":{"footnotes":""},"class_list":["post-3851","page","type-page","status-publish","hentry"],"_links":{"self":[{"href":"https:\/\/psonizgierz.pl\/index.php?rest_route=\/wp\/v2\/pages\/3851","targetHints":{"allow":["GET"]}}],"collection":[{"href":"https:\/\/psonizgierz.pl\/index.php?rest_route=\/wp\/v2\/pages"}],"about":[{"href":"https:\/\/psonizgierz.pl\/index.php?rest_route=\/wp\/v2\/types\/page"}],"author":[{"embeddable":true,"href":"https:\/\/psonizgierz.pl\/index.php?rest_route=\/wp\/v2\/users\/3"}],"replies":[{"embeddable":true,"href":"https:\/\/psonizgierz.pl\/index.php?rest_route=%2Fwp%2Fv2%2Fcomments&post=3851"}],"version-history":[{"count":5,"href":"https:\/\/psonizgierz.pl\/index.php?rest_route=\/wp\/v2\/pages\/3851\/revisions"}],"predecessor-version":[{"id":3873,"href":"https:\/\/psonizgierz.pl\/index.php?rest_route=\/wp\/v2\/pages\/3851\/revisions\/3873"}],"wp:attachment":[{"href":"https:\/\/psonizgierz.pl\/index.php?rest_route=%2Fwp%2Fv2%2Fmedia&parent=3851"}],"curies":[{"name":"wp","href":"https:\/\/api.w.org\/{rel}","templated":true}]}}