{"id":4161,"date":"2022-04-29T19:39:12","date_gmt":"2022-04-29T17:39:12","guid":{"rendered":"http:\/\/psonizgierz.pl\/?page_id=4161"},"modified":"2023-05-24T10:34:37","modified_gmt":"2023-05-24T08:34:37","slug":"2022-2","status":"publish","type":"page","link":"https:\/\/psonizgierz.pl\/?page_id=4161","title":{"rendered":"2022"},"content":{"rendered":"\n<h2 class=\"wp-block-heading\"> <strong>Asystent osobisty osoby z niepe\u0142nosprawno\u015bciami<\/strong><\/h2>\n\n\n\n<p>PSONI Ko\u0142o w Zgierzu realizuje zadania finansowane z \u015brodk\u00f3w Funduszu Solidarno\u015bciowego w ramach resortowego Programu Ministerstwa Rodziny, Pracy i Polityki Spo\u0142ecznej. \u201eAsystent osobisty osoby z niepe\u0142nosprawno\u015bciami\u201d \u2013 edycja 2022 <strong>Us\u0142uga asystencka obejmuje wsparcie dla os\u00f3b z niepe\u0142nosprawno\u015bciami <\/strong>w wykonywaniu podstawowych czynno\u015bci dnia codziennego niezb\u0119dnych do aktywnego funkcjonowania:<\/p>\n\n\n\n<p>a. spo\u0142ecznego (np. wsparcie w przemieszczaniu si\u0119 m.in. do lekarza, miejsc publicznych podczas sp\u0119dzania czasu wolnego, w tym: wsparcie podczas zaj\u0119\u0107 kulturalnych, sportowych i rekreacyjnych, dokonywania zakup\u00f3w, za\u0142atwiania spraw urz\u0119dowych <\/p>\n\n\n\n<p>b. zawodowego (np. wsparcie w przemieszczaniu si\u0119 do pracy, urz\u0119d\u00f3w pracy, <\/p>\n\n\n\n<p>c. edukacyjnego (np. wsparcie w przemieszczaniu si\u0119 do szk\u00f3\u0142 i plac\u00f3wek o\u015bwiatowych oraz na ich terenie, wsparcie podczas zaj\u0119\u0107 edukacyjnych i w procesie uczenia: gromadzenie materia\u0142\u00f3w, korzystanie z biblioteki.<\/p>\n\n\n\n<p>Grup\u0119 docelow\u0105 programu stanowi 27os\u00f3b z niepe\u0142nosprawno\u015bciami, w tym 24 doros\u0142e osoby z niepe\u0142nosprawno\u015bci\u0105 intelektualn\u0105, a tak\u017ce 3 dzieci do 16 roku \u017cycia z terenu Gminy Zgierz, Gminy Miasta Zgierz, Powiatu Zgierskiego, \u0141odzi znajduj\u0105cych si\u0119 w wojew\u00f3dztwie \u0142\u00f3dzkim.<\/p>\n\n\n\n<figure class=\"wp-block-gallery has-nested-images columns-default is-cropped wp-block-gallery-1 is-layout-flex wp-block-gallery-is-layout-flex\">\n<figure class=\"wp-block-image size-large\"><img loading=\"lazy\" decoding=\"async\" width=\"1240\" height=\"1754\" data-id=\"4163\" src=\"https:\/\/psonizgierz.pl\/wp-content\/uploads\/2022\/04\/278576912_5104518459637024_3223392862694767389_n.jpg\" alt=\"\" class=\"wp-image-4163\" srcset=\"https:\/\/psonizgierz.pl\/wp-content\/uploads\/2022\/04\/278576912_5104518459637024_3223392862694767389_n.jpg 1240w, https:\/\/psonizgierz.pl\/wp-content\/uploads\/2022\/04\/278576912_5104518459637024_3223392862694767389_n-212x300.jpg 212w, https:\/\/psonizgierz.pl\/wp-content\/uploads\/2022\/04\/278576912_5104518459637024_3223392862694767389_n-724x1024.jpg 724w, https:\/\/psonizgierz.pl\/wp-content\/uploads\/2022\/04\/278576912_5104518459637024_3223392862694767389_n-768x1086.jpg 768w, https:\/\/psonizgierz.pl\/wp-content\/uploads\/2022\/04\/278576912_5104518459637024_3223392862694767389_n-1086x1536.jpg 1086w\" sizes=\"auto, (max-width: 1240px) 100vw, 1240px\" \/><\/figure>\n\n\n\n<figure class=\"wp-block-image size-large\"><img loading=\"lazy\" decoding=\"async\" width=\"437\" height=\"623\" data-id=\"4156\" src=\"https:\/\/psonizgierz.pl\/wp-content\/uploads\/2022\/04\/279154543_5104517749637095_3008016929893306777_n.png\" alt=\"\" class=\"wp-image-4156\" srcset=\"https:\/\/psonizgierz.pl\/wp-content\/uploads\/2022\/04\/279154543_5104517749637095_3008016929893306777_n.png 437w, https:\/\/psonizgierz.pl\/wp-content\/uploads\/2022\/04\/279154543_5104517749637095_3008016929893306777_n-210x300.png 210w\" sizes=\"auto, (max-width: 437px) 100vw, 437px\" \/><figcaption>Asystent Osobisty  warto\u015b\u0107 dofinansowania<\/figcaption><\/figure>\n<\/figure>\n\n\n\n<p class=\"has-text-align-center\" style=\"font-size:24px\"><strong>\u201eOpieka wytchnieniowa dla cz\u0142onk\u00f3w rodzin lub opiekun\u00f3w os\u00f3b z niepe\u0142nosprawno\u015bci\u0105&#8221; edycja 2022<\/strong><\/p>\n\n\n\n<p><strong>Koordynator Projektu:<\/strong>&nbsp;<strong>Paulina Adamiuk<\/strong><\/p>\n\n\n\n<h5 class=\"wp-block-heading\">Program finansowany ze \u015brodk\u00f3w Funduszu Solidarno\u015bciowego.<\/h5>\n\n\n\n<p>Program kierowany jest do dzieci z orzeczeniem o&nbsp;niepe\u0142nosprawno\u015bci oraz os\u00f3b ze znacznym stopniem niepe\u0142nosprawno\u015bci, kt\u00f3rych cz\u0142onkowie rodzin lub opiekunowie sprawuj\u0105cy bezpo\u015bredni\u0105 opiek\u0119, wymagaj\u0105 wsparcia w&nbsp;postaci dora\u017anej, kr\u00f3tkotrwa\u0142ej przerwy w&nbsp;sprawowaniu opieki oraz podniesienia swoich umiej\u0119tno\u015bci i wiedzy w zakresie opieki na tym osobami.<\/p>\n\n\n\n<p>Opieka wytchnieniowa przeznaczona jest dla cz\u0142onk\u00f3w rodzin sprawuj\u0105cych bezpo\u015bredni\u0105 opiek\u0119 nad dzieckiem z orzeczeniem o niepe\u0142nosprawno\u015bci lub osobami ze znacznym stopniem niepe\u0142nosprawno\u015bci oraz orzeczeniami r\u00f3wnowa\u017cnymi, kt\u00f3re wymagaj\u0105 intensywnego wsparcia.<\/p>\n\n\n\n<p>Us\u0142uga ta mo\u017ce tak\u017ce by\u0107 \u015bwiadczona dla os\u00f3b z niepe\u0142nosprawno\u015bciami (niewymagaj\u0105cych intensywnego wsparcia)w sytuacjach nag\u0142ej nieobecno\u015bci stale wspieraj\u0105cych ich cz\u0142onk\u00f3w rodziny, konieczno\u015bci planowej lub nag\u0142ej hospitalizacji opiekun\u00f3w, nag\u0142ych zdarze\u0144 losowych. Cz\u0142onkowie rodzin lub opiekunowie sprawuj\u0105cy opiek\u0119 nad dzie\u0107mi lub doros\u0142ymi osobami z niepe\u0142nosprawno\u015bciami wymagaj\u0105 wsparcia w postaci dora\u017anej, czasowej przerwy w sprawowaniu opieki oraz podniesienia swoich umiej\u0119tno\u015bci i wiedzy w zakresie wsparcia tych os\u00f3b.<\/p>\n\n\n\n<p>Projekt ma na celu:<\/p>\n\n\n\n<p>\u2013 czasowe odci\u0105\u017cenie od codziennych obowi\u0105zk\u00f3w \u0142\u0105cz\u0105cych si\u0119 ze sprawowaniem opieki, zapewnienie czasu na odpoczynek i regeneracj\u0119;<\/p>\n\n\n\n<p>\u2013 wzmocnienie osobistego potencja\u0142u oraz ograniczenie wp\u0142ywu obci\u0105\u017ce\u0144 psychofizycznych zwi\u0105zanych ze sprawowaniem opieki poprzez wsparcie psychologiczne lub terapeutyczne;<\/p>\n\n\n\n<p>\u2013 podniesienie poziomu kompetencji dotycz\u0105cych wsparcia osoby niepe\u0142nosprawnej poprzez nauk\u0119 technik wspomagania, piel\u0119gnacji, prowadzenia dzia\u0142a\u0144 rehabilitacyjnych w warunkach domowych oraz obj\u0119cie specjalistycznym poradnictwem w zakresie psychologicznych i<\/p>\n\n\n\n<p>spo\u0142ecznych aspekt\u00f3w wsparcia os\u00f3b z niepe\u0142nosprawno\u015bci\u0105, zagadnienia profilaktyki zdrowotnej i zdrowego stylu \u017cycia.<\/p>\n\n\n<div class=\"wp-block-image\">\n<figure class=\"aligncenter size-large\"><img loading=\"lazy\" decoding=\"async\" width=\"724\" height=\"1024\" src=\"https:\/\/psonizgierz.pl\/wp-content\/uploads\/2022\/11\/1-1-724x1024.jpg\" alt=\"\" class=\"wp-image-4381\" srcset=\"https:\/\/psonizgierz.pl\/wp-content\/uploads\/2022\/11\/1-1-724x1024.jpg 724w, https:\/\/psonizgierz.pl\/wp-content\/uploads\/2022\/11\/1-1-212x300.jpg 212w, https:\/\/psonizgierz.pl\/wp-content\/uploads\/2022\/11\/1-1-768x1086.jpg 768w, https:\/\/psonizgierz.pl\/wp-content\/uploads\/2022\/11\/1-1-1086x1536.jpg 1086w, https:\/\/psonizgierz.pl\/wp-content\/uploads\/2022\/11\/1-1-1448x2048.jpg 1448w, https:\/\/psonizgierz.pl\/wp-content\/uploads\/2022\/11\/1-1-scaled.jpg 1810w\" sizes=\"auto, (max-width: 724px) 100vw, 724px\" \/><\/figure>\n<\/div>","protected":false},"excerpt":{"rendered":"<p>Asystent osobisty osoby z niepe\u0142nosprawno\u015bciami PSONI Ko\u0142o w Zgierzu realizuje zadania finansowane z \u015brodk\u00f3w Funduszu Solidarno\u015bciowego w ramach resortowego Programu Ministerstwa Rodziny, Pracy i Polityki Spo\u0142ecznej. \u201eAsystent osobisty osoby z niepe\u0142nosprawno\u015bciami\u201d \u2013 edycja 2022 Us\u0142uga asystencka obejmuje wsparcie dla os\u00f3b z niepe\u0142nosprawno\u015bciami w wykonywaniu podstawowych czynno\u015bci dnia codziennego niezb\u0119dnych do aktywnego funkcjonowania: a. spo\u0142ecznego (np. [&hellip;]<\/p>\n","protected":false},"author":3,"featured_media":0,"parent":0,"menu_order":0,"comment_status":"closed","ping_status":"closed","template":"","meta":{"footnotes":""},"class_list":["post-4161","page","type-page","status-publish","hentry"],"_links":{"self":[{"href":"https:\/\/psonizgierz.pl\/index.php?rest_route=\/wp\/v2\/pages\/4161","targetHints":{"allow":["GET"]}}],"collection":[{"href":"https:\/\/psonizgierz.pl\/index.php?rest_route=\/wp\/v2\/pages"}],"about":[{"href":"https:\/\/psonizgierz.pl\/index.php?rest_route=\/wp\/v2\/types\/page"}],"author":[{"embeddable":true,"href":"https:\/\/psonizgierz.pl\/index.php?rest_route=\/wp\/v2\/users\/3"}],"replies":[{"embeddable":true,"href":"https:\/\/psonizgierz.pl\/index.php?rest_route=%2Fwp%2Fv2%2Fcomments&post=4161"}],"version-history":[{"count":3,"href":"https:\/\/psonizgierz.pl\/index.php?rest_route=\/wp\/v2\/pages\/4161\/revisions"}],"predecessor-version":[{"id":4382,"href":"https:\/\/psonizgierz.pl\/index.php?rest_route=\/wp\/v2\/pages\/4161\/revisions\/4382"}],"wp:attachment":[{"href":"https:\/\/psonizgierz.pl\/index.php?rest_route=%2Fwp%2Fv2%2Fmedia&parent=4161"}],"curies":[{"name":"wp","href":"https:\/\/api.w.org\/{rel}","templated":true}]}}