{"id":419,"date":"2018-12-09T08:31:03","date_gmt":"2018-12-09T07:31:03","guid":{"rendered":"http:\/\/psonizgierz.pl\/?page_id=419"},"modified":"2025-05-13T10:15:29","modified_gmt":"2025-05-13T08:15:29","slug":"osrodek-wczesnej-interwencji","status":"publish","type":"page","link":"https:\/\/psonizgierz.pl\/?page_id=419","title":{"rendered":"O\u015brodek Wczesnej Interwencji (OWI)"},"content":{"rendered":"\n<p>Kontakt:<br><strong>95-100 Zgierz, ul. D\u0142uga 62, I pi\u0119tro<\/strong><\/p>\n\n\n\n<p><strong>nr tel. 42 717 47 11, 790 214&nbsp;773<\/strong><\/p>\n\n\n\n<p><strong>95-100 Zgierz, ul. Ga\u0142czy\u0144skiego 40, I pi\u0119tro (domofon: nr 3)<\/strong><\/p>\n\n\n\n<p><strong>nr tel. 790&nbsp;214 785<br><br>Rejestracja:<br>czynna poniedzia\u0142ki-wtorki i czwartki-pi\u0105tki w godz. 8:00-20:00, w \u015brody 8:00-19:00<br>e-mail: owi.pomoc@gmail.com<br><\/strong>Po wys\u0142aniu pro\u015bby skontaktuje si\u0119 z pa\u0144stwem konkretny terapeuta, w tytule wiadomo\u015bci prosimy poda\u0107 spraw\u0119 lub nazwisko terapeuty \u2013 adresata wiadomo\u015bci.<\/p>\n\n\n\n<p><strong><br>Kierownik: mgr Ma\u0142gorzata Juszczak-Kapusta<br>nr tel. 790&nbsp;214 787 ; e-mail: owizgierz@o2.pl<\/strong><\/p>\n\n\n\n<p><strong>Z-ca kierownika: mgr Martyna Kochanek<\/strong><\/p>\n\n\n\n<p><strong>nr tel. 536&nbsp;909&nbsp;686 ; e-mail: owizgierz@o2.pl<\/strong><\/p>\n\n\n\n<figure class=\"wp-block-embed aligncenter is-type-video is-provider-youtube wp-block-embed-youtube wp-embed-aspect-16-9 wp-has-aspect-ratio\"><div class=\"wp-block-embed__wrapper\">\n<iframe loading=\"lazy\" title=\"rok wczesnej interwencji 2018\" width=\"500\" height=\"281\" src=\"https:\/\/www.youtube.com\/embed\/k3vOP6NHf90?feature=oembed\" frameborder=\"0\" allow=\"accelerometer; autoplay; clipboard-write; encrypted-media; gyroscope; picture-in-picture; web-share\" referrerpolicy=\"strict-origin-when-cross-origin\" allowfullscreen><\/iframe>\n<\/div><\/figure>\n\n\n<div class=\"wp-block-image\">\n<figure class=\"alignleft size-large is-resized\"><img loading=\"lazy\" decoding=\"async\" src=\"https:\/\/psonizgierz.pl\/wp-content\/uploads\/2020\/04\/42556366_1914690471953188_8371755854000553984_o.jpg\" alt=\"Zdj\u0119cie dyplom za stworzenie i konsekwentn\u0105 realizacj\u0119 Wczesnej Interwencji\" class=\"wp-image-2444\" width=\"274\" height=\"368\" title=\"Dyplom dla OWI\" srcset=\"https:\/\/psonizgierz.pl\/wp-content\/uploads\/2020\/04\/42556366_1914690471953188_8371755854000553984_o.jpg 712w, https:\/\/psonizgierz.pl\/wp-content\/uploads\/2020\/04\/42556366_1914690471953188_8371755854000553984_o-223x300.jpg 223w\" sizes=\"auto, (max-width: 274px) 100vw, 274px\" \/><\/figure>\n<\/div>\n\n\n<p><\/p>\n\n\n\n<p>O\u015brodek Wczesnej Interwencji dzia\u0142a od 01.09.1991 r. i obejmuje opiek\u0105 dzieci od urodzenia do 18 r.\u017c. z szerokim spektrum trudno\u015bci i zaburze\u0144 rozwojowych (m.in. z niepe\u0142nosprawno\u015bci\u0105 intelektualn\u0105, wadami genetycznymi, zaburzeniami ze spektrum autyzmu, zaburzeniami zachowania i emocji czy z niepe\u0142nosprawno\u015bci\u0105 sprz\u0119\u017con\u0105) oraz udziela wsparcia ich rodzinom.<\/p>\n\n\n\n<p>O\u015brodek udziela pomocy w zakresie diagnozy, terapii, wsparcia dziecka i rodziny poprzez:<\/p>\n\n\n\n<p>1) Ustalanie wielospecjalistycznej diagnozy dzieci z zaburzeniami rozwoju w zakresie:<\/p>\n\n\n\n<p>\u2013 medycznym: psychiatrii dzieci\u0119cej, genetyki i rehabilitacji medycznej;<\/p>\n\n\n\n<p>\u2013 psychologii i psychoterapii, pedagogiki, logopedii;<\/p>\n\n\n\n<p>\u2013 rehabilitacji ruchowej.<\/p>\n\n\n\n<p>2) Opracowywanie szczeg\u00f3\u0142owego, wielospecjalistycznego programu post\u0119powania terapeutycznego:<\/p>\n\n\n\n<p>\u2013 konsultacji i porad medycznych;<\/p>\n\n\n\n<p>\u2013 zaj\u0119\u0107 terapeutycznych i rehabilitacyjnych w zakresie rehabilitacji ruchowej, logopedii, terapii psychologiczno-pedagogicznej;<\/p>\n\n\n\n<p>\u2013 pomocy rodzinie ma\u0142ego dziecka z niepe\u0142nosprawno\u015bci\u0105: poradnictwo i terapia rodzin.<\/p>\n\n\n\n<p>Szczeg\u00f3\u0142owy program post\u0119powania w ka\u017cdej sferze rozwoju opracowywany jest po konsultacjach przez zesp\u00f3\u0142 specjalist\u00f3w zatrudnionych w OWI.<\/p>\n\n\n\n<p>O\u015brodek realizuje:<\/p>\n\n\n\n<div style=\"height:60px\" aria-hidden=\"true\" class=\"wp-block-spacer\"><\/div>\n\n\n<div class=\"wp-block-image is-style-default\">\n<figure class=\"alignleft size-large is-resized\"><img loading=\"lazy\" decoding=\"async\" src=\"https:\/\/psonizgierz.pl\/wp-content\/uploads\/2018\/12\/nfz_logo_02oX6D62aapFTLo7bXW5mZ-2.jpg\" alt=\"Logo Narodowy Fundusz Zdrowia\" class=\"wp-image-688\" width=\"143\" height=\"77\" title=\"Logotyp\" srcset=\"https:\/\/psonizgierz.pl\/wp-content\/uploads\/2018\/12\/nfz_logo_02oX6D62aapFTLo7bXW5mZ-2.jpg 960w, https:\/\/psonizgierz.pl\/wp-content\/uploads\/2018\/12\/nfz_logo_02oX6D62aapFTLo7bXW5mZ-2-300x160.jpg 300w, https:\/\/psonizgierz.pl\/wp-content\/uploads\/2018\/12\/nfz_logo_02oX6D62aapFTLo7bXW5mZ-2-768x410.jpg 768w\" sizes=\"auto, (max-width: 143px) 100vw, 143px\" \/><\/figure>\n<\/div>\n\n\n<p>Kontrakt zawarty na podstawie umowy z <strong>\u0141\u00f3dzkim Oddzia\u0142em Wojew\u00f3dzkim Narodowego Funduszu Zdrowia <\/strong>na prowadzenie<mark style=\"background-color:rgba(0, 0, 0, 0)\" class=\"has-inline-color has-vivid-cyan-blue-color\"><a href=\"https:\/\/psonizgierz.pl\/placowki\/\"> <strong>Centrum Zdrowia Psychicznego dla Dzieci i M\u0142odzie\u017cy \u2013 poradnia zdrowia psychicznego \u2013 II poziom referencyjny<\/strong><\/a> <\/mark>oraz <mark style=\"background-color:rgba(0, 0, 0, 0)\" class=\"has-inline-color has-vivid-cyan-blue-color\"><a href=\"https:\/\/psonizgierz.pl\/poradnia-logopedyczna-nfz\/\"><strong>Poradni Logopedycznej.<\/strong><\/a><\/mark><\/p>\n\n\n\n<hr class=\"wp-block-separator has-alpha-channel-opacity\"\/>\n\n\n<div class=\"wp-block-image\">\n<figure class=\"alignleft size-large is-resized\"><img loading=\"lazy\" decoding=\"async\" src=\"https:\/\/psonizgierz.pl\/wp-content\/uploads\/2018\/12\/PFRON_wersja_podstawowa_RGB-01-1024x541.jpg\" alt=\"Logo Pa\u0144stwowy Fundusz rehabilitacji Os\u00f3b  Niepe\u0142nosprawnych\" class=\"wp-image-254\" width=\"234\" height=\"123\" title=\"logotyp\" srcset=\"https:\/\/psonizgierz.pl\/wp-content\/uploads\/2018\/12\/PFRON_wersja_podstawowa_RGB-01-1024x541.jpg 1024w, https:\/\/psonizgierz.pl\/wp-content\/uploads\/2018\/12\/PFRON_wersja_podstawowa_RGB-01-300x159.jpg 300w, https:\/\/psonizgierz.pl\/wp-content\/uploads\/2018\/12\/PFRON_wersja_podstawowa_RGB-01-768x406.jpg 768w\" sizes=\"auto, (max-width: 234px) 100vw, 234px\" \/><\/figure>\n<\/div>\n\n\n<p><strong>OWI realizuje tak\u017ce projekt PFRON pt.<\/strong> <mark style=\"background-color:rgba(0, 0, 0, 0)\" class=\"has-inline-color has-vivid-cyan-blue-color\"><a href=\"https:\/\/psonizgierz.pl\/program-pfron\/\"><strong>Wieloprofilowa rehabilitacja dzieci z zaburzeniami rozwojowymi (O\u015brodek Wczesnej Interwencji).<\/strong><\/a><\/mark><br>Koordynator Programu PFRON: mgr Martyna Banasiak &#8211; Bini\u0119da<br>nr tel. 790 214 772 ; e-mail: owizgierz@o2.pl<br>Aktualny projekt zosta\u0142 zawarty na okres 01.04.2025 &#8211; 31.03.2028 r. Udzia\u0142 w nim mog\u0105 wzi\u0105\u0107 dzieci do 7 roku \u017cycia z terenu wojew\u00f3dztwa \u0142\u00f3dzkiego posiadaj\u0105ce<strong> aktualne orzeczenia o niepe\u0142nosprawno\u015bci.<\/strong><\/p>\n\n\n\n<hr class=\"wp-block-separator has-alpha-channel-opacity\"\/>\n\n\n\n<div class=\"wp-block-group\"><div class=\"wp-block-group__inner-container is-layout-flow wp-block-group-is-layout-flow\">\n<div class=\"wp-block-group\"><div class=\"wp-block-group__inner-container is-layout-flow wp-block-group-is-layout-flow\">\n<p>W O\u015brodku realizowane jest zadanie <strong>wsp\u00f3\u0142finansowane z bud\u017cetu Samorz\u0105du Wojew\u00f3dztwa \u0141\u00f3dzkiego <mark style=\"background-color:rgba(0, 0, 0, 0)\" class=\"has-inline-color has-vivid-cyan-blue-color\"><a href=\"https:\/\/psonizgierz.pl\/wp-content\/uploads\/2025\/05\/akcja-rehabilitacja-plakat-2025.pdf\">\u201eAkcja \u2013 rehabilitacja 5 \u2013 usprawnienie ruchowe dzieci w wieku 0-16 lat. \u201d<\/a><\/mark><\/strong>Zadanie zawarte jest na okres<strong> 02.05.2025-31.12.2025.<\/strong><\/p>\n\n\n\n<div class=\"wp-block-columns is-layout-flex wp-container-core-columns-is-layout-9d6595d7 wp-block-columns-is-layout-flex\">\n<div class=\"wp-block-column is-layout-flow wp-block-column-is-layout-flow\">\n<figure class=\"wp-block-image size-large is-resized\"><img loading=\"lazy\" decoding=\"async\" src=\"https:\/\/psonizgierz.pl\/wp-content\/uploads\/2023\/11\/LOGORCPS-4-1024x470.jpg\" alt=\"\" width=\"311\" height=\"143\"\/><\/figure>\n<\/div>\n\n\n\n<div class=\"wp-block-column is-layout-flow wp-block-column-is-layout-flow\">\n<figure class=\"wp-block-image size-large\"><img loading=\"lazy\" decoding=\"async\" width=\"1024\" height=\"436\" src=\"https:\/\/psonizgierz.pl\/wp-content\/uploads\/2025\/05\/Lodzkie-dotuje_logo_kolor-2-1024x436.jpg\" alt=\"\" class=\"wp-image-5117\" srcset=\"https:\/\/psonizgierz.pl\/wp-content\/uploads\/2025\/05\/Lodzkie-dotuje_logo_kolor-2-1024x436.jpg 1024w, https:\/\/psonizgierz.pl\/wp-content\/uploads\/2025\/05\/Lodzkie-dotuje_logo_kolor-2-300x128.jpg 300w, https:\/\/psonizgierz.pl\/wp-content\/uploads\/2025\/05\/Lodzkie-dotuje_logo_kolor-2-768x327.jpg 768w, https:\/\/psonizgierz.pl\/wp-content\/uploads\/2025\/05\/Lodzkie-dotuje_logo_kolor-2-1536x654.jpg 1536w, https:\/\/psonizgierz.pl\/wp-content\/uploads\/2025\/05\/Lodzkie-dotuje_logo_kolor-2-2048x872.jpg 2048w\" sizes=\"auto, (max-width: 1024px) 100vw, 1024px\" \/><\/figure>\n<\/div>\n\n\n\n<div class=\"wp-block-column is-layout-flow wp-block-column-is-layout-flow\"><\/div>\n<\/div>\n\n\n\n<hr class=\"wp-block-separator has-alpha-channel-opacity\"\/>\n\n\n\n<p>Kolejnym projektem w 2025 roku jest projekt pt.<a href=\"https:\/\/psonizgierz.pl\/wp-content\/uploads\/2025\/05\/bycie-razem-plakat.pdf\"><strong> <\/strong><\/a><strong><a href=\"https:\/\/psonizgierz.pl\/wp-content\/uploads\/2025\/05\/bycie_razem.pdf\">Bycie razem: Rodzina \u2013 Dziecko \u2013 Spo\u0142ecze\u0144stwo \u2013 zintegrowane wsparcie rodziny w rozwoju i w\u0142\u0105czeniu spo\u0142ecznym<\/a><\/strong><a href=\"https:\/\/psonizgierz.pl\/wp-content\/uploads\/2025\/05\/bycie-razem-plakat.pdf\"><strong>.<\/strong> <\/a>Zadanie jest wsp\u00f3\u0142finansowane z bud\u017cetu Samorz\u0105du Wojew\u00f3dztwa \u0141\u00f3dzkiego, nr umowy 6\/D\/RODZ\/2025, zawarta na okres: 15.04.2025-31.12.2025. <\/p>\n\n\n\n<p>Celem projektu jest realizacja dzia\u0142a\u0144 o charakterze profilaktycznym, informacyjnym i wspieraj\u0105cym na rzecz rodzin, dzieci i m\u0142odzie\u017cy. Projekt skierowany jest dla rodzin, dzieci w wieku 0-3 lat oraz dla rodzin spodziewaj\u0105cych si\u0119 dziecka.<\/p>\n\n\n\n<div class=\"wp-block-columns is-layout-flex wp-container-core-columns-is-layout-9d6595d7 wp-block-columns-is-layout-flex\">\n<div class=\"wp-block-column is-layout-flow wp-block-column-is-layout-flow\">\n<figure class=\"wp-block-image size-large is-resized\"><img loading=\"lazy\" decoding=\"async\" src=\"https:\/\/psonizgierz.pl\/wp-content\/uploads\/2023\/11\/LOGORCPS-4-1024x470.jpg\" alt=\"\" class=\"wp-image-4634\" width=\"309\" height=\"140\"\/><\/figure>\n<\/div>\n\n\n\n<div class=\"wp-block-column is-layout-flow wp-block-column-is-layout-flow\">\n<figure class=\"wp-block-image size-large\"><img loading=\"lazy\" decoding=\"async\" width=\"1024\" height=\"436\" src=\"https:\/\/psonizgierz.pl\/wp-content\/uploads\/2025\/05\/Lodzkie-dotuje_logo_kolor-1-1024x436.jpg\" alt=\"\" class=\"wp-image-5116\" srcset=\"https:\/\/psonizgierz.pl\/wp-content\/uploads\/2025\/05\/Lodzkie-dotuje_logo_kolor-1-1024x436.jpg 1024w, https:\/\/psonizgierz.pl\/wp-content\/uploads\/2025\/05\/Lodzkie-dotuje_logo_kolor-1-300x128.jpg 300w, https:\/\/psonizgierz.pl\/wp-content\/uploads\/2025\/05\/Lodzkie-dotuje_logo_kolor-1-768x327.jpg 768w, https:\/\/psonizgierz.pl\/wp-content\/uploads\/2025\/05\/Lodzkie-dotuje_logo_kolor-1-1536x654.jpg 1536w, https:\/\/psonizgierz.pl\/wp-content\/uploads\/2025\/05\/Lodzkie-dotuje_logo_kolor-1-2048x872.jpg 2048w\" sizes=\"auto, (max-width: 1024px) 100vw, 1024px\" \/><\/figure>\n<\/div>\n\n\n\n<div class=\"wp-block-column is-layout-flow wp-block-column-is-layout-flow\"><\/div>\n<\/div>\n\n\n\n<p><strong><a href=\"https:\/\/psonizgierz.pl\/placowki\/\">CENTRUM ZDROWIA PSYCHICZNEGO DLA DZIECI I M\u0141ODZIE\u017bY \u2013 poradnia zdrowia psychicznego \u2013 II poziom referencyjny<\/a><\/strong><\/p>\n\n\n\n<p><a rel=\"noreferrer noopener\" href=\"https:\/\/psonizgierz.pl\/poradnia-logopedyczna-nfz\/\" target=\"_blank\"><strong>PORADNIA LOGOPEDYCZNA<\/strong><\/a><\/p>\n\n\n\n<p><strong><a rel=\"noreferrer noopener\" href=\"https:\/\/psonizgierz.pl\/program-pfron\/\" target=\"_blank\">PROGRAM PFRON<\/a><\/strong><\/p>\n\n\n\n<p><a href=\"https:\/\/psonizgierz.pl\/wp-content\/uploads\/2024\/08\/Akcja-rehabilitacja-4.pdf\"><strong>AKCJA REHABILITACJA<\/strong><\/a><\/p>\n\n\n\n<p><strong><a href=\"https:\/\/psonizgierz.pl\/nasz-zespol\/\" data-type=\"URL\" data-id=\"https:\/\/psonizgierz.pl\/nasz-zespol\/\" target=\"_blank\" rel=\"noreferrer noopener\">NASZ ZESP\u00d3\u0141<\/a><\/strong><\/p>\n\n\n\n<p><a href=\"https:\/\/psonizgierz.pl\/?page_id=4985\"><strong>MATERIA\u0141Y DO POBRANIA<\/strong><\/a><\/p>\n\n\n\n<p><strong><a href=\"https:\/\/psonizgierz.pl\/koronawirus-informacje-i-zalecenia\/\" target=\"_blank\" rel=\"noreferrer noopener\">INFORMACJE<\/a><\/strong><\/p>\n<\/div><\/div>\n<\/div><\/div>\n\n\n\n<p><\/p>\n\n\n\n<figure class=\"wp-block-gallery has-nested-images columns-default is-cropped wp-block-gallery-1 is-layout-flex wp-block-gallery-is-layout-flex\">\n<figure class=\"wp-block-image size-large\"><img loading=\"lazy\" decoding=\"async\" width=\"1024\" height=\"584\" data-id=\"421\" src=\"https:\/\/psonizgierz.pl\/wp-content\/uploads\/2018\/12\/zdj2-1-1024x584.jpg\" alt=\"\" class=\"wp-image-421\" srcset=\"https:\/\/psonizgierz.pl\/wp-content\/uploads\/2018\/12\/zdj2-1.jpg 1024w, https:\/\/psonizgierz.pl\/wp-content\/uploads\/2018\/12\/zdj2-1-300x171.jpg 300w, https:\/\/psonizgierz.pl\/wp-content\/uploads\/2018\/12\/zdj2-1-768x438.jpg 768w\" sizes=\"auto, (max-width: 1024px) 100vw, 1024px\" \/><\/figure>\n\n\n\n<figure class=\"wp-block-image size-large\"><img loading=\"lazy\" decoding=\"async\" width=\"1024\" height=\"683\" data-id=\"446\" src=\"https:\/\/psonizgierz.pl\/wp-content\/uploads\/2018\/12\/IMG_5571-1024x683.jpg\" alt=\"\" class=\"wp-image-446\" srcset=\"https:\/\/psonizgierz.pl\/wp-content\/uploads\/2018\/12\/IMG_5571-1024x683.jpg 1024w, https:\/\/psonizgierz.pl\/wp-content\/uploads\/2018\/12\/IMG_5571-300x200.jpg 300w, https:\/\/psonizgierz.pl\/wp-content\/uploads\/2018\/12\/IMG_5571-768x512.jpg 768w\" sizes=\"auto, (max-width: 1024px) 100vw, 1024px\" \/><\/figure>\n\n\n\n<figure class=\"wp-block-image size-large\"><img loading=\"lazy\" decoding=\"async\" width=\"633\" height=\"423\" data-id=\"440\" src=\"https:\/\/psonizgierz.pl\/wp-content\/uploads\/2018\/12\/obraz.png\" alt=\"\" class=\"wp-image-440\" srcset=\"https:\/\/psonizgierz.pl\/wp-content\/uploads\/2018\/12\/obraz.png 633w, https:\/\/psonizgierz.pl\/wp-content\/uploads\/2018\/12\/obraz-300x200.png 300w\" sizes=\"auto, (max-width: 633px) 100vw, 633px\" \/><\/figure>\n\n\n\n<figure class=\"wp-block-image size-large\"><img loading=\"lazy\" decoding=\"async\" width=\"720\" height=\"960\" data-id=\"2433\" src=\"https:\/\/psonizgierz.pl\/wp-content\/uploads\/2020\/04\/79694557_2656894827732745_1435656143685812224_o.jpg\" alt=\"\" class=\"wp-image-2433\" srcset=\"https:\/\/psonizgierz.pl\/wp-content\/uploads\/2020\/04\/79694557_2656894827732745_1435656143685812224_o.jpg 720w, https:\/\/psonizgierz.pl\/wp-content\/uploads\/2020\/04\/79694557_2656894827732745_1435656143685812224_o-225x300.jpg 225w\" sizes=\"auto, (max-width: 720px) 100vw, 720px\" \/><\/figure>\n\n\n\n<figure class=\"wp-block-image size-large\"><img loading=\"lazy\" decoding=\"async\" width=\"720\" height=\"960\" data-id=\"2435\" src=\"https:\/\/psonizgierz.pl\/wp-content\/uploads\/2020\/04\/80202023_2656894917732736_7046977185868939264_o.jpg\" alt=\"\" class=\"wp-image-2435\" srcset=\"https:\/\/psonizgierz.pl\/wp-content\/uploads\/2020\/04\/80202023_2656894917732736_7046977185868939264_o.jpg 720w, https:\/\/psonizgierz.pl\/wp-content\/uploads\/2020\/04\/80202023_2656894917732736_7046977185868939264_o-225x300.jpg 225w\" sizes=\"auto, (max-width: 720px) 100vw, 720px\" \/><\/figure>\n\n\n\n<figure class=\"wp-block-image size-large\"><img loading=\"lazy\" decoding=\"async\" width=\"635\" height=\"960\" data-id=\"2440\" src=\"https:\/\/psonizgierz.pl\/wp-content\/uploads\/2020\/04\/62163809_2296450653777166_1135013715775586304_o.jpg\" alt=\"\" class=\"wp-image-2440\" srcset=\"https:\/\/psonizgierz.pl\/wp-content\/uploads\/2020\/04\/62163809_2296450653777166_1135013715775586304_o.jpg 635w, https:\/\/psonizgierz.pl\/wp-content\/uploads\/2020\/04\/62163809_2296450653777166_1135013715775586304_o-198x300.jpg 198w\" sizes=\"auto, (max-width: 635px) 100vw, 635px\" \/><\/figure>\n\n\n\n<figure class=\"wp-block-image size-large\"><img loading=\"lazy\" decoding=\"async\" width=\"480\" height=\"360\" data-id=\"3246\" src=\"https:\/\/psonizgierz.pl\/wp-content\/uploads\/2020\/12\/131973327_3618263258262559_1637071214068267685_n.jpg\" alt=\"\" class=\"wp-image-3246\" srcset=\"https:\/\/psonizgierz.pl\/wp-content\/uploads\/2020\/12\/131973327_3618263258262559_1637071214068267685_n.jpg 480w, https:\/\/psonizgierz.pl\/wp-content\/uploads\/2020\/12\/131973327_3618263258262559_1637071214068267685_n-300x225.jpg 300w\" sizes=\"auto, (max-width: 480px) 100vw, 480px\" \/><\/figure>\n\n\n\n<figure class=\"wp-block-image size-large\"><img loading=\"lazy\" decoding=\"async\" width=\"1024\" height=\"769\" data-id=\"3248\" src=\"https:\/\/psonizgierz.pl\/wp-content\/uploads\/2020\/12\/131896251_3618264214929130_423994729713874849_o-1024x769.jpg\" alt=\"\" class=\"wp-image-3248\" srcset=\"https:\/\/psonizgierz.pl\/wp-content\/uploads\/2020\/12\/131896251_3618264214929130_423994729713874849_o-1024x769.jpg 1024w, https:\/\/psonizgierz.pl\/wp-content\/uploads\/2020\/12\/131896251_3618264214929130_423994729713874849_o-300x225.jpg 300w, https:\/\/psonizgierz.pl\/wp-content\/uploads\/2020\/12\/131896251_3618264214929130_423994729713874849_o-768x576.jpg 768w, https:\/\/psonizgierz.pl\/wp-content\/uploads\/2020\/12\/131896251_3618264214929130_423994729713874849_o-1536x1153.jpg 1536w, https:\/\/psonizgierz.pl\/wp-content\/uploads\/2020\/12\/131896251_3618264214929130_423994729713874849_o.jpg 2048w\" sizes=\"auto, (max-width: 1024px) 100vw, 1024px\" \/><\/figure>\n\n\n\n<figure class=\"wp-block-image size-large\"><img loading=\"lazy\" decoding=\"async\" width=\"1024\" height=\"769\" data-id=\"3244\" src=\"https:\/\/psonizgierz.pl\/wp-content\/uploads\/2020\/12\/131954731_3618263298262555_8666521443033490946_o-1024x769.jpg\" alt=\"\" class=\"wp-image-3244\" srcset=\"https:\/\/psonizgierz.pl\/wp-content\/uploads\/2020\/12\/131954731_3618263298262555_8666521443033490946_o-1024x769.jpg 1024w, https:\/\/psonizgierz.pl\/wp-content\/uploads\/2020\/12\/131954731_3618263298262555_8666521443033490946_o-300x225.jpg 300w, https:\/\/psonizgierz.pl\/wp-content\/uploads\/2020\/12\/131954731_3618263298262555_8666521443033490946_o-768x577.jpg 768w, https:\/\/psonizgierz.pl\/wp-content\/uploads\/2020\/12\/131954731_3618263298262555_8666521443033490946_o-1536x1154.jpg 1536w, https:\/\/psonizgierz.pl\/wp-content\/uploads\/2020\/12\/131954731_3618263298262555_8666521443033490946_o.jpg 2048w\" sizes=\"auto, (max-width: 1024px) 100vw, 1024px\" \/><\/figure>\n\n\n\n<figure class=\"wp-block-image size-large\"><img loading=\"lazy\" decoding=\"async\" width=\"1024\" height=\"769\" data-id=\"3245\" src=\"https:\/\/psonizgierz.pl\/wp-content\/uploads\/2020\/12\/131962090_3618264444929107_2504249207456506391_o-1024x769.jpg\" alt=\"\" class=\"wp-image-3245\" srcset=\"https:\/\/psonizgierz.pl\/wp-content\/uploads\/2020\/12\/131962090_3618264444929107_2504249207456506391_o-1024x769.jpg 1024w, https:\/\/psonizgierz.pl\/wp-content\/uploads\/2020\/12\/131962090_3618264444929107_2504249207456506391_o-300x225.jpg 300w, https:\/\/psonizgierz.pl\/wp-content\/uploads\/2020\/12\/131962090_3618264444929107_2504249207456506391_o-768x576.jpg 768w, https:\/\/psonizgierz.pl\/wp-content\/uploads\/2020\/12\/131962090_3618264444929107_2504249207456506391_o-1536x1153.jpg 1536w, https:\/\/psonizgierz.pl\/wp-content\/uploads\/2020\/12\/131962090_3618264444929107_2504249207456506391_o.jpg 2048w\" sizes=\"auto, (max-width: 1024px) 100vw, 1024px\" \/><\/figure>\n\n\n\n<figure class=\"wp-block-image size-large\"><img loading=\"lazy\" decoding=\"async\" width=\"1024\" height=\"769\" data-id=\"3251\" src=\"https:\/\/psonizgierz.pl\/wp-content\/uploads\/2020\/12\/131935106_3618264231595795_6715055006880198353_o-1024x769.jpg\" alt=\"\" class=\"wp-image-3251\" srcset=\"https:\/\/psonizgierz.pl\/wp-content\/uploads\/2020\/12\/131935106_3618264231595795_6715055006880198353_o-1024x769.jpg 1024w, https:\/\/psonizgierz.pl\/wp-content\/uploads\/2020\/12\/131935106_3618264231595795_6715055006880198353_o-300x225.jpg 300w, https:\/\/psonizgierz.pl\/wp-content\/uploads\/2020\/12\/131935106_3618264231595795_6715055006880198353_o-768x576.jpg 768w, https:\/\/psonizgierz.pl\/wp-content\/uploads\/2020\/12\/131935106_3618264231595795_6715055006880198353_o-1536x1153.jpg 1536w, https:\/\/psonizgierz.pl\/wp-content\/uploads\/2020\/12\/131935106_3618264231595795_6715055006880198353_o.jpg 2048w\" sizes=\"auto, (max-width: 1024px) 100vw, 1024px\" \/><\/figure>\n\n\n\n<figure class=\"wp-block-image size-large\"><img loading=\"lazy\" decoding=\"async\" width=\"768\" height=\"1024\" data-id=\"3254\" src=\"https:\/\/psonizgierz.pl\/wp-content\/uploads\/2020\/12\/IMG_20201217_181324-768x1024.jpg\" alt=\"\" class=\"wp-image-3254\" srcset=\"https:\/\/psonizgierz.pl\/wp-content\/uploads\/2020\/12\/IMG_20201217_181324-768x1024.jpg 768w, https:\/\/psonizgierz.pl\/wp-content\/uploads\/2020\/12\/IMG_20201217_181324-225x300.jpg 225w, https:\/\/psonizgierz.pl\/wp-content\/uploads\/2020\/12\/IMG_20201217_181324-1152x1536.jpg 1152w, https:\/\/psonizgierz.pl\/wp-content\/uploads\/2020\/12\/IMG_20201217_181324-1536x2048.jpg 1536w, https:\/\/psonizgierz.pl\/wp-content\/uploads\/2020\/12\/IMG_20201217_181324-scaled.jpg 1920w\" sizes=\"auto, (max-width: 768px) 100vw, 768px\" \/><\/figure>\n<\/figure>\n","protected":false},"excerpt":{"rendered":"<p>Kontakt:95-100 Zgierz, ul. D\u0142uga 62, I pi\u0119tro nr tel. 42 717 47 11, 790 214&nbsp;773 95-100 Zgierz, ul. Ga\u0142czy\u0144skiego 40, I pi\u0119tro (domofon: nr 3) nr tel. 790&nbsp;214 785 Rejestracja:czynna poniedzia\u0142ki-wtorki i czwartki-pi\u0105tki w godz. 8:00-20:00, w \u015brody 8:00-19:00e-mail: owi.pomoc@gmail.comPo wys\u0142aniu pro\u015bby skontaktuje si\u0119 z pa\u0144stwem konkretny terapeuta, w tytule wiadomo\u015bci prosimy poda\u0107 spraw\u0119 lub [&hellip;]<\/p>\n","protected":false},"author":3,"featured_media":0,"parent":0,"menu_order":0,"comment_status":"closed","ping_status":"closed","template":"full-width.php","meta":{"footnotes":""},"class_list":["post-419","page","type-page","status-publish","hentry"],"_links":{"self":[{"href":"https:\/\/psonizgierz.pl\/index.php?rest_route=\/wp\/v2\/pages\/419","targetHints":{"allow":["GET"]}}],"collection":[{"href":"https:\/\/psonizgierz.pl\/index.php?rest_route=\/wp\/v2\/pages"}],"about":[{"href":"https:\/\/psonizgierz.pl\/index.php?rest_route=\/wp\/v2\/types\/page"}],"author":[{"embeddable":true,"href":"https:\/\/psonizgierz.pl\/index.php?rest_route=\/wp\/v2\/users\/3"}],"replies":[{"embeddable":true,"href":"https:\/\/psonizgierz.pl\/index.php?rest_route=%2Fwp%2Fv2%2Fcomments&post=419"}],"version-history":[{"count":133,"href":"https:\/\/psonizgierz.pl\/index.php?rest_route=\/wp\/v2\/pages\/419\/revisions"}],"predecessor-version":[{"id":5122,"href":"https:\/\/psonizgierz.pl\/index.php?rest_route=\/wp\/v2\/pages\/419\/revisions\/5122"}],"wp:attachment":[{"href":"https:\/\/psonizgierz.pl\/index.php?rest_route=%2Fwp%2Fv2%2Fmedia&parent=419"}],"curies":[{"name":"wp","href":"https:\/\/api.w.org\/{rel}","templated":true}]}}