{"id":4419,"date":"2023-03-26T22:57:22","date_gmt":"2023-03-26T20:57:22","guid":{"rendered":"http:\/\/psonizgierz.pl\/?page_id=4419"},"modified":"2023-05-18T12:38:53","modified_gmt":"2023-05-18T10:38:53","slug":"oferta-1-wtz-23","status":"publish","type":"page","link":"https:\/\/psonizgierz.pl\/?page_id=4419","title":{"rendered":"Oferta 1\/WTZ\/23"},"content":{"rendered":"\n<p><a href=\"https:\/\/psonizgierz.pl\/wp-content\/uploads\/2023\/05\/IMG.pdf\">Wynik post\u0119powania<\/a><\/p>\n\n\n\n<p><a href=\"https:\/\/psonizgierz.pl\/wp-content\/uploads\/2023\/03\/ZAPYTANIE-OFERTOWE-1.2023.ZO_.WTZ_.PSONI_.pdf\">Zaspytanie ofertowe nr 1\/2023\/ZO\/WTZ\/PSONI<\/a><\/p>\n\n\n\n<p><a href=\"https:\/\/psonizgierz.pl\/wp-content\/uploads\/2023\/03\/Zalacznik-nr-1.-Opis-funkcjonalny-i-zakres-prac-przedmiotu-zamowienia-_20.03.2023.pdf\">Za\u0142\u0105cznik nr 1. Opis funkcjonalny i zakres prac przedmiotu zam\u00f3wienia<\/a><br><a href=\"https:\/\/psonizgierz.pl\/wp-content\/uploads\/2023\/03\/Zalacznik-nr-2.-Zakres-robot-budowlanych-i-wykonczeniowych-\u2013-obmiar-prac.pdf\">Za\u0142\u0105cznik nr 2. Zakres rob\u00f3t budowlanych i wyko\u0144czeniowych \u2013 obmiar prac<\/a><br><a href=\"https:\/\/psonizgierz.pl\/wp-content\/uploads\/2023\/03\/Zalacznik-nr-3.-Plan-pomieszczen-Warsztatu-Terapii-Zajeciowej.pdf\">Za\u0142\u0105cznik nr 3. Plan pomieszcze\u0144 Warsztatu Terapii Zaj\u0119ciowej<\/a><br><a href=\"https:\/\/psonizgierz.pl\/wp-content\/uploads\/2023\/03\/Zalacznik-nr-4.-Formularz-oferty.pdf\">Za\u0142\u0105cznik nr 4. Formularz oferty<\/a><br><a href=\"https:\/\/psonizgierz.pl\/wp-content\/uploads\/2023\/03\/Zalacznik-nr-5.-Wykaz-robot-uslug-swiadczonych-przez-wykonawce-w-okresie-ostatnich-5-lat.pdf\">Za\u0142\u0105cznik nr 5. Wykaz rob\u00f3t\/us\u0142ug \u015bwiadczonych przez wykonawc\u0119 w okresie ostatnich 5 lat<\/a><br><a href=\"https:\/\/psonizgierz.pl\/wp-content\/uploads\/2023\/03\/Zalacznik-nr-6.-Oswiadczenia-o-braku-powiazan-kapitalowych-lub-osobowych.pdf\">Za\u0142\u0105cznik nr 6. O\u015bwiadczenia o braku powi\u0105za\u0144 kapita\u0142owych lub osobowych<\/a><br><a href=\"https:\/\/psonizgierz.pl\/wp-content\/uploads\/2023\/03\/Zalacznik-nr-7.-Oswiadczenie-o-spelnieniu-warunkow-udzialu-w-postepowaniu.pdf\">Za\u0142\u0105cznik nr 7. O\u015bwiadczenie o spe\u0142nieniu warunk\u00f3w udzia\u0142u w post\u0119powaniu<\/a><br><a href=\"https:\/\/psonizgierz.pl\/wp-content\/uploads\/2023\/03\/Zalacznik-nr-8.-Wzor-Umowy.pdf\">Za\u0142\u0105cznik nr 8. Wz\u00f3r umowy<\/a><br><a href=\"https:\/\/psonizgierz.pl\/wp-content\/uploads\/2023\/03\/Zalacznik-nr-9.-Oswiadczenie-o-dostarczeniu-wymaganych-dokumentow-po-odbiorze.pdf\">Za\u0142\u0105cznik nr 9. O\u015bwiadczenie o dostarczeniu wymaganych dokument\u00f3w po odbiorze<\/a><\/p>\n\n\n\n<p><\/p>\n\n\n\n<p><\/p>\n","protected":false},"excerpt":{"rendered":"<p>Wynik post\u0119powania Zaspytanie ofertowe nr 1\/2023\/ZO\/WTZ\/PSONI Za\u0142\u0105cznik nr 1. Opis funkcjonalny i zakres prac przedmiotu zam\u00f3wieniaZa\u0142\u0105cznik nr 2. Zakres rob\u00f3t budowlanych i wyko\u0144czeniowych \u2013 obmiar pracZa\u0142\u0105cznik nr 3. Plan pomieszcze\u0144 Warsztatu Terapii Zaj\u0119ciowejZa\u0142\u0105cznik nr 4. Formularz ofertyZa\u0142\u0105cznik nr 5. Wykaz rob\u00f3t\/us\u0142ug \u015bwiadczonych przez wykonawc\u0119 w okresie ostatnich 5 latZa\u0142\u0105cznik nr 6. O\u015bwiadczenia o braku powi\u0105za\u0144 [&hellip;]<\/p>\n","protected":false},"author":2,"featured_media":0,"parent":0,"menu_order":0,"comment_status":"closed","ping_status":"closed","template":"","meta":{"footnotes":""},"class_list":["post-4419","page","type-page","status-publish","hentry"],"_links":{"self":[{"href":"https:\/\/psonizgierz.pl\/index.php?rest_route=\/wp\/v2\/pages\/4419","targetHints":{"allow":["GET"]}}],"collection":[{"href":"https:\/\/psonizgierz.pl\/index.php?rest_route=\/wp\/v2\/pages"}],"about":[{"href":"https:\/\/psonizgierz.pl\/index.php?rest_route=\/wp\/v2\/types\/page"}],"author":[{"embeddable":true,"href":"https:\/\/psonizgierz.pl\/index.php?rest_route=\/wp\/v2\/users\/2"}],"replies":[{"embeddable":true,"href":"https:\/\/psonizgierz.pl\/index.php?rest_route=%2Fwp%2Fv2%2Fcomments&post=4419"}],"version-history":[{"count":23,"href":"https:\/\/psonizgierz.pl\/index.php?rest_route=\/wp\/v2\/pages\/4419\/revisions"}],"predecessor-version":[{"id":4474,"href":"https:\/\/psonizgierz.pl\/index.php?rest_route=\/wp\/v2\/pages\/4419\/revisions\/4474"}],"wp:attachment":[{"href":"https:\/\/psonizgierz.pl\/index.php?rest_route=%2Fwp%2Fv2%2Fmedia&parent=4419"}],"curies":[{"name":"wp","href":"https:\/\/api.w.org\/{rel}","templated":true}]}}