{"id":456,"date":"2018-12-10T17:17:49","date_gmt":"2018-12-10T16:17:49","guid":{"rendered":"http:\/\/psonizgierz.pl\/?page_id=456"},"modified":"2024-11-20T20:09:21","modified_gmt":"2024-11-20T19:09:21","slug":"srodowiskowy-dom-samopomocy-sds","status":"publish","type":"page","link":"https:\/\/psonizgierz.pl\/?page_id=456","title":{"rendered":"\u015arodowiskowy Dom Samopomocy (\u015aDS)"},"content":{"rendered":"\n<h3 class=\"wp-block-heading\"><br><strong>95-100 Zgierz, ul. Che\u0142mska 42\/42a tel\/fax. 42 710 10 84<br>Kierownik: Alicja Filipowicz<br>Nr konta <span class=\"has-inline-color has-vivid-cyan-blue-color\">08 8783 0004 0020 5942 2000 0006<\/span><\/strong><br><\/h3>\n\n\n\n<p>\u015arodowiskowy Dom Samopomocy wspiera doros\u0142e osoby z niepe\u0142nosprawno\u015bci\u0105 intelektualn\u0105 oraz osoby wykazuj\u0105ce inne<br>przewlek\u0142e zaburzenia czynno\u015bci psychicznych .<\/p>\n\n\n\n<p>Celem \u015aDS jest zwi\u0119kszenie samodzielno\u015bci i zaradno\u015bci \u017cyciowej os\u00f3b ucz\u0119szczaj\u0105cych oraz ich integracja ze \u015brodowiskiem lokalnym.<br>Kszta\u0142towanie nawyk\u00f3w celowej aktywno\u015bci oraz postaw i zachowa\u0144 akceptowanych przez spo\u0142ecze\u0144stwo, a tak\u017ce rozwijanie umiej\u0119tno\u015bci radzenia sobie i funkcjonowania w \u017cyciu codziennym.<\/p>\n\n\n\n<p>Zaj\u0119cia w \u015aDS prowadzone s\u0105 w formie:<br>&#8211; trening\u00f3w funkcjonowania w codziennym \u017cyciu;<br>&#8211; trening\u00f3w umiej\u0119tno\u015bci interpersonalnych, spo\u0142ecznych i poradnictwa psychologicznego;<br>&#8211; terapii zaj\u0119ciowej i arteterapii;<br>&#8211; zaj\u0119\u0107 w zakresie rehabilitacji ruchowej;<br>&#8211; treningu sp\u0119dzania czasu wolnego;<br>&#8211; dzia\u0142alno\u015bci integracyjno-kulturalnej;<br>&#8211; opieki medycznej i socjalnej.<\/p>\n\n\n\n<p><strong>Warunki przyj\u0119cia:<\/strong><br>Wniosek o skierowanie do \u015aDS sk\u0142ada si\u0119 do o\u015brodka pomocy spo\u0142ecznej w\u0142a\u015bciwego ze wzgl\u0119du na miejsce zamieszkania osoby ubiegaj\u0105cej si\u0119 o skierowanie, z terenu powiatu zgierskiego, do\u0142\u0105czaj\u0105c:<\/p>\n\n\n\n<p>-za\u015bwiadczenie lekarskie wydane przez lekarza psychiatr\u0119 lub neurologa o wyst\u0119puj\u0105cych zaburzeniach psychicznych<br>-za\u015bwiadczenie lekarskie wydane przez lekarza rodzinnego o stanie zdrowia i o braku przeciwwskaza\u0144 do uczestnictwa w zaj\u0119ciach <br>-orzeczenie o stopniu niepe\u0142nosprawno\u015bci\n\n<\/p>\n\n\n\n<figure class=\"wp-block-gallery has-nested-images columns-default is-cropped wp-block-gallery-1 is-layout-flex wp-block-gallery-is-layout-flex\">\n<figure class=\"wp-block-image size-large\"><img loading=\"lazy\" decoding=\"async\" width=\"1024\" height=\"683\" data-id=\"2441\" src=\"https:\/\/psonizgierz.pl\/wp-content\/uploads\/2020\/04\/67152001_2381221211966776_8125524820575125504_o-1024x683.jpg\" alt=\"\" class=\"wp-image-2441\" srcset=\"https:\/\/psonizgierz.pl\/wp-content\/uploads\/2020\/04\/67152001_2381221211966776_8125524820575125504_o-1024x683.jpg 1024w, https:\/\/psonizgierz.pl\/wp-content\/uploads\/2020\/04\/67152001_2381221211966776_8125524820575125504_o-300x200.jpg 300w, https:\/\/psonizgierz.pl\/wp-content\/uploads\/2020\/04\/67152001_2381221211966776_8125524820575125504_o-768x512.jpg 768w, https:\/\/psonizgierz.pl\/wp-content\/uploads\/2020\/04\/67152001_2381221211966776_8125524820575125504_o-1536x1024.jpg 1536w, https:\/\/psonizgierz.pl\/wp-content\/uploads\/2020\/04\/67152001_2381221211966776_8125524820575125504_o.jpg 2048w\" sizes=\"auto, (max-width: 1024px) 100vw, 1024px\" \/><\/figure>\n\n\n\n<figure class=\"wp-block-image size-large\"><img loading=\"lazy\" decoding=\"async\" width=\"1024\" height=\"681\" data-id=\"2438\" src=\"https:\/\/psonizgierz.pl\/wp-content\/uploads\/2020\/04\/87491165_2827476547341238_3466704533961310208_o-1024x681.jpg\" alt=\"\" class=\"wp-image-2438\" srcset=\"https:\/\/psonizgierz.pl\/wp-content\/uploads\/2020\/04\/87491165_2827476547341238_3466704533961310208_o-1024x681.jpg 1024w, https:\/\/psonizgierz.pl\/wp-content\/uploads\/2020\/04\/87491165_2827476547341238_3466704533961310208_o-300x199.jpg 300w, https:\/\/psonizgierz.pl\/wp-content\/uploads\/2020\/04\/87491165_2827476547341238_3466704533961310208_o-768x511.jpg 768w, https:\/\/psonizgierz.pl\/wp-content\/uploads\/2020\/04\/87491165_2827476547341238_3466704533961310208_o-1536x1021.jpg 1536w, https:\/\/psonizgierz.pl\/wp-content\/uploads\/2020\/04\/87491165_2827476547341238_3466704533961310208_o.jpg 1692w\" sizes=\"auto, (max-width: 1024px) 100vw, 1024px\" \/><\/figure>\n\n\n\n<figure class=\"wp-block-image size-large\"><img loading=\"lazy\" decoding=\"async\" width=\"1024\" height=\"681\" data-id=\"1870\" src=\"https:\/\/psonizgierz.pl\/wp-content\/uploads\/2019\/07\/DSC_0280-1024x681.jpg\" alt=\"\" class=\"wp-image-1870\" srcset=\"https:\/\/psonizgierz.pl\/wp-content\/uploads\/2019\/07\/DSC_0280-1024x681.jpg 1024w, https:\/\/psonizgierz.pl\/wp-content\/uploads\/2019\/07\/DSC_0280-300x200.jpg 300w, https:\/\/psonizgierz.pl\/wp-content\/uploads\/2019\/07\/DSC_0280-768x511.jpg 768w, https:\/\/psonizgierz.pl\/wp-content\/uploads\/2019\/07\/DSC_0280.jpg 1200w\" sizes=\"auto, (max-width: 1024px) 100vw, 1024px\" \/><\/figure>\n\n\n\n<figure class=\"wp-block-image size-large\"><img loading=\"lazy\" decoding=\"async\" width=\"960\" height=\"638\" data-id=\"670\" src=\"https:\/\/psonizgierz.pl\/wp-content\/uploads\/2018\/12\/48410984_2021741611248073_906193144033312768_n.jpg\" alt=\"\" class=\"wp-image-670\" srcset=\"https:\/\/psonizgierz.pl\/wp-content\/uploads\/2018\/12\/48410984_2021741611248073_906193144033312768_n.jpg 960w, https:\/\/psonizgierz.pl\/wp-content\/uploads\/2018\/12\/48410984_2021741611248073_906193144033312768_n-300x199.jpg 300w, https:\/\/psonizgierz.pl\/wp-content\/uploads\/2018\/12\/48410984_2021741611248073_906193144033312768_n-768x510.jpg 768w\" sizes=\"auto, (max-width: 960px) 100vw, 960px\" \/><\/figure>\n\n\n\n<figure class=\"wp-block-image size-large\"><img loading=\"lazy\" decoding=\"async\" width=\"1024\" height=\"671\" data-id=\"457\" src=\"https:\/\/psonizgierz.pl\/wp-content\/uploads\/2018\/12\/22528616_1495306667224906_5241378602034681240_o-1024x671.jpg\" alt=\"\" class=\"wp-image-457\" srcset=\"https:\/\/psonizgierz.pl\/wp-content\/uploads\/2018\/12\/22528616_1495306667224906_5241378602034681240_o-1024x671.jpg 1024w, https:\/\/psonizgierz.pl\/wp-content\/uploads\/2018\/12\/22528616_1495306667224906_5241378602034681240_o-300x197.jpg 300w, https:\/\/psonizgierz.pl\/wp-content\/uploads\/2018\/12\/22528616_1495306667224906_5241378602034681240_o-768x503.jpg 768w, https:\/\/psonizgierz.pl\/wp-content\/uploads\/2018\/12\/22528616_1495306667224906_5241378602034681240_o.jpg 2048w\" sizes=\"auto, (max-width: 1024px) 100vw, 1024px\" \/><\/figure>\n\n\n\n<figure class=\"wp-block-image size-large\"><img loading=\"lazy\" decoding=\"async\" width=\"1024\" height=\"681\" data-id=\"476\" src=\"https:\/\/psonizgierz.pl\/wp-content\/uploads\/2018\/12\/23331504_1517948281627411_23632517962937843_o-1-1024x681.jpg\" alt=\"\" class=\"wp-image-476\" srcset=\"https:\/\/psonizgierz.pl\/wp-content\/uploads\/2018\/12\/23331504_1517948281627411_23632517962937843_o-1-1024x681.jpg 1024w, https:\/\/psonizgierz.pl\/wp-content\/uploads\/2018\/12\/23331504_1517948281627411_23632517962937843_o-1-300x199.jpg 300w, https:\/\/psonizgierz.pl\/wp-content\/uploads\/2018\/12\/23331504_1517948281627411_23632517962937843_o-1-768x510.jpg 768w, https:\/\/psonizgierz.pl\/wp-content\/uploads\/2018\/12\/23331504_1517948281627411_23632517962937843_o-1.jpg 2048w\" sizes=\"auto, (max-width: 1024px) 100vw, 1024px\" \/><\/figure>\n\n\n\n<figure class=\"wp-block-image size-large\"><img loading=\"lazy\" decoding=\"async\" width=\"1024\" height=\"578\" data-id=\"2469\" src=\"https:\/\/psonizgierz.pl\/wp-content\/uploads\/2020\/04\/27788357_1624125897676315_4005813200533244706_o-1024x578.jpg\" alt=\"\" class=\"wp-image-2469\" srcset=\"https:\/\/psonizgierz.pl\/wp-content\/uploads\/2020\/04\/27788357_1624125897676315_4005813200533244706_o-1024x578.jpg 1024w, https:\/\/psonizgierz.pl\/wp-content\/uploads\/2020\/04\/27788357_1624125897676315_4005813200533244706_o-300x169.jpg 300w, https:\/\/psonizgierz.pl\/wp-content\/uploads\/2020\/04\/27788357_1624125897676315_4005813200533244706_o-768x433.jpg 768w, https:\/\/psonizgierz.pl\/wp-content\/uploads\/2020\/04\/27788357_1624125897676315_4005813200533244706_o-1536x866.jpg 1536w, https:\/\/psonizgierz.pl\/wp-content\/uploads\/2020\/04\/27788357_1624125897676315_4005813200533244706_o.jpg 2048w\" sizes=\"auto, (max-width: 1024px) 100vw, 1024px\" \/><\/figure>\n\n\n\n<figure class=\"wp-block-image size-large\"><img loading=\"lazy\" decoding=\"async\" width=\"1024\" height=\"681\" data-id=\"2551\" src=\"https:\/\/psonizgierz.pl\/wp-content\/uploads\/2020\/04\/54728040_2172435806178652_1262825912370462720_o-1-1024x681.jpg\" alt=\"\" class=\"wp-image-2551\" srcset=\"https:\/\/psonizgierz.pl\/wp-content\/uploads\/2020\/04\/54728040_2172435806178652_1262825912370462720_o-1-1024x681.jpg 1024w, https:\/\/psonizgierz.pl\/wp-content\/uploads\/2020\/04\/54728040_2172435806178652_1262825912370462720_o-1-300x199.jpg 300w, https:\/\/psonizgierz.pl\/wp-content\/uploads\/2020\/04\/54728040_2172435806178652_1262825912370462720_o-1-768x511.jpg 768w, https:\/\/psonizgierz.pl\/wp-content\/uploads\/2020\/04\/54728040_2172435806178652_1262825912370462720_o-1-1536x1021.jpg 1536w, https:\/\/psonizgierz.pl\/wp-content\/uploads\/2020\/04\/54728040_2172435806178652_1262825912370462720_o-1.jpg 1692w\" sizes=\"auto, (max-width: 1024px) 100vw, 1024px\" \/><\/figure>\n\n\n\n<figure class=\"wp-block-image size-large\"><img loading=\"lazy\" decoding=\"async\" width=\"638\" height=\"960\" data-id=\"2552\" src=\"https:\/\/psonizgierz.pl\/wp-content\/uploads\/2020\/04\/55551846_2172435849511981_2942889669706121216_o.jpg\" alt=\"\" class=\"wp-image-2552\" srcset=\"https:\/\/psonizgierz.pl\/wp-content\/uploads\/2020\/04\/55551846_2172435849511981_2942889669706121216_o.jpg 638w, https:\/\/psonizgierz.pl\/wp-content\/uploads\/2020\/04\/55551846_2172435849511981_2942889669706121216_o-199x300.jpg 199w\" sizes=\"auto, (max-width: 638px) 100vw, 638px\" \/><\/figure>\n\n\n\n<figure class=\"wp-block-image size-large\"><img loading=\"lazy\" decoding=\"async\" width=\"586\" height=\"414\" data-id=\"3376\" src=\"https:\/\/psonizgierz.pl\/wp-content\/uploads\/2021\/01\/124621898_1516349461885810_2083824759545754133_o.jpg\" alt=\"\" class=\"wp-image-3376\" srcset=\"https:\/\/psonizgierz.pl\/wp-content\/uploads\/2021\/01\/124621898_1516349461885810_2083824759545754133_o.jpg 586w, https:\/\/psonizgierz.pl\/wp-content\/uploads\/2021\/01\/124621898_1516349461885810_2083824759545754133_o-300x212.jpg 300w\" sizes=\"auto, (max-width: 586px) 100vw, 586px\" \/><\/figure>\n<\/figure>\n\n\n\n<p><\/p>\n\n\n<div class=\"wp-block-image\">\n<figure class=\"aligncenter size-large\"><img loading=\"lazy\" decoding=\"async\" width=\"706\" height=\"1024\" src=\"https:\/\/psonizgierz.pl\/wp-content\/uploads\/2024\/11\/plakat_70-706x1024.jpg\" alt=\"\" class=\"wp-image-5003\" srcset=\"https:\/\/psonizgierz.pl\/wp-content\/uploads\/2024\/11\/plakat_70-706x1024.jpg 706w, https:\/\/psonizgierz.pl\/wp-content\/uploads\/2024\/11\/plakat_70-207x300.jpg 207w, https:\/\/psonizgierz.pl\/wp-content\/uploads\/2024\/11\/plakat_70-768x1115.jpg 768w, https:\/\/psonizgierz.pl\/wp-content\/uploads\/2024\/11\/plakat_70-1058x1536.jpg 1058w, https:\/\/psonizgierz.pl\/wp-content\/uploads\/2024\/11\/plakat_70-1411x2048.jpg 1411w, https:\/\/psonizgierz.pl\/wp-content\/uploads\/2024\/11\/plakat_70-scaled.jpg 1764w\" sizes=\"auto, (max-width: 706px) 100vw, 706px\" \/><\/figure>\n<\/div>","protected":false},"excerpt":{"rendered":"<p>95-100 Zgierz, ul. Che\u0142mska 42\/42a tel\/fax. 42 710 10 84Kierownik: Alicja FilipowiczNr konta 08 8783 0004 0020 5942 2000 0006 \u015arodowiskowy Dom Samopomocy wspiera doros\u0142e osoby z niepe\u0142nosprawno\u015bci\u0105 intelektualn\u0105 oraz osoby wykazuj\u0105ce inneprzewlek\u0142e zaburzenia czynno\u015bci psychicznych . Celem \u015aDS jest zwi\u0119kszenie samodzielno\u015bci i zaradno\u015bci \u017cyciowej os\u00f3b ucz\u0119szczaj\u0105cych oraz ich integracja ze \u015brodowiskiem lokalnym.Kszta\u0142towanie nawyk\u00f3w celowej [&hellip;]<\/p>\n","protected":false},"author":3,"featured_media":0,"parent":0,"menu_order":0,"comment_status":"closed","ping_status":"closed","template":"full-width.php","meta":{"footnotes":""},"class_list":["post-456","page","type-page","status-publish","hentry"],"_links":{"self":[{"href":"https:\/\/psonizgierz.pl\/index.php?rest_route=\/wp\/v2\/pages\/456","targetHints":{"allow":["GET"]}}],"collection":[{"href":"https:\/\/psonizgierz.pl\/index.php?rest_route=\/wp\/v2\/pages"}],"about":[{"href":"https:\/\/psonizgierz.pl\/index.php?rest_route=\/wp\/v2\/types\/page"}],"author":[{"embeddable":true,"href":"https:\/\/psonizgierz.pl\/index.php?rest_route=\/wp\/v2\/users\/3"}],"replies":[{"embeddable":true,"href":"https:\/\/psonizgierz.pl\/index.php?rest_route=%2Fwp%2Fv2%2Fcomments&post=456"}],"version-history":[{"count":12,"href":"https:\/\/psonizgierz.pl\/index.php?rest_route=\/wp\/v2\/pages\/456\/revisions"}],"predecessor-version":[{"id":5005,"href":"https:\/\/psonizgierz.pl\/index.php?rest_route=\/wp\/v2\/pages\/456\/revisions\/5005"}],"wp:attachment":[{"href":"https:\/\/psonizgierz.pl\/index.php?rest_route=%2Fwp%2Fv2%2Fmedia&parent=456"}],"curies":[{"name":"wp","href":"https:\/\/api.w.org\/{rel}","templated":true}]}}