{"id":461,"date":"2018-12-10T17:35:30","date_gmt":"2018-12-10T16:35:30","guid":{"rendered":"http:\/\/psonizgierz.pl\/?page_id=461"},"modified":"2025-06-12T09:59:37","modified_gmt":"2025-06-12T07:59:37","slug":"zespol-aktywnosci-spolecznej","status":"publish","type":"page","link":"https:\/\/psonizgierz.pl\/?page_id=461","title":{"rendered":"Zesp\u00f3\u0142 Terapeutyczno-Rehabilitacyjny Aktywno\u015bci Spo\u0142ecznej"},"content":{"rendered":"<div class=\"wp-block-image\">\n<figure class=\"alignleft size-large is-resized\"><img loading=\"lazy\" decoding=\"async\" src=\"https:\/\/psonizgierz.pl\/wp-content\/uploads\/2018\/12\/PFRON_wersja_podstawowa_RGB-01-1024x541.jpg\" alt=\"\" class=\"wp-image-254\" width=\"209\" height=\"110\" srcset=\"https:\/\/psonizgierz.pl\/wp-content\/uploads\/2018\/12\/PFRON_wersja_podstawowa_RGB-01-1024x541.jpg 1024w, https:\/\/psonizgierz.pl\/wp-content\/uploads\/2018\/12\/PFRON_wersja_podstawowa_RGB-01-300x159.jpg 300w, https:\/\/psonizgierz.pl\/wp-content\/uploads\/2018\/12\/PFRON_wersja_podstawowa_RGB-01-768x406.jpg 768w\" sizes=\"auto, (max-width: 209px) 100vw, 209px\" \/><\/figure>\n<\/div>\n\n\n<p><strong>Zesp\u00f3\u0142 Terapeutyczno-Rehabilitacyjny Aktywno\u015bci Spo\u0142ecznej<\/strong><br><strong>95-100 Zgierz, ul. Che\u0142mska 42\/42a<br>tel\/fax. 42 716 10 94<br>Koordynator projektu:&nbsp; mgr Alicja Filipowicz<br>Nr. konta 79 1240 3057 1111 0000 3442 3093<\/strong><br><\/p>\n\n\n\n<p><strong>Projekt finansowany ze \u015brodk\u00f3w PFRON  umowa: ZZ0\/000326\/05\/D<\/strong><\/p>\n\n\n\n<p>Zesp\u00f3\u0142 Terapeutyczno- Rehabilitacyjny &#8222;Aktywno\u015bci Spo\u0142ecznej&#8221; to terapia<br>i rehabilitacja rozwijaj\u0105ca aktywno\u015b\u0107 tw\u00f3rcz\u0105, poznawcz\u0105, spo\u0142eczn\u0105 i zawodow\u0105 doros\u0142ych os\u00f3b z niepe\u0142nosprawno\u015bci\u0105 intelektualn\u0105 w tym<br>z niepe\u0142nosprawno\u015bci\u0105 sprz\u0119\u017con\u0105 b\u0105d\u017a z zaburzeniami psychicznymi.<br>Celem programowym zadania jest zwi\u0119kszenie samodzielno\u015bci os\u00f3b niepe\u0142nosprawnych poprzez prowadzenie rehabilitacji w r\u00f3\u017cnych typach plac\u00f3wek.<\/p>\n\n\n\n<p>Zadania:<\/p>\n\n\n\n<ul class=\"wp-block-list\"><li>podtrzymanie i poprawa funkcjonowania spo\u0142ecznego oraz zaradno\u015bci \u017cyciowej<\/li><li>podnoszenie kompetencji spo\u0142ecznych, zawodowych oraz poprawa jako\u015b\u0107 \u017cycia i przeciwdzia\u0142anie wykluczeniu spo\u0142ecznemu<\/li><li>w\u0142\u0105czenie uczestnik\u00f3w do dzia\u0142a\u0144 prowadzonych w \u015brodowisku lokalnym<\/li><\/ul>\n\n\n\n<p>Uczestnicy plac\u00f3wki bior\u0105 udzia\u0142 w zaj\u0119ciach terapeutyczno-rehabilitacyjnych w zakresie: terapii zaj\u0119ciowej, terapii psychologicznej, muzykoterapii, rehabilitacji ruchowej,<\/p>\n\n\n\n<p>Kompleksowa terapia obejmuje r\u00f3wnie\u017c czynne uczestnictwo:<\/p>\n\n\n\n<ul class=\"wp-block-list\"><li>w formach rekreacji, kultury i sportu udzia\u0142 w imprezach i przegl\u0105dach promuj\u0105cych tw\u00f3rczo\u015b\u0107 os\u00f3b niepe\u0142nosprawnych intelektualnie, udzia\u0142 w zawodach sportowych, liczne wycieczki i turnusy, wyj\u015bcia do kina, teatru, muzeum restauracji, <\/li><\/ul>\n\n\n\n<ul class=\"wp-block-list\"><li>wsparcie rodziny- pomoc<br>psychologiczna, warsztaty terapeutyczne, poradnictwo <\/li><li>przekaz informacji na temat form pomocy dla os\u00f3b<br>niepe\u0142nosprawnych, wsparcie psychologiczne w zakresie<br>funkcjonowania rodziny<\/li><\/ul>\n\n\n\n<p>Projekt jest&nbsp; realizowany jest ze \u015brodk\u00f3w Pa\u0144stwowego Funduszy Rehabilitacji Os\u00f3b Niepe\u0142nosprawnych (PFRON) skierowany do os\u00f3b doros\u0142ych z obszaru wojew\u00f3dztwa \u0142\u00f3dzkiego, a warunkiem uczestnictwa w realizowanych dzia\u0142aniach jest posiadanie aktualnego orzeczenia&nbsp; o niepe\u0142nosprawno\u015bci intelektualnej.<\/p>\n\n\n\n<figure class=\"wp-block-gallery has-nested-images columns-default is-cropped wp-block-gallery-1 is-layout-flex wp-block-gallery-is-layout-flex\">\n<figure class=\"wp-block-image\"><img loading=\"lazy\" decoding=\"async\" width=\"200\" height=\"200\" data-id=\"2543\" src=\"https:\/\/psonizgierz.pl\/wp-content\/uploads\/2020\/04\/54353406_2162365673852332_8621005484930891776_o.jpg\" alt=\"\" class=\"wp-image-2543\" srcset=\"https:\/\/psonizgierz.pl\/wp-content\/uploads\/2020\/04\/54353406_2162365673852332_8621005484930891776_o.jpg 200w, https:\/\/psonizgierz.pl\/wp-content\/uploads\/2020\/04\/54353406_2162365673852332_8621005484930891776_o-180x180.jpg 180w\" sizes=\"auto, (max-width: 200px) 100vw, 200px\" \/><\/figure>\n\n\n\n<figure class=\"wp-block-image\"><img loading=\"lazy\" decoding=\"async\" width=\"960\" height=\"576\" data-id=\"2471\" src=\"https:\/\/psonizgierz.pl\/wp-content\/uploads\/2020\/04\/28061100_1625166347572270_20519397974047087_o-1.jpg\" alt=\"\" class=\"wp-image-2471\" srcset=\"https:\/\/psonizgierz.pl\/wp-content\/uploads\/2020\/04\/28061100_1625166347572270_20519397974047087_o-1.jpg 960w, https:\/\/psonizgierz.pl\/wp-content\/uploads\/2020\/04\/28061100_1625166347572270_20519397974047087_o-1-300x180.jpg 300w, https:\/\/psonizgierz.pl\/wp-content\/uploads\/2020\/04\/28061100_1625166347572270_20519397974047087_o-1-768x461.jpg 768w, https:\/\/psonizgierz.pl\/wp-content\/uploads\/2020\/04\/28061100_1625166347572270_20519397974047087_o-1-240x145.jpg 240w\" sizes=\"auto, (max-width: 960px) 100vw, 960px\" \/><\/figure>\n\n\n\n<figure class=\"wp-block-image\"><img loading=\"lazy\" decoding=\"async\" width=\"1024\" height=\"578\" data-id=\"2470\" src=\"https:\/\/psonizgierz.pl\/wp-content\/uploads\/2020\/04\/27907541_1624151607673744_8108923546507789549_o-1024x578.jpg\" alt=\"\" class=\"wp-image-2470\" srcset=\"https:\/\/psonizgierz.pl\/wp-content\/uploads\/2020\/04\/27907541_1624151607673744_8108923546507789549_o-1024x578.jpg 1024w, https:\/\/psonizgierz.pl\/wp-content\/uploads\/2020\/04\/27907541_1624151607673744_8108923546507789549_o-300x169.jpg 300w, https:\/\/psonizgierz.pl\/wp-content\/uploads\/2020\/04\/27907541_1624151607673744_8108923546507789549_o-768x433.jpg 768w, https:\/\/psonizgierz.pl\/wp-content\/uploads\/2020\/04\/27907541_1624151607673744_8108923546507789549_o-1536x866.jpg 1536w, https:\/\/psonizgierz.pl\/wp-content\/uploads\/2020\/04\/27907541_1624151607673744_8108923546507789549_o.jpg 2048w\" sizes=\"auto, (max-width: 1024px) 100vw, 1024px\" \/><\/figure>\n\n\n\n<figure class=\"wp-block-image\"><img loading=\"lazy\" decoding=\"async\" width=\"1024\" height=\"768\" data-id=\"2473\" src=\"https:\/\/psonizgierz.pl\/wp-content\/uploads\/2020\/04\/28336790_1636176096471295_7417777844946353250_o-1024x768.jpg\" alt=\"\" class=\"wp-image-2473\" srcset=\"https:\/\/psonizgierz.pl\/wp-content\/uploads\/2020\/04\/28336790_1636176096471295_7417777844946353250_o-1024x768.jpg 1024w, https:\/\/psonizgierz.pl\/wp-content\/uploads\/2020\/04\/28336790_1636176096471295_7417777844946353250_o-300x225.jpg 300w, https:\/\/psonizgierz.pl\/wp-content\/uploads\/2020\/04\/28336790_1636176096471295_7417777844946353250_o-768x576.jpg 768w, https:\/\/psonizgierz.pl\/wp-content\/uploads\/2020\/04\/28336790_1636176096471295_7417777844946353250_o-1536x1152.jpg 1536w, https:\/\/psonizgierz.pl\/wp-content\/uploads\/2020\/04\/28336790_1636176096471295_7417777844946353250_o.jpg 2048w\" sizes=\"auto, (max-width: 1024px) 100vw, 1024px\" \/><\/figure>\n<\/figure>\n\n\n<div class=\"wp-block-image\">\n<figure class=\"aligncenter size-large\"><img loading=\"lazy\" decoding=\"async\" width=\"724\" height=\"1024\" src=\"https:\/\/psonizgierz.pl\/wp-content\/uploads\/2025\/06\/PLAKAT-ZTR-2025-724x1024.jpg\" alt=\"\" class=\"wp-image-5168\" srcset=\"https:\/\/psonizgierz.pl\/wp-content\/uploads\/2025\/06\/PLAKAT-ZTR-2025-724x1024.jpg 724w, https:\/\/psonizgierz.pl\/wp-content\/uploads\/2025\/06\/PLAKAT-ZTR-2025-212x300.jpg 212w, https:\/\/psonizgierz.pl\/wp-content\/uploads\/2025\/06\/PLAKAT-ZTR-2025-768x1086.jpg 768w, https:\/\/psonizgierz.pl\/wp-content\/uploads\/2025\/06\/PLAKAT-ZTR-2025-1086x1536.jpg 1086w, https:\/\/psonizgierz.pl\/wp-content\/uploads\/2025\/06\/PLAKAT-ZTR-2025-1448x2048.jpg 1448w, https:\/\/psonizgierz.pl\/wp-content\/uploads\/2025\/06\/PLAKAT-ZTR-2025-scaled.jpg 1810w\" sizes=\"auto, (max-width: 724px) 100vw, 724px\" \/><\/figure>\n<\/div>","protected":false},"excerpt":{"rendered":"<p>Zesp\u00f3\u0142 Terapeutyczno-Rehabilitacyjny Aktywno\u015bci Spo\u0142ecznej95-100 Zgierz, ul. Che\u0142mska 42\/42atel\/fax. 42 716 10 94Koordynator projektu:&nbsp; mgr Alicja FilipowiczNr. konta 79 1240 3057 1111 0000 3442 3093 Projekt finansowany ze \u015brodk\u00f3w PFRON umowa: ZZ0\/000326\/05\/D Zesp\u00f3\u0142 Terapeutyczno- Rehabilitacyjny &#8222;Aktywno\u015bci Spo\u0142ecznej&#8221; to terapiai rehabilitacja rozwijaj\u0105ca aktywno\u015b\u0107 tw\u00f3rcz\u0105, poznawcz\u0105, spo\u0142eczn\u0105 i zawodow\u0105 doros\u0142ych os\u00f3b z niepe\u0142nosprawno\u015bci\u0105 intelektualn\u0105 w tymz niepe\u0142nosprawno\u015bci\u0105 sprz\u0119\u017con\u0105 [&hellip;]<\/p>\n","protected":false},"author":3,"featured_media":0,"parent":0,"menu_order":0,"comment_status":"closed","ping_status":"closed","template":"","meta":{"footnotes":""},"class_list":["post-461","page","type-page","status-publish","hentry"],"_links":{"self":[{"href":"https:\/\/psonizgierz.pl\/index.php?rest_route=\/wp\/v2\/pages\/461","targetHints":{"allow":["GET"]}}],"collection":[{"href":"https:\/\/psonizgierz.pl\/index.php?rest_route=\/wp\/v2\/pages"}],"about":[{"href":"https:\/\/psonizgierz.pl\/index.php?rest_route=\/wp\/v2\/types\/page"}],"author":[{"embeddable":true,"href":"https:\/\/psonizgierz.pl\/index.php?rest_route=\/wp\/v2\/users\/3"}],"replies":[{"embeddable":true,"href":"https:\/\/psonizgierz.pl\/index.php?rest_route=%2Fwp%2Fv2%2Fcomments&post=461"}],"version-history":[{"count":17,"href":"https:\/\/psonizgierz.pl\/index.php?rest_route=\/wp\/v2\/pages\/461\/revisions"}],"predecessor-version":[{"id":5169,"href":"https:\/\/psonizgierz.pl\/index.php?rest_route=\/wp\/v2\/pages\/461\/revisions\/5169"}],"wp:attachment":[{"href":"https:\/\/psonizgierz.pl\/index.php?rest_route=%2Fwp%2Fv2%2Fmedia&parent=461"}],"curies":[{"name":"wp","href":"https:\/\/api.w.org\/{rel}","templated":true}]}}