{"id":4612,"date":"2023-09-24T13:00:25","date_gmt":"2023-09-24T11:00:25","guid":{"rendered":"http:\/\/psonizgierz.pl\/?page_id=4612"},"modified":"2023-09-24T13:27:20","modified_gmt":"2023-09-24T11:27:20","slug":"nasz-wspolny-dom","status":"publish","type":"page","link":"https:\/\/psonizgierz.pl\/?page_id=4612","title":{"rendered":"Nasz Wsp\u00f3lny Dom"},"content":{"rendered":"\n<figure class=\"wp-block-image\"><img loading=\"lazy\" decoding=\"async\" width=\"1024\" height=\"541\" src=\"https:\/\/psonizgierz.pl\/wp-content\/uploads\/2018\/12\/PFRON_wersja_podstawowa_RGB-01-1024x541.jpg\" alt=\"\" class=\"wp-image-254\" srcset=\"https:\/\/psonizgierz.pl\/wp-content\/uploads\/2018\/12\/PFRON_wersja_podstawowa_RGB-01-1024x541.jpg 1024w, https:\/\/psonizgierz.pl\/wp-content\/uploads\/2018\/12\/PFRON_wersja_podstawowa_RGB-01-300x159.jpg 300w, https:\/\/psonizgierz.pl\/wp-content\/uploads\/2018\/12\/PFRON_wersja_podstawowa_RGB-01-768x406.jpg 768w\" sizes=\"auto, (max-width: 1024px) 100vw, 1024px\" \/><\/figure>\n\n\n\n<p>Od kwietnia 2023r. Polskie Stowarzyszenie na rzecz Os\u00f3b z Niepe\u0142nosprawno\u015bci\u0105 Intelektualn\u0105 Ko\u0142o w Zgierzu realizuje projekt pt.\u201e Nasz Wsp\u00f3lny Dom- wsparcie doros\u0142ych os\u00f3b z niepe\u0142nosprawno\u015bci\u0105 intelektualn\u0105 w samodzielnym funkcjonowaniu\u201d, w ramach konkursu pn. \u201e Dzia\u0142amy razem\u201d prowadzonego przez Pa\u0144stwowy Fundusz Rehabilitacji Os\u00f3b Niepe\u0142nosprawnych.<\/p>\n\n\n\n<p>G\u0142\u00f3wnym celem projektu jest podniesienie stopnia sprawno\u015bci doros\u0142ych os\u00f3b z niepe\u0142nosprawno\u015bci\u0105 intelektualn\u0105 i\/lub z zaburzeniami psychicznymi, w tym r\u00f3wnie\u017c z niepe\u0142nosprawno\u015bciami sprz\u0119\u017conymi, w prowadzeniu samodzielnego \u017cycia oraz wzrost kompetencji spo\u0142ecznych. Projekt zak\u0142ada wieloprofilowe wsparcie doros\u0142ych os\u00f3b niepe\u0142nosprawnych w treningowym zamieszkaniu, a tak\u017ce umo\u017cliwienie i wspomaganie niezale\u017cnego \u017cycia os\u00f3b z niepe\u0142nosprawno\u015bciami, usamodzielnianie, w\u0142\u0105czenie spo\u0142eczne oraz wsparcie os\u00f3b zagro\u017conych wykluczeniem.<\/p>\n\n\n\n<p>Realizacja zadania poprzez wyznaczone formy wsparcia pozwoli na usamodzielnianie \u017cyciowe os\u00f3b z niepe\u0142nosprawno\u015bciami, rozwijanie umiej\u0119tno\u015bci i zachowa\u0144 niezb\u0119dnych w codziennym funkcjonowaniu.<\/p>\n\n\n\n<p>Szczeg\u00f3lnym celem jest zapewnienie beneficjentom ostatecznym mo\u017cliwo\u015bci czasowego zamieszkania po\u0142\u0105czonego z dostosowan\u0105 do ich potrzeb terapi\u0105, opiek\u0105 i wsparciem. Realizacja projektu pozwoli na zapewnienie osobom korzystaj\u0105cym z mieszkalnictwa treningowego wsparcia, w celu umo\u017cliwienie dalszego przebywania w \u015brodowisku lokalnym oraz zapobiegni\u0119cia umieszczenia w plac\u00f3wce ca\u0142odobowej- instytucjonalnej, po odej\u015bciu ich opiekun\u00f3w faktycznych.<\/p>\n\n\n\n<p>Grup\u0119 beneficjent\u00f3w stanowi 26 os\u00f3b z niepe\u0142nosprawno\u015bci\u0105 intelektualn\u0105 i\/lub zaburzeniami psychicznymi, kt\u00f3re korzystaj\u0105 z mieszkalnictwa treningowego. Celem trening\u00f3w mieszkaniowych jest nabywanie przez jego uczestnik\u00f3w kluczowych umiej\u0119tno\u015bci, niezb\u0119dnych do zwi\u0119kszenia zaradno\u015bci \u017cyciowej i podj\u0119cia pr\u00f3by samodzielnego zamieszkania poza domem rodzinnym w przysz\u0142o\u015bci. W\u015br\u00f3d zaplanowanych w zadaniu trening\u00f3w s\u0105 m.in. trening gospodarstwa domowego, trening czynno\u015bci higienicznych i samoobs\u0142ugowych, trening \u017cycia codziennego oraz trening organizacji czasu wolnego. Podczas realizacji trening\u00f3w usamodzielniaj\u0105cych, uczestniczy projektu s\u0105 wspierani przez asystent\u00f3w, piel\u0119gniark\u0119 i psychologa.<\/p>\n\n\n\n<p>Projekt realizowany jest przez PSONI Ko\u0142o w Zgierzu na terenie Centrum Szkoleniowo-Rehabilitacyjnego im. Bo\u017cenny Piotrowicz przy ul. Che\u0142mskiej 42\/42a w Zgierzu, w terminie od 01.04.2023r do 31.03.2026r., zak\u0142ada III okresy finansowania przez PFRON na \u0142\u0105czn\u0105 kwot\u0119 1.694.126,00z\u0142, przy wk\u0142adzie w\u0142asnym PSONI Ko\u0142o w Zgierzu w wysoko\u015bci 56.130,00z\u0142.<\/p>\n\n\n\n<p>Ca\u0142kowity koszt realizacji projektu pt. \u201eNasz Wsp\u00f3lny Dom- wsparcie doros\u0142ych os\u00f3b z niepe\u0142nosprawno\u015bci\u0105 intelektualn\u0105 w samodzielnym funkcjonowaniu\u201d to 1.750.256,00z\u0142.<\/p>\n\n\n\n<figure class=\"wp-block-image size-full is-resized\"><img loading=\"lazy\" decoding=\"async\" src=\"https:\/\/psonizgierz.pl\/wp-content\/uploads\/2023\/09\/1695554362591-2fd70df5-2cb5-46ee-b76d-12fffeae2d70_1.jpg\" alt=\"\" class=\"wp-image-4616\" width=\"881\" height=\"1246\" srcset=\"https:\/\/psonizgierz.pl\/wp-content\/uploads\/2023\/09\/1695554362591-2fd70df5-2cb5-46ee-b76d-12fffeae2d70_1.jpg 724w, https:\/\/psonizgierz.pl\/wp-content\/uploads\/2023\/09\/1695554362591-2fd70df5-2cb5-46ee-b76d-12fffeae2d70_1-212x300.jpg 212w\" sizes=\"auto, (max-width: 881px) 100vw, 881px\" \/><\/figure>\n","protected":false},"excerpt":{"rendered":"<p>Od kwietnia 2023r. Polskie Stowarzyszenie na rzecz Os\u00f3b z Niepe\u0142nosprawno\u015bci\u0105 Intelektualn\u0105 Ko\u0142o w Zgierzu realizuje projekt pt.\u201e Nasz Wsp\u00f3lny Dom- wsparcie doros\u0142ych os\u00f3b z niepe\u0142nosprawno\u015bci\u0105 intelektualn\u0105 w samodzielnym funkcjonowaniu\u201d, w ramach konkursu pn. \u201e Dzia\u0142amy razem\u201d prowadzonego przez Pa\u0144stwowy Fundusz Rehabilitacji Os\u00f3b Niepe\u0142nosprawnych. G\u0142\u00f3wnym celem projektu jest podniesienie stopnia sprawno\u015bci doros\u0142ych os\u00f3b z niepe\u0142nosprawno\u015bci\u0105 intelektualn\u0105 [&hellip;]<\/p>\n","protected":false},"author":2,"featured_media":0,"parent":0,"menu_order":0,"comment_status":"closed","ping_status":"closed","template":"","meta":{"footnotes":""},"class_list":["post-4612","page","type-page","status-publish","hentry"],"_links":{"self":[{"href":"https:\/\/psonizgierz.pl\/index.php?rest_route=\/wp\/v2\/pages\/4612","targetHints":{"allow":["GET"]}}],"collection":[{"href":"https:\/\/psonizgierz.pl\/index.php?rest_route=\/wp\/v2\/pages"}],"about":[{"href":"https:\/\/psonizgierz.pl\/index.php?rest_route=\/wp\/v2\/types\/page"}],"author":[{"embeddable":true,"href":"https:\/\/psonizgierz.pl\/index.php?rest_route=\/wp\/v2\/users\/2"}],"replies":[{"embeddable":true,"href":"https:\/\/psonizgierz.pl\/index.php?rest_route=%2Fwp%2Fv2%2Fcomments&post=4612"}],"version-history":[{"count":3,"href":"https:\/\/psonizgierz.pl\/index.php?rest_route=\/wp\/v2\/pages\/4612\/revisions"}],"predecessor-version":[{"id":4618,"href":"https:\/\/psonizgierz.pl\/index.php?rest_route=\/wp\/v2\/pages\/4612\/revisions\/4618"}],"wp:attachment":[{"href":"https:\/\/psonizgierz.pl\/index.php?rest_route=%2Fwp%2Fv2%2Fmedia&parent=4612"}],"curies":[{"name":"wp","href":"https:\/\/api.w.org\/{rel}","templated":true}]}}