{"id":4655,"date":"2024-01-27T20:39:16","date_gmt":"2024-01-27T19:39:16","guid":{"rendered":"http:\/\/psonizgierz.pl\/?page_id=4655"},"modified":"2024-02-21T21:07:03","modified_gmt":"2024-02-21T20:07:03","slug":"oferta-01-24","status":"publish","type":"page","link":"https:\/\/psonizgierz.pl\/?page_id=4655","title":{"rendered":"Oferta 01\/24"},"content":{"rendered":"\n<p><a href=\"https:\/\/psonizgierz.pl\/wp-content\/uploads\/2024\/02\/wynik-postepowania.pdf\">Wynik post\u0119powania<\/a><\/p>\n\n\n\n<p><a href=\"https:\/\/psonizgierz.pl\/wp-content\/uploads\/2024\/01\/ZAPYTANIE-OFERTOWE_-01_2024_ZO_WSM_PSONI.pdf\">Zapytanie ofertowe<\/a><\/p>\n\n\n\n<p><a href=\"https:\/\/psonizgierz.pl\/wp-content\/uploads\/2024\/01\/Zalacznik-nr-1-PROGRAM-FUNKCJONALNO-UZYTKOWY_2.pdf\">Za\u0142\u0105cznik nr 1<\/a><\/p>\n\n\n\n<p><a href=\"https:\/\/psonizgierz.pl\/wp-content\/uploads\/2024\/01\/Zalacznik-nr-2-Pozwolenie-na-budowe.pdf\">Za\u0142\u0105cznik nr 2<\/a><\/p>\n\n\n\n<p><a href=\"https:\/\/psonizgierz.pl\/wp-content\/uploads\/2024\/01\/Zalacznik-nr-3-Pojekt-budowlany.zip\">Za\u0142\u0105cznik nr 3<\/a><\/p>\n\n\n\n<p><a href=\"https:\/\/psonizgierz.pl\/wp-content\/uploads\/2024\/01\/Zalacznik-nr-4-Zakres-robot-budowlanych-i-wykonczeniowych-\u2013-obmiar-prac.zip\">Za\u0142\u0105cznik nr 4<\/a><\/p>\n\n\n\n<p><a href=\"https:\/\/psonizgierz.pl\/wp-content\/uploads\/2024\/01\/Zalacznik-nr-5-Projekt-budowlany-branza-elektryczna.zip\">Za\u0142\u0105cznik nr 5<\/a><\/p>\n\n\n\n<p><a href=\"https:\/\/psonizgierz.pl\/wp-content\/uploads\/2024\/01\/Zalacznik-nr-6-Projekt-budowlany-branza-wew.-instalacja-wod.-kan.-i-C.O.zip\">Za\u0142\u0105cznik nr 6<\/a><\/p>\n\n\n\n<p><a href=\"https:\/\/psonizgierz.pl\/wp-content\/uploads\/2024\/01\/Zalacznik-nr-7-Projekt-zagospodarowania-terenu.pdf\">Za\u0142\u0105cznik nr 7<\/a><\/p>\n\n\n\n<p><a href=\"https:\/\/psonizgierz.pl\/wp-content\/uploads\/2024\/01\/Zalacznik-nr-8-Formularz-ofertowy.pdf\">Za\u0142\u0105cznik nr 8<\/a><\/p>\n\n\n\n<p><a href=\"https:\/\/psonizgierz.pl\/wp-content\/uploads\/2024\/01\/Zalacznik-nr-9-Wykaz-robot-uslug-swiadczonych-przez-wykonawce.pdf\">Za\u0142\u0105cznik nr 9<\/a><\/p>\n\n\n\n<p><a href=\"https:\/\/psonizgierz.pl\/wp-content\/uploads\/2024\/01\/Zalacznik-nr-10-Oswiadczenia-o-braku-powiazan-kapitalowych-lub-osobowych.pdf\">Za\u0142\u0105cznik nr 10<\/a><\/p>\n\n\n\n<p><a href=\"https:\/\/psonizgierz.pl\/wp-content\/uploads\/2024\/01\/Zalacznik-nr-11-Oswiadczenie-o-spelnieniu-warunkow-udzialu-w-postepowaniu.pdf\">Za\u0142\u0105cznik nr 11<\/a><\/p>\n\n\n\n<p><a href=\"https:\/\/psonizgierz.pl\/wp-content\/uploads\/2024\/01\/Zalacznik-nr-12-Wzor-_Umowa-_BUDOWA-WSM-_01.2024.pdf\">Za\u0142\u0105cznik nr 12<\/a><\/p>\n\n\n\n<p><a href=\"https:\/\/psonizgierz.pl\/wp-content\/uploads\/2024\/01\/Zalacznik-nr-13-Oswiadczenie-o-dastarczeniu-dokumentow.pdf\">Za\u0142\u0105cznik nr 13<\/a><\/p>\n","protected":false},"excerpt":{"rendered":"<p>Wynik post\u0119powania Zapytanie ofertowe Za\u0142\u0105cznik nr 1 Za\u0142\u0105cznik nr 2 Za\u0142\u0105cznik nr 3 Za\u0142\u0105cznik nr 4 Za\u0142\u0105cznik nr 5 Za\u0142\u0105cznik nr 6 Za\u0142\u0105cznik nr 7 Za\u0142\u0105cznik nr 8 Za\u0142\u0105cznik nr 9 Za\u0142\u0105cznik nr 10 Za\u0142\u0105cznik nr 11 Za\u0142\u0105cznik nr 12 Za\u0142\u0105cznik nr 13<\/p>\n","protected":false},"author":2,"featured_media":0,"parent":0,"menu_order":0,"comment_status":"closed","ping_status":"closed","template":"","meta":{"footnotes":""},"class_list":["post-4655","page","type-page","status-publish","hentry"],"_links":{"self":[{"href":"https:\/\/psonizgierz.pl\/index.php?rest_route=\/wp\/v2\/pages\/4655","targetHints":{"allow":["GET"]}}],"collection":[{"href":"https:\/\/psonizgierz.pl\/index.php?rest_route=\/wp\/v2\/pages"}],"about":[{"href":"https:\/\/psonizgierz.pl\/index.php?rest_route=\/wp\/v2\/types\/page"}],"author":[{"embeddable":true,"href":"https:\/\/psonizgierz.pl\/index.php?rest_route=\/wp\/v2\/users\/2"}],"replies":[{"embeddable":true,"href":"https:\/\/psonizgierz.pl\/index.php?rest_route=%2Fwp%2Fv2%2Fcomments&post=4655"}],"version-history":[{"count":20,"href":"https:\/\/psonizgierz.pl\/index.php?rest_route=\/wp\/v2\/pages\/4655\/revisions"}],"predecessor-version":[{"id":4739,"href":"https:\/\/psonizgierz.pl\/index.php?rest_route=\/wp\/v2\/pages\/4655\/revisions\/4739"}],"wp:attachment":[{"href":"https:\/\/psonizgierz.pl\/index.php?rest_route=%2Fwp%2Fv2%2Fmedia&parent=4655"}],"curies":[{"name":"wp","href":"https:\/\/api.w.org\/{rel}","templated":true}]}}