{"id":4694,"date":"2024-02-05T20:52:43","date_gmt":"2024-02-05T19:52:43","guid":{"rendered":"http:\/\/psonizgierz.pl\/?page_id=4694"},"modified":"2024-02-15T10:04:43","modified_gmt":"2024-02-15T09:04:43","slug":"oferta-02-24","status":"publish","type":"page","link":"https:\/\/psonizgierz.pl\/?page_id=4694","title":{"rendered":"Oferta 02\/24"},"content":{"rendered":"\n<p><a href=\"https:\/\/psonizgierz.pl\/wp-content\/uploads\/2024\/02\/Wynik-postepowania.pdf\">Wynik post\u0119powania<\/a><\/p>\n\n\n\n<p><a href=\"https:\/\/psonizgierz.pl\/wp-content\/uploads\/2024\/02\/Zapytanie-ofertowe-korekta-bledu-pisarskiego-_-Nadzor-inwestorski-ZO_WSM_PSONI.pdf\">Zapytanie ofertowe (korekta b\u0142\u0119du pisarskiego \u00a7 8. Ust.2, ppkt.1)<\/a><\/p>\n\n\n\n<p><a href=\"https:\/\/psonizgierz.pl\/wp-content\/uploads\/2024\/02\/Zapytanie-ofertowe-_-Nadzor-inwestorski-ZO_WSM_PSONI.pdf\">Zapytanie ofertowe<\/a><\/p>\n\n\n\n<p><a href=\"https:\/\/psonizgierz.pl\/wp-content\/uploads\/2024\/02\/Zal.-nr-1_-Formularz-Oferty-Nadzor-inwestorski-ZO_WSM_PSONI.pdf\">Za\u0142\u0105cznik nr 1<\/a><\/p>\n\n\n\n<p><a href=\"https:\/\/psonizgierz.pl\/wp-content\/uploads\/2024\/02\/Zal.-nr-2_-WZOR-Umowa_o-nadzor.pdf\">Za\u0142\u0105cznik nr 2<\/a><\/p>\n\n\n\n<p><a href=\"https:\/\/psonizgierz.pl\/wp-content\/uploads\/2024\/02\/Zalacznik-nr-3_-PROGRAM-FUNKCJONALNO-UZYTKOWY.pdf\">Za\u0142\u0105cznik nr 3<\/a><\/p>\n\n\n\n<p><a href=\"https:\/\/psonizgierz.pl\/wp-content\/uploads\/2024\/02\/Zalacznik-nr-4-Pojekt-budowlany1.zip\">Za\u0142\u0105cznik nr 4<\/a><\/p>\n\n\n\n<p><a href=\"https:\/\/psonizgierz.pl\/wp-content\/uploads\/2024\/02\/Zalacznik-nr-5-Zakres-robot-budowlanych-i-wykonczeniowych-\u2013-obmiar-prac1.zip\">Za\u0142\u0105cznik nr 5<\/a><\/p>\n\n\n\n<p><a href=\"https:\/\/psonizgierz.pl\/wp-content\/uploads\/2024\/02\/Zalacznik-nr-6-Projekt-budowlany-branza-elektryczna1.zip\">Za\u0142\u0105cznik nr 6<\/a><\/p>\n\n\n\n<p><a href=\"https:\/\/psonizgierz.pl\/wp-content\/uploads\/2024\/02\/Zalacznik-nr-7-Projekt-budowlany-branza-wew.-instalacja-wod.-kan.-i-C.O.zip\">Za\u0142\u0105cznik nr 7<\/a><\/p>\n","protected":false},"excerpt":{"rendered":"<p>Wynik post\u0119powania Zapytanie ofertowe (korekta b\u0142\u0119du pisarskiego \u00a7 8. Ust.2, ppkt.1) Zapytanie ofertowe Za\u0142\u0105cznik nr 1 Za\u0142\u0105cznik nr 2 Za\u0142\u0105cznik nr 3 Za\u0142\u0105cznik nr 4 Za\u0142\u0105cznik nr 5 Za\u0142\u0105cznik nr 6 Za\u0142\u0105cznik nr 7<\/p>\n","protected":false},"author":2,"featured_media":0,"parent":0,"menu_order":0,"comment_status":"closed","ping_status":"closed","template":"","meta":{"footnotes":""},"class_list":["post-4694","page","type-page","status-publish","hentry"],"_links":{"self":[{"href":"https:\/\/psonizgierz.pl\/index.php?rest_route=\/wp\/v2\/pages\/4694","targetHints":{"allow":["GET"]}}],"collection":[{"href":"https:\/\/psonizgierz.pl\/index.php?rest_route=\/wp\/v2\/pages"}],"about":[{"href":"https:\/\/psonizgierz.pl\/index.php?rest_route=\/wp\/v2\/types\/page"}],"author":[{"embeddable":true,"href":"https:\/\/psonizgierz.pl\/index.php?rest_route=\/wp\/v2\/users\/2"}],"replies":[{"embeddable":true,"href":"https:\/\/psonizgierz.pl\/index.php?rest_route=%2Fwp%2Fv2%2Fcomments&post=4694"}],"version-history":[{"count":15,"href":"https:\/\/psonizgierz.pl\/index.php?rest_route=\/wp\/v2\/pages\/4694\/revisions"}],"predecessor-version":[{"id":4728,"href":"https:\/\/psonizgierz.pl\/index.php?rest_route=\/wp\/v2\/pages\/4694\/revisions\/4728"}],"wp:attachment":[{"href":"https:\/\/psonizgierz.pl\/index.php?rest_route=%2Fwp%2Fv2%2Fmedia&parent=4694"}],"curies":[{"name":"wp","href":"https:\/\/api.w.org\/{rel}","templated":true}]}}