{"id":4746,"date":"2024-02-21T21:47:26","date_gmt":"2024-02-21T20:47:26","guid":{"rendered":"http:\/\/psonizgierz.pl\/?page_id=4746"},"modified":"2024-02-22T21:25:51","modified_gmt":"2024-02-22T20:25:51","slug":"s-a-m-wspomaganie-spolecznosci-mieszkaniowej","status":"publish","type":"page","link":"https:\/\/psonizgierz.pl\/?page_id=4746","title":{"rendered":"S-A-M Wspomaganie Spo\u0142eczno\u015bci Mieszkaniowe"},"content":{"rendered":"\n<figure class=\"wp-block-image size-large is-resized\"><img loading=\"lazy\" decoding=\"async\" src=\"https:\/\/psonizgierz.pl\/wp-content\/uploads\/2024\/02\/logo-1-1024x374.jpg\" alt=\"\" class=\"wp-image-4751\" width=\"303\" height=\"109\" srcset=\"https:\/\/psonizgierz.pl\/wp-content\/uploads\/2024\/02\/logo-1-300x109.jpg 300w, https:\/\/psonizgierz.pl\/wp-content\/uploads\/2024\/02\/logo-1-768x280.jpg 768w, https:\/\/psonizgierz.pl\/wp-content\/uploads\/2024\/02\/logo-1-1536x560.jpg 1536w\" sizes=\"auto, (max-width: 303px) 100vw, 303px\" \/><\/figure>\n\n\n\n<p>Polskie Stowarzyszenie na rzecz Os\u00f3b z Niepe\u0142nosprawno\u015bci\u0105 Intelektualn\u0105 Ko\u0142o w Zgierzu w lutym 2024r. rozpoczyna budow\u0119 kolejnego etapu Centrum Szkoleniowo-Rehabilitacyjnego z Domem Mieszkalnym dla Os\u00f3b z Niepe\u0142nosprawno\u015bciami im. Bo\u017cenny Piotrowicz przy ul. Che\u0142mskiej 42\/42a w Zgierzu.<br>Ostatnia cze\u015b\u0107 budynku zak\u0142ada utworzenie infrastruktury umo\u017cliwiaj\u0105cej \u015bwiadczenie us\u0142ug Wspomaganych Spo\u0142eczno\u015bci Mieszkaniowych, w kt\u00f3rej osoby z niepe\u0142nosprawno\u015bciami b\u0119d\u0105 mog\u0142y zamieszka\u0107 i prowadzi\u0107 gospodarstwo domowe ze wsparciem asystent\u00f3w.<br>Projekt pt. &#8222;Samodzielno\u015b\u0107-Aktywno\u015b\u0107-Mobilno\u015b\u0107&#8221; jest w ca\u0142o\u015bci dofinansowany przez Pa\u0144stwowy Fundusz Rehabilitacji Os\u00f3b Niepe\u0142nosprawnych (PFRON), w wysoko\u015bci 6 000 000,00z\u0142, na podstawie umowy nr WMS\/000001\/05\/D.<br>Wspomagane Spo\u0142eczno\u015bci Mieszkaniowe stanowi\u0105 domkni\u0119cie systemu wsparcia os\u00f3b z niepe\u0142nosprawno\u015bciami, realizowanego przez PSONI Ko\u0142o w Zgierzu, kt\u00f3re \u015bwiadczy pomoc osobom z niepe\u0142nosprawno\u015bciami od urodzenia do p\u00f3\u017anej doros\u0142o\u015bci i jest zwie\u0144czeniem dzia\u0142a\u0144 na rzecz godnego i dobrego \u017cycia os\u00f3b z niepe\u0142nosprawno\u015bciami.<br>Zako\u0144czenie budowy trzeciej cz\u0119\u015bci budynku planowane jest na grudzie\u0144 2025r., mamy nadziej\u0119, \u017ce prace b\u0119d\u0105 przebiega\u0142y bez przeszk\u00f3d, dzi\u0119ki czemu pierwsi lokatorzy b\u0119d\u0105 mogli wprowadzi\u0107 si\u0119 do nowej cz\u0119\u015bci mieszkalnej w 2026r.<br>Tym samym dzie\u0142o budowy Centrum Szkoleniowo-Rehabilitacyjnego z Domem Mieszkalnym dla Os\u00f3b z Niepe\u0142nosprawno\u015bciami im. Bo\u017cenny Piotrowicz zostanie uko\u0144czone.<\/p>\n\n\n\n<p><\/p>\n\n\n\n<div class=\"wp-block-columns is-layout-flex wp-container-core-columns-is-layout-9d6595d7 wp-block-columns-is-layout-flex\">\n<div class=\"wp-block-column is-layout-flow wp-block-column-is-layout-flow\" style=\"flex-basis:100%\">\n<figure class=\"wp-block-image size-full\"><img loading=\"lazy\" decoding=\"async\" width=\"553\" height=\"781\" src=\"https:\/\/psonizgierz.pl\/wp-content\/uploads\/2024\/02\/image-5.png\" alt=\"\" class=\"wp-image-4750\" srcset=\"https:\/\/psonizgierz.pl\/wp-content\/uploads\/2024\/02\/image-5.png 553w, https:\/\/psonizgierz.pl\/wp-content\/uploads\/2024\/02\/image-5-212x300.png 212w\" sizes=\"auto, (max-width: 553px) 100vw, 553px\" \/><\/figure>\n<\/div>\n<\/div>\n\n\n\n<figure class=\"wp-block-image size-large is-resized\"><img loading=\"lazy\" decoding=\"async\" src=\"https:\/\/psonizgierz.pl\/wp-content\/uploads\/2024\/02\/obraz_2024-02-21_215255616-1024x717.png\" alt=\"\" class=\"wp-image-4757\" width=\"559\" height=\"391\" srcset=\"https:\/\/psonizgierz.pl\/wp-content\/uploads\/2024\/02\/obraz_2024-02-21_215255616-1024x717.png 1024w, https:\/\/psonizgierz.pl\/wp-content\/uploads\/2024\/02\/obraz_2024-02-21_215255616-300x210.png 300w, https:\/\/psonizgierz.pl\/wp-content\/uploads\/2024\/02\/obraz_2024-02-21_215255616-768x538.png 768w, https:\/\/psonizgierz.pl\/wp-content\/uploads\/2024\/02\/obraz_2024-02-21_215255616-1536x1076.png 1536w, https:\/\/psonizgierz.pl\/wp-content\/uploads\/2024\/02\/obraz_2024-02-21_215255616.png 2048w\" sizes=\"auto, (max-width: 559px) 100vw, 559px\" \/><\/figure>\n","protected":false},"excerpt":{"rendered":"<p>Polskie Stowarzyszenie na rzecz Os\u00f3b z Niepe\u0142nosprawno\u015bci\u0105 Intelektualn\u0105 Ko\u0142o w Zgierzu w lutym 2024r. rozpoczyna budow\u0119 kolejnego etapu Centrum Szkoleniowo-Rehabilitacyjnego z Domem Mieszkalnym dla Os\u00f3b z Niepe\u0142nosprawno\u015bciami im. Bo\u017cenny Piotrowicz przy ul. Che\u0142mskiej 42\/42a w Zgierzu.Ostatnia cze\u015b\u0107 budynku zak\u0142ada utworzenie infrastruktury umo\u017cliwiaj\u0105cej \u015bwiadczenie us\u0142ug Wspomaganych Spo\u0142eczno\u015bci Mieszkaniowych, w kt\u00f3rej osoby z niepe\u0142nosprawno\u015bciami b\u0119d\u0105 mog\u0142y zamieszka\u0107 [&hellip;]<\/p>\n","protected":false},"author":2,"featured_media":0,"parent":0,"menu_order":0,"comment_status":"closed","ping_status":"closed","template":"","meta":{"footnotes":""},"class_list":["post-4746","page","type-page","status-publish","hentry"],"_links":{"self":[{"href":"https:\/\/psonizgierz.pl\/index.php?rest_route=\/wp\/v2\/pages\/4746","targetHints":{"allow":["GET"]}}],"collection":[{"href":"https:\/\/psonizgierz.pl\/index.php?rest_route=\/wp\/v2\/pages"}],"about":[{"href":"https:\/\/psonizgierz.pl\/index.php?rest_route=\/wp\/v2\/types\/page"}],"author":[{"embeddable":true,"href":"https:\/\/psonizgierz.pl\/index.php?rest_route=\/wp\/v2\/users\/2"}],"replies":[{"embeddable":true,"href":"https:\/\/psonizgierz.pl\/index.php?rest_route=%2Fwp%2Fv2%2Fcomments&post=4746"}],"version-history":[{"count":3,"href":"https:\/\/psonizgierz.pl\/index.php?rest_route=\/wp\/v2\/pages\/4746\/revisions"}],"predecessor-version":[{"id":4764,"href":"https:\/\/psonizgierz.pl\/index.php?rest_route=\/wp\/v2\/pages\/4746\/revisions\/4764"}],"wp:attachment":[{"href":"https:\/\/psonizgierz.pl\/index.php?rest_route=%2Fwp%2Fv2%2Fmedia&parent=4746"}],"curies":[{"name":"wp","href":"https:\/\/api.w.org\/{rel}","templated":true}]}}