{"id":484,"date":"2018-12-10T18:25:34","date_gmt":"2018-12-10T17:25:34","guid":{"rendered":"http:\/\/psonizgierz.pl\/?page_id=484"},"modified":"2020-04-24T19:40:41","modified_gmt":"2020-04-24T17:40:41","slug":"self-adwokatura","status":"publish","type":"page","link":"https:\/\/psonizgierz.pl\/?page_id=484","title":{"rendered":"SELF ADWOKATURA"},"content":{"rendered":"\n<p><strong><em>Self- Adwokat to osoba, kt\u00f3ra jest rzecznikiem w\u0142asnych praw i potrafi decydowa\u0107 o sobie oraz wypowiada\u0107 si\u0119 na forum i pomaga\u0107 osobom niepe\u0142nosprawnym.<\/em><\/strong><\/p>\n\n\n\n<p><em>S<strong>elf- Adwokat pog\u0142\u0119bia wiedz\u0119 na temat praw cz\u0142owieka i Konstytucji RP, komunikacji, problem\u00f3w os\u00f3b niepe\u0142nosprawnych oraz organizowania spotka\u0144 i konferencji.<\/strong><\/em><br><\/p>\n\n\n\n<figure class=\"wp-block-image\"><img loading=\"lazy\" decoding=\"async\" width=\"1024\" height=\"776\" src=\"https:\/\/psonizgierz.pl\/wp-content\/uploads\/2018\/12\/46199420_1981599881928913_7787276732762947584_o-1024x776.jpg\" alt=\"\" class=\"wp-image-489\" srcset=\"https:\/\/psonizgierz.pl\/wp-content\/uploads\/2018\/12\/46199420_1981599881928913_7787276732762947584_o-1024x776.jpg 1024w, https:\/\/psonizgierz.pl\/wp-content\/uploads\/2018\/12\/46199420_1981599881928913_7787276732762947584_o-300x227.jpg 300w, https:\/\/psonizgierz.pl\/wp-content\/uploads\/2018\/12\/46199420_1981599881928913_7787276732762947584_o-768x582.jpg 768w, https:\/\/psonizgierz.pl\/wp-content\/uploads\/2018\/12\/46199420_1981599881928913_7787276732762947584_o.jpg 1425w\" sizes=\"auto, (max-width: 1024px) 100vw, 1024px\" \/><\/figure>\n\n\n\n<p>Spotkania Self Adwokat\u00f3w zapewniaj\u0105:<br>&#8211; poznanie przez osob\u0119 z niepe\u0142nosprawno\u015bci\u0105 intelektualn\u0105 w\u0142asnych praw i obowi\u0105zk\u00f3w obywatelskich;<br>&#8211; podnoszenie kompetencji spo\u0142ecznej os\u00f3b z niepe\u0142nosprawno\u015bci\u0105<br>intelektualn\u0105;<br>&#8211; poprawy umiej\u0119tno\u015bci komunikowania si\u0119 z otoczeniem, wypowiadania i sygnalizowania swoich potrzeb;<br>&#8211; zapoznanie os\u00f3b z niepe\u0142nosprawno\u015bci\u0105 intelektualn\u0105 z funkcjami i zadaniami lokalnych plac\u00f3wek urz\u0119dowych;<br>&#8211; przygotowanie do pe\u0142nienia nowych r\u00f3l spo\u0142ecznych;<br>&#8211; nabywanie umiej\u0119tno\u015bci redagowania tekst\u00f3w, pism urz\u0119dowych itp.;<br>&#8211; w\u0142\u0105czenie w uczestnictwo w \u017cycie spo\u0142eczne, przezwyci\u0119\u017cenie tremy oraz w\u0142asnych s\u0142abo\u015bci;<br>&#8211; nabycie zdolno\u015bci do samodzielnego b\u0105d\u017a wspieranego funkcjonowania,<br>&#8211; podniesienie jako\u015bci \u017cycia, a tak\u017ce przeciwdzia\u0142anie wykluczeniu spo\u0142ecznemu os\u00f3b z niepe\u0142nosprawno\u015bci\u0105 intelektualn\u0105;<br>&#8211; stworzenie sytuacji do wsp\u00f3lnej rozmowy, poznania, wymiany do\u015bwiadcze\u0144.<\/p>\n\n\n\n<figure class=\"wp-block-gallery columns-3 is-cropped wp-block-gallery-1 is-layout-flex wp-block-gallery-is-layout-flex\"><ul class=\"blocks-gallery-grid\"><li class=\"blocks-gallery-item\"><figure><img loading=\"lazy\" decoding=\"async\" width=\"1024\" height=\"681\" src=\"https:\/\/psonizgierz.pl\/wp-content\/uploads\/2020\/04\/18954876_1363221357100105_3596600873368691446_o-1024x681-1.jpg\" alt=\"\" data-id=\"2494\" data-full-url=\"https:\/\/psonizgierz.pl\/wp-content\/uploads\/2020\/04\/18954876_1363221357100105_3596600873368691446_o-1024x681-1.jpg\" data-link=\"https:\/\/psonizgierz.pl\/dzialalnosc\/self-adwokatura\/18954876_1363221357100105_3596600873368691446_o-1024x681-1\/\" class=\"wp-image-2494\" srcset=\"https:\/\/psonizgierz.pl\/wp-content\/uploads\/2020\/04\/18954876_1363221357100105_3596600873368691446_o-1024x681-1.jpg 1024w, https:\/\/psonizgierz.pl\/wp-content\/uploads\/2020\/04\/18954876_1363221357100105_3596600873368691446_o-1024x681-1-300x200.jpg 300w, https:\/\/psonizgierz.pl\/wp-content\/uploads\/2020\/04\/18954876_1363221357100105_3596600873368691446_o-1024x681-1-768x511.jpg 768w\" sizes=\"auto, (max-width: 1024px) 100vw, 1024px\" \/><\/figure><\/li><li class=\"blocks-gallery-item\"><figure><img loading=\"lazy\" decoding=\"async\" width=\"540\" height=\"960\" src=\"https:\/\/psonizgierz.pl\/wp-content\/uploads\/2020\/04\/78032815_2636009466487948_6852434159705522176_o.jpg\" alt=\"\" data-id=\"2492\" data-full-url=\"https:\/\/psonizgierz.pl\/wp-content\/uploads\/2020\/04\/78032815_2636009466487948_6852434159705522176_o.jpg\" data-link=\"https:\/\/psonizgierz.pl\/78032815_2636009466487948_6852434159705522176_o\/\" class=\"wp-image-2492\" srcset=\"https:\/\/psonizgierz.pl\/wp-content\/uploads\/2020\/04\/78032815_2636009466487948_6852434159705522176_o.jpg 540w, https:\/\/psonizgierz.pl\/wp-content\/uploads\/2020\/04\/78032815_2636009466487948_6852434159705522176_o-169x300.jpg 169w\" sizes=\"auto, (max-width: 540px) 100vw, 540px\" \/><\/figure><\/li><li class=\"blocks-gallery-item\"><figure><img loading=\"lazy\" decoding=\"async\" width=\"1024\" height=\"576\" src=\"https:\/\/psonizgierz.pl\/wp-content\/uploads\/2020\/04\/78106406_2636000113155550_4536514972531818496_o-2-1024x576.jpg\" alt=\"\" data-id=\"2491\" data-full-url=\"https:\/\/psonizgierz.pl\/wp-content\/uploads\/2020\/04\/78106406_2636000113155550_4536514972531818496_o-2.jpg\" data-link=\"https:\/\/psonizgierz.pl\/78106406_2636000113155550_4536514972531818496_o-3\/\" class=\"wp-image-2491\" srcset=\"https:\/\/psonizgierz.pl\/wp-content\/uploads\/2020\/04\/78106406_2636000113155550_4536514972531818496_o-2-1024x576.jpg 1024w, https:\/\/psonizgierz.pl\/wp-content\/uploads\/2020\/04\/78106406_2636000113155550_4536514972531818496_o-2-300x169.jpg 300w, https:\/\/psonizgierz.pl\/wp-content\/uploads\/2020\/04\/78106406_2636000113155550_4536514972531818496_o-2-768x432.jpg 768w, https:\/\/psonizgierz.pl\/wp-content\/uploads\/2020\/04\/78106406_2636000113155550_4536514972531818496_o-2-1536x864.jpg 1536w, https:\/\/psonizgierz.pl\/wp-content\/uploads\/2020\/04\/78106406_2636000113155550_4536514972531818496_o-2.jpg 2048w\" sizes=\"auto, (max-width: 1024px) 100vw, 1024px\" \/><\/figure><\/li><li class=\"blocks-gallery-item\"><figure><img loading=\"lazy\" decoding=\"async\" width=\"720\" height=\"960\" src=\"https:\/\/psonizgierz.pl\/wp-content\/uploads\/2020\/04\/70369806_2483024455119784_246246319214034944_o-1.jpg\" alt=\"\" data-id=\"2573\" data-full-url=\"https:\/\/psonizgierz.pl\/wp-content\/uploads\/2020\/04\/70369806_2483024455119784_246246319214034944_o-1.jpg\" data-link=\"https:\/\/psonizgierz.pl\/70369806_2483024455119784_246246319214034944_o-2\/\" class=\"wp-image-2573\" srcset=\"https:\/\/psonizgierz.pl\/wp-content\/uploads\/2020\/04\/70369806_2483024455119784_246246319214034944_o-1.jpg 720w, https:\/\/psonizgierz.pl\/wp-content\/uploads\/2020\/04\/70369806_2483024455119784_246246319214034944_o-1-225x300.jpg 225w\" sizes=\"auto, (max-width: 720px) 100vw, 720px\" \/><\/figure><\/li><li class=\"blocks-gallery-item\"><figure><img loading=\"lazy\" decoding=\"async\" width=\"1024\" height=\"576\" src=\"https:\/\/psonizgierz.pl\/wp-content\/uploads\/2020\/04\/72690661_2527136824041880_2809073671472152576_o-1024x576.jpg\" alt=\"\" data-id=\"2557\" data-full-url=\"https:\/\/psonizgierz.pl\/wp-content\/uploads\/2020\/04\/72690661_2527136824041880_2809073671472152576_o.jpg\" data-link=\"https:\/\/psonizgierz.pl\/72690661_2527136824041880_2809073671472152576_o\/\" class=\"wp-image-2557\" srcset=\"https:\/\/psonizgierz.pl\/wp-content\/uploads\/2020\/04\/72690661_2527136824041880_2809073671472152576_o-1024x576.jpg 1024w, https:\/\/psonizgierz.pl\/wp-content\/uploads\/2020\/04\/72690661_2527136824041880_2809073671472152576_o-300x169.jpg 300w, https:\/\/psonizgierz.pl\/wp-content\/uploads\/2020\/04\/72690661_2527136824041880_2809073671472152576_o-768x432.jpg 768w, https:\/\/psonizgierz.pl\/wp-content\/uploads\/2020\/04\/72690661_2527136824041880_2809073671472152576_o-1536x864.jpg 1536w, https:\/\/psonizgierz.pl\/wp-content\/uploads\/2020\/04\/72690661_2527136824041880_2809073671472152576_o.jpg 1992w\" sizes=\"auto, (max-width: 1024px) 100vw, 1024px\" \/><\/figure><\/li><li class=\"blocks-gallery-item\"><figure><img loading=\"lazy\" decoding=\"async\" width=\"1024\" height=\"681\" src=\"https:\/\/psonizgierz.pl\/wp-content\/uploads\/2020\/04\/60981224_2255974607824771_6966395602166874112_o-1-1024x681.jpg\" alt=\"\" data-id=\"2547\" data-full-url=\"https:\/\/psonizgierz.pl\/wp-content\/uploads\/2020\/04\/60981224_2255974607824771_6966395602166874112_o-1.jpg\" data-link=\"https:\/\/psonizgierz.pl\/60981224_2255974607824771_6966395602166874112_o-2\/\" class=\"wp-image-2547\" srcset=\"https:\/\/psonizgierz.pl\/wp-content\/uploads\/2020\/04\/60981224_2255974607824771_6966395602166874112_o-1-1024x681.jpg 1024w, https:\/\/psonizgierz.pl\/wp-content\/uploads\/2020\/04\/60981224_2255974607824771_6966395602166874112_o-1-300x199.jpg 300w, https:\/\/psonizgierz.pl\/wp-content\/uploads\/2020\/04\/60981224_2255974607824771_6966395602166874112_o-1-768x511.jpg 768w, https:\/\/psonizgierz.pl\/wp-content\/uploads\/2020\/04\/60981224_2255974607824771_6966395602166874112_o-1-1536x1021.jpg 1536w, https:\/\/psonizgierz.pl\/wp-content\/uploads\/2020\/04\/60981224_2255974607824771_6966395602166874112_o-1.jpg 1734w\" sizes=\"auto, (max-width: 1024px) 100vw, 1024px\" \/><\/figure><\/li><li class=\"blocks-gallery-item\"><figure><img loading=\"lazy\" decoding=\"async\" width=\"1024\" height=\"748\" src=\"https:\/\/psonizgierz.pl\/wp-content\/uploads\/2018\/12\/41650077_2390849744275352_2945214866215927808_o-1024x748.jpg\" alt=\"\" data-id=\"574\" data-full-url=\"https:\/\/psonizgierz.pl\/wp-content\/uploads\/2018\/12\/41650077_2390849744275352_2945214866215927808_o.jpg\" data-link=\"https:\/\/psonizgierz.pl\/41650077_2390849744275352_2945214866215927808_o\/\" class=\"wp-image-574\" srcset=\"https:\/\/psonizgierz.pl\/wp-content\/uploads\/2018\/12\/41650077_2390849744275352_2945214866215927808_o-1024x748.jpg 1024w, https:\/\/psonizgierz.pl\/wp-content\/uploads\/2018\/12\/41650077_2390849744275352_2945214866215927808_o-300x219.jpg 300w, https:\/\/psonizgierz.pl\/wp-content\/uploads\/2018\/12\/41650077_2390849744275352_2945214866215927808_o-768x561.jpg 768w, https:\/\/psonizgierz.pl\/wp-content\/uploads\/2018\/12\/41650077_2390849744275352_2945214866215927808_o.jpg 1478w\" sizes=\"auto, (max-width: 1024px) 100vw, 1024px\" \/><\/figure><\/li><li class=\"blocks-gallery-item\"><figure><img loading=\"lazy\" decoding=\"async\" width=\"1024\" height=\"681\" src=\"https:\/\/psonizgierz.pl\/wp-content\/uploads\/2020\/04\/73460733_2556063901149172_6843875191827726336_o-1-1024x681.jpg\" alt=\"\" data-id=\"2482\" data-full-url=\"https:\/\/psonizgierz.pl\/wp-content\/uploads\/2020\/04\/73460733_2556063901149172_6843875191827726336_o-1.jpg\" data-link=\"https:\/\/psonizgierz.pl\/73460733_2556063901149172_6843875191827726336_o-2\/\" class=\"wp-image-2482\" srcset=\"https:\/\/psonizgierz.pl\/wp-content\/uploads\/2020\/04\/73460733_2556063901149172_6843875191827726336_o-1-1024x681.jpg 1024w, https:\/\/psonizgierz.pl\/wp-content\/uploads\/2020\/04\/73460733_2556063901149172_6843875191827726336_o-1-300x199.jpg 300w, https:\/\/psonizgierz.pl\/wp-content\/uploads\/2020\/04\/73460733_2556063901149172_6843875191827726336_o-1-768x511.jpg 768w, https:\/\/psonizgierz.pl\/wp-content\/uploads\/2020\/04\/73460733_2556063901149172_6843875191827726336_o-1-1536x1021.jpg 1536w, https:\/\/psonizgierz.pl\/wp-content\/uploads\/2020\/04\/73460733_2556063901149172_6843875191827726336_o-1.jpg 1692w\" sizes=\"auto, (max-width: 1024px) 100vw, 1024px\" \/><\/figure><\/li><\/ul><\/figure>\n","protected":false},"excerpt":{"rendered":"<p>Self- Adwokat to osoba, kt\u00f3ra jest rzecznikiem w\u0142asnych praw i potrafi decydowa\u0107 o sobie oraz wypowiada\u0107 si\u0119 na forum i pomaga\u0107 osobom niepe\u0142nosprawnym. Self- Adwokat pog\u0142\u0119bia wiedz\u0119 na temat praw cz\u0142owieka i Konstytucji RP, komunikacji, problem\u00f3w os\u00f3b niepe\u0142nosprawnych oraz organizowania spotka\u0144 i konferencji. Spotkania Self Adwokat\u00f3w zapewniaj\u0105:&#8211; poznanie przez osob\u0119 z niepe\u0142nosprawno\u015bci\u0105 intelektualn\u0105 w\u0142asnych praw [&hellip;]<\/p>\n","protected":false},"author":3,"featured_media":0,"parent":126,"menu_order":0,"comment_status":"closed","ping_status":"closed","template":"full-width.php","meta":{"footnotes":""},"class_list":["post-484","page","type-page","status-publish","hentry"],"_links":{"self":[{"href":"https:\/\/psonizgierz.pl\/index.php?rest_route=\/wp\/v2\/pages\/484","targetHints":{"allow":["GET"]}}],"collection":[{"href":"https:\/\/psonizgierz.pl\/index.php?rest_route=\/wp\/v2\/pages"}],"about":[{"href":"https:\/\/psonizgierz.pl\/index.php?rest_route=\/wp\/v2\/types\/page"}],"author":[{"embeddable":true,"href":"https:\/\/psonizgierz.pl\/index.php?rest_route=\/wp\/v2\/users\/3"}],"replies":[{"embeddable":true,"href":"https:\/\/psonizgierz.pl\/index.php?rest_route=%2Fwp%2Fv2%2Fcomments&post=484"}],"version-history":[{"count":11,"href":"https:\/\/psonizgierz.pl\/index.php?rest_route=\/wp\/v2\/pages\/484\/revisions"}],"predecessor-version":[{"id":3368,"href":"https:\/\/psonizgierz.pl\/index.php?rest_route=\/wp\/v2\/pages\/484\/revisions\/3368"}],"up":[{"embeddable":true,"href":"https:\/\/psonizgierz.pl\/index.php?rest_route=\/wp\/v2\/pages\/126"}],"wp:attachment":[{"href":"https:\/\/psonizgierz.pl\/index.php?rest_route=%2Fwp%2Fv2%2Fmedia&parent=484"}],"curies":[{"name":"wp","href":"https:\/\/api.w.org\/{rel}","templated":true}]}}