{"id":4853,"date":"2024-06-25T11:21:45","date_gmt":"2024-06-25T09:21:45","guid":{"rendered":"http:\/\/psonizgierz.pl\/?page_id=4853"},"modified":"2024-07-15T10:41:42","modified_gmt":"2024-07-15T08:41:42","slug":"oferta-01-24-sds","status":"publish","type":"page","link":"https:\/\/psonizgierz.pl\/?page_id=4853","title":{"rendered":"oferta 01\/24\/\u015aDS"},"content":{"rendered":"\n<p><a href=\"https:\/\/psonizgierz.pl\/wp-content\/uploads\/2024\/07\/wynik-postepowania_SDS.pdf\">Wynik post\u0119powania<\/a><\/p>\n\n\n\n<p><a href=\"https:\/\/psonizgierz.pl\/wp-content\/uploads\/2024\/06\/ZAPYTANIE-OFERTOWE-Ogloszenie_20242.pdf\">Zapytanie ofertowe<\/a><\/p>\n\n\n\n<p><a href=\"https:\/\/psonizgierz.pl\/wp-content\/uploads\/2024\/06\/Zalacznik-nr-4.-Formularz-ofertowy_SDS2.pdf\">Formularz ofertowy<\/a><\/p>\n\n\n\n<p><a href=\"https:\/\/psonizgierz.pl\/wp-content\/uploads\/2024\/06\/oswiadczenia.zip\">O\u015bwiadczenia<\/a><\/p>\n\n\n\n<p><a href=\"https:\/\/psonizgierz.pl\/wp-content\/uploads\/2024\/06\/zalaczniki.zip\">Za\u0142\u0105czniki<\/a><\/p>\n","protected":false},"excerpt":{"rendered":"<p>Wynik post\u0119powania Zapytanie ofertowe Formularz ofertowy O\u015bwiadczenia Za\u0142\u0105czniki<\/p>\n","protected":false},"author":2,"featured_media":0,"parent":0,"menu_order":0,"comment_status":"closed","ping_status":"closed","template":"","meta":{"footnotes":""},"class_list":["post-4853","page","type-page","status-publish","hentry"],"_links":{"self":[{"href":"https:\/\/psonizgierz.pl\/index.php?rest_route=\/wp\/v2\/pages\/4853","targetHints":{"allow":["GET"]}}],"collection":[{"href":"https:\/\/psonizgierz.pl\/index.php?rest_route=\/wp\/v2\/pages"}],"about":[{"href":"https:\/\/psonizgierz.pl\/index.php?rest_route=\/wp\/v2\/types\/page"}],"author":[{"embeddable":true,"href":"https:\/\/psonizgierz.pl\/index.php?rest_route=\/wp\/v2\/users\/2"}],"replies":[{"embeddable":true,"href":"https:\/\/psonizgierz.pl\/index.php?rest_route=%2Fwp%2Fv2%2Fcomments&post=4853"}],"version-history":[{"count":14,"href":"https:\/\/psonizgierz.pl\/index.php?rest_route=\/wp\/v2\/pages\/4853\/revisions"}],"predecessor-version":[{"id":4898,"href":"https:\/\/psonizgierz.pl\/index.php?rest_route=\/wp\/v2\/pages\/4853\/revisions\/4898"}],"wp:attachment":[{"href":"https:\/\/psonizgierz.pl\/index.php?rest_route=%2Fwp%2Fv2%2Fmedia&parent=4853"}],"curies":[{"name":"wp","href":"https:\/\/api.w.org\/{rel}","templated":true}]}}